{"id":1010,"date":"2026-03-14T07:00:19","date_gmt":"2026-03-14T07:00:19","guid":{"rendered":"https:\/\/www.chicasafurniture.com\/?post_type=product&#038;p=1010"},"modified":"2026-03-14T07:53:09","modified_gmt":"2026-03-14T07:53:09","slug":"luxury-bespoke-sofa","status":"publish","type":"product","link":"https:\/\/www.chicasafurniture.com\/es\/product\/luxury-bespoke-sofa\/","title":{"rendered":"Est\u00e9tica Sof\u00e1 de lujo a medida con elegante base met\u00e1lica"},"content":{"rendered":"<h2 class=\"wp-block-heading\">Especificaciones de producto del sof\u00e1 de lujo a medida<\/h2>\n\n\n\n<figure class=\"wp-block-table\"><table class=\"has-fixed-layout\"><tbody><tr><td>Marco<\/td><td>Material de cubierta<\/td><td>Material de relleno<\/td><td>Piernas<\/td><td>Color<\/td><td>Talla<\/td><td>Peso<\/td><\/tr><tr><td>Madera maciza<\/td><td>Tejido<\/td><td>Esponja de alta densidad<\/td><td>Metal<\/td><td>Personalizado<\/td><td>Personalizado<\/td><td>90-240 kg<\/td><\/tr><\/tbody><\/table><\/figure>\n\n\n\n<div class=\"wp-block-columns is-layout-flex wp-container-core-columns-is-layout-9d6595d7 wp-block-columns-is-layout-flex\">\n<div class=\"wp-block-column is-layout-flow wp-block-column-is-layout-flow\">\n<h2 class=\"wp-block-heading\">Sof\u00e1 a medida de lujo Premium Caracter\u00edsticas:<\/h2>\n\n\n\n<ul class=\"wp-block-list\">\n<li><strong>Base de estructura met\u00e1lica flotante:<\/strong> Fabricado en acero de precisi\u00f3n de alta resistencia, este lujoso sof\u00e1 a medida presenta un exclusivo dise\u00f1o estructural empotrado que le confiere una est\u00e9tica de ciencia ficci\u00f3n, \u201cflotando sobre el suelo\u201d, y se convierte en el alma visual de toda la pieza.<\/li>\n\n\n\n<li><strong>Artesan\u00eda minimalista sin costuras:<\/strong> El dise\u00f1o integrado del asiento de este sof\u00e1 a medida exige un grado excepcionalmente alto de precisi\u00f3n y planitud en la estructura met\u00e1lica, mostrando unos est\u00e1ndares de fabricaci\u00f3n del m\u00e1s alto calibre.<\/li>\n\n\n\n<li><strong>La fusi\u00f3n del metal y la materia:<\/strong> Nuestro lujoso sof\u00e1 a medida ofrece amplias opciones de personalizaci\u00f3n, que le permiten combinar libremente varios acabados met\u00e1licos (como cepillado, mate o galv\u00e1nico) con una selecci\u00f3n de lujosos cueros y tejidos para adaptarse a sus preferencias est\u00e9ticas.<\/li>\n\n\n\n<li><strong>Estabilidad de grado arquitect\u00f3nico:<\/strong> Con una estructura de soporte de metal reforzado, esta tumbona a medida no s\u00f3lo realza el atractivo contempor\u00e1neo del producto, sino que tambi\u00e9n ofrece una vida \u00fatil de carga muy superior a la de los marcos de madera tradicionales, lo que la hace ideal para entornos comerciales de mucho tr\u00e1fico.<\/li>\n\n\n\n<li><strong>Centro de gravedad bajo, vistas amplias:<\/strong> Gracias a su base met\u00e1lica, este lujoso sof\u00e1 a medida presenta un dise\u00f1o de perfil bajo que realza eficazmente la altura percibida del techo de una habitaci\u00f3n; combinado con un asiento extraprofundo, crea una experiencia de descanso realmente relajante y sin estr\u00e9s.<\/li>\n<\/ul>\n<\/div>\n\n\n\n<div class=\"wp-block-column is-layout-flow wp-block-column-is-layout-flow\">\n<figure class=\"wp-block-image size-full\"><img decoding=\"async\" width=\"1000\" height=\"876\" src=\"https:\/\/www.chicasafurniture.com\/wp-content\/uploads\/2026\/03\/Aesthetics-Luxury-Bespoke-Sofa-with-Sleek-Metal-Base-1.webp\" alt=\"Est\u00e9tica Sof\u00e1 de lujo a medida con elegante base de metal-1\" class=\"wp-image-1019\" srcset=\"https:\/\/www.chicasafurniture.com\/wp-content\/uploads\/2026\/03\/Aesthetics-Luxury-Bespoke-Sofa-with-Sleek-Metal-Base-1.webp 1000w, https:\/\/www.chicasafurniture.com\/wp-content\/uploads\/2026\/03\/Aesthetics-Luxury-Bespoke-Sofa-with-Sleek-Metal-Base-1-300x263.webp 300w, https:\/\/www.chicasafurniture.com\/wp-content\/uploads\/2026\/03\/Aesthetics-Luxury-Bespoke-Sofa-with-Sleek-Metal-Base-1-768x673.webp 768w, https:\/\/www.chicasafurniture.com\/wp-content\/uploads\/2026\/03\/Aesthetics-Luxury-Bespoke-Sofa-with-Sleek-Metal-Base-1-14x12.webp 14w, https:\/\/www.chicasafurniture.com\/wp-content\/uploads\/2026\/03\/Aesthetics-Luxury-Bespoke-Sofa-with-Sleek-Metal-Base-1-600x526.webp 600w\" sizes=\"(max-width: 1000px) 100vw, 1000px\" \/><\/figure>\n<\/div>\n<\/div>\n\n\n\n<figure class=\"wp-block-gallery has-nested-images columns-default is-cropped wp-block-gallery-1 is-layout-flex wp-block-gallery-is-layout-flex\">\n<figure class=\"wp-block-image size-large\"><img decoding=\"async\" width=\"1000\" height=\"1267\" data-id=\"1022\" src=\"https:\/\/www.chicasafurniture.com\/wp-content\/uploads\/2026\/03\/Aesthetics-Luxury-Bespoke-Sofa-with-Sleek-Metal-Base-4.webp\" alt=\"Est\u00e9tica Sof\u00e1 de lujo a medida con elegante base met\u00e1lica-4\" class=\"wp-image-1022\" srcset=\"https:\/\/www.chicasafurniture.com\/wp-content\/uploads\/2026\/03\/Aesthetics-Luxury-Bespoke-Sofa-with-Sleek-Metal-Base-4.webp 1000w, https:\/\/www.chicasafurniture.com\/wp-content\/uploads\/2026\/03\/Aesthetics-Luxury-Bespoke-Sofa-with-Sleek-Metal-Base-4-237x300.webp 237w, https:\/\/www.chicasafurniture.com\/wp-content\/uploads\/2026\/03\/Aesthetics-Luxury-Bespoke-Sofa-with-Sleek-Metal-Base-4-768x973.webp 768w, https:\/\/www.chicasafurniture.com\/wp-content\/uploads\/2026\/03\/Aesthetics-Luxury-Bespoke-Sofa-with-Sleek-Metal-Base-4-9x12.webp 9w, https:\/\/www.chicasafurniture.com\/wp-content\/uploads\/2026\/03\/Aesthetics-Luxury-Bespoke-Sofa-with-Sleek-Metal-Base-4-600x760.webp 600w\" sizes=\"(max-width: 1000px) 100vw, 1000px\" \/><\/figure>\n\n\n\n<figure class=\"wp-block-image size-large\"><img decoding=\"async\" width=\"1000\" height=\"1419\" data-id=\"1021\" src=\"https:\/\/www.chicasafurniture.com\/wp-content\/uploads\/2026\/03\/Aesthetics-Luxury-Bespoke-Sofa-with-Sleek-Metal-Base-3.webp\" alt=\"Est\u00e9tica Sof\u00e1 de lujo a medida con elegante base de metal-3\" class=\"wp-image-1021\" srcset=\"https:\/\/www.chicasafurniture.com\/wp-content\/uploads\/2026\/03\/Aesthetics-Luxury-Bespoke-Sofa-with-Sleek-Metal-Base-3.webp 1000w, https:\/\/www.chicasafurniture.com\/wp-content\/uploads\/2026\/03\/Aesthetics-Luxury-Bespoke-Sofa-with-Sleek-Metal-Base-3-211x300.webp 211w, https:\/\/www.chicasafurniture.com\/wp-content\/uploads\/2026\/03\/Aesthetics-Luxury-Bespoke-Sofa-with-Sleek-Metal-Base-3-768x1090.webp 768w, https:\/\/www.chicasafurniture.com\/wp-content\/uploads\/2026\/03\/Aesthetics-Luxury-Bespoke-Sofa-with-Sleek-Metal-Base-3-8x12.webp 8w, https:\/\/www.chicasafurniture.com\/wp-content\/uploads\/2026\/03\/Aesthetics-Luxury-Bespoke-Sofa-with-Sleek-Metal-Base-3-600x851.webp 600w\" sizes=\"(max-width: 1000px) 100vw, 1000px\" \/><\/figure>\n<\/figure>","protected":false},"excerpt":{"rendered":"<p>Exquisito sof\u00e1 de lujo hecho a medida con un dise\u00f1o impecable. La caracter\u00edstica m\u00e1s destacada de este sof\u00e1 es su base \u201cflotante\u201d de acero de alta tensi\u00f3n, dise\u00f1ada con precisi\u00f3n; este elemento rompe con la pesadez visual de los muebles tradicionales, creando una sorprendente impresi\u00f3n de ligereza visual.<\/p>\n<table style=\"border-collapse: collapse; width: 222.03pt;\" border=\"0\" width=\"222\" cellspacing=\"0\" cellpadding=\"0\">\n<tbody>\n<tr style=\"height: 15.20pt;\">\n<td class=\"et2\" style=\"height: 15.20pt; width: 81.65pt;\" width=\"81\" height=\"15\">Fabricante<\/td>\n<td class=\"et2\" style=\"width: 140.80pt;\" width=\"140\">ChiCasa<\/td>\n<\/tr>\n<tr style=\"height: 15.20pt;\">\n<td class=\"et2\" style=\"height: 15.20pt;\" height=\"15\">Categor\u00eda<\/td>\n<td class=\"et2\">Sof\u00e1<\/td>\n<\/tr>\n<tr style=\"height: 15.20pt;\">\n<td class=\"et2\" style=\"height: 15.20pt;\" height=\"15\">Aplicaci\u00f3n<\/td>\n<td class=\"et2\">Sala de estar<\/td>\n<\/tr>\n<tr style=\"height: 15.20pt;\">\n<td class=\"et2\" style=\"height: 15.20pt;\" height=\"15\">Estilo<\/td>\n<td class=\"et2\">Lujo refinado<\/td>\n<\/tr>\n<tr style=\"height: 15.20pt;\">\n<td class=\"et2\" style=\"height: 15.20pt;\" height=\"15\">Modelo<\/td>\n<td class=\"et2\">QMY-SF013<\/td>\n<\/tr>\n<tr style=\"height: 15.20pt;\">\n<td class=\"et2\" style=\"height: 15.20pt;\" height=\"15\">Personalizaci\u00f3n<\/td>\n<td class=\"et2\">Color, tama\u00f1o, material<\/td>\n<\/tr>\n<tr style=\"height: 15.20pt;\">\n<td class=\"et2\" style=\"height: 15.20pt;\" height=\"15\">MOQ<\/td>\n<td class=\"et2\">1 unidad<\/td>\n<\/tr>\n<\/tbody>\n<\/table>","protected":false},"featured_media":1020,"comment_status":"closed","ping_status":"closed","template":"","meta":{"_acf_changed":false},"product_brand":[],"product_cat":[23,16],"product_tag":[],"class_list":{"0":"post-1010","1":"product","2":"type-product","3":"status-publish","4":"has-post-thumbnail","6":"product_cat-bespoke-sofas-manufacturer","7":"product_cat-bespoke-living-room-furniture","9":"first","10":"instock","11":"shipping-taxable","12":"product-type-simple"},"acf":[],"_links":{"self":[{"href":"https:\/\/www.chicasafurniture.com\/es\/wp-json\/wp\/v2\/product\/1010","targetHints":{"allow":["GET"]}}],"collection":[{"href":"https:\/\/www.chicasafurniture.com\/es\/wp-json\/wp\/v2\/product"}],"about":[{"href":"https:\/\/www.chicasafurniture.com\/es\/wp-json\/wp\/v2\/types\/product"}],"replies":[{"embeddable":true,"href":"https:\/\/www.chicasafurniture.com\/es\/wp-json\/wp\/v2\/comments?post=1010"}],"wp:featuredmedia":[{"embeddable":true,"href":"https:\/\/www.chicasafurniture.com\/es\/wp-json\/wp\/v2\/media\/1020"}],"wp:attachment":[{"href":"https:\/\/www.chicasafurniture.com\/es\/wp-json\/wp\/v2\/media?parent=1010"}],"wp:term":[{"taxonomy":"product_brand","embeddable":true,"href":"https:\/\/www.chicasafurniture.com\/es\/wp-json\/wp\/v2\/product_brand?post=1010"},{"taxonomy":"product_cat","embeddable":true,"href":"https:\/\/www.chicasafurniture.com\/es\/wp-json\/wp\/v2\/product_cat?post=1010"},{"taxonomy":"product_tag","embeddable":true,"href":"https:\/\/www.chicasafurniture.com\/es\/wp-json\/wp\/v2\/product_tag?post=1010"}],"curies":[{"name":"wp","href":"https:\/\/api.w.org\/{rel}","templated":true}]}}