{"id":1023,"date":"2026-03-14T07:55:38","date_gmt":"2026-03-14T07:55:38","guid":{"rendered":"https:\/\/www.chicasafurniture.com\/?post_type=product&#038;p=1023"},"modified":"2026-03-14T08:17:51","modified_gmt":"2026-03-14T08:17:51","slug":"custom-upholstered-sofa","status":"publish","type":"product","link":"https:\/\/www.chicasafurniture.com\/es\/product\/custom-upholstered-sofa\/","title":{"rendered":"Sof\u00e1 refinado tapizado a medida, coj\u00edn escalonado Sof\u00e1 moderno"},"content":{"rendered":"<h2 class=\"wp-block-heading\">Especificaciones de producto del sof\u00e1 tapizado a medida<\/h2>\n\n\n\n<figure class=\"wp-block-table\"><table class=\"has-fixed-layout\"><tbody><tr><td>Marco<\/td><td>Material de cubierta<\/td><td>Material de relleno<\/td><td>Piernas<\/td><td>Color<\/td><td>Talla<\/td><td>Peso<\/td><\/tr><tr><td>Madera maciza<\/td><td>Tejido<\/td><td>Esponja de alta densidad<\/td><td>Metal<\/td><td>Personalizado<\/td><td>Personalizado<\/td><td>90-240 kg<\/td><\/tr><\/tbody><\/table><\/figure>\n\n\n\n<div class=\"wp-block-columns is-layout-flex wp-container-core-columns-is-layout-9d6595d7 wp-block-columns-is-layout-flex\">\n<div class=\"wp-block-column is-layout-flow wp-block-column-is-layout-flow\">\n<h2 class=\"wp-block-heading\">Sof\u00e1 tapizado Premium Custom Caracter\u00edsticas:<\/h2>\n\n\n\n<ul class=\"wp-block-list\">\n<li><strong>Dise\u00f1o visual original por capas:<\/strong> Este sof\u00e1 tapizado a medida presenta una estructura de cojines en cascada, que dota a la pieza de una rica profundidad geom\u00e9trica y tensi\u00f3n arquitect\u00f3nica, convirti\u00e9ndose en el alma visual de todo el dise\u00f1o.<\/li>\n\n\n\n<li><strong>Artesan\u00eda Unibody sin costuras:<\/strong> El dise\u00f1o integrado del asiento de nuestros lujosos sof\u00e1s a medida exige una rigidez excepcional de la estructura subyacente y una suavidad impecable en la tapicer\u00eda de tela, haciendo gala de unos est\u00e1ndares de fabricaci\u00f3n del m\u00e1s alto calibre.<\/li>\n\n\n\n<li><strong>Sistema de soporte de confort por capas:<\/strong> Nuestro sof\u00e1 tapizado a medida utiliza una combinaci\u00f3n de capas de espumas con densidades variables para proporcionar un soporte segmentado y una sensaci\u00f3n de acunamiento, garantizando una experiencia de asiento excepcional incluso bajo los rigores de un uso comercial a largo plazo.<\/li>\n\n\n\n<li><strong>Base met\u00e1lica flotante elevada:<\/strong> Nuestros lujosos sof\u00e1s a medida se apoyan en esbeltas patas met\u00e1licas de gran resistencia que elevan con elegancia el cuerpo del sof\u00e1, aportando una sensaci\u00f3n de ligereza a su imponente forma y facilitando su limpieza diaria sin esfuerzo.<\/li>\n\n\n\n<li><strong>Personalizaci\u00f3n a medida:<\/strong> Ofrecemos una amplia gama de acabados met\u00e1licos (como n\u00edquel cepillado y gris plomo) y opciones de tejidos de primera calidad para nuestros sof\u00e1s tapizados a medida, lo que garantiza que el producto final se integre a la perfecci\u00f3n con su esquema de dise\u00f1o interior espec\u00edfico.<\/li>\n<\/ul>\n<\/div>\n\n\n\n<div class=\"wp-block-column is-layout-flow wp-block-column-is-layout-flow\">\n<figure class=\"wp-block-image size-full\"><img decoding=\"async\" width=\"1200\" height=\"900\" src=\"https:\/\/www.chicasafurniture.com\/wp-content\/uploads\/2026\/03\/Refined-Custom-Upholstered-Sofa-Tiered-Cushion-Modern-Couch-2.webp\" alt=\"Sof\u00e1 tapizado a medida refinado, coj\u00edn escalonado Sof\u00e1 moderno-2\" class=\"wp-image-1025\" srcset=\"https:\/\/www.chicasafurniture.com\/wp-content\/uploads\/2026\/03\/Refined-Custom-Upholstered-Sofa-Tiered-Cushion-Modern-Couch-2.webp 1200w, https:\/\/www.chicasafurniture.com\/wp-content\/uploads\/2026\/03\/Refined-Custom-Upholstered-Sofa-Tiered-Cushion-Modern-Couch-2-300x225.webp 300w, https:\/\/www.chicasafurniture.com\/wp-content\/uploads\/2026\/03\/Refined-Custom-Upholstered-Sofa-Tiered-Cushion-Modern-Couch-2-768x576.webp 768w, https:\/\/www.chicasafurniture.com\/wp-content\/uploads\/2026\/03\/Refined-Custom-Upholstered-Sofa-Tiered-Cushion-Modern-Couch-2-16x12.webp 16w, https:\/\/www.chicasafurniture.com\/wp-content\/uploads\/2026\/03\/Refined-Custom-Upholstered-Sofa-Tiered-Cushion-Modern-Couch-2-600x450.webp 600w\" sizes=\"(max-width: 1200px) 100vw, 1200px\" \/><\/figure>\n<\/div>\n<\/div>\n\n\n\n<figure class=\"wp-block-gallery has-nested-images columns-default is-cropped wp-block-gallery-1 is-layout-flex wp-block-gallery-is-layout-flex\">\n<figure class=\"wp-block-image size-full\"><img decoding=\"async\" width=\"800\" height=\"1066\" data-id=\"1027\" src=\"https:\/\/www.chicasafurniture.com\/wp-content\/uploads\/2026\/03\/Refined-Custom-Upholstered-Sofa-Tiered-Cushion-Modern-Couch-4.webp\" alt=\"Sof\u00e1 tapizado a medida refinado, coj\u00edn escalonado Sof\u00e1 moderno-4\" class=\"wp-image-1027\" srcset=\"https:\/\/www.chicasafurniture.com\/wp-content\/uploads\/2026\/03\/Refined-Custom-Upholstered-Sofa-Tiered-Cushion-Modern-Couch-4.webp 800w, https:\/\/www.chicasafurniture.com\/wp-content\/uploads\/2026\/03\/Refined-Custom-Upholstered-Sofa-Tiered-Cushion-Modern-Couch-4-225x300.webp 225w, https:\/\/www.chicasafurniture.com\/wp-content\/uploads\/2026\/03\/Refined-Custom-Upholstered-Sofa-Tiered-Cushion-Modern-Couch-4-768x1023.webp 768w, https:\/\/www.chicasafurniture.com\/wp-content\/uploads\/2026\/03\/Refined-Custom-Upholstered-Sofa-Tiered-Cushion-Modern-Couch-4-9x12.webp 9w, https:\/\/www.chicasafurniture.com\/wp-content\/uploads\/2026\/03\/Refined-Custom-Upholstered-Sofa-Tiered-Cushion-Modern-Couch-4-600x800.webp 600w\" sizes=\"(max-width: 800px) 100vw, 800px\" \/><\/figure>\n\n\n\n<figure class=\"wp-block-image size-full\"><img decoding=\"async\" width=\"900\" height=\"1200\" data-id=\"1028\" src=\"https:\/\/www.chicasafurniture.com\/wp-content\/uploads\/2026\/03\/Refined-Custom-Upholstered-Sofa-Tiered-Cushion-Modern-Couch-5.webp\" alt=\"Sof\u00e1 refinado tapizado a medida, coj\u00edn escalonado Sof\u00e1 moderno-5\" class=\"wp-image-1028\" srcset=\"https:\/\/www.chicasafurniture.com\/wp-content\/uploads\/2026\/03\/Refined-Custom-Upholstered-Sofa-Tiered-Cushion-Modern-Couch-5.webp 900w, https:\/\/www.chicasafurniture.com\/wp-content\/uploads\/2026\/03\/Refined-Custom-Upholstered-Sofa-Tiered-Cushion-Modern-Couch-5-225x300.webp 225w, https:\/\/www.chicasafurniture.com\/wp-content\/uploads\/2026\/03\/Refined-Custom-Upholstered-Sofa-Tiered-Cushion-Modern-Couch-5-768x1024.webp 768w, https:\/\/www.chicasafurniture.com\/wp-content\/uploads\/2026\/03\/Refined-Custom-Upholstered-Sofa-Tiered-Cushion-Modern-Couch-5-9x12.webp 9w, https:\/\/www.chicasafurniture.com\/wp-content\/uploads\/2026\/03\/Refined-Custom-Upholstered-Sofa-Tiered-Cushion-Modern-Couch-5-600x800.webp 600w\" sizes=\"(max-width: 900px) 100vw, 900px\" \/><\/figure>\n<\/figure>\n\n\n\n<figure class=\"wp-block-image size-full\"><img decoding=\"async\" width=\"1200\" height=\"800\" src=\"https:\/\/www.chicasafurniture.com\/wp-content\/uploads\/2026\/03\/Refined-Custom-Upholstered-Sofa-Tiered-Cushion-Modern-Couch-6.webp\" alt=\"Sof\u00e1 refinado tapizado a medida, coj\u00edn escalonado Sof\u00e1 moderno-6\" class=\"wp-image-1029\" srcset=\"https:\/\/www.chicasafurniture.com\/wp-content\/uploads\/2026\/03\/Refined-Custom-Upholstered-Sofa-Tiered-Cushion-Modern-Couch-6.webp 1200w, https:\/\/www.chicasafurniture.com\/wp-content\/uploads\/2026\/03\/Refined-Custom-Upholstered-Sofa-Tiered-Cushion-Modern-Couch-6-300x200.webp 300w, https:\/\/www.chicasafurniture.com\/wp-content\/uploads\/2026\/03\/Refined-Custom-Upholstered-Sofa-Tiered-Cushion-Modern-Couch-6-768x512.webp 768w, https:\/\/www.chicasafurniture.com\/wp-content\/uploads\/2026\/03\/Refined-Custom-Upholstered-Sofa-Tiered-Cushion-Modern-Couch-6-18x12.webp 18w, https:\/\/www.chicasafurniture.com\/wp-content\/uploads\/2026\/03\/Refined-Custom-Upholstered-Sofa-Tiered-Cushion-Modern-Couch-6-600x400.webp 600w\" sizes=\"(max-width: 1200px) 100vw, 1200px\" \/><\/figure>","protected":false},"excerpt":{"rendered":"<p>Source es un sof\u00e1 tapizado a medida de primera calidad con un dise\u00f1o de cojines escalonados de inspiraci\u00f3n arquitect\u00f3nica y elegantes patas met\u00e1licas. Esta pieza rompe con la monoton\u00eda de los muebles tradicionales, creando una presencia escultural rica en profundidad geom\u00e9trica y estratificaci\u00f3n.<\/p>\n<table style=\"border-collapse: collapse; width: 222.03pt;\" border=\"0\" width=\"222\" cellspacing=\"0\" cellpadding=\"0\">\n<tbody>\n<tr style=\"height: 15.20pt;\">\n<td class=\"et2\" style=\"height: 15.20pt; width: 81.65pt;\" width=\"81\" height=\"15\">Fabricante<\/td>\n<td class=\"et2\" style=\"width: 140.80pt;\" width=\"140\">ChiCasa<\/td>\n<\/tr>\n<tr style=\"height: 15.20pt;\">\n<td class=\"et2\" style=\"height: 15.20pt;\" height=\"15\">Categor\u00eda<\/td>\n<td class=\"et2\">Sof\u00e1<\/td>\n<\/tr>\n<tr style=\"height: 15.20pt;\">\n<td class=\"et2\" style=\"height: 15.20pt;\" height=\"15\">Aplicaci\u00f3n<\/td>\n<td class=\"et2\">Sala de estar<\/td>\n<\/tr>\n<tr style=\"height: 15.20pt;\">\n<td class=\"et2\" style=\"height: 15.20pt;\" height=\"15\">Estilo<\/td>\n<td class=\"et2\">Lujo refinado<\/td>\n<\/tr>\n<tr style=\"height: 15.20pt;\">\n<td class=\"et2\" style=\"height: 15.20pt;\" height=\"15\">Modelo<\/td>\n<td class=\"et2\">QMY-SF018<\/td>\n<\/tr>\n<tr style=\"height: 15.20pt;\">\n<td class=\"et2\" style=\"height: 15.20pt;\" height=\"15\">Personalizaci\u00f3n<\/td>\n<td class=\"et2\">Color, tama\u00f1o, material<\/td>\n<\/tr>\n<tr style=\"height: 15.20pt;\">\n<td class=\"et2\" style=\"height: 15.20pt;\" height=\"15\">MOQ<\/td>\n<td class=\"et2\">1 unidad<\/td>\n<\/tr>\n<\/tbody>\n<\/table>","protected":false},"featured_media":1024,"comment_status":"closed","ping_status":"closed","template":"","meta":{"_acf_changed":false},"product_brand":[],"product_cat":[23,16],"product_tag":[],"class_list":{"0":"post-1023","1":"product","2":"type-product","3":"status-publish","4":"has-post-thumbnail","6":"product_cat-bespoke-sofas-manufacturer","7":"product_cat-bespoke-living-room-furniture","9":"first","10":"instock","11":"shipping-taxable","12":"product-type-simple"},"acf":[],"_links":{"self":[{"href":"https:\/\/www.chicasafurniture.com\/es\/wp-json\/wp\/v2\/product\/1023","targetHints":{"allow":["GET"]}}],"collection":[{"href":"https:\/\/www.chicasafurniture.com\/es\/wp-json\/wp\/v2\/product"}],"about":[{"href":"https:\/\/www.chicasafurniture.com\/es\/wp-json\/wp\/v2\/types\/product"}],"replies":[{"embeddable":true,"href":"https:\/\/www.chicasafurniture.com\/es\/wp-json\/wp\/v2\/comments?post=1023"}],"wp:featuredmedia":[{"embeddable":true,"href":"https:\/\/www.chicasafurniture.com\/es\/wp-json\/wp\/v2\/media\/1024"}],"wp:attachment":[{"href":"https:\/\/www.chicasafurniture.com\/es\/wp-json\/wp\/v2\/media?parent=1023"}],"wp:term":[{"taxonomy":"product_brand","embeddable":true,"href":"https:\/\/www.chicasafurniture.com\/es\/wp-json\/wp\/v2\/product_brand?post=1023"},{"taxonomy":"product_cat","embeddable":true,"href":"https:\/\/www.chicasafurniture.com\/es\/wp-json\/wp\/v2\/product_cat?post=1023"},{"taxonomy":"product_tag","embeddable":true,"href":"https:\/\/www.chicasafurniture.com\/es\/wp-json\/wp\/v2\/product_tag?post=1023"}],"curies":[{"name":"wp","href":"https:\/\/api.w.org\/{rel}","templated":true}]}}