{"id":1030,"date":"2026-03-14T08:35:30","date_gmt":"2026-03-14T08:35:30","guid":{"rendered":"https:\/\/www.chicasafurniture.com\/?post_type=product&#038;p=1030"},"modified":"2026-03-14T08:55:29","modified_gmt":"2026-03-14T08:55:29","slug":"custom-made-upholstered-beds","status":"publish","type":"product","link":"https:\/\/www.chicasafurniture.com\/es\/product\/custom-made-upholstered-beds\/","title":{"rendered":"Camas tapizadas a medida, cama de lujo minimalista de tela"},"content":{"rendered":"<h2 class=\"wp-block-heading\">Especificaciones de las camas tapizadas a medida<\/h2>\n\n\n\n<figure class=\"wp-block-table\"><table class=\"has-fixed-layout\"><tbody><tr><td>Marco<\/td><td>Material de cubierta<\/td><td>Material de relleno<\/td><td>Piernas<\/td><td>Color<\/td><td>Talla<\/td><td>Peso<\/td><\/tr><tr><td>Madera maciza<\/td><td>Tejido<\/td><td>Esponja de alta densidad<\/td><td>Metal<\/td><td>Personalizado<\/td><td>TAMA\u00d1O KING<\/td><td>90-120 kg<\/td><\/tr><\/tbody><\/table><\/figure>\n\n\n\n<div class=\"wp-block-columns is-layout-flex wp-container-core-columns-is-layout-9d6595d7 wp-block-columns-is-layout-flex\">\n<div class=\"wp-block-column is-layout-flow wp-block-column-is-layout-flow\">\n<h2 class=\"wp-block-heading\">Camas tapizadas a medida de primera calidad Caracter\u00edsticas:<\/h2>\n\n\n\n<ul class=\"wp-block-list\">\n<li><strong>Respaldo inmersivo, como una nube:<\/strong> Nuestras camas tapizadas a medida cuentan con cabeceros rellenos de espuma el\u00e1stica de alta densidad. El dise\u00f1o \u00fanico, suavemente curvado y sustancial proporciona una sensaci\u00f3n integral y envolvente de apoyo para la espalda, transformando el cabecero en el santuario perfecto para la lectura y la relajaci\u00f3n.<\/li>\n\n\n\n<li><strong>Est\u00e9tica flotante de perfil bajo:<\/strong> Esta cama a medida incorpora un robusto dise\u00f1o de patas ocultas que crea un elegante efecto visual de perfil bajo. Esto no s\u00f3lo mejora la sensaci\u00f3n de amplitud en el dormitorio, sino que tambi\u00e9n garantiza una seguridad y estabilidad superiores.<\/li>\n\n\n\n<li><strong>Tejido de alta costura Artesan\u00eda:<\/strong> Nuestras camas tapizadas a medida ofrecen una amplia gama de opciones de personalizaci\u00f3n de tejidos: desde mezclas de algod\u00f3n y lino respetuosas con la piel y tejidos t\u00e9cnicos resistentes a las manchas hasta lujosas felpillas. Las costuras son meticulosamente finas y uniformes, lo que demuestra un alto nivel de precisi\u00f3n en la fabricaci\u00f3n.<\/li>\n\n\n\n<li><strong>Sistema de soporte de lamas reforzado:<\/strong> Internamente, esta cama a medida est\u00e1 equipada con un silencioso sistema de l\u00e1minas engrosadas. Cuenta con una capacidad de carga excepcional y distribuye la presi\u00f3n de manera uniforme, lo que prolonga la vida \u00fatil del colch\u00f3n y garantiza un descanso totalmente silencioso.<\/li>\n\n\n\n<li><strong>Personalizaci\u00f3n flexible:<\/strong> Nuestras camas tapizadas a medida ofrecen una personalizaci\u00f3n 1:1 de las dimensiones, los materiales de los tejidos y las alturas de los respaldos, lo que permite una integraci\u00f3n precisa y perfecta en cualquier esquema global de dise\u00f1o de interiores.<\/li>\n<\/ul>\n<\/div>\n\n\n\n<div class=\"wp-block-column is-layout-flow wp-block-column-is-layout-flow\">\n<figure class=\"wp-block-image size-full\"><img decoding=\"async\" width=\"900\" height=\"1200\" src=\"https:\/\/www.chicasafurniture.com\/wp-content\/uploads\/2026\/03\/Custom-Made-Upholstered-Beds-Minimalist-Luxury-Fabric-Bed-4.webp\" alt=\"Camas tapizadas a medida, cama de lujo minimalista de tela-4\" class=\"wp-image-1034\" srcset=\"https:\/\/www.chicasafurniture.com\/wp-content\/uploads\/2026\/03\/Custom-Made-Upholstered-Beds-Minimalist-Luxury-Fabric-Bed-4.webp 900w, https:\/\/www.chicasafurniture.com\/wp-content\/uploads\/2026\/03\/Custom-Made-Upholstered-Beds-Minimalist-Luxury-Fabric-Bed-4-225x300.webp 225w, https:\/\/www.chicasafurniture.com\/wp-content\/uploads\/2026\/03\/Custom-Made-Upholstered-Beds-Minimalist-Luxury-Fabric-Bed-4-768x1024.webp 768w, https:\/\/www.chicasafurniture.com\/wp-content\/uploads\/2026\/03\/Custom-Made-Upholstered-Beds-Minimalist-Luxury-Fabric-Bed-4-9x12.webp 9w, https:\/\/www.chicasafurniture.com\/wp-content\/uploads\/2026\/03\/Custom-Made-Upholstered-Beds-Minimalist-Luxury-Fabric-Bed-4-600x800.webp 600w\" sizes=\"(max-width: 900px) 100vw, 900px\" \/><\/figure>\n<\/div>\n<\/div>\n\n\n\n<figure class=\"wp-block-image size-full\"><img decoding=\"async\" width=\"1200\" height=\"842\" src=\"https:\/\/www.chicasafurniture.com\/wp-content\/uploads\/2026\/03\/Custom-Made-Upholstered-Beds-Minimalist-Luxury-Fabric-Bed-3.webp\" alt=\"Camas tapizadas a medida, cama de lujo minimalista de tela-3\" class=\"wp-image-1033\" srcset=\"https:\/\/www.chicasafurniture.com\/wp-content\/uploads\/2026\/03\/Custom-Made-Upholstered-Beds-Minimalist-Luxury-Fabric-Bed-3.webp 1200w, https:\/\/www.chicasafurniture.com\/wp-content\/uploads\/2026\/03\/Custom-Made-Upholstered-Beds-Minimalist-Luxury-Fabric-Bed-3-300x211.webp 300w, https:\/\/www.chicasafurniture.com\/wp-content\/uploads\/2026\/03\/Custom-Made-Upholstered-Beds-Minimalist-Luxury-Fabric-Bed-3-768x539.webp 768w, https:\/\/www.chicasafurniture.com\/wp-content\/uploads\/2026\/03\/Custom-Made-Upholstered-Beds-Minimalist-Luxury-Fabric-Bed-3-18x12.webp 18w, https:\/\/www.chicasafurniture.com\/wp-content\/uploads\/2026\/03\/Custom-Made-Upholstered-Beds-Minimalist-Luxury-Fabric-Bed-3-600x421.webp 600w\" sizes=\"(max-width: 1200px) 100vw, 1200px\" \/><\/figure>\n\n\n\n<figure class=\"wp-block-image size-full\"><img decoding=\"async\" width=\"1920\" height=\"1080\" src=\"https:\/\/www.chicasafurniture.com\/wp-content\/uploads\/2026\/02\/Modern-Custom-Fabric-Bed-Slim-Frame-Upholstered-Platform-3.webp\" alt=\"Cama moderna de tela a medida, plataforma tapizada con estructura delgada-3\" class=\"wp-image-597\" srcset=\"https:\/\/www.chicasafurniture.com\/wp-content\/uploads\/2026\/02\/Modern-Custom-Fabric-Bed-Slim-Frame-Upholstered-Platform-3.webp 1920w, https:\/\/www.chicasafurniture.com\/wp-content\/uploads\/2026\/02\/Modern-Custom-Fabric-Bed-Slim-Frame-Upholstered-Platform-3-300x169.webp 300w, https:\/\/www.chicasafurniture.com\/wp-content\/uploads\/2026\/02\/Modern-Custom-Fabric-Bed-Slim-Frame-Upholstered-Platform-3-768x432.webp 768w, https:\/\/www.chicasafurniture.com\/wp-content\/uploads\/2026\/02\/Modern-Custom-Fabric-Bed-Slim-Frame-Upholstered-Platform-3-1200x675.webp 1200w, https:\/\/www.chicasafurniture.com\/wp-content\/uploads\/2026\/02\/Modern-Custom-Fabric-Bed-Slim-Frame-Upholstered-Platform-3-600x338.webp 600w\" sizes=\"(max-width: 1920px) 100vw, 1920px\" \/><\/figure>","protected":false},"excerpt":{"rendered":"<p>Eleve su dormitorio principal con nuestras camas tapizadas a medida. Esta cama a medida, moderna y minimalista, cuenta con un cabecero acolchado ultra ancho y extragrueso dise\u00f1ado con principios ergon\u00f3micos, que ofrece una experiencia de descanso similar a la de un sof\u00e1.<\/p>\n<table style=\"border-collapse: collapse; width: 222.03pt;\" border=\"0\" width=\"222\" cellspacing=\"0\" cellpadding=\"0\">\n<tbody>\n<tr style=\"height: 15.20pt;\">\n<td class=\"et2\" style=\"height: 15.20pt; width: 81.65pt;\" width=\"81\" height=\"15\">Fabricante<\/td>\n<td class=\"et2\" style=\"width: 140.80pt;\" width=\"140\">ChiCasa<\/td>\n<\/tr>\n<tr style=\"height: 15.20pt;\">\n<td class=\"et2\" style=\"height: 15.20pt;\" height=\"15\">Categor\u00eda<\/td>\n<td>Cama<\/td>\n<\/tr>\n<tr style=\"height: 15.20pt;\">\n<td class=\"et2\" style=\"height: 15.20pt;\" height=\"15\">Aplicaci\u00f3n<\/td>\n<td class=\"et2\">Dormitorio<\/td>\n<\/tr>\n<tr style=\"height: 15.20pt;\">\n<td class=\"et2\" style=\"height: 15.20pt;\" height=\"15\">Estilo<\/td>\n<td class=\"et2\">Minimalista<\/td>\n<\/tr>\n<tr style=\"height: 15.20pt;\">\n<td class=\"et2\" style=\"height: 15.20pt;\" height=\"15\">Modelo<\/td>\n<td class=\"et2\">QMY-BE005<\/td>\n<\/tr>\n<tr style=\"height: 15.20pt;\">\n<td class=\"et2\" style=\"height: 15.20pt;\" height=\"15\">Personalizaci\u00f3n<\/td>\n<td class=\"et2\">Color, tama\u00f1o, material<\/td>\n<\/tr>\n<tr style=\"height: 15.20pt;\">\n<td class=\"et2\" style=\"height: 15.20pt;\" height=\"15\">MOQ<\/td>\n<td class=\"et2\">1 unidad<\/td>\n<\/tr>\n<\/tbody>\n<\/table>","protected":false},"featured_media":1031,"comment_status":"closed","ping_status":"closed","template":"","meta":{"_acf_changed":false},"product_brand":[],"product_cat":[33,18],"product_tag":[],"class_list":{"0":"post-1030","1":"product","2":"type-product","3":"status-publish","4":"has-post-thumbnail","6":"product_cat-custom-beds-manufacturer","7":"product_cat-bespoke-bedroom-furniture","9":"first","10":"instock","11":"shipping-taxable","12":"product-type-simple"},"acf":[],"_links":{"self":[{"href":"https:\/\/www.chicasafurniture.com\/es\/wp-json\/wp\/v2\/product\/1030","targetHints":{"allow":["GET"]}}],"collection":[{"href":"https:\/\/www.chicasafurniture.com\/es\/wp-json\/wp\/v2\/product"}],"about":[{"href":"https:\/\/www.chicasafurniture.com\/es\/wp-json\/wp\/v2\/types\/product"}],"replies":[{"embeddable":true,"href":"https:\/\/www.chicasafurniture.com\/es\/wp-json\/wp\/v2\/comments?post=1030"}],"wp:featuredmedia":[{"embeddable":true,"href":"https:\/\/www.chicasafurniture.com\/es\/wp-json\/wp\/v2\/media\/1031"}],"wp:attachment":[{"href":"https:\/\/www.chicasafurniture.com\/es\/wp-json\/wp\/v2\/media?parent=1030"}],"wp:term":[{"taxonomy":"product_brand","embeddable":true,"href":"https:\/\/www.chicasafurniture.com\/es\/wp-json\/wp\/v2\/product_brand?post=1030"},{"taxonomy":"product_cat","embeddable":true,"href":"https:\/\/www.chicasafurniture.com\/es\/wp-json\/wp\/v2\/product_cat?post=1030"},{"taxonomy":"product_tag","embeddable":true,"href":"https:\/\/www.chicasafurniture.com\/es\/wp-json\/wp\/v2\/product_tag?post=1030"}],"curies":[{"name":"wp","href":"https:\/\/api.w.org\/{rel}","templated":true}]}}