{"id":1035,"date":"2026-03-14T08:57:55","date_gmt":"2026-03-14T08:57:55","guid":{"rendered":"https:\/\/www.chicasafurniture.com\/?post_type=product&#038;p=1035"},"modified":"2026-03-14T09:16:26","modified_gmt":"2026-03-14T09:16:26","slug":"custom-furniture-bed","status":"publish","type":"product","link":"https:\/\/www.chicasafurniture.com\/es\/product\/custom-furniture-bed\/","title":{"rendered":"Mueble Cama a Medida, Cama Acanalada Moderna Tapizada de Lujo"},"content":{"rendered":"<h2 class=\"wp-block-heading\">Especificaciones de producto del mueble cama a medida<\/h2>\n\n\n\n<figure class=\"wp-block-table\"><table class=\"has-fixed-layout\"><tbody><tr><td>Marco<\/td><td>Material de cubierta<\/td><td>Material de relleno<\/td><td>Piernas<\/td><td>Color<\/td><td>Talla<\/td><td>Peso<\/td><\/tr><tr><td>Madera maciza<\/td><td>Tejido<\/td><td>Esponja de alta densidad<\/td><td>\/<\/td><td>Personalizado<\/td><td>TAMA\u00d1O KING<\/td><td>90-120 kg<\/td><\/tr><\/tbody><\/table><\/figure>\n\n\n\n<div class=\"wp-block-columns is-layout-flex wp-container-core-columns-is-layout-9d6595d7 wp-block-columns-is-layout-flex\">\n<div class=\"wp-block-column is-layout-flow wp-block-column-is-layout-flow\">\n<h2 class=\"wp-block-heading\">Cama Premium Custom Furniture Caracter\u00edsticas:<\/h2>\n\n\n\n<ul class=\"wp-block-list\">\n<li><strong>Respaldo geom\u00e9trico vertical:<\/strong> Este mueble cama a medida presenta una est\u00e9tica lineal distintiva creada mediante una t\u00e9cnica \u00fanica de moldeado tridimensional. Este dise\u00f1o no solo posee un toque moderno muy reconocible, sino que tambi\u00e9n realza visualmente la altura percibida del techo del dormitorio.<\/li>\n\n\n\n<li><strong>Alivio de presi\u00f3n por zonas: <\/strong>El cabecero de esta cama a medida incorpora varias capas de espuma de alta elasticidad con densidades variables. Este dise\u00f1o proporciona un apoyo diferenciado adaptado espec\u00edficamente al cuello, los hombros y la espalda, ofreciendo una experiencia reclinable que recuerda a la de un hotel de lujo de cinco estrellas.<\/li>\n\n\n\n<li><strong>Estructura integrada sin juntas: <\/strong>El armaz\u00f3n y el cabecero de este mueble cama a medida se unen mediante un sistema de conexi\u00f3n integrado de gran estabilidad. Esto garantiza un aspecto visualmente unificado y una robusta integridad estructural, evitando eficazmente los crujidos o ruidos que a menudo pueden producirse tras un uso prolongado.<\/li>\n\n\n\n<li><strong>M\u00e1xima flexibilidad de personalizaci\u00f3n: <\/strong>Nuestros muebles cama a medida ofrecen amplias opciones de personalizaci\u00f3n en cuanto a materiales de tapizado, incluidos terciopelos de primera calidad, tejidos de alta tecnolog\u00eda y pieles de microfibra. Adem\u00e1s, las dimensiones del armaz\u00f3n de la cama pueden ajustarse totalmente para satisfacer los requisitos espec\u00edficos del mercado de distintas regiones y pa\u00edses.<\/li>\n<\/ul>\n<\/div>\n\n\n\n<div class=\"wp-block-column is-layout-flow wp-block-column-is-layout-flow\">\n<figure class=\"wp-block-image size-full\"><img decoding=\"async\" width=\"720\" height=\"960\" src=\"https:\/\/www.chicasafurniture.com\/wp-content\/uploads\/2026\/03\/Custom-Furniture-Bed-Modern-Fluted-Upholstered-Luxury-Bed-4.webp\" alt=\"Cama de Muebles a Medida, Moderna Cama de Lujo Tapizada Acanalada-4\" class=\"wp-image-1039\" srcset=\"https:\/\/www.chicasafurniture.com\/wp-content\/uploads\/2026\/03\/Custom-Furniture-Bed-Modern-Fluted-Upholstered-Luxury-Bed-4.webp 720w, https:\/\/www.chicasafurniture.com\/wp-content\/uploads\/2026\/03\/Custom-Furniture-Bed-Modern-Fluted-Upholstered-Luxury-Bed-4-225x300.webp 225w, https:\/\/www.chicasafurniture.com\/wp-content\/uploads\/2026\/03\/Custom-Furniture-Bed-Modern-Fluted-Upholstered-Luxury-Bed-4-9x12.webp 9w, https:\/\/www.chicasafurniture.com\/wp-content\/uploads\/2026\/03\/Custom-Furniture-Bed-Modern-Fluted-Upholstered-Luxury-Bed-4-600x800.webp 600w\" sizes=\"(max-width: 720px) 100vw, 720px\" \/><\/figure>\n<\/div>\n<\/div>\n\n\n\n<div class=\"wp-block-columns is-layout-flex wp-container-core-columns-is-layout-9d6595d7 wp-block-columns-is-layout-flex\">\n<div class=\"wp-block-column is-layout-flow wp-block-column-is-layout-flow\">\n<figure class=\"wp-block-image size-full\"><img decoding=\"async\" width=\"1200\" height=\"800\" src=\"https:\/\/www.chicasafurniture.com\/wp-content\/uploads\/2026\/03\/Custom-Furniture-Bed-Modern-Fluted-Upholstered-Luxury-Bed-3.webp\" alt=\"Cama de Muebles a Medida, Moderna Cama Acanalada Tapizada de Lujo-3\" class=\"wp-image-1038\" srcset=\"https:\/\/www.chicasafurniture.com\/wp-content\/uploads\/2026\/03\/Custom-Furniture-Bed-Modern-Fluted-Upholstered-Luxury-Bed-3.webp 1200w, https:\/\/www.chicasafurniture.com\/wp-content\/uploads\/2026\/03\/Custom-Furniture-Bed-Modern-Fluted-Upholstered-Luxury-Bed-3-300x200.webp 300w, https:\/\/www.chicasafurniture.com\/wp-content\/uploads\/2026\/03\/Custom-Furniture-Bed-Modern-Fluted-Upholstered-Luxury-Bed-3-768x512.webp 768w, https:\/\/www.chicasafurniture.com\/wp-content\/uploads\/2026\/03\/Custom-Furniture-Bed-Modern-Fluted-Upholstered-Luxury-Bed-3-18x12.webp 18w, https:\/\/www.chicasafurniture.com\/wp-content\/uploads\/2026\/03\/Custom-Furniture-Bed-Modern-Fluted-Upholstered-Luxury-Bed-3-600x400.webp 600w\" sizes=\"(max-width: 1200px) 100vw, 1200px\" \/><\/figure>\n<\/div>\n\n\n\n<div class=\"wp-block-column is-layout-flow wp-block-column-is-layout-flow\">\n<figure class=\"wp-block-image size-full\"><img decoding=\"async\" width=\"1200\" height=\"800\" src=\"https:\/\/www.chicasafurniture.com\/wp-content\/uploads\/2026\/03\/Custom-Furniture-Bed-Modern-Fluted-Upholstered-Luxury-Bed-2.webp\" alt=\"Cama de Muebles a Medida, Moderna Cama Acanalada Tapizada de Lujo-2\" class=\"wp-image-1037\" srcset=\"https:\/\/www.chicasafurniture.com\/wp-content\/uploads\/2026\/03\/Custom-Furniture-Bed-Modern-Fluted-Upholstered-Luxury-Bed-2.webp 1200w, https:\/\/www.chicasafurniture.com\/wp-content\/uploads\/2026\/03\/Custom-Furniture-Bed-Modern-Fluted-Upholstered-Luxury-Bed-2-300x200.webp 300w, https:\/\/www.chicasafurniture.com\/wp-content\/uploads\/2026\/03\/Custom-Furniture-Bed-Modern-Fluted-Upholstered-Luxury-Bed-2-768x512.webp 768w, https:\/\/www.chicasafurniture.com\/wp-content\/uploads\/2026\/03\/Custom-Furniture-Bed-Modern-Fluted-Upholstered-Luxury-Bed-2-18x12.webp 18w, https:\/\/www.chicasafurniture.com\/wp-content\/uploads\/2026\/03\/Custom-Furniture-Bed-Modern-Fluted-Upholstered-Luxury-Bed-2-600x400.webp 600w\" sizes=\"(max-width: 1200px) 100vw, 1200px\" \/><\/figure>\n<\/div>\n<\/div>","protected":false},"excerpt":{"rendered":"<p>Eleve el ambiente de su dormitorio con nuestros muebles cama a medida. Esta cama beapoke cuenta con un cabecero acanalado de perfil alto. Estructura minimalista integrada con opciones de tejido a medida para dormitorios de lujo.<\/p>\n<table style=\"border-collapse: collapse; width: 222.03pt;\" border=\"0\" width=\"222\" cellspacing=\"0\" cellpadding=\"0\">\n<tbody>\n<tr style=\"height: 15.20pt;\">\n<td class=\"et2\" style=\"height: 15.20pt; width: 81.65pt;\" width=\"81\" height=\"15\">Fabricante<\/td>\n<td class=\"et2\" style=\"width: 140.80pt;\" width=\"140\">Chicasa<\/td>\n<\/tr>\n<tr style=\"height: 15.20pt;\">\n<td class=\"et2\" style=\"height: 15.20pt;\" height=\"15\">Categor\u00eda<\/td>\n<td class=\"et2\">Cama<\/td>\n<\/tr>\n<tr style=\"height: 15.20pt;\">\n<td class=\"et2\" style=\"height: 15.20pt;\" height=\"15\">Aplicaci\u00f3n<\/td>\n<td class=\"et2\">Dormitorio<\/td>\n<\/tr>\n<tr style=\"height: 15.20pt;\">\n<td class=\"et2\" style=\"height: 15.20pt;\" height=\"15\">Estilo<\/td>\n<td class=\"et2\">Lujo refinado<\/td>\n<\/tr>\n<tr style=\"height: 15.20pt;\">\n<td class=\"et2\" style=\"height: 15.20pt;\" height=\"15\">Modelo<\/td>\n<td class=\"et2\">QMY-BE010<\/td>\n<\/tr>\n<tr style=\"height: 15.20pt;\">\n<td class=\"et2\" style=\"height: 15.20pt;\" height=\"15\">Personalizaci\u00f3n<\/td>\n<td class=\"et2\">Color, tama\u00f1o, material<\/td>\n<\/tr>\n<tr style=\"height: 15.20pt;\">\n<td class=\"et2\" style=\"height: 15.20pt;\" height=\"15\">MOQ<\/td>\n<td class=\"et2\">1 unidad<\/td>\n<\/tr>\n<\/tbody>\n<\/table>","protected":false},"featured_media":1036,"comment_status":"closed","ping_status":"closed","template":"","meta":{"_acf_changed":false},"product_brand":[],"product_cat":[33,18],"product_tag":[],"class_list":{"0":"post-1035","1":"product","2":"type-product","3":"status-publish","4":"has-post-thumbnail","6":"product_cat-custom-beds-manufacturer","7":"product_cat-bespoke-bedroom-furniture","9":"first","10":"instock","11":"shipping-taxable","12":"product-type-simple"},"acf":[],"_links":{"self":[{"href":"https:\/\/www.chicasafurniture.com\/es\/wp-json\/wp\/v2\/product\/1035","targetHints":{"allow":["GET"]}}],"collection":[{"href":"https:\/\/www.chicasafurniture.com\/es\/wp-json\/wp\/v2\/product"}],"about":[{"href":"https:\/\/www.chicasafurniture.com\/es\/wp-json\/wp\/v2\/types\/product"}],"replies":[{"embeddable":true,"href":"https:\/\/www.chicasafurniture.com\/es\/wp-json\/wp\/v2\/comments?post=1035"}],"wp:featuredmedia":[{"embeddable":true,"href":"https:\/\/www.chicasafurniture.com\/es\/wp-json\/wp\/v2\/media\/1036"}],"wp:attachment":[{"href":"https:\/\/www.chicasafurniture.com\/es\/wp-json\/wp\/v2\/media?parent=1035"}],"wp:term":[{"taxonomy":"product_brand","embeddable":true,"href":"https:\/\/www.chicasafurniture.com\/es\/wp-json\/wp\/v2\/product_brand?post=1035"},{"taxonomy":"product_cat","embeddable":true,"href":"https:\/\/www.chicasafurniture.com\/es\/wp-json\/wp\/v2\/product_cat?post=1035"},{"taxonomy":"product_tag","embeddable":true,"href":"https:\/\/www.chicasafurniture.com\/es\/wp-json\/wp\/v2\/product_tag?post=1035"}],"curies":[{"name":"wp","href":"https:\/\/api.w.org\/{rel}","templated":true}]}}