{"id":1040,"date":"2026-03-14T09:18:54","date_gmt":"2026-03-14T09:18:54","guid":{"rendered":"https:\/\/www.chicasafurniture.com\/?post_type=product&#038;p=1040"},"modified":"2026-03-14T09:25:11","modified_gmt":"2026-03-14T09:25:11","slug":"custom-modern-beds","status":"publish","type":"product","link":"https:\/\/www.chicasafurniture.com\/es\/product\/custom-modern-beds\/","title":{"rendered":"Camas modernas de lujo a medida con estructura tapizada Wingback"},"content":{"rendered":"<h2 class=\"wp-block-heading\">Especificaciones de producto de las camas modernas a medida<\/h2>\n\n\n\n<figure class=\"wp-block-table\"><table class=\"has-fixed-layout\"><tbody><tr><td>Marco<\/td><td>Material de cubierta<\/td><td>Material de relleno<\/td><td>Piernas<\/td><td>Color<\/td><td>Talla<\/td><td>Peso<\/td><\/tr><tr><td>Madera maciza<\/td><td>Tejido<\/td><td>Esponja de alta densidad<\/td><td>Metal<\/td><td>Personalizado<\/td><td>TAMA\u00d1O KING<\/td><td>90-120 kg<\/td><\/tr><\/tbody><\/table><\/figure>\n\n\n\n<div class=\"wp-block-columns is-layout-flex wp-container-core-columns-is-layout-9d6595d7 wp-block-columns-is-layout-flex\">\n<div class=\"wp-block-column is-layout-flow wp-block-column-is-layout-flow\">\n<h2 class=\"wp-block-heading\">Camas modernas personalizadas Premium Caracter\u00edsticas:<\/h2>\n\n\n\n<ul class=\"wp-block-list\">\n<li><strong>Cabecero Wraparound Wingback:<\/strong> Estas camas modernas a medida presentan un dise\u00f1o \u00fanico y envolvente con respaldo abatible que no s\u00f3lo mejora la estabilidad visual, sino que tambi\u00e9n sirve para amortiguar el sonido y crear una sensaci\u00f3n de encierro, elevando as\u00ed el confort psicol\u00f3gico de su experiencia de sue\u00f1o.<\/li>\n\n\n\n<li><strong>Dimensional Vertical Tufting:<\/strong> Esta cama tapizada a medida utiliza una precisa t\u00e9cnica de cosido vertical para crear contornos definidos y n\u00edtidos; la tapicer\u00eda conserva su forma y estructura pr\u00edstinas, como si fuera nueva, incluso tras largos periodos de reclinaci\u00f3n.<\/li>\n\n\n\n<li><strong>Tejido de alta costura Tacto:<\/strong> Nuestras camas modernas a medida ofrecen una amplia gama de opciones de personalizaci\u00f3n de tejidos -incluidos cuero mate, mezclas de algod\u00f3n y lino respetuosas con la piel y tejidos t\u00e9cnicos resistentes a las manchas- que garantizan una experiencia de lujo que deleita tanto el sentido del tacto como la vista.<\/li>\n\n\n\n<li><strong>Base integrada y estable:<\/strong> Nuestras camas tapizadas a medida est\u00e1n construidas sobre una estructura portante reforzada y oculta. Este dise\u00f1o elimina cualquier posible crujido o ruido, a la vez que mantiene una est\u00e9tica visualmente limpia, creando un efecto visual minimalista de \u201cabrazado al suelo\u201d.<\/li>\n\n\n\n<li><strong>Adaptabilidad universal de tallas:<\/strong> Ofrecemos servicios flexibles de personalizaci\u00f3n del tama\u00f1o de nuestras camas modernas, desde las dobles est\u00e1ndar hasta las King de gran tama\u00f1o, para satisfacer con precisi\u00f3n los requisitos espaciales espec\u00edficos y las disposiciones arquitect\u00f3nicas que se encuentran en diferentes regiones y tipos de viviendas de todo el mundo.<\/li>\n<\/ul>\n<\/div>\n\n\n\n<div class=\"wp-block-column is-layout-flow wp-block-column-is-layout-flow\">\n<figure class=\"wp-block-image size-full\"><img decoding=\"async\" width=\"848\" height=\"989\" src=\"https:\/\/www.chicasafurniture.com\/wp-content\/uploads\/2026\/03\/Luxury-Custom-Modern-Beds-with-Wingback-Upholstered-Frame-3.webp\" alt=\"Camas modernas de lujo a medida con marco tapizado Wingback-3\" class=\"wp-image-1043\" srcset=\"https:\/\/www.chicasafurniture.com\/wp-content\/uploads\/2026\/03\/Luxury-Custom-Modern-Beds-with-Wingback-Upholstered-Frame-3.webp 848w, https:\/\/www.chicasafurniture.com\/wp-content\/uploads\/2026\/03\/Luxury-Custom-Modern-Beds-with-Wingback-Upholstered-Frame-3-257x300.webp 257w, https:\/\/www.chicasafurniture.com\/wp-content\/uploads\/2026\/03\/Luxury-Custom-Modern-Beds-with-Wingback-Upholstered-Frame-3-768x896.webp 768w, https:\/\/www.chicasafurniture.com\/wp-content\/uploads\/2026\/03\/Luxury-Custom-Modern-Beds-with-Wingback-Upholstered-Frame-3-10x12.webp 10w, https:\/\/www.chicasafurniture.com\/wp-content\/uploads\/2026\/03\/Luxury-Custom-Modern-Beds-with-Wingback-Upholstered-Frame-3-600x700.webp 600w\" sizes=\"(max-width: 848px) 100vw, 848px\" \/><\/figure>\n<\/div>\n<\/div>\n\n\n\n<figure class=\"wp-block-image size-full\"><img decoding=\"async\" width=\"1200\" height=\"765\" src=\"https:\/\/www.chicasafurniture.com\/wp-content\/uploads\/2026\/03\/Luxury-Custom-Modern-Beds-with-Wingback-Upholstered-Frame-1.webp\" alt=\"Camas modernas de lujo a medida con marco tapizado Wingback-1\" class=\"wp-image-1041\" srcset=\"https:\/\/www.chicasafurniture.com\/wp-content\/uploads\/2026\/03\/Luxury-Custom-Modern-Beds-with-Wingback-Upholstered-Frame-1.webp 1200w, https:\/\/www.chicasafurniture.com\/wp-content\/uploads\/2026\/03\/Luxury-Custom-Modern-Beds-with-Wingback-Upholstered-Frame-1-300x191.webp 300w, https:\/\/www.chicasafurniture.com\/wp-content\/uploads\/2026\/03\/Luxury-Custom-Modern-Beds-with-Wingback-Upholstered-Frame-1-768x490.webp 768w, https:\/\/www.chicasafurniture.com\/wp-content\/uploads\/2026\/03\/Luxury-Custom-Modern-Beds-with-Wingback-Upholstered-Frame-1-18x12.webp 18w, https:\/\/www.chicasafurniture.com\/wp-content\/uploads\/2026\/03\/Luxury-Custom-Modern-Beds-with-Wingback-Upholstered-Frame-1-600x383.webp 600w\" sizes=\"(max-width: 1200px) 100vw, 1200px\" \/><\/figure>","protected":false},"excerpt":{"rendered":"<p>Eleve su dormitorio con nuestras camas modernas a medida. Esta cama tapizada a medida redefine la est\u00e9tica sensorial del dormitorio gracias a su caracter\u00edstico dise\u00f1o de cabecero envolvente en forma de ala, que la convierte en una opci\u00f3n de primera calidad para el dise\u00f1o interior de suites de hoteles de alta gama y residencias modernas de lujo.<\/p>\n<table style=\"border-collapse: collapse; width: 222.03pt;\" border=\"0\" width=\"222\" cellspacing=\"0\" cellpadding=\"0\">\n<tbody>\n<tr style=\"height: 15.20pt;\">\n<td class=\"et2\" style=\"height: 15.20pt; width: 81.65pt;\" width=\"81\" height=\"15\">Fabricante<\/td>\n<td class=\"et2\" style=\"width: 140.80pt;\" width=\"140\">Chicasa<\/td>\n<\/tr>\n<tr style=\"height: 15.20pt;\">\n<td class=\"et2\" style=\"height: 15.20pt;\" height=\"15\">Categor\u00eda<\/td>\n<td class=\"et2\">Cama<\/td>\n<\/tr>\n<tr style=\"height: 15.20pt;\">\n<td class=\"et2\" style=\"height: 15.20pt;\" height=\"15\">Aplicaci\u00f3n<\/td>\n<td class=\"et2\">Dormitorio<\/td>\n<\/tr>\n<tr style=\"height: 15.20pt;\">\n<td class=\"et2\" style=\"height: 15.20pt;\" height=\"15\">Estilo<\/td>\n<td class=\"et2\">Minimalista<\/td>\n<\/tr>\n<tr style=\"height: 15.20pt;\">\n<td class=\"et2\" style=\"height: 15.20pt;\" height=\"15\">Modelo<\/td>\n<td class=\"et2\">QMY-BE007<\/td>\n<\/tr>\n<tr style=\"height: 15.20pt;\">\n<td class=\"et2\" style=\"height: 15.20pt;\" height=\"15\">Personalizaci\u00f3n<\/td>\n<td class=\"et2\">Color, tama\u00f1o, material<\/td>\n<\/tr>\n<tr style=\"height: 15.20pt;\">\n<td class=\"et2\" style=\"height: 15.20pt;\" height=\"15\">MOQ<\/td>\n<td class=\"et2\">1 unidad<\/td>\n<\/tr>\n<\/tbody>\n<\/table>","protected":false},"featured_media":1042,"comment_status":"closed","ping_status":"closed","template":"","meta":{"_acf_changed":false},"product_brand":[],"product_cat":[33,18],"product_tag":[],"class_list":{"0":"post-1040","1":"product","2":"type-product","3":"status-publish","4":"has-post-thumbnail","6":"product_cat-custom-beds-manufacturer","7":"product_cat-bespoke-bedroom-furniture","9":"first","10":"instock","11":"shipping-taxable","12":"product-type-simple"},"acf":[],"_links":{"self":[{"href":"https:\/\/www.chicasafurniture.com\/es\/wp-json\/wp\/v2\/product\/1040","targetHints":{"allow":["GET"]}}],"collection":[{"href":"https:\/\/www.chicasafurniture.com\/es\/wp-json\/wp\/v2\/product"}],"about":[{"href":"https:\/\/www.chicasafurniture.com\/es\/wp-json\/wp\/v2\/types\/product"}],"replies":[{"embeddable":true,"href":"https:\/\/www.chicasafurniture.com\/es\/wp-json\/wp\/v2\/comments?post=1040"}],"wp:featuredmedia":[{"embeddable":true,"href":"https:\/\/www.chicasafurniture.com\/es\/wp-json\/wp\/v2\/media\/1042"}],"wp:attachment":[{"href":"https:\/\/www.chicasafurniture.com\/es\/wp-json\/wp\/v2\/media?parent=1040"}],"wp:term":[{"taxonomy":"product_brand","embeddable":true,"href":"https:\/\/www.chicasafurniture.com\/es\/wp-json\/wp\/v2\/product_brand?post=1040"},{"taxonomy":"product_cat","embeddable":true,"href":"https:\/\/www.chicasafurniture.com\/es\/wp-json\/wp\/v2\/product_cat?post=1040"},{"taxonomy":"product_tag","embeddable":true,"href":"https:\/\/www.chicasafurniture.com\/es\/wp-json\/wp\/v2\/product_tag?post=1040"}],"curies":[{"name":"wp","href":"https:\/\/api.w.org\/{rel}","templated":true}]}}