{"id":1045,"date":"2026-03-14T09:25:44","date_gmt":"2026-03-14T09:25:44","guid":{"rendered":"https:\/\/www.chicasafurniture.com\/?post_type=product&#038;p=1045"},"modified":"2026-03-14T09:35:41","modified_gmt":"2026-03-14T09:35:41","slug":"factory-direct-beds","status":"publish","type":"product","link":"https:\/\/www.chicasafurniture.com\/es\/product\/factory-direct-beds\/","title":{"rendered":"Camas tapizadas de lujo con cabecero acanalado"},"content":{"rendered":"<h2 class=\"wp-block-heading\">Especificaciones de producto de las camas Factory Direct<\/h2>\n\n\n\n<figure class=\"wp-block-table\"><table class=\"has-fixed-layout\"><tbody><tr><td>Marco<\/td><td>Material de cubierta<\/td><td>Material de relleno<\/td><td>Piernas<\/td><td>Color<\/td><td>Talla<\/td><td>Peso<\/td><\/tr><tr><td>Madera maciza<\/td><td>Tejido<\/td><td>Esponja de alta densidad<\/td><td>Madera maciza<\/td><td>Personalizado<\/td><td>TAMA\u00d1O KING<\/td><td>90-120 kg<\/td><\/tr><\/tbody><\/table><\/figure>\n\n\n\n<div class=\"wp-block-columns is-layout-flex wp-container-core-columns-is-layout-9d6595d7 wp-block-columns-is-layout-flex\">\n<div class=\"wp-block-column is-layout-flow wp-block-column-is-layout-flow\">\n<h2 class=\"wp-block-heading\">Camas Premium Directas de F\u00e1brica Caracter\u00edsticas:<\/h2>\n\n\n\n<ul class=\"wp-block-list\">\n<li><strong>Plisado natural hecho a mano:<\/strong> Cada pliegue de los cabeceros de estas camas directas de f\u00e1brica est\u00e1 meticulosamente ajustado por artesanos experimentados, creando una textura \u00fanica y natural que muestra la maestr\u00eda de nuestra f\u00e1brica en la artesan\u00eda de piel y tejidos de primera calidad.<\/li>\n\n\n\n<li><strong>Cojines de confort de dise\u00f1o dividido:<\/strong> El cabecero de esta cama a medida incluye dos cojines de felpa de generosas dimensiones. Rellenos de una mezcla de alta densidad de plumas de plum\u00f3n y espuma de alta elasticidad, ofrecen una experiencia de descanso profunda y envolvente similar a la de relajarse en un lujoso sof\u00e1.<\/li>\n\n\n\n<li><strong>Dise\u00f1o integral sin costuras:<\/strong> Nuestras camas directas de f\u00e1brica incorporan un tratamiento de acolchado blando y grueso en todo el armaz\u00f3n, incluidos el cabecero, las barandillas laterales y el piecero. Este dise\u00f1o no solo crea una est\u00e9tica visualmente m\u00e1s rica y de mayor calidad, sino que tambi\u00e9n evita eficazmente golpes y lesiones accidentales.<\/li>\n\n\n\n<li><strong>Suministro directo de f\u00e1brica: Valor excepcional:<\/strong> Al tratarse de un producto directo de f\u00e1brica, eliminamos todos los canales intermediarios, lo que le permite adquirir una cama de lujo hecha a medida a un precio muy competitivo.<\/li>\n\n\n\n<li><strong>Personalizaci\u00f3n a medida:<\/strong> Ofrecemos amplias opciones de personalizaci\u00f3n para nuestras camas directas de f\u00e1brica, incluida una amplia selecci\u00f3n de materiales de lujo (como cuero aut\u00e9ntico mate, terciopelo italiano, etc.) y una variada paleta de colores. Adem\u00e1s, podemos adaptar las dimensiones y alturas a los requisitos espec\u00edficos de cada proyecto.<\/li>\n<\/ul>\n<\/div>\n\n\n\n<div class=\"wp-block-column is-layout-flow wp-block-column-is-layout-flow\">\n<figure class=\"wp-block-image size-full\"><img decoding=\"async\" width=\"2000\" height=\"2001\" src=\"https:\/\/www.chicasafurniture.com\/wp-content\/uploads\/2026\/03\/Luxury-Upholstered-Factory-Direct-Beds-with-Ruched-Headboard-4.webp\" alt=\"Camas tapizadas de lujo con cabecero fruncido-4\" class=\"wp-image-1049\" srcset=\"https:\/\/www.chicasafurniture.com\/wp-content\/uploads\/2026\/03\/Luxury-Upholstered-Factory-Direct-Beds-with-Ruched-Headboard-4.webp 2000w, https:\/\/www.chicasafurniture.com\/wp-content\/uploads\/2026\/03\/Luxury-Upholstered-Factory-Direct-Beds-with-Ruched-Headboard-4-300x300.webp 300w, https:\/\/www.chicasafurniture.com\/wp-content\/uploads\/2026\/03\/Luxury-Upholstered-Factory-Direct-Beds-with-Ruched-Headboard-4-150x150.webp 150w, https:\/\/www.chicasafurniture.com\/wp-content\/uploads\/2026\/03\/Luxury-Upholstered-Factory-Direct-Beds-with-Ruched-Headboard-4-768x768.webp 768w, https:\/\/www.chicasafurniture.com\/wp-content\/uploads\/2026\/03\/Luxury-Upholstered-Factory-Direct-Beds-with-Ruched-Headboard-4-12x12.webp 12w, https:\/\/www.chicasafurniture.com\/wp-content\/uploads\/2026\/03\/Luxury-Upholstered-Factory-Direct-Beds-with-Ruched-Headboard-4-1200x1200.webp 1200w, https:\/\/www.chicasafurniture.com\/wp-content\/uploads\/2026\/03\/Luxury-Upholstered-Factory-Direct-Beds-with-Ruched-Headboard-4-600x600.webp 600w, https:\/\/www.chicasafurniture.com\/wp-content\/uploads\/2026\/03\/Luxury-Upholstered-Factory-Direct-Beds-with-Ruched-Headboard-4-100x100.webp 100w\" sizes=\"(max-width: 2000px) 100vw, 2000px\" \/><\/figure>\n<\/div>\n<\/div>\n\n\n\n<figure class=\"wp-block-image size-full\"><img decoding=\"async\" width=\"2000\" height=\"1271\" src=\"https:\/\/www.chicasafurniture.com\/wp-content\/uploads\/2026\/03\/Luxury-Upholstered-Factory-Direct-Beds-with-Ruched-Headboard-6.webp\" alt=\"Camas tapizadas de lujo con cabecero acanalado-6\" class=\"wp-image-1051\" srcset=\"https:\/\/www.chicasafurniture.com\/wp-content\/uploads\/2026\/03\/Luxury-Upholstered-Factory-Direct-Beds-with-Ruched-Headboard-6.webp 2000w, https:\/\/www.chicasafurniture.com\/wp-content\/uploads\/2026\/03\/Luxury-Upholstered-Factory-Direct-Beds-with-Ruched-Headboard-6-300x191.webp 300w, https:\/\/www.chicasafurniture.com\/wp-content\/uploads\/2026\/03\/Luxury-Upholstered-Factory-Direct-Beds-with-Ruched-Headboard-6-768x488.webp 768w, https:\/\/www.chicasafurniture.com\/wp-content\/uploads\/2026\/03\/Luxury-Upholstered-Factory-Direct-Beds-with-Ruched-Headboard-6-18x12.webp 18w, https:\/\/www.chicasafurniture.com\/wp-content\/uploads\/2026\/03\/Luxury-Upholstered-Factory-Direct-Beds-with-Ruched-Headboard-6-1200x763.webp 1200w, https:\/\/www.chicasafurniture.com\/wp-content\/uploads\/2026\/03\/Luxury-Upholstered-Factory-Direct-Beds-with-Ruched-Headboard-6-600x381.webp 600w\" sizes=\"(max-width: 2000px) 100vw, 2000px\" \/><\/figure>","protected":false},"excerpt":{"rendered":"<p>Camas de primera calidad directamente de f\u00e1brica. Esta cama a medida presenta contornos suaves y redondeados y utiliza una t\u00e9cnica de acabado suave totalmente tapizada para crear un ambiente de dormitorio profundamente relajante, seguro e impregnado de estilo art\u00edstico.<\/p>\n<table style=\"border-collapse: collapse; width: 222.03pt;\" border=\"0\" width=\"222\" cellspacing=\"0\" cellpadding=\"0\">\n<tbody>\n<tr style=\"height: 15.20pt;\">\n<td class=\"et2\" style=\"height: 15.20pt; width: 81.65pt;\" width=\"81\" height=\"15\">Fabricante<\/td>\n<td class=\"et2\" style=\"width: 140.80pt;\" width=\"140\">Chicasa<\/td>\n<\/tr>\n<tr style=\"height: 15.20pt;\">\n<td class=\"et2\" style=\"height: 15.20pt;\" height=\"15\">Categor\u00eda<\/td>\n<td class=\"et2\">Cama<\/td>\n<\/tr>\n<tr style=\"height: 15.20pt;\">\n<td class=\"et2\" style=\"height: 15.20pt;\" height=\"15\">Aplicaci\u00f3n<\/td>\n<td class=\"et2\">Dormitorio<\/td>\n<\/tr>\n<tr style=\"height: 15.20pt;\">\n<td class=\"et2\" style=\"height: 15.20pt;\" height=\"15\">Estilo<\/td>\n<td class=\"et2\">Minimalista<\/td>\n<\/tr>\n<tr style=\"height: 15.20pt;\">\n<td class=\"et2\" style=\"height: 15.20pt;\" height=\"15\">Modelo<\/td>\n<td class=\"et2\">QMY-BE008<\/td>\n<\/tr>\n<tr style=\"height: 15.20pt;\">\n<td class=\"et2\" style=\"height: 15.20pt;\" height=\"15\">Personalizaci\u00f3n<\/td>\n<td class=\"et2\">Color, tama\u00f1o, material<\/td>\n<\/tr>\n<tr style=\"height: 15.20pt;\">\n<td class=\"et2\" style=\"height: 15.20pt;\" height=\"15\">MOQ<\/td>\n<td class=\"et2\">1 unidad<\/td>\n<\/tr>\n<\/tbody>\n<\/table>","protected":false},"featured_media":1046,"comment_status":"closed","ping_status":"closed","template":"","meta":{"_acf_changed":false},"product_brand":[],"product_cat":[33,18],"product_tag":[],"class_list":{"0":"post-1045","1":"product","2":"type-product","3":"status-publish","4":"has-post-thumbnail","6":"product_cat-custom-beds-manufacturer","7":"product_cat-bespoke-bedroom-furniture","9":"first","10":"instock","11":"shipping-taxable","12":"product-type-simple"},"acf":[],"_links":{"self":[{"href":"https:\/\/www.chicasafurniture.com\/es\/wp-json\/wp\/v2\/product\/1045","targetHints":{"allow":["GET"]}}],"collection":[{"href":"https:\/\/www.chicasafurniture.com\/es\/wp-json\/wp\/v2\/product"}],"about":[{"href":"https:\/\/www.chicasafurniture.com\/es\/wp-json\/wp\/v2\/types\/product"}],"replies":[{"embeddable":true,"href":"https:\/\/www.chicasafurniture.com\/es\/wp-json\/wp\/v2\/comments?post=1045"}],"wp:featuredmedia":[{"embeddable":true,"href":"https:\/\/www.chicasafurniture.com\/es\/wp-json\/wp\/v2\/media\/1046"}],"wp:attachment":[{"href":"https:\/\/www.chicasafurniture.com\/es\/wp-json\/wp\/v2\/media?parent=1045"}],"wp:term":[{"taxonomy":"product_brand","embeddable":true,"href":"https:\/\/www.chicasafurniture.com\/es\/wp-json\/wp\/v2\/product_brand?post=1045"},{"taxonomy":"product_cat","embeddable":true,"href":"https:\/\/www.chicasafurniture.com\/es\/wp-json\/wp\/v2\/product_cat?post=1045"},{"taxonomy":"product_tag","embeddable":true,"href":"https:\/\/www.chicasafurniture.com\/es\/wp-json\/wp\/v2\/product_tag?post=1045"}],"curies":[{"name":"wp","href":"https:\/\/api.w.org\/{rel}","templated":true}]}}