{"id":1052,"date":"2026-03-14T09:38:00","date_gmt":"2026-03-14T09:38:00","guid":{"rendered":"https:\/\/www.chicasafurniture.com\/?post_type=product&#038;p=1052"},"modified":"2026-03-14T09:45:58","modified_gmt":"2026-03-14T09:45:58","slug":"custom-design-bed","status":"publish","type":"product","link":"https:\/\/www.chicasafurniture.com\/es\/product\/custom-design-bed\/","title":{"rendered":"Cama moderna de dise\u00f1o personalizado, cama tapizada de rejilla geom\u00e9trica"},"content":{"rendered":"<h2 class=\"wp-block-heading\">Especificaciones de producto de la cama de dise\u00f1o personalizado<\/h2>\n\n\n\n<figure class=\"wp-block-table\"><table class=\"has-fixed-layout\"><tbody><tr><td>Marco<\/td><td>Material de cubierta<\/td><td>Material de relleno<\/td><td>Piernas<\/td><td>Color<\/td><td>Talla<\/td><td>Peso<\/td><\/tr><tr><td>Madera maciza<\/td><td>Tejido<\/td><td>Esponja de alta densidad<\/td><td>\/<\/td><td>Personalizado<\/td><td>TAMA\u00d1O KING<\/td><td>90-120 kg<\/td><\/tr><\/tbody><\/table><\/figure>\n\n\n\n<div class=\"wp-block-columns is-layout-flex wp-container-core-columns-is-layout-9d6595d7 wp-block-columns-is-layout-flex\">\n<div class=\"wp-block-column is-layout-flow wp-block-column-is-layout-flow\">\n<h2 class=\"wp-block-heading\">Cama Premium de dise\u00f1o personalizado Caracter\u00edsticas:<\/h2>\n\n\n\n<ul class=\"wp-block-list\">\n<li><strong>Dise\u00f1o geom\u00e9trico acolchado:<\/strong> Esta cama de dise\u00f1o personalizado cuenta con un cabecero de rejilla \u00fanico que confiere al dormitorio un fuerte sentido de definici\u00f3n estructural y un toque decorativo moderno, una aut\u00e9ntica obra maestra del mobiliario contempor\u00e1neo hecho a medida.<\/li>\n\n\n\n<li><strong>Abrazo profundo como una nube:<\/strong> Cada m\u00f3dulo geom\u00e9trico del cabecero de esta cama de lujo hecha a medida se rellena de forma independiente con espuma de alta elasticidad, que ofrece un soporte suave pero resistente similar al del respaldo de un sof\u00e1, transformando as\u00ed el cabecero en la zona perfecta para descansar relajadamente.<\/li>\n\n\n\n<li><strong>Arquitectura silenciosa e integrada:<\/strong> El armaz\u00f3n interno de esta cama de dise\u00f1o personalizado combina madera maciza con refuerzos met\u00e1licos para eliminar por completo el ruido inducido por la fricci\u00f3n, lo que garantiza una experiencia de descanso estable y silenciosa en todas las condiciones de uso.<\/li>\n\n\n\n<li><strong>Personalizaci\u00f3n integral del tejido:<\/strong> Nuestra cama de lujo a medida ofrece amplias opciones de personalizaci\u00f3n a trav\u00e9s de una gama de lujosos materiales -desde cueros italianos importados y cueros de microfibra de primera calidad hasta tejidos de chenilla de alta densidad- con opciones de color que pueden combinarse con precisi\u00f3n para complementar la paleta de colores de su interior.<\/li>\n\n\n\n<li><strong>Durabilidad de nivel t\u00e9cnico:<\/strong> Los tejidos utilizados en esta cama de dise\u00f1o personalizado son resistentes a las arrugas y muy resistentes a la abrasi\u00f3n, mientras que la estructura de soporte de la base se ha sometido a rigurosas pruebas de carga (decenas de miles de ciclos) para garantizar una longevidad y una resistencia a la deformaci\u00f3n excepcionales durante a\u00f1os de uso.<\/li>\n<\/ul>\n<\/div>\n\n\n\n<div class=\"wp-block-column is-layout-flow wp-block-column-is-layout-flow\">\n<figure class=\"wp-block-image size-full\"><img decoding=\"async\" width=\"1280\" height=\"1280\" src=\"https:\/\/www.chicasafurniture.com\/wp-content\/uploads\/2026\/03\/Modern-Custom-Design-Bed-Geometric-Grid-Upholstered-Bed-3-edited.webp\" alt=\"Cama moderna de dise\u00f1o personalizado, cama tapizada de rejilla geom\u00e9trica-3\" class=\"wp-image-1058\" srcset=\"https:\/\/www.chicasafurniture.com\/wp-content\/uploads\/2026\/03\/Modern-Custom-Design-Bed-Geometric-Grid-Upholstered-Bed-3-edited.webp 1280w, https:\/\/www.chicasafurniture.com\/wp-content\/uploads\/2026\/03\/Modern-Custom-Design-Bed-Geometric-Grid-Upholstered-Bed-3-edited-300x300.webp 300w, https:\/\/www.chicasafurniture.com\/wp-content\/uploads\/2026\/03\/Modern-Custom-Design-Bed-Geometric-Grid-Upholstered-Bed-3-edited-150x150.webp 150w, https:\/\/www.chicasafurniture.com\/wp-content\/uploads\/2026\/03\/Modern-Custom-Design-Bed-Geometric-Grid-Upholstered-Bed-3-edited-768x768.webp 768w, https:\/\/www.chicasafurniture.com\/wp-content\/uploads\/2026\/03\/Modern-Custom-Design-Bed-Geometric-Grid-Upholstered-Bed-3-edited-12x12.webp 12w, https:\/\/www.chicasafurniture.com\/wp-content\/uploads\/2026\/03\/Modern-Custom-Design-Bed-Geometric-Grid-Upholstered-Bed-3-edited-1200x1200.webp 1200w, https:\/\/www.chicasafurniture.com\/wp-content\/uploads\/2026\/03\/Modern-Custom-Design-Bed-Geometric-Grid-Upholstered-Bed-3-edited-600x600.webp 600w, https:\/\/www.chicasafurniture.com\/wp-content\/uploads\/2026\/03\/Modern-Custom-Design-Bed-Geometric-Grid-Upholstered-Bed-3-edited-100x100.webp 100w\" sizes=\"(max-width: 1280px) 100vw, 1280px\" \/><\/figure>\n<\/div>\n<\/div>\n\n\n\n<figure class=\"wp-block-image size-full\"><img decoding=\"async\" width=\"1920\" height=\"1280\" src=\"https:\/\/www.chicasafurniture.com\/wp-content\/uploads\/2026\/03\/Modern-Custom-Design-Bed-Geometric-Grid-Upholstered-Bed-2.webp\" alt=\"Cama moderna de dise\u00f1o personalizado, cama tapizada de rejilla geom\u00e9trica-2\" class=\"wp-image-1054\" srcset=\"https:\/\/www.chicasafurniture.com\/wp-content\/uploads\/2026\/03\/Modern-Custom-Design-Bed-Geometric-Grid-Upholstered-Bed-2.webp 1920w, https:\/\/www.chicasafurniture.com\/wp-content\/uploads\/2026\/03\/Modern-Custom-Design-Bed-Geometric-Grid-Upholstered-Bed-2-300x200.webp 300w, https:\/\/www.chicasafurniture.com\/wp-content\/uploads\/2026\/03\/Modern-Custom-Design-Bed-Geometric-Grid-Upholstered-Bed-2-768x512.webp 768w, https:\/\/www.chicasafurniture.com\/wp-content\/uploads\/2026\/03\/Modern-Custom-Design-Bed-Geometric-Grid-Upholstered-Bed-2-18x12.webp 18w, https:\/\/www.chicasafurniture.com\/wp-content\/uploads\/2026\/03\/Modern-Custom-Design-Bed-Geometric-Grid-Upholstered-Bed-2-1200x800.webp 1200w, https:\/\/www.chicasafurniture.com\/wp-content\/uploads\/2026\/03\/Modern-Custom-Design-Bed-Geometric-Grid-Upholstered-Bed-2-600x400.webp 600w\" sizes=\"(max-width: 1920px) 100vw, 1920px\" \/><\/figure>","protected":false},"excerpt":{"rendered":"<p>Eleve su dormitorio con una cama de dise\u00f1o personalizado. Esta moderna cama tapizada de lujo se define por el \u201carte geom\u00e9trico\u201d como su filosof\u00eda de dise\u00f1o central; su cabecero cuenta con un patr\u00f3n de mechones cuadrados a gran escala, creando un efecto visual que es a la vez sustancial y r\u00edtmicamente din\u00e1mico.<\/p>\n<table style=\"border-collapse: collapse; width: 222.03pt;\" border=\"0\" width=\"222\" cellspacing=\"0\" cellpadding=\"0\">\n<tbody>\n<tr style=\"height: 15.20pt;\">\n<td class=\"et2\" style=\"height: 15.20pt; width: 81.65pt;\" width=\"81\" height=\"15\">Fabricante<\/td>\n<td class=\"et2\" style=\"width: 140.80pt;\" width=\"140\">Chicasa<\/td>\n<\/tr>\n<tr style=\"height: 15.20pt;\">\n<td class=\"et2\" style=\"height: 15.20pt;\" height=\"15\">Categor\u00eda<\/td>\n<td class=\"et2\">Cama<\/td>\n<\/tr>\n<tr style=\"height: 15.20pt;\">\n<td class=\"et2\" style=\"height: 15.20pt;\" height=\"15\">Aplicaci\u00f3n<\/td>\n<td class=\"et2\">Dormitorio<\/td>\n<\/tr>\n<tr style=\"height: 15.20pt;\">\n<td class=\"et2\" style=\"height: 15.20pt;\" height=\"15\">Estilo<\/td>\n<td class=\"et2\">Lujo refinado<\/td>\n<\/tr>\n<tr style=\"height: 15.20pt;\">\n<td class=\"et2\" style=\"height: 15.20pt;\" height=\"15\">Modelo<\/td>\n<td class=\"et2\">QMY-BE009<\/td>\n<\/tr>\n<tr style=\"height: 15.20pt;\">\n<td class=\"et2\" style=\"height: 15.20pt;\" height=\"15\">Personalizaci\u00f3n<\/td>\n<td class=\"et2\">Color, tama\u00f1o, material<\/td>\n<\/tr>\n<tr style=\"height: 15.20pt;\">\n<td class=\"et2\" style=\"height: 15.20pt;\" height=\"15\">MOQ<\/td>\n<td class=\"et2\">1 unidad<\/td>\n<\/tr>\n<\/tbody>\n<\/table>","protected":false},"featured_media":1053,"comment_status":"closed","ping_status":"closed","template":"","meta":{"_acf_changed":false},"product_brand":[],"product_cat":[33,18],"product_tag":[],"class_list":{"0":"post-1052","1":"product","2":"type-product","3":"status-publish","4":"has-post-thumbnail","6":"product_cat-custom-beds-manufacturer","7":"product_cat-bespoke-bedroom-furniture","9":"first","10":"instock","11":"shipping-taxable","12":"product-type-simple"},"acf":[],"_links":{"self":[{"href":"https:\/\/www.chicasafurniture.com\/es\/wp-json\/wp\/v2\/product\/1052","targetHints":{"allow":["GET"]}}],"collection":[{"href":"https:\/\/www.chicasafurniture.com\/es\/wp-json\/wp\/v2\/product"}],"about":[{"href":"https:\/\/www.chicasafurniture.com\/es\/wp-json\/wp\/v2\/types\/product"}],"replies":[{"embeddable":true,"href":"https:\/\/www.chicasafurniture.com\/es\/wp-json\/wp\/v2\/comments?post=1052"}],"wp:featuredmedia":[{"embeddable":true,"href":"https:\/\/www.chicasafurniture.com\/es\/wp-json\/wp\/v2\/media\/1053"}],"wp:attachment":[{"href":"https:\/\/www.chicasafurniture.com\/es\/wp-json\/wp\/v2\/media?parent=1052"}],"wp:term":[{"taxonomy":"product_brand","embeddable":true,"href":"https:\/\/www.chicasafurniture.com\/es\/wp-json\/wp\/v2\/product_brand?post=1052"},{"taxonomy":"product_cat","embeddable":true,"href":"https:\/\/www.chicasafurniture.com\/es\/wp-json\/wp\/v2\/product_cat?post=1052"},{"taxonomy":"product_tag","embeddable":true,"href":"https:\/\/www.chicasafurniture.com\/es\/wp-json\/wp\/v2\/product_tag?post=1052"}],"curies":[{"name":"wp","href":"https:\/\/api.w.org\/{rel}","templated":true}]}}