{"id":1072,"date":"2026-03-16T06:44:27","date_gmt":"2026-03-16T06:44:27","guid":{"rendered":"https:\/\/www.chicasafurniture.com\/?post_type=product&#038;p=1072"},"modified":"2026-03-16T06:59:43","modified_gmt":"2026-03-16T06:59:43","slug":"bespoke-luxury-beds","status":"publish","type":"product","link":"https:\/\/www.chicasafurniture.com\/es\/product\/bespoke-luxury-beds\/","title":{"rendered":"Camas de Lujo a Medida con Cabezal Mois\u00e9s Wingback Moderno"},"content":{"rendered":"<h2 class=\"wp-block-heading\">Especificaciones de las camas de lujo a medida<\/h2>\n\n\n\n<figure class=\"wp-block-table\"><table class=\"has-fixed-layout\"><tbody><tr><td>Marco<\/td><td>Material de cubierta<\/td><td>Material de relleno<\/td><td>Piernas<\/td><td>Color<\/td><td>Talla<\/td><td>Peso<\/td><\/tr><tr><td>Madera maciza<\/td><td>Tejido<\/td><td>Esponja de alta densidad<\/td><td>Metal<\/td><td>Personalizado<\/td><td>TAMA\u00d1O KING<\/td><td>90-120 kg<\/td><\/tr><\/tbody><\/table><\/figure>\n\n\n\n<div class=\"wp-block-columns is-layout-flex wp-container-core-columns-is-layout-9d6595d7 wp-block-columns-is-layout-flex\">\n<div class=\"wp-block-column is-layout-flow wp-block-column-is-layout-flow\">\n<h2 class=\"wp-block-heading\">Camas de lujo Premium Bespoke Caracter\u00edsticas:<\/h2>\n\n\n\n<ul class=\"wp-block-list\">\n<li><strong>Cabecero con dise\u00f1o de alas:<\/strong> Nuestras camas de lujo a medida presentan un cabecero envolvente con un dise\u00f1o \u00fanico en forma de ala que no s\u00f3lo aumenta su sensaci\u00f3n de seguridad psicol\u00f3gica mientras duerme, sino que tambi\u00e9n potencia eficazmente la intimidad de su espacio personal.<\/li>\n\n\n\n<li><strong>Dimensional Grid Quilting:<\/strong> El intrincado acolchado de rejilla de esta cama a medida cumple una doble funci\u00f3n: evita que el relleno interior se mueva y, al mismo tiempo, crea una est\u00e9tica visualmente r\u00edtmica y tridimensional que personifica la sensibilidad del dise\u00f1o moderno.<\/li>\n\n\n\n<li><strong>Visuales minimalistas y est\u00e9tica flotante:<\/strong> Nuestras camas de lujo a medida se apoyan en patas met\u00e1licas esbeltas y resistentes; esta elecci\u00f3n de dise\u00f1o hace que el importante armaz\u00f3n de la cama parezca ligero y aireado, al tiempo que permite que los robots aspiradores limpien todos los rincones sin obstrucciones.<\/li>\n\n\n\n<li><strong>Protecci\u00f3n integral de acolchado blando:<\/strong> Desde el cabecero hasta las barandillas laterales, esta cama hecha a medida presenta un grueso y suave acolchado en toda su superficie. La superficie ofrece una experiencia t\u00e1ctil c\u00e1lida y agradable, a la vez que previene eficazmente los golpes y lesiones causados por el movimiento diario alrededor de la cama.<\/li>\n\n\n\n<li><strong>Selecci\u00f3n de materiales a medida:<\/strong> Nuestras camas de lujo a medida ofrecen una selecci\u00f3n de materiales de primera calidad, como lino de alta calidad, tejido texturizado o piel aut\u00e9ntica respetuosa con la piel, que pueden combinarse con patas met\u00e1licas de distintos colores para crear una obra maestra de descanso personalizada que sea exclusivamente suya.<\/li>\n<\/ul>\n<\/div>\n\n\n\n<div class=\"wp-block-column is-layout-flow wp-block-column-is-layout-flow\">\n<figure class=\"wp-block-image size-full\"><img decoding=\"async\" width=\"784\" height=\"1000\" src=\"https:\/\/www.chicasafurniture.com\/wp-content\/uploads\/2026\/03\/Bespoke-Luxury-Beds-with-Modern-Wingback-Tufted-Head-3.jpg\" alt=\"Camas de lujo a medida con cabezal moderno acolchado Wingback-3\" class=\"wp-image-1075\" srcset=\"https:\/\/www.chicasafurniture.com\/wp-content\/uploads\/2026\/03\/Bespoke-Luxury-Beds-with-Modern-Wingback-Tufted-Head-3.jpg 784w, https:\/\/www.chicasafurniture.com\/wp-content\/uploads\/2026\/03\/Bespoke-Luxury-Beds-with-Modern-Wingback-Tufted-Head-3-235x300.jpg 235w, https:\/\/www.chicasafurniture.com\/wp-content\/uploads\/2026\/03\/Bespoke-Luxury-Beds-with-Modern-Wingback-Tufted-Head-3-768x980.jpg 768w, https:\/\/www.chicasafurniture.com\/wp-content\/uploads\/2026\/03\/Bespoke-Luxury-Beds-with-Modern-Wingback-Tufted-Head-3-9x12.jpg 9w, https:\/\/www.chicasafurniture.com\/wp-content\/uploads\/2026\/03\/Bespoke-Luxury-Beds-with-Modern-Wingback-Tufted-Head-3-600x765.jpg 600w\" sizes=\"(max-width: 784px) 100vw, 784px\" \/><\/figure>\n<\/div>\n<\/div>\n\n\n\n<figure class=\"wp-block-image size-full\"><img decoding=\"async\" width=\"954\" height=\"700\" src=\"https:\/\/www.chicasafurniture.com\/wp-content\/uploads\/2026\/03\/Bespoke-Luxury-Beds-with-Modern-Wingback-Tufted-Head-4.png\" alt=\"Camas de lujo a medida con cabezal moderno acolchado Wingback-3\" class=\"wp-image-1076\" srcset=\"https:\/\/www.chicasafurniture.com\/wp-content\/uploads\/2026\/03\/Bespoke-Luxury-Beds-with-Modern-Wingback-Tufted-Head-4.png 954w, https:\/\/www.chicasafurniture.com\/wp-content\/uploads\/2026\/03\/Bespoke-Luxury-Beds-with-Modern-Wingback-Tufted-Head-4-300x220.png 300w, https:\/\/www.chicasafurniture.com\/wp-content\/uploads\/2026\/03\/Bespoke-Luxury-Beds-with-Modern-Wingback-Tufted-Head-4-768x564.png 768w, https:\/\/www.chicasafurniture.com\/wp-content\/uploads\/2026\/03\/Bespoke-Luxury-Beds-with-Modern-Wingback-Tufted-Head-4-16x12.png 16w, https:\/\/www.chicasafurniture.com\/wp-content\/uploads\/2026\/03\/Bespoke-Luxury-Beds-with-Modern-Wingback-Tufted-Head-4-600x440.png 600w\" sizes=\"(max-width: 954px) 100vw, 954px\" \/><\/figure>","protected":false},"excerpt":{"rendered":"<p>Experimente el m\u00e1ximo confort con nuestras camas de lujo hechas a medida. Esta cama a medida cuenta con el emblem\u00e1tico cabecero con respaldo abatible y un exquisito acolchado cuadrado, que crea una sensaci\u00f3n visual de ligereza y ligereza, al tiempo que proporciona un s\u00f3lido soporte para la espalda.<\/p>\n<table style=\"border-collapse: collapse; width: 222.03pt;\" border=\"0\" width=\"222\" cellspacing=\"0\" cellpadding=\"0\">\n<tbody>\n<tr style=\"height: 15.20pt;\">\n<td class=\"et2\" style=\"height: 15.20pt; width: 81.65pt;\" width=\"81\" height=\"15\">Fabricante<\/td>\n<td class=\"et2\" style=\"width: 140.80pt;\" width=\"140\">Chicasa<\/td>\n<\/tr>\n<tr style=\"height: 15.20pt;\">\n<td class=\"et2\" style=\"height: 15.20pt;\" height=\"15\">Categor\u00eda<\/td>\n<td class=\"et2\">Cama<\/td>\n<\/tr>\n<tr style=\"height: 15.20pt;\">\n<td class=\"et2\" style=\"height: 15.20pt;\" height=\"15\">Aplicaci\u00f3n<\/td>\n<td class=\"et2\">Dormitorio<\/td>\n<\/tr>\n<tr style=\"height: 15.20pt;\">\n<td class=\"et2\" style=\"height: 15.20pt;\" height=\"15\">Estilo<\/td>\n<td class=\"et2\">Lujo refinado<\/td>\n<\/tr>\n<tr style=\"height: 15.20pt;\">\n<td class=\"et2\" style=\"height: 15.20pt;\" height=\"15\">Modelo<\/td>\n<td class=\"et2\">QMY-BE012<\/td>\n<\/tr>\n<tr style=\"height: 15.20pt;\">\n<td class=\"et2\" style=\"height: 15.20pt;\" height=\"15\">Personalizaci\u00f3n<\/td>\n<td class=\"et2\">Color, tama\u00f1o, material<\/td>\n<\/tr>\n<tr style=\"height: 15.20pt;\">\n<td class=\"et2\" style=\"height: 15.20pt;\" height=\"15\">MOQ<\/td>\n<td class=\"et2\">1 unidad<\/td>\n<\/tr>\n<\/tbody>\n<\/table>","protected":false},"featured_media":1073,"comment_status":"closed","ping_status":"closed","template":"","meta":{"_acf_changed":false},"product_brand":[],"product_cat":[33,18],"product_tag":[],"class_list":{"0":"post-1072","1":"product","2":"type-product","3":"status-publish","4":"has-post-thumbnail","6":"product_cat-custom-beds-manufacturer","7":"product_cat-bespoke-bedroom-furniture","9":"first","10":"instock","11":"shipping-taxable","12":"product-type-simple"},"acf":[],"_links":{"self":[{"href":"https:\/\/www.chicasafurniture.com\/es\/wp-json\/wp\/v2\/product\/1072","targetHints":{"allow":["GET"]}}],"collection":[{"href":"https:\/\/www.chicasafurniture.com\/es\/wp-json\/wp\/v2\/product"}],"about":[{"href":"https:\/\/www.chicasafurniture.com\/es\/wp-json\/wp\/v2\/types\/product"}],"replies":[{"embeddable":true,"href":"https:\/\/www.chicasafurniture.com\/es\/wp-json\/wp\/v2\/comments?post=1072"}],"wp:featuredmedia":[{"embeddable":true,"href":"https:\/\/www.chicasafurniture.com\/es\/wp-json\/wp\/v2\/media\/1073"}],"wp:attachment":[{"href":"https:\/\/www.chicasafurniture.com\/es\/wp-json\/wp\/v2\/media?parent=1072"}],"wp:term":[{"taxonomy":"product_brand","embeddable":true,"href":"https:\/\/www.chicasafurniture.com\/es\/wp-json\/wp\/v2\/product_brand?post=1072"},{"taxonomy":"product_cat","embeddable":true,"href":"https:\/\/www.chicasafurniture.com\/es\/wp-json\/wp\/v2\/product_cat?post=1072"},{"taxonomy":"product_tag","embeddable":true,"href":"https:\/\/www.chicasafurniture.com\/es\/wp-json\/wp\/v2\/product_tag?post=1072"}],"curies":[{"name":"wp","href":"https:\/\/api.w.org\/{rel}","templated":true}]}}