{"id":1078,"date":"2026-03-16T07:08:26","date_gmt":"2026-03-16T07:08:26","guid":{"rendered":"https:\/\/www.chicasafurniture.com\/?post_type=product&#038;p=1078"},"modified":"2026-03-20T02:22:45","modified_gmt":"2026-03-20T02:22:45","slug":"modern-custom-beds","status":"publish","type":"product","link":"https:\/\/www.chicasafurniture.com\/es\/product\/modern-custom-beds\/","title":{"rendered":"Camas modernas a medida, cama tapizada minimalista con respaldo alado"},"content":{"rendered":"<h2 class=\"wp-block-heading\">Especificaciones de producto de las camas a medida modernas<\/h2>\n\n\n\n<figure class=\"wp-block-table\"><table class=\"has-fixed-layout\"><tbody><tr><td>Marco<\/td><td>Material de cubierta<\/td><td>Material de relleno<\/td><td>Piernas<\/td><td>Color<\/td><td>Talla<\/td><td>Peso<\/td><\/tr><tr><td>Madera maciza<\/td><td>Tejido<\/td><td>Esponja de alta densidad<\/td><td>Metal<\/td><td>Personalizado<\/td><td>TAMA\u00d1O KING<\/td><td>90-120 kg<\/td><\/tr><\/tbody><\/table><\/figure>\n\n\n\n<div class=\"wp-block-columns is-layout-flex wp-container-core-columns-is-layout-9d6595d7 wp-block-columns-is-layout-flex\">\n<div class=\"wp-block-column is-layout-flow wp-block-column-is-layout-flow\">\n<h2 class=\"wp-block-heading\">Camas personalizadas modernas Premium Caracter\u00edsticas:<\/h2>\n\n\n\n<ul class=\"wp-block-list\">\n<li><strong>Dise\u00f1o aerodin\u00e1mico Wingback:<\/strong> Las alas laterales suavemente ahusadas de nuestras camas modernas a medida confieren al cabecero un toque din\u00e1mico y arquitect\u00f3nico. Este dise\u00f1o no solo mejora la sensaci\u00f3n de intimidad y confort al reclinarse, sino que tambi\u00e9n eleva la atm\u00f3sfera general de privacidad en el dormitorio.<\/li>\n\n\n\n<li><strong>Est\u00e9tica minimalista integrada:<\/strong> En esta cama a medida, el cabecero y el somier presentan una t\u00e9cnica de tapizado suave y una paleta de materiales unificados. Esta integraci\u00f3n perfecta elimina cualquier sensaci\u00f3n visual de segmentaci\u00f3n estructural, mostrando una est\u00e9tica de dise\u00f1o industrial pura y sofisticada.<\/li>\n\n\n\n<li><strong>Exquisita personalizaci\u00f3n de tejidos y texturas:<\/strong> Nuestras modernas camas a medida ofrecen diversas opciones de personalizaci\u00f3n -desde tejidos de lana de tonos intensos hasta piel aut\u00e9ntica de tonos claros y agradable a la piel- para satisfacer un amplio espectro de preferencias t\u00e1ctiles y esquemas de color espaciales.<\/li>\n\n\n\n<li><strong>Estructura de soporte de alto nivel:<\/strong> El interior de esta cama a medida presenta un armaz\u00f3n de madera maciza combinado con acolchado de espuma curada en fr\u00edo de alta densidad. Esta robusta estructura resiste la deformaci\u00f3n incluso tras un uso prolongado, garantizando un apoyo uniforme cada vez que se reclina o se echa hacia atr\u00e1s.<\/li>\n\n\n\n<li><strong>Integraci\u00f3n perfecta en espacios modernos:<\/strong> El dise\u00f1o a ras de suelo de estas camas modernas a medida elimina el desorden visual debajo del somier. Combinado con sus l\u00edneas minimalistas, esta caracter\u00edstica crea un ambiente de dormitorio que parece visualmente m\u00e1s espacioso e impecablemente ordenado.<\/li>\n<\/ul>\n<\/div>\n\n\n\n<div class=\"wp-block-column is-layout-flow wp-block-column-is-layout-flow\">\n<figure class=\"wp-block-image size-full\"><img decoding=\"async\" width=\"762\" height=\"1000\" src=\"https:\/\/www.chicasafurniture.com\/wp-content\/uploads\/2026\/03\/Modern-Custom-Beds-Minimalist-Wingback-Upholstered-Bed-4.webp\" alt=\"Camas modernas a medida, cama tapizada minimalista Wingback-4\" class=\"wp-image-1082\" srcset=\"https:\/\/www.chicasafurniture.com\/wp-content\/uploads\/2026\/03\/Modern-Custom-Beds-Minimalist-Wingback-Upholstered-Bed-4.webp 762w, https:\/\/www.chicasafurniture.com\/wp-content\/uploads\/2026\/03\/Modern-Custom-Beds-Minimalist-Wingback-Upholstered-Bed-4-229x300.webp 229w, https:\/\/www.chicasafurniture.com\/wp-content\/uploads\/2026\/03\/Modern-Custom-Beds-Minimalist-Wingback-Upholstered-Bed-4-9x12.webp 9w, https:\/\/www.chicasafurniture.com\/wp-content\/uploads\/2026\/03\/Modern-Custom-Beds-Minimalist-Wingback-Upholstered-Bed-4-600x787.webp 600w\" sizes=\"(max-width: 762px) 100vw, 762px\" \/><\/figure>\n<\/div>\n<\/div>\n\n\n\n<figure class=\"wp-block-image size-full\"><img decoding=\"async\" width=\"1294\" height=\"970\" src=\"https:\/\/www.chicasafurniture.com\/wp-content\/uploads\/2026\/03\/Modern-Custom-Beds-Minimalist-Wingback-Upholstered-Bed-3.webp\" alt=\"Camas modernas a medida, cama tapizada minimalista Wingback-3\" class=\"wp-image-1081\" srcset=\"https:\/\/www.chicasafurniture.com\/wp-content\/uploads\/2026\/03\/Modern-Custom-Beds-Minimalist-Wingback-Upholstered-Bed-3.webp 1294w, https:\/\/www.chicasafurniture.com\/wp-content\/uploads\/2026\/03\/Modern-Custom-Beds-Minimalist-Wingback-Upholstered-Bed-3-300x225.webp 300w, https:\/\/www.chicasafurniture.com\/wp-content\/uploads\/2026\/03\/Modern-Custom-Beds-Minimalist-Wingback-Upholstered-Bed-3-768x576.webp 768w, https:\/\/www.chicasafurniture.com\/wp-content\/uploads\/2026\/03\/Modern-Custom-Beds-Minimalist-Wingback-Upholstered-Bed-3-16x12.webp 16w, https:\/\/www.chicasafurniture.com\/wp-content\/uploads\/2026\/03\/Modern-Custom-Beds-Minimalist-Wingback-Upholstered-Bed-3-1200x900.webp 1200w, https:\/\/www.chicasafurniture.com\/wp-content\/uploads\/2026\/03\/Modern-Custom-Beds-Minimalist-Wingback-Upholstered-Bed-3-600x450.webp 600w\" sizes=\"(max-width: 1294px) 100vw, 1294px\" \/><\/figure>","protected":false},"excerpt":{"rendered":"<p>Descubra las modernas camas a medida con una refinada silueta alada, tapicer\u00eda de primera calidad y un dise\u00f1o minimalista adaptado tanto a la comodidad como al estilo contempor\u00e1neo. Estas camas a medida se integran a la perfecci\u00f3n en una amplia gama de hogares modernos minimalistas o de lujo italiano.<\/p>\n<table style=\"border-collapse: collapse; width: 222.03pt;\" border=\"0\" width=\"222\" cellspacing=\"0\" cellpadding=\"0\">\n<tbody>\n<tr style=\"height: 15.20pt;\">\n<td class=\"et2\" style=\"height: 15.20pt; width: 81.65pt;\" width=\"81\" height=\"15\">Fabricante<\/td>\n<td class=\"et2\" style=\"width: 140.80pt;\" width=\"140\">Chicasa<\/td>\n<\/tr>\n<tr style=\"height: 15.20pt;\">\n<td class=\"et2\" style=\"height: 15.20pt;\" height=\"15\">Categor\u00eda<\/td>\n<td class=\"et2\">Cama<\/td>\n<\/tr>\n<tr style=\"height: 15.20pt;\">\n<td class=\"et2\" style=\"height: 15.20pt;\" height=\"15\">Aplicaci\u00f3n<\/td>\n<td class=\"et2\">Dormitorio<\/td>\n<\/tr>\n<tr style=\"height: 15.20pt;\">\n<td class=\"et2\" style=\"height: 15.20pt;\" height=\"15\">Estilo<\/td>\n<td class=\"et2\">Minimalista<\/td>\n<\/tr>\n<tr style=\"height: 15.20pt;\">\n<td class=\"et2\" style=\"height: 15.20pt;\" height=\"15\">Modelo<\/td>\n<td class=\"et2\">QMY-BE013<\/td>\n<\/tr>\n<tr style=\"height: 15.20pt;\">\n<td class=\"et2\" style=\"height: 15.20pt;\" height=\"15\">Personalizaci\u00f3n<\/td>\n<td class=\"et2\">Color, tama\u00f1o, material<\/td>\n<\/tr>\n<tr style=\"height: 15.20pt;\">\n<td class=\"et2\" style=\"height: 15.20pt;\" height=\"15\">MOQ<\/td>\n<td class=\"et2\">1 unidad<\/td>\n<\/tr>\n<\/tbody>\n<\/table>","protected":false},"featured_media":1079,"comment_status":"closed","ping_status":"closed","template":"","meta":{"_acf_changed":false},"product_brand":[],"product_cat":[33,18],"product_tag":[],"class_list":{"0":"post-1078","1":"product","2":"type-product","3":"status-publish","4":"has-post-thumbnail","6":"product_cat-custom-beds-manufacturer","7":"product_cat-bespoke-bedroom-furniture","9":"first","10":"instock","11":"shipping-taxable","12":"product-type-simple"},"acf":[],"_links":{"self":[{"href":"https:\/\/www.chicasafurniture.com\/es\/wp-json\/wp\/v2\/product\/1078","targetHints":{"allow":["GET"]}}],"collection":[{"href":"https:\/\/www.chicasafurniture.com\/es\/wp-json\/wp\/v2\/product"}],"about":[{"href":"https:\/\/www.chicasafurniture.com\/es\/wp-json\/wp\/v2\/types\/product"}],"replies":[{"embeddable":true,"href":"https:\/\/www.chicasafurniture.com\/es\/wp-json\/wp\/v2\/comments?post=1078"}],"wp:featuredmedia":[{"embeddable":true,"href":"https:\/\/www.chicasafurniture.com\/es\/wp-json\/wp\/v2\/media\/1079"}],"wp:attachment":[{"href":"https:\/\/www.chicasafurniture.com\/es\/wp-json\/wp\/v2\/media?parent=1078"}],"wp:term":[{"taxonomy":"product_brand","embeddable":true,"href":"https:\/\/www.chicasafurniture.com\/es\/wp-json\/wp\/v2\/product_brand?post=1078"},{"taxonomy":"product_cat","embeddable":true,"href":"https:\/\/www.chicasafurniture.com\/es\/wp-json\/wp\/v2\/product_cat?post=1078"},{"taxonomy":"product_tag","embeddable":true,"href":"https:\/\/www.chicasafurniture.com\/es\/wp-json\/wp\/v2\/product_tag?post=1078"}],"curies":[{"name":"wp","href":"https:\/\/api.w.org\/{rel}","templated":true}]}}