{"id":1083,"date":"2026-03-16T07:27:01","date_gmt":"2026-03-16T07:27:01","guid":{"rendered":"https:\/\/www.chicasafurniture.com\/?post_type=product&#038;p=1083"},"modified":"2026-03-16T07:37:59","modified_gmt":"2026-03-16T07:37:59","slug":"custom-made-bedside-tables","status":"publish","type":"product","link":"https:\/\/www.chicasafurniture.com\/es\/product\/custom-made-bedside-tables\/","title":{"rendered":"Mesillas de noche a medida, mesillas de noche de cuero de lujo"},"content":{"rendered":"<h2 class=\"wp-block-heading\">Especificaciones de producto de Mesillas de noche a medida<\/h2>\n\n\n\n<figure class=\"wp-block-table\"><table class=\"has-fixed-layout\"><tbody><tr><td>Marco<\/td><td>Material de cubierta<\/td><td>Material de relleno<\/td><td>Piernas<\/td><td>Color<\/td><td>Talla<\/td><td>Peso<\/td><\/tr><tr><td>Contrachapado<\/td><td>\/<\/td><td>\/<\/td><td>\/<\/td><td>Personalizado<\/td><td>51cmx46cmx46cm<\/td><td>20-35kg<\/td><\/tr><\/tbody><\/table><\/figure>\n\n\n\n<div class=\"wp-block-columns is-layout-flex wp-container-core-columns-is-layout-9d6595d7 wp-block-columns-is-layout-flex\">\n<div class=\"wp-block-column is-layout-flow wp-block-column-is-layout-flow\">\n<h2 class=\"wp-block-heading\">Mesillas de noche premium a medida Caracter\u00edsticas:<\/h2>\n\n\n\n<ul class=\"wp-block-list\">\n<li><strong>Lujoso envoltorio de cuero:<\/strong> El cuerpo del mueble de nuestras mesillas de noche a medida est\u00e1 meticulosamente forrado en piel t\u00e9cnica de primera calidad. Con exquisitos detalles cosidos a mano, este trabajo artesanal confiere una est\u00e9tica sofisticada y de alta costura que recuerda a las maletas de lujo hechas a medida.<\/li>\n\n\n\n<li><strong>Bandeja empotrada de madera maciza:<\/strong> La superficie superior de esta mesilla de noche a medida presenta un dise\u00f1o empotrado acabado en un rico veteado de nogal oscuro. Esta elegante configuraci\u00f3n no solo realza el atractivo visual, sino que tambi\u00e9n proporciona una plataforma segura y estable para organizar ordenadamente objetos peque\u00f1os, como difusores de aromaterapia y tel\u00e9fonos m\u00f3viles.<\/li>\n\n\n\n<li><strong>En capas, almacenamiento silencioso:<\/strong> Dise\u00f1adas para satisfacer diversas necesidades de organizaci\u00f3n, nuestras mesillas de noche a medida presentan una configuraci\u00f3n de doble caj\u00f3n. Equipados con gu\u00edas de amortiguaci\u00f3n de cierre suave, los cajones se deslizan para abrirse y cerrarse de forma suave y silenciosa, garantizando que la tranquilidad de sus horas nocturnas permanezca intacta.<\/li>\n\n\n\n<li><strong>Perfil geom\u00e9trico asim\u00e9trico \u00fanico:<\/strong> El perfil lateral de esta mesilla de noche a medida presenta una distintiva estructura tangencial combinada con esquinas curvadas con gracia. Este dise\u00f1o \u00fanico garantiza la seguridad del usuario y, al mismo tiempo, ofrece una identidad est\u00e9tica original y muy reconocible.<\/li>\n\n\n\n<li><strong>Personalizaci\u00f3n flexible: <\/strong>Nuestras mesillas de noche a medida ofrecen opciones de personalizaci\u00f3n flexibles en una amplia gama de colores de cuero y acabados de grano de madera. Esto permite una combinaci\u00f3n visual perfecta con marcos de cama a medida de diversas paletas de colores, lo que le permite crear un santuario de descanso armonioso y unificado.<\/li>\n<\/ul>\n<\/div>\n\n\n\n<div class=\"wp-block-column is-layout-flow wp-block-column-is-layout-flow\">\n<figure class=\"wp-block-image size-full\"><img decoding=\"async\" width=\"1000\" height=\"1000\" src=\"https:\/\/www.chicasafurniture.com\/wp-content\/uploads\/2026\/03\/Custom-Made-Bedside-Tables-Luxury-Leather-Nightstands-2.webp\" alt=\"Mesillas de noche a medida, Mesillas de noche de cuero de lujo-2\" class=\"wp-image-1085\" srcset=\"https:\/\/www.chicasafurniture.com\/wp-content\/uploads\/2026\/03\/Custom-Made-Bedside-Tables-Luxury-Leather-Nightstands-2.webp 1000w, https:\/\/www.chicasafurniture.com\/wp-content\/uploads\/2026\/03\/Custom-Made-Bedside-Tables-Luxury-Leather-Nightstands-2-300x300.webp 300w, https:\/\/www.chicasafurniture.com\/wp-content\/uploads\/2026\/03\/Custom-Made-Bedside-Tables-Luxury-Leather-Nightstands-2-150x150.webp 150w, https:\/\/www.chicasafurniture.com\/wp-content\/uploads\/2026\/03\/Custom-Made-Bedside-Tables-Luxury-Leather-Nightstands-2-768x768.webp 768w, https:\/\/www.chicasafurniture.com\/wp-content\/uploads\/2026\/03\/Custom-Made-Bedside-Tables-Luxury-Leather-Nightstands-2-12x12.webp 12w, https:\/\/www.chicasafurniture.com\/wp-content\/uploads\/2026\/03\/Custom-Made-Bedside-Tables-Luxury-Leather-Nightstands-2-600x600.webp 600w, https:\/\/www.chicasafurniture.com\/wp-content\/uploads\/2026\/03\/Custom-Made-Bedside-Tables-Luxury-Leather-Nightstands-2-100x100.webp 100w\" sizes=\"(max-width: 1000px) 100vw, 1000px\" \/><\/figure>\n<\/div>\n<\/div>\n\n\n\n<div class=\"wp-block-columns is-layout-flex wp-container-core-columns-is-layout-9d6595d7 wp-block-columns-is-layout-flex\">\n<div class=\"wp-block-column is-layout-flow wp-block-column-is-layout-flow\">\n<figure class=\"wp-block-image size-full\"><img decoding=\"async\" width=\"1000\" height=\"1000\" src=\"https:\/\/www.chicasafurniture.com\/wp-content\/uploads\/2026\/03\/Custom-Made-Bedside-Tables-Luxury-Leather-Nightstands-3.webp\" alt=\"Mesillas de noche a medida, Mesillas de noche de cuero de lujo-3\" class=\"wp-image-1086\" srcset=\"https:\/\/www.chicasafurniture.com\/wp-content\/uploads\/2026\/03\/Custom-Made-Bedside-Tables-Luxury-Leather-Nightstands-3.webp 1000w, https:\/\/www.chicasafurniture.com\/wp-content\/uploads\/2026\/03\/Custom-Made-Bedside-Tables-Luxury-Leather-Nightstands-3-300x300.webp 300w, https:\/\/www.chicasafurniture.com\/wp-content\/uploads\/2026\/03\/Custom-Made-Bedside-Tables-Luxury-Leather-Nightstands-3-150x150.webp 150w, https:\/\/www.chicasafurniture.com\/wp-content\/uploads\/2026\/03\/Custom-Made-Bedside-Tables-Luxury-Leather-Nightstands-3-768x768.webp 768w, https:\/\/www.chicasafurniture.com\/wp-content\/uploads\/2026\/03\/Custom-Made-Bedside-Tables-Luxury-Leather-Nightstands-3-12x12.webp 12w, https:\/\/www.chicasafurniture.com\/wp-content\/uploads\/2026\/03\/Custom-Made-Bedside-Tables-Luxury-Leather-Nightstands-3-600x600.webp 600w, https:\/\/www.chicasafurniture.com\/wp-content\/uploads\/2026\/03\/Custom-Made-Bedside-Tables-Luxury-Leather-Nightstands-3-100x100.webp 100w\" sizes=\"(max-width: 1000px) 100vw, 1000px\" \/><\/figure>\n<\/div>\n\n\n\n<div class=\"wp-block-column is-layout-flow wp-block-column-is-layout-flow\">\n<figure class=\"wp-block-image size-full\"><img decoding=\"async\" width=\"1000\" height=\"1000\" src=\"https:\/\/www.chicasafurniture.com\/wp-content\/uploads\/2026\/03\/Custom-Made-Bedside-Tables-Luxury-Leather-Nightstands-4.webp\" alt=\"Mesillas de noche a medida, mesillas de noche de cuero de lujo-4\" class=\"wp-image-1087\" srcset=\"https:\/\/www.chicasafurniture.com\/wp-content\/uploads\/2026\/03\/Custom-Made-Bedside-Tables-Luxury-Leather-Nightstands-4.webp 1000w, https:\/\/www.chicasafurniture.com\/wp-content\/uploads\/2026\/03\/Custom-Made-Bedside-Tables-Luxury-Leather-Nightstands-4-300x300.webp 300w, https:\/\/www.chicasafurniture.com\/wp-content\/uploads\/2026\/03\/Custom-Made-Bedside-Tables-Luxury-Leather-Nightstands-4-150x150.webp 150w, https:\/\/www.chicasafurniture.com\/wp-content\/uploads\/2026\/03\/Custom-Made-Bedside-Tables-Luxury-Leather-Nightstands-4-768x768.webp 768w, https:\/\/www.chicasafurniture.com\/wp-content\/uploads\/2026\/03\/Custom-Made-Bedside-Tables-Luxury-Leather-Nightstands-4-12x12.webp 12w, https:\/\/www.chicasafurniture.com\/wp-content\/uploads\/2026\/03\/Custom-Made-Bedside-Tables-Luxury-Leather-Nightstands-4-600x600.webp 600w, https:\/\/www.chicasafurniture.com\/wp-content\/uploads\/2026\/03\/Custom-Made-Bedside-Tables-Luxury-Leather-Nightstands-4-100x100.webp 100w\" sizes=\"(max-width: 1000px) 100vw, 1000px\" \/><\/figure>\n<\/div>\n<\/div>","protected":false},"excerpt":{"rendered":"<p>Eleve su dormitorio con nuestras mesillas de noche a medida. Con tapicer\u00eda de piel de primera calidad, detalles en nogal y un almacenamiento elegante y minimalista, ofrecen una est\u00e9tica claramente moderna. Los bordes ligeramente elevados evitan que los objetos se deslicen.<\/p>\n<table style=\"border-collapse: collapse; width: 222.03pt;\" border=\"0\" width=\"222\" cellspacing=\"0\" cellpadding=\"0\">\n<tbody>\n<tr style=\"height: 15.20pt;\">\n<td class=\"et2\" style=\"height: 15.20pt; width: 81.65pt;\" width=\"81\" height=\"15\">Fabricante<\/td>\n<td class=\"et2\" style=\"width: 140.80pt;\" width=\"140\">ChiCasa<\/td>\n<\/tr>\n<tr style=\"height: 15.20pt;\">\n<td class=\"et2\" style=\"height: 15.20pt;\" height=\"15\">Categor\u00eda<\/td>\n<td class=\"et2\">Mesilla de noche<\/td>\n<\/tr>\n<tr style=\"height: 15.20pt;\">\n<td class=\"et2\" style=\"height: 15.20pt;\" height=\"15\">Aplicaci\u00f3n<\/td>\n<td class=\"et2\">Dormitorio<\/td>\n<\/tr>\n<tr style=\"height: 15.20pt;\">\n<td class=\"et2\" style=\"height: 15.20pt;\" height=\"15\">Estilo<\/td>\n<td class=\"et2\">Minimalista<\/td>\n<\/tr>\n<tr style=\"height: 15.20pt;\">\n<td class=\"et2\" style=\"height: 15.20pt;\" height=\"15\">Modelo<\/td>\n<td class=\"et2\">QMY-NS005<\/td>\n<\/tr>\n<tr style=\"height: 15.20pt;\">\n<td class=\"et2\" style=\"height: 15.20pt;\" height=\"15\">Personalizaci\u00f3n<\/td>\n<td class=\"et2\">Color, tama\u00f1o, material<\/td>\n<\/tr>\n<tr style=\"height: 15.20pt;\">\n<td class=\"et2\" style=\"height: 15.20pt;\" height=\"15\">MOQ<\/td>\n<td class=\"et2\">1 unidad<\/td>\n<\/tr>\n<\/tbody>\n<\/table>","protected":false},"featured_media":1084,"comment_status":"closed","ping_status":"closed","template":"","meta":{"_acf_changed":false},"product_brand":[],"product_cat":[34,18],"product_tag":[],"class_list":{"0":"post-1083","1":"product","2":"type-product","3":"status-publish","4":"has-post-thumbnail","6":"product_cat-custom-nightstand","7":"product_cat-bespoke-bedroom-furniture","9":"first","10":"instock","11":"shipping-taxable","12":"product-type-simple"},"acf":[],"_links":{"self":[{"href":"https:\/\/www.chicasafurniture.com\/es\/wp-json\/wp\/v2\/product\/1083","targetHints":{"allow":["GET"]}}],"collection":[{"href":"https:\/\/www.chicasafurniture.com\/es\/wp-json\/wp\/v2\/product"}],"about":[{"href":"https:\/\/www.chicasafurniture.com\/es\/wp-json\/wp\/v2\/types\/product"}],"replies":[{"embeddable":true,"href":"https:\/\/www.chicasafurniture.com\/es\/wp-json\/wp\/v2\/comments?post=1083"}],"wp:featuredmedia":[{"embeddable":true,"href":"https:\/\/www.chicasafurniture.com\/es\/wp-json\/wp\/v2\/media\/1084"}],"wp:attachment":[{"href":"https:\/\/www.chicasafurniture.com\/es\/wp-json\/wp\/v2\/media?parent=1083"}],"wp:term":[{"taxonomy":"product_brand","embeddable":true,"href":"https:\/\/www.chicasafurniture.com\/es\/wp-json\/wp\/v2\/product_brand?post=1083"},{"taxonomy":"product_cat","embeddable":true,"href":"https:\/\/www.chicasafurniture.com\/es\/wp-json\/wp\/v2\/product_cat?post=1083"},{"taxonomy":"product_tag","embeddable":true,"href":"https:\/\/www.chicasafurniture.com\/es\/wp-json\/wp\/v2\/product_tag?post=1083"}],"curies":[{"name":"wp","href":"https:\/\/api.w.org\/{rel}","templated":true}]}}