{"id":1088,"date":"2026-03-16T07:38:57","date_gmt":"2026-03-16T07:38:57","guid":{"rendered":"https:\/\/www.chicasafurniture.com\/?post_type=product&#038;p=1088"},"modified":"2026-03-16T07:50:04","modified_gmt":"2026-03-16T07:50:04","slug":"custom-built-nightstands","status":"publish","type":"product","link":"https:\/\/www.chicasafurniture.com\/es\/product\/custom-built-nightstands\/","title":{"rendered":"Mesillas de noche a medida, Mesillas de noche de lujo con tapa de cuero"},"content":{"rendered":"<h2 class=\"wp-block-heading\">Especificaciones de producto de Mesillas de noche a medida<\/h2>\n\n\n\n<figure class=\"wp-block-table\"><table class=\"has-fixed-layout\"><tbody><tr><td>Marco<\/td><td>Material de cubierta<\/td><td>Material de relleno<\/td><td>Piernas<\/td><td>Color<\/td><td>Talla<\/td><td>Peso<\/td><\/tr><tr><td>Contrachapado<\/td><td>\/<\/td><td>\/<\/td><td>Metal<\/td><td>Personalizado<\/td><td>51cmx46cmx46cm<\/td><td>20-35kg<\/td><\/tr><\/tbody><\/table><\/figure>\n\n\n\n<div class=\"wp-block-columns is-layout-flex wp-container-core-columns-is-layout-9d6595d7 wp-block-columns-is-layout-flex\">\n<div class=\"wp-block-column is-layout-flow wp-block-column-is-layout-flow\">\n<h2 class=\"wp-block-heading\">Premium Custom Built Mesillas de noche Caracter\u00edsticas:<\/h2>\n\n\n\n<ul class=\"wp-block-list\">\n<li><strong>La fusi\u00f3n est\u00e9tica del cuero y la madera maciza:<\/strong> Nuestras mesillas de noche hechas a medida presentan un cuerpo de mueble envuelto a la perfecci\u00f3n en piel ecol\u00f3gica de alta calidad, que combina a la perfecci\u00f3n con las vetas de madera de nogal del tablero para crear una experiencia sensorial rica y de m\u00faltiples capas.<\/li>\n\n\n\n<li><strong>Bandeja antideslizante integrada:<\/strong> La superficie superior de esta mesilla de noche a medida presenta un exclusivo dise\u00f1o de bordes elevados en los cuatro lados, formando una bandeja de almacenamiento natural que garantiza que los objetos -como vasos de agua, tel\u00e9fonos m\u00f3viles y otros objetos esenciales- permanezcan en su sitio de forma segura y estable.<\/li>\n\n\n\n<li><strong>Tiradores acodados ocultos:<\/strong> Renunciando a los tiradores tradicionales, estas mesillas de noche hechas a medida utilizan un dise\u00f1o ergon\u00f3mico y oculto de corte en \u00e1ngulo; este enfoque preserva la est\u00e9tica minimalista general del mueble a la vez que mejora la seguridad.<\/li>\n\n\n\n<li><strong>Silueta geom\u00e9trica arquitect\u00f3nica:<\/strong> Nuestras mesillas de noche a medida presentan una estructura limpia y c\u00fabica acentuada por refinadas l\u00edneas geom\u00e9tricas. M\u00e1s que una simple unidad de almacenamiento, son una pieza de mobiliario blando que aporta un sentido distintivo de arte moderno al dormitorio.<\/li>\n<\/ul>\n<\/div>\n\n\n\n<div class=\"wp-block-column is-layout-flow wp-block-column-is-layout-flow\">\n<figure class=\"wp-block-image size-full\"><img decoding=\"async\" width=\"1000\" height=\"1000\" src=\"https:\/\/www.chicasafurniture.com\/wp-content\/uploads\/2026\/03\/Custom-Built-Nightstands-Luxury-Leather-Top-Bedside-Tables-2.webp\" alt=\"Mesillas de noche a medida, Mesillas de noche de lujo con tapa de cuero-2\" class=\"wp-image-1090\" srcset=\"https:\/\/www.chicasafurniture.com\/wp-content\/uploads\/2026\/03\/Custom-Built-Nightstands-Luxury-Leather-Top-Bedside-Tables-2.webp 1000w, https:\/\/www.chicasafurniture.com\/wp-content\/uploads\/2026\/03\/Custom-Built-Nightstands-Luxury-Leather-Top-Bedside-Tables-2-300x300.webp 300w, https:\/\/www.chicasafurniture.com\/wp-content\/uploads\/2026\/03\/Custom-Built-Nightstands-Luxury-Leather-Top-Bedside-Tables-2-150x150.webp 150w, https:\/\/www.chicasafurniture.com\/wp-content\/uploads\/2026\/03\/Custom-Built-Nightstands-Luxury-Leather-Top-Bedside-Tables-2-768x768.webp 768w, https:\/\/www.chicasafurniture.com\/wp-content\/uploads\/2026\/03\/Custom-Built-Nightstands-Luxury-Leather-Top-Bedside-Tables-2-12x12.webp 12w, https:\/\/www.chicasafurniture.com\/wp-content\/uploads\/2026\/03\/Custom-Built-Nightstands-Luxury-Leather-Top-Bedside-Tables-2-600x600.webp 600w, https:\/\/www.chicasafurniture.com\/wp-content\/uploads\/2026\/03\/Custom-Built-Nightstands-Luxury-Leather-Top-Bedside-Tables-2-100x100.webp 100w\" sizes=\"(max-width: 1000px) 100vw, 1000px\" \/><\/figure>\n<\/div>\n<\/div>\n\n\n\n<div class=\"wp-block-columns is-layout-flex wp-container-core-columns-is-layout-9d6595d7 wp-block-columns-is-layout-flex\">\n<div class=\"wp-block-column is-layout-flow wp-block-column-is-layout-flow\">\n<figure class=\"wp-block-image size-full\"><img decoding=\"async\" width=\"1000\" height=\"1000\" src=\"https:\/\/www.chicasafurniture.com\/wp-content\/uploads\/2026\/03\/Custom-Built-Nightstands-Luxury-Leather-Top-Bedside-Tables-3.webp\" alt=\"Mesillas de noche a medida, Mesillas de noche de lujo con tapa de cuero-3\" class=\"wp-image-1091\" srcset=\"https:\/\/www.chicasafurniture.com\/wp-content\/uploads\/2026\/03\/Custom-Built-Nightstands-Luxury-Leather-Top-Bedside-Tables-3.webp 1000w, https:\/\/www.chicasafurniture.com\/wp-content\/uploads\/2026\/03\/Custom-Built-Nightstands-Luxury-Leather-Top-Bedside-Tables-3-300x300.webp 300w, https:\/\/www.chicasafurniture.com\/wp-content\/uploads\/2026\/03\/Custom-Built-Nightstands-Luxury-Leather-Top-Bedside-Tables-3-150x150.webp 150w, https:\/\/www.chicasafurniture.com\/wp-content\/uploads\/2026\/03\/Custom-Built-Nightstands-Luxury-Leather-Top-Bedside-Tables-3-768x768.webp 768w, https:\/\/www.chicasafurniture.com\/wp-content\/uploads\/2026\/03\/Custom-Built-Nightstands-Luxury-Leather-Top-Bedside-Tables-3-12x12.webp 12w, https:\/\/www.chicasafurniture.com\/wp-content\/uploads\/2026\/03\/Custom-Built-Nightstands-Luxury-Leather-Top-Bedside-Tables-3-600x600.webp 600w, https:\/\/www.chicasafurniture.com\/wp-content\/uploads\/2026\/03\/Custom-Built-Nightstands-Luxury-Leather-Top-Bedside-Tables-3-100x100.webp 100w\" sizes=\"(max-width: 1000px) 100vw, 1000px\" \/><\/figure>\n<\/div>\n\n\n\n<div class=\"wp-block-column is-layout-flow wp-block-column-is-layout-flow\">\n<figure class=\"wp-block-image size-full\"><img decoding=\"async\" width=\"1500\" height=\"1500\" src=\"https:\/\/www.chicasafurniture.com\/wp-content\/uploads\/2026\/03\/Custom-Built-Nightstands-Luxury-Leather-Top-Bedside-Tables-4.webp\" alt=\"Mesillas de noche a medida, Mesillas de noche de lujo con tapa de cuero-4\" class=\"wp-image-1092\" srcset=\"https:\/\/www.chicasafurniture.com\/wp-content\/uploads\/2026\/03\/Custom-Built-Nightstands-Luxury-Leather-Top-Bedside-Tables-4.webp 1500w, https:\/\/www.chicasafurniture.com\/wp-content\/uploads\/2026\/03\/Custom-Built-Nightstands-Luxury-Leather-Top-Bedside-Tables-4-300x300.webp 300w, https:\/\/www.chicasafurniture.com\/wp-content\/uploads\/2026\/03\/Custom-Built-Nightstands-Luxury-Leather-Top-Bedside-Tables-4-150x150.webp 150w, https:\/\/www.chicasafurniture.com\/wp-content\/uploads\/2026\/03\/Custom-Built-Nightstands-Luxury-Leather-Top-Bedside-Tables-4-768x768.webp 768w, https:\/\/www.chicasafurniture.com\/wp-content\/uploads\/2026\/03\/Custom-Built-Nightstands-Luxury-Leather-Top-Bedside-Tables-4-12x12.webp 12w, https:\/\/www.chicasafurniture.com\/wp-content\/uploads\/2026\/03\/Custom-Built-Nightstands-Luxury-Leather-Top-Bedside-Tables-4-1200x1200.webp 1200w, https:\/\/www.chicasafurniture.com\/wp-content\/uploads\/2026\/03\/Custom-Built-Nightstands-Luxury-Leather-Top-Bedside-Tables-4-600x600.webp 600w, https:\/\/www.chicasafurniture.com\/wp-content\/uploads\/2026\/03\/Custom-Built-Nightstands-Luxury-Leather-Top-Bedside-Tables-4-100x100.webp 100w\" sizes=\"(max-width: 1500px) 100vw, 1500px\" \/><\/figure>\n<\/div>\n<\/div>","protected":false},"excerpt":{"rendered":"<p>Pida mesillas de noche personalizadas con tapicer\u00eda de piel de primera calidad y elegantes acabados en nogal: mesillas de noche de dise\u00f1o minimalista hechas a medida para dormitorios sofisticados, que muestran el pin\u00e1culo de la artesan\u00eda a medida en un espacio compacto.<\/p>\n<table style=\"border-collapse: collapse; width: 222.03pt;\" border=\"0\" width=\"222\" cellspacing=\"0\" cellpadding=\"0\">\n<tbody>\n<tr style=\"height: 15.20pt;\">\n<td class=\"et2\" style=\"height: 15.20pt; width: 81.65pt;\" width=\"81\" height=\"15\">Fabricante<\/td>\n<td class=\"et2\" style=\"width: 140.80pt;\" width=\"140\">ChiCasa<\/td>\n<\/tr>\n<tr style=\"height: 15.20pt;\">\n<td class=\"et2\" style=\"height: 15.20pt;\" height=\"15\">Categor\u00eda<\/td>\n<td class=\"et2\">Mesilla de noche<\/td>\n<\/tr>\n<tr style=\"height: 15.20pt;\">\n<td class=\"et2\" style=\"height: 15.20pt;\" height=\"15\">Aplicaci\u00f3n<\/td>\n<td class=\"et2\">Dormitorio<\/td>\n<\/tr>\n<tr style=\"height: 15.20pt;\">\n<td class=\"et2\" style=\"height: 15.20pt;\" height=\"15\">Estilo<\/td>\n<td class=\"et2\">Minimalista<\/td>\n<\/tr>\n<tr style=\"height: 15.20pt;\">\n<td class=\"et2\" style=\"height: 15.20pt;\" height=\"15\">Modelo<\/td>\n<td class=\"et2\">QMY-NS006<\/td>\n<\/tr>\n<tr style=\"height: 15.20pt;\">\n<td class=\"et2\" style=\"height: 15.20pt;\" height=\"15\">Personalizaci\u00f3n<\/td>\n<td class=\"et2\">Color, tama\u00f1o, material<\/td>\n<\/tr>\n<tr style=\"height: 15.20pt;\">\n<td class=\"et2\" style=\"height: 15.20pt;\" height=\"15\">MOQ<\/td>\n<td class=\"et2\">1 unidad<\/td>\n<\/tr>\n<\/tbody>\n<\/table>","protected":false},"featured_media":1089,"comment_status":"closed","ping_status":"closed","template":"","meta":{"_acf_changed":false},"product_brand":[],"product_cat":[34,18],"product_tag":[],"class_list":{"0":"post-1088","1":"product","2":"type-product","3":"status-publish","4":"has-post-thumbnail","6":"product_cat-custom-nightstand","7":"product_cat-bespoke-bedroom-furniture","9":"first","10":"instock","11":"shipping-taxable","12":"product-type-simple"},"acf":[],"_links":{"self":[{"href":"https:\/\/www.chicasafurniture.com\/es\/wp-json\/wp\/v2\/product\/1088","targetHints":{"allow":["GET"]}}],"collection":[{"href":"https:\/\/www.chicasafurniture.com\/es\/wp-json\/wp\/v2\/product"}],"about":[{"href":"https:\/\/www.chicasafurniture.com\/es\/wp-json\/wp\/v2\/types\/product"}],"replies":[{"embeddable":true,"href":"https:\/\/www.chicasafurniture.com\/es\/wp-json\/wp\/v2\/comments?post=1088"}],"wp:featuredmedia":[{"embeddable":true,"href":"https:\/\/www.chicasafurniture.com\/es\/wp-json\/wp\/v2\/media\/1089"}],"wp:attachment":[{"href":"https:\/\/www.chicasafurniture.com\/es\/wp-json\/wp\/v2\/media?parent=1088"}],"wp:term":[{"taxonomy":"product_brand","embeddable":true,"href":"https:\/\/www.chicasafurniture.com\/es\/wp-json\/wp\/v2\/product_brand?post=1088"},{"taxonomy":"product_cat","embeddable":true,"href":"https:\/\/www.chicasafurniture.com\/es\/wp-json\/wp\/v2\/product_cat?post=1088"},{"taxonomy":"product_tag","embeddable":true,"href":"https:\/\/www.chicasafurniture.com\/es\/wp-json\/wp\/v2\/product_tag?post=1088"}],"curies":[{"name":"wp","href":"https:\/\/api.w.org\/{rel}","templated":true}]}}