{"id":1093,"date":"2026-03-16T07:50:48","date_gmt":"2026-03-16T07:50:48","guid":{"rendered":"https:\/\/www.chicasafurniture.com\/?post_type=product&#038;p=1093"},"modified":"2026-03-16T08:11:14","modified_gmt":"2026-03-16T08:11:14","slug":"custom-wood-nightstands","status":"publish","type":"product","link":"https:\/\/www.chicasafurniture.com\/es\/product\/custom-wood-nightstands\/","title":{"rendered":"Mesillas de noche de madera a medida, Mesillas de noche modernas de nogal"},"content":{"rendered":"<h2 class=\"wp-block-heading\">Especificaciones de producto de Mesillas de noche de madera a medida<\/h2>\n\n\n\n<figure class=\"wp-block-table\"><table class=\"has-fixed-layout\"><tbody><tr><td>Marco<\/td><td>Material de cubierta<\/td><td>Material de relleno<\/td><td>Piernas<\/td><td>Color<\/td><td>Talla<\/td><td>Peso<\/td><\/tr><tr><td>Contrachapado<\/td><td>\/<\/td><td>\/<\/td><td>Metal<\/td><td>Personalizado<\/td><td>51cmx46cmx46cm<\/td><td>20-35kg<\/td><\/tr><\/tbody><\/table><\/figure>\n\n\n\n<div class=\"wp-block-columns is-layout-flex wp-container-core-columns-is-layout-9d6595d7 wp-block-columns-is-layout-flex\">\n<div class=\"wp-block-column is-layout-flow wp-block-column-is-layout-flow\">\n<h2 class=\"wp-block-heading\">Premium Custom Mesitas de noche de madera Caracter\u00edsticas:<\/h2>\n\n\n\n<ul class=\"wp-block-list\">\n<li><strong>Almacenamiento abierto flotante:<\/strong> La parte superior de estas mesillas de noche de madera personalizadas presenta un dise\u00f1o abierto y flotante, ideal para exponer libros de lectura frecuente y art\u00edculos de aromaterapia. En el panel trasero puede integrarse una luz ambiental lineal opcional que se activa con el tacto y proyecta un c\u00e1lido resplandor para iluminar las \u00faltimas horas de la noche.<\/li>\n\n\n\n<li><strong>Artesan\u00eda de cuero acolchado a medida:<\/strong> Los frentes de los cajones de estas mesillas de noche personalizadas ofrecen un acabado opcional de cuero exquisitamente acolchado. Esta superficie texturizada no solo mejora el atractivo t\u00e1ctil, sino que tambi\u00e9n elimina el riesgo de golpes y rozaduras accidentales que suelen asociarse a los tiradores tradicionales de madera maciza.<\/li>\n\n\n\n<li><strong>Bandeja de madera maciza integrada:<\/strong> La superficie superior de estas mesillas de noche de madera a medida incorpora un dise\u00f1o de bandeja empotrada. El per\u00edmetro est\u00e1 definido por bordes de madera de nogal ligeramente elevados, lo que impide que los objetos colocados encima se deslicen.<\/li>\n\n\n\n<li><strong>Est\u00e9tica flotante moderna:<\/strong> Estas mesillas de noche personalizadas se apoyan en esbeltas patas met\u00e1licas de gran resistencia. Este dise\u00f1o no solo facilita la limpieza con aspiradoras rob\u00f3ticas, sino que tambi\u00e9n crea la ilusi\u00f3n visual de que el mueble \u201cflota\u201d dentro del espacio, dando un aire de apertura y amplitud a la habitaci\u00f3n.<\/li>\n<\/ul>\n<\/div>\n\n\n\n<div class=\"wp-block-column is-layout-flow wp-block-column-is-layout-flow\">\n<figure class=\"wp-block-image size-full\"><img decoding=\"async\" width=\"1000\" height=\"1000\" src=\"https:\/\/www.chicasafurniture.com\/wp-content\/uploads\/2026\/03\/Custom-Wood-Nightstands-Modern-Walnut-Bedside-Tables-3.webp\" alt=\"Mesillas de noche de madera a medida, Mesillas de noche modernas de nogal-3\" class=\"wp-image-1096\" srcset=\"https:\/\/www.chicasafurniture.com\/wp-content\/uploads\/2026\/03\/Custom-Wood-Nightstands-Modern-Walnut-Bedside-Tables-3.webp 1000w, https:\/\/www.chicasafurniture.com\/wp-content\/uploads\/2026\/03\/Custom-Wood-Nightstands-Modern-Walnut-Bedside-Tables-3-300x300.webp 300w, https:\/\/www.chicasafurniture.com\/wp-content\/uploads\/2026\/03\/Custom-Wood-Nightstands-Modern-Walnut-Bedside-Tables-3-150x150.webp 150w, https:\/\/www.chicasafurniture.com\/wp-content\/uploads\/2026\/03\/Custom-Wood-Nightstands-Modern-Walnut-Bedside-Tables-3-768x768.webp 768w, https:\/\/www.chicasafurniture.com\/wp-content\/uploads\/2026\/03\/Custom-Wood-Nightstands-Modern-Walnut-Bedside-Tables-3-12x12.webp 12w, https:\/\/www.chicasafurniture.com\/wp-content\/uploads\/2026\/03\/Custom-Wood-Nightstands-Modern-Walnut-Bedside-Tables-3-600x600.webp 600w, https:\/\/www.chicasafurniture.com\/wp-content\/uploads\/2026\/03\/Custom-Wood-Nightstands-Modern-Walnut-Bedside-Tables-3-100x100.webp 100w\" sizes=\"(max-width: 1000px) 100vw, 1000px\" \/><\/figure>\n<\/div>\n<\/div>\n\n\n\n<figure class=\"wp-block-image size-full\"><img decoding=\"async\" width=\"1200\" height=\"800\" src=\"https:\/\/www.chicasafurniture.com\/wp-content\/uploads\/2026\/03\/Custom-Wood-Nightstands-Modern-Walnut-Bedside-Tables-4.webp\" alt=\"Mesillas de noche de madera a medida, Mesillas de noche modernas de nogal-4\" class=\"wp-image-1097\" srcset=\"https:\/\/www.chicasafurniture.com\/wp-content\/uploads\/2026\/03\/Custom-Wood-Nightstands-Modern-Walnut-Bedside-Tables-4.webp 1200w, https:\/\/www.chicasafurniture.com\/wp-content\/uploads\/2026\/03\/Custom-Wood-Nightstands-Modern-Walnut-Bedside-Tables-4-300x200.webp 300w, https:\/\/www.chicasafurniture.com\/wp-content\/uploads\/2026\/03\/Custom-Wood-Nightstands-Modern-Walnut-Bedside-Tables-4-768x512.webp 768w, https:\/\/www.chicasafurniture.com\/wp-content\/uploads\/2026\/03\/Custom-Wood-Nightstands-Modern-Walnut-Bedside-Tables-4-18x12.webp 18w, https:\/\/www.chicasafurniture.com\/wp-content\/uploads\/2026\/03\/Custom-Wood-Nightstands-Modern-Walnut-Bedside-Tables-4-600x400.webp 600w\" sizes=\"(max-width: 1200px) 100vw, 1200px\" \/><\/figure>","protected":false},"excerpt":{"rendered":"<p>Adquiera mesillas de noche de madera personalizadas y adaptadas a su estilo \u00fanico. Con elegantes acabados en nogal, modernas estanter\u00edas abiertas e iluminaci\u00f3n integrada, crean un ambiente de lujo en el dormitorio. Cada detalle irradia el lujo sofisticado de la artesan\u00eda a medida de estilo italiano.<\/p>\n<table style=\"border-collapse: collapse; width: 222.03pt;\" border=\"0\" width=\"222\" cellspacing=\"0\" cellpadding=\"0\">\n<tbody>\n<tr style=\"height: 15.20pt;\">\n<td class=\"et2\" style=\"height: 15.20pt; width: 81.65pt;\" width=\"81\" height=\"15\">Fabricante<\/td>\n<td class=\"et2\" style=\"width: 140.80pt;\" width=\"140\">ChiCasa<\/td>\n<\/tr>\n<tr style=\"height: 15.20pt;\">\n<td class=\"et2\" style=\"height: 15.20pt;\" height=\"15\">Categor\u00eda<\/td>\n<td class=\"et2\">Mesilla de noche<\/td>\n<\/tr>\n<tr style=\"height: 15.20pt;\">\n<td class=\"et2\" style=\"height: 15.20pt;\" height=\"15\">Aplicaci\u00f3n<\/td>\n<td class=\"et2\">Dormitorio<\/td>\n<\/tr>\n<tr style=\"height: 15.20pt;\">\n<td class=\"et2\" style=\"height: 15.20pt;\" height=\"15\">Estilo<\/td>\n<td class=\"et2\">Minimalista<\/td>\n<\/tr>\n<tr style=\"height: 15.20pt;\">\n<td class=\"et2\" style=\"height: 15.20pt;\" height=\"15\">Modelo<\/td>\n<td class=\"et2\">QMY-NS007<\/td>\n<\/tr>\n<tr style=\"height: 15.20pt;\">\n<td class=\"et2\" style=\"height: 15.20pt;\" height=\"15\">Personalizaci\u00f3n<\/td>\n<td class=\"et2\">Color, tama\u00f1o, material<\/td>\n<\/tr>\n<tr style=\"height: 15.20pt;\">\n<td class=\"et2\" style=\"height: 15.20pt;\" height=\"15\">MOQ<\/td>\n<td class=\"et2\">1 unidad<\/td>\n<\/tr>\n<\/tbody>\n<\/table>","protected":false},"featured_media":1094,"comment_status":"closed","ping_status":"closed","template":"","meta":{"_acf_changed":false},"product_brand":[],"product_cat":[34,18],"product_tag":[],"class_list":{"0":"post-1093","1":"product","2":"type-product","3":"status-publish","4":"has-post-thumbnail","6":"product_cat-custom-nightstand","7":"product_cat-bespoke-bedroom-furniture","9":"first","10":"instock","11":"shipping-taxable","12":"product-type-simple"},"acf":[],"_links":{"self":[{"href":"https:\/\/www.chicasafurniture.com\/es\/wp-json\/wp\/v2\/product\/1093","targetHints":{"allow":["GET"]}}],"collection":[{"href":"https:\/\/www.chicasafurniture.com\/es\/wp-json\/wp\/v2\/product"}],"about":[{"href":"https:\/\/www.chicasafurniture.com\/es\/wp-json\/wp\/v2\/types\/product"}],"replies":[{"embeddable":true,"href":"https:\/\/www.chicasafurniture.com\/es\/wp-json\/wp\/v2\/comments?post=1093"}],"wp:featuredmedia":[{"embeddable":true,"href":"https:\/\/www.chicasafurniture.com\/es\/wp-json\/wp\/v2\/media\/1094"}],"wp:attachment":[{"href":"https:\/\/www.chicasafurniture.com\/es\/wp-json\/wp\/v2\/media?parent=1093"}],"wp:term":[{"taxonomy":"product_brand","embeddable":true,"href":"https:\/\/www.chicasafurniture.com\/es\/wp-json\/wp\/v2\/product_brand?post=1093"},{"taxonomy":"product_cat","embeddable":true,"href":"https:\/\/www.chicasafurniture.com\/es\/wp-json\/wp\/v2\/product_cat?post=1093"},{"taxonomy":"product_tag","embeddable":true,"href":"https:\/\/www.chicasafurniture.com\/es\/wp-json\/wp\/v2\/product_tag?post=1093"}],"curies":[{"name":"wp","href":"https:\/\/api.w.org\/{rel}","templated":true}]}}