{"id":1411,"date":"2026-04-09T08:24:40","date_gmt":"2026-04-09T08:24:40","guid":{"rendered":"https:\/\/www.chicasafurniture.com\/?post_type=product&#038;p=1411"},"modified":"2026-04-09T08:54:17","modified_gmt":"2026-04-09T08:54:17","slug":"narrow-bedroom-bench","status":"publish","type":"product","link":"https:\/\/www.chicasafurniture.com\/es\/product\/narrow-bedroom-bench\/","title":{"rendered":"Banco estrecho a medida para dormitorio, moderno tapizado en Boucl\u00e9 con mech\u00f3n insertado"},"content":{"rendered":"<h2 class=\"wp-block-heading\">Especificaciones de producto del banco de dormitorio estrecho a medida<\/h2>\n\n\n\n<figure class=\"wp-block-table\"><table class=\"has-fixed-layout\"><tbody><tr><td>Marco<\/td><td>Material de cubierta<\/td><td>Material de relleno<\/td><td>Piernas<\/td><td>Color<\/td><td>Talla<\/td><td>Peso<\/td><\/tr><tr><td>Madera<\/td><td>Tejido<\/td><td>Esponja de alta densidad<\/td><td>Metal<\/td><td>Personalizado<\/td><td>Personalizado<\/td><td>45-55kg<\/td><\/tr><\/tbody><\/table><\/figure>\n\n\n\n<div class=\"wp-block-columns is-layout-flex wp-container-core-columns-is-layout-9d6595d7 wp-block-columns-is-layout-flex\">\n<div class=\"wp-block-column is-layout-flow wp-block-column-is-layout-flow\">\n<h2 class=\"wp-block-heading\">Premium Bespoke Estrecho Dormitorio Banco Caracter\u00edsticas:<\/h2>\n\n\n\n<ul class=\"wp-block-list\">\n<li><strong>Artesan\u00eda de alta gama hecha a medida:<\/strong> Nuestro banco de dormitorio estrecho a medida ofrece dimensiones totalmente personalizables para adaptarse a requisitos espaciales espec\u00edficos, cumpliendo las exigentes normas de residencias de lujo y hoteles de alta gama.<\/li>\n\n\n\n<li><strong>Tejido Boucl\u00e9 Premium:<\/strong> Este banco de dormitorio moderno personalizado presenta un tejido Boucl\u00e9 \u201cverde musgo\u201d cuidadosamente seleccionado y de gran textura. Suave y refinada al tacto, su textura granulada \u00fanica a\u00f1ade una clara sensaci\u00f3n de profundidad y dimensi\u00f3n al espacio.<\/li>\n\n\n\n<li><strong>Metalister\u00eda arquitect\u00f3nica:<\/strong> Este estrecho banco de dormitorio hecho a medida se apoya en una estructura met\u00e1lica de bronce antiguo mate. Su exclusivo dise\u00f1o de corte geom\u00e9trico encaja con precisi\u00f3n en el coj\u00edn del asiento, mostrando un nivel de precisi\u00f3n artesanal que combina a la perfecci\u00f3n la est\u00e9tica industrial con un toque art\u00edstico.<\/li>\n\n\n\n<li><strong>Perfil delgado y estrecho:<\/strong> Nuestros modernos bancos de dormitorio est\u00e1n especialmente dise\u00f1ados para colocarlos a los pies de la cama en dormitorios contempor\u00e1neos o en entradas estrechas. Su esbelto perfil maximiza la eficiencia del espacio, a la vez que consigue un equilibrio perfecto entre funcionalidad pr\u00e1ctica y apertura visual.<\/li>\n\n\n\n<li><strong>Tejido a mano Detalles:<\/strong> El asiento de este banco estrecho a medida para dormitorio presenta la cl\u00e1sica t\u00e9cnica artesanal del acolchado a mano. Esta meticulosa t\u00e9cnica garantiza una larga durabilidad y resistencia a la deformaci\u00f3n, infundiendo un sutil encanto vintage a su est\u00e9tica moderna y minimalista.<\/li>\n<\/ul>\n<\/div>\n\n\n\n<div class=\"wp-block-column is-layout-flow wp-block-column-is-layout-flow\">\n<figure class=\"wp-block-image size-full\"><img decoding=\"async\" width=\"990\" height=\"990\" src=\"https:\/\/www.chicasafurniture.com\/wp-content\/uploads\/2026\/04\/Bespoke-Narrow-Bedroom-Bench-Modern-Tufted-Boucle-Cover-2.webp\" alt=\"Banco estrecho a medida para dormitorio, moderno tapizado en Boucl\u00e9 con mech\u00f3n insertado\" class=\"wp-image-1413\" srcset=\"https:\/\/www.chicasafurniture.com\/wp-content\/uploads\/2026\/04\/Bespoke-Narrow-Bedroom-Bench-Modern-Tufted-Boucle-Cover-2.webp 990w, https:\/\/www.chicasafurniture.com\/wp-content\/uploads\/2026\/04\/Bespoke-Narrow-Bedroom-Bench-Modern-Tufted-Boucle-Cover-2-300x300.webp 300w, https:\/\/www.chicasafurniture.com\/wp-content\/uploads\/2026\/04\/Bespoke-Narrow-Bedroom-Bench-Modern-Tufted-Boucle-Cover-2-150x150.webp 150w, https:\/\/www.chicasafurniture.com\/wp-content\/uploads\/2026\/04\/Bespoke-Narrow-Bedroom-Bench-Modern-Tufted-Boucle-Cover-2-768x768.webp 768w, https:\/\/www.chicasafurniture.com\/wp-content\/uploads\/2026\/04\/Bespoke-Narrow-Bedroom-Bench-Modern-Tufted-Boucle-Cover-2-12x12.webp 12w, https:\/\/www.chicasafurniture.com\/wp-content\/uploads\/2026\/04\/Bespoke-Narrow-Bedroom-Bench-Modern-Tufted-Boucle-Cover-2-600x600.webp 600w, https:\/\/www.chicasafurniture.com\/wp-content\/uploads\/2026\/04\/Bespoke-Narrow-Bedroom-Bench-Modern-Tufted-Boucle-Cover-2-100x100.webp 100w\" sizes=\"(max-width: 990px) 100vw, 990px\" \/><\/figure>\n<\/div>\n<\/div>\n\n\n\n<figure class=\"wp-block-gallery has-nested-images columns-default is-cropped wp-block-gallery-1 is-layout-flex wp-block-gallery-is-layout-flex\">\n<figure class=\"wp-block-image size-full\"><img decoding=\"async\" width=\"990\" height=\"990\" data-id=\"1415\" src=\"https:\/\/www.chicasafurniture.com\/wp-content\/uploads\/2026\/04\/Bespoke-Narrow-Bedroom-Bench-Modern-Tufted-Boucle-Cover-4.webp\" alt=\"Banco estrecho a medida para dormitorio, moderno tapizado en Boucl\u00e9 con mech\u00f3n insertado\" class=\"wp-image-1415\" srcset=\"https:\/\/www.chicasafurniture.com\/wp-content\/uploads\/2026\/04\/Bespoke-Narrow-Bedroom-Bench-Modern-Tufted-Boucle-Cover-4.webp 990w, https:\/\/www.chicasafurniture.com\/wp-content\/uploads\/2026\/04\/Bespoke-Narrow-Bedroom-Bench-Modern-Tufted-Boucle-Cover-4-300x300.webp 300w, https:\/\/www.chicasafurniture.com\/wp-content\/uploads\/2026\/04\/Bespoke-Narrow-Bedroom-Bench-Modern-Tufted-Boucle-Cover-4-150x150.webp 150w, https:\/\/www.chicasafurniture.com\/wp-content\/uploads\/2026\/04\/Bespoke-Narrow-Bedroom-Bench-Modern-Tufted-Boucle-Cover-4-768x768.webp 768w, https:\/\/www.chicasafurniture.com\/wp-content\/uploads\/2026\/04\/Bespoke-Narrow-Bedroom-Bench-Modern-Tufted-Boucle-Cover-4-12x12.webp 12w, https:\/\/www.chicasafurniture.com\/wp-content\/uploads\/2026\/04\/Bespoke-Narrow-Bedroom-Bench-Modern-Tufted-Boucle-Cover-4-600x600.webp 600w, https:\/\/www.chicasafurniture.com\/wp-content\/uploads\/2026\/04\/Bespoke-Narrow-Bedroom-Bench-Modern-Tufted-Boucle-Cover-4-100x100.webp 100w\" sizes=\"(max-width: 990px) 100vw, 990px\" \/><\/figure>\n\n\n\n<figure class=\"wp-block-image size-full\"><img decoding=\"async\" width=\"990\" height=\"990\" data-id=\"1416\" src=\"https:\/\/www.chicasafurniture.com\/wp-content\/uploads\/2026\/04\/Bespoke-Narrow-Bedroom-Bench-Modern-Tufted-Boucle-Cover-5.webp\" alt=\"Banco estrecho a medida para dormitorio, moderno tapizado en Boucl\u00e9 con mech\u00f3n insertado\" class=\"wp-image-1416\" srcset=\"https:\/\/www.chicasafurniture.com\/wp-content\/uploads\/2026\/04\/Bespoke-Narrow-Bedroom-Bench-Modern-Tufted-Boucle-Cover-5.webp 990w, https:\/\/www.chicasafurniture.com\/wp-content\/uploads\/2026\/04\/Bespoke-Narrow-Bedroom-Bench-Modern-Tufted-Boucle-Cover-5-300x300.webp 300w, https:\/\/www.chicasafurniture.com\/wp-content\/uploads\/2026\/04\/Bespoke-Narrow-Bedroom-Bench-Modern-Tufted-Boucle-Cover-5-150x150.webp 150w, https:\/\/www.chicasafurniture.com\/wp-content\/uploads\/2026\/04\/Bespoke-Narrow-Bedroom-Bench-Modern-Tufted-Boucle-Cover-5-768x768.webp 768w, https:\/\/www.chicasafurniture.com\/wp-content\/uploads\/2026\/04\/Bespoke-Narrow-Bedroom-Bench-Modern-Tufted-Boucle-Cover-5-12x12.webp 12w, https:\/\/www.chicasafurniture.com\/wp-content\/uploads\/2026\/04\/Bespoke-Narrow-Bedroom-Bench-Modern-Tufted-Boucle-Cover-5-600x600.webp 600w, https:\/\/www.chicasafurniture.com\/wp-content\/uploads\/2026\/04\/Bespoke-Narrow-Bedroom-Bench-Modern-Tufted-Boucle-Cover-5-100x100.webp 100w\" sizes=\"(max-width: 990px) 100vw, 990px\" \/><\/figure>\n<\/figure>","protected":false},"excerpt":{"rendered":"<p>Bienvenido a pedir muebles a medida para el hogar. Eleve su espacio con este banco de dormitorio estrecho personalizado con tapicer\u00eda boucl\u00e9 verde musgo de primera calidad y un marco de bronce arquitect\u00f3nico dise\u00f1ado con precisi\u00f3n.<\/p>\n<table style=\"border-collapse: collapse; width: 222.03pt;\" border=\"0\" width=\"222\" cellspacing=\"0\" cellpadding=\"0\">\n<tbody>\n<tr style=\"height: 15.20pt;\">\n<td class=\"et2\" style=\"height: 15.20pt; width: 81.65pt;\" width=\"81\" height=\"15\">Fabricante<\/td>\n<td class=\"et2\" style=\"width: 140.80pt;\" width=\"140\">Chicasa<\/td>\n<\/tr>\n<tr style=\"height: 15.20pt;\">\n<td class=\"et2\" style=\"height: 15.20pt;\" height=\"15\">Categor\u00eda<\/td>\n<td class=\"et2\">Banco<\/td>\n<\/tr>\n<tr style=\"height: 15.20pt;\">\n<td class=\"et2\" style=\"height: 15.20pt;\" height=\"15\">Aplicaci\u00f3n<\/td>\n<td class=\"et2\">Dormitorio<\/td>\n<\/tr>\n<tr style=\"height: 15.20pt;\">\n<td class=\"et2\" style=\"height: 15.20pt;\" height=\"15\">Estilo<\/td>\n<td class=\"et2\">Lujo refinado<\/td>\n<\/tr>\n<tr style=\"height: 15.20pt;\">\n<td class=\"et2\" style=\"height: 15.20pt;\" height=\"15\">Modelo<\/td>\n<td class=\"et2\">QMY-BH010<\/td>\n<\/tr>\n<tr style=\"height: 15.20pt;\">\n<td class=\"et2\" style=\"height: 15.20pt;\" height=\"15\">Personalizaci\u00f3n<\/td>\n<td class=\"et2\">Color, tama\u00f1o, material<\/td>\n<\/tr>\n<tr style=\"height: 15.20pt;\">\n<td class=\"et2\" style=\"height: 15.20pt;\" height=\"15\">MOQ<\/td>\n<td class=\"et2\">1 unidad<\/td>\n<\/tr>\n<\/tbody>\n<\/table>","protected":false},"featured_media":1412,"comment_status":"closed","ping_status":"closed","template":"","meta":{"_acf_changed":false},"product_brand":[],"product_cat":[18,37],"product_tag":[],"class_list":{"0":"post-1411","1":"product","2":"type-product","3":"status-publish","4":"has-post-thumbnail","6":"product_cat-bespoke-bedroom-furniture","7":"product_cat-custom-bedroom-benches","9":"first","10":"instock","11":"shipping-taxable","12":"product-type-simple"},"acf":[],"_links":{"self":[{"href":"https:\/\/www.chicasafurniture.com\/es\/wp-json\/wp\/v2\/product\/1411","targetHints":{"allow":["GET"]}}],"collection":[{"href":"https:\/\/www.chicasafurniture.com\/es\/wp-json\/wp\/v2\/product"}],"about":[{"href":"https:\/\/www.chicasafurniture.com\/es\/wp-json\/wp\/v2\/types\/product"}],"replies":[{"embeddable":true,"href":"https:\/\/www.chicasafurniture.com\/es\/wp-json\/wp\/v2\/comments?post=1411"}],"wp:featuredmedia":[{"embeddable":true,"href":"https:\/\/www.chicasafurniture.com\/es\/wp-json\/wp\/v2\/media\/1412"}],"wp:attachment":[{"href":"https:\/\/www.chicasafurniture.com\/es\/wp-json\/wp\/v2\/media?parent=1411"}],"wp:term":[{"taxonomy":"product_brand","embeddable":true,"href":"https:\/\/www.chicasafurniture.com\/es\/wp-json\/wp\/v2\/product_brand?post=1411"},{"taxonomy":"product_cat","embeddable":true,"href":"https:\/\/www.chicasafurniture.com\/es\/wp-json\/wp\/v2\/product_cat?post=1411"},{"taxonomy":"product_tag","embeddable":true,"href":"https:\/\/www.chicasafurniture.com\/es\/wp-json\/wp\/v2\/product_tag?post=1411"}],"curies":[{"name":"wp","href":"https:\/\/api.w.org\/{rel}","templated":true}]}}