{"id":1417,"date":"2026-04-09T08:55:36","date_gmt":"2026-04-09T08:55:36","guid":{"rendered":"https:\/\/www.chicasafurniture.com\/?post_type=product&#038;p=1417"},"modified":"2026-04-09T09:13:42","modified_gmt":"2026-04-09T09:13:42","slug":"custom-upholstered-bench","status":"publish","type":"product","link":"https:\/\/www.chicasafurniture.com\/es\/product\/custom-upholstered-bench\/","title":{"rendered":"Banco Tapizado a Medida, Lujoso Mullido con Base de Z\u00f3calo"},"content":{"rendered":"<h2 class=\"wp-block-heading\">Especificaciones de producto del banco tapizado a medida<\/h2>\n\n\n\n<figure class=\"wp-block-table\"><table class=\"has-fixed-layout\"><tbody><tr><td>Marco<\/td><td>Material de cubierta<\/td><td>Material de relleno<\/td><td>Piernas<\/td><td>Color<\/td><td>Talla<\/td><td>Peso<\/td><\/tr><tr><td>Madera<\/td><td>Tejido<\/td><td>Esponja de alta densidad<\/td><td>Metal<\/td><td>Personalizado<\/td><td>Personalizado<\/td><td>45-55kg<\/td><\/tr><\/tbody><\/table><\/figure>\n\n\n\n<div class=\"wp-block-columns is-layout-flex wp-container-core-columns-is-layout-9d6595d7 wp-block-columns-is-layout-flex\">\n<div class=\"wp-block-column is-layout-flow wp-block-column-is-layout-flow\">\n<h2 class=\"wp-block-heading\">Premium Custom Banco tapizado Caracter\u00edsticas:<\/h2>\n\n\n\n<ul class=\"wp-block-list\">\n<li><strong>Personalizaci\u00f3n de gama alta:<\/strong> Este banco tapizado a medida puede adaptarse a las dimensiones espec\u00edficas de su espacio, ofreciendo una amplia selecci\u00f3n de telas, colores y materiales de base para ayudarle a crear un mueble realmente \u00fanico y exclusivo.<\/li>\n\n\n\n<li><strong>Exquisita artesan\u00eda de mechones:<\/strong> Este sof\u00e1-banco a medida se caracteriza por una t\u00e9cnica artesanal cl\u00e1sica de mullido profundo. Esto no s\u00f3lo crea una gran profundidad visual y un fuerte efecto tridimensional, sino que tambi\u00e9n emana un aire de elegancia vintage y lujosa sofisticaci\u00f3n.<\/li>\n\n\n\n<li><strong>Lujoso tejido de terciopelo:<\/strong> Nuestro banco tapizado a medida est\u00e1 tapizado en terciopelo de primera calidad -seleccionado cuidadosamente por su fina textura y suave brillo- que ofrece un tacto suave como la seda que proporciona el m\u00e1ximo confort y deleite visual.<\/li>\n\n\n\n<li><strong>Elegante dise\u00f1o de la base:<\/strong> Este sof\u00e1 banco a medida presenta un exclusivo dise\u00f1o de base empotrada que confiere a la silueta general una est\u00e9tica m\u00e1s ligera y estilizada, al tiempo que garantiza una estabilidad y durabilidad excepcionales.<\/li>\n\n\n\n<li><strong>Funcionalidad vers\u00e1til:<\/strong> Este banco tapizado a medida tiene m\u00faltiples usos: puede funcionar como mesa de centro distintiva o como asiento extra en el sal\u00f3n, o como elegante banco a los pies de una cama o en una entrada, combinando a la perfecci\u00f3n con una amplia gama de estilos de interior modernos y cl\u00e1sicos.<\/li>\n<\/ul>\n<\/div>\n\n\n\n<div class=\"wp-block-column is-layout-flow wp-block-column-is-layout-flow\">\n<figure class=\"wp-block-image size-full\"><img decoding=\"async\" width=\"1080\" height=\"1080\" src=\"https:\/\/www.chicasafurniture.com\/wp-content\/uploads\/2026\/04\/Custom-Upholstered-Bench-Luxury-Tufted-with-Plinth-Base-2.webp\" alt=\"Banco Tapizado a Medida, Lujoso Mullido con Base de Z\u00f3calo\" class=\"wp-image-1419\" srcset=\"https:\/\/www.chicasafurniture.com\/wp-content\/uploads\/2026\/04\/Custom-Upholstered-Bench-Luxury-Tufted-with-Plinth-Base-2.webp 1080w, https:\/\/www.chicasafurniture.com\/wp-content\/uploads\/2026\/04\/Custom-Upholstered-Bench-Luxury-Tufted-with-Plinth-Base-2-300x300.webp 300w, https:\/\/www.chicasafurniture.com\/wp-content\/uploads\/2026\/04\/Custom-Upholstered-Bench-Luxury-Tufted-with-Plinth-Base-2-150x150.webp 150w, https:\/\/www.chicasafurniture.com\/wp-content\/uploads\/2026\/04\/Custom-Upholstered-Bench-Luxury-Tufted-with-Plinth-Base-2-768x768.webp 768w, https:\/\/www.chicasafurniture.com\/wp-content\/uploads\/2026\/04\/Custom-Upholstered-Bench-Luxury-Tufted-with-Plinth-Base-2-12x12.webp 12w, https:\/\/www.chicasafurniture.com\/wp-content\/uploads\/2026\/04\/Custom-Upholstered-Bench-Luxury-Tufted-with-Plinth-Base-2-600x600.webp 600w, https:\/\/www.chicasafurniture.com\/wp-content\/uploads\/2026\/04\/Custom-Upholstered-Bench-Luxury-Tufted-with-Plinth-Base-2-100x100.webp 100w\" sizes=\"(max-width: 1080px) 100vw, 1080px\" \/><\/figure>\n<\/div>\n<\/div>\n\n\n\n<figure class=\"wp-block-gallery has-nested-images columns-1 is-cropped wp-block-gallery-1 is-layout-flex wp-block-gallery-is-layout-flex\">\n<figure class=\"wp-block-image size-large\"><img decoding=\"async\" width=\"1536\" height=\"864\" data-id=\"1420\" src=\"https:\/\/www.chicasafurniture.com\/wp-content\/uploads\/2026\/04\/Custom-Upholstered-Bench-Luxury-Tufted-with-Plinth-Base-3.webp\" alt=\"Banco Tapizado a Medida, Lujoso Mullido con Base de Z\u00f3calo\" class=\"wp-image-1420\" srcset=\"https:\/\/www.chicasafurniture.com\/wp-content\/uploads\/2026\/04\/Custom-Upholstered-Bench-Luxury-Tufted-with-Plinth-Base-3.webp 1536w, https:\/\/www.chicasafurniture.com\/wp-content\/uploads\/2026\/04\/Custom-Upholstered-Bench-Luxury-Tufted-with-Plinth-Base-3-300x169.webp 300w, https:\/\/www.chicasafurniture.com\/wp-content\/uploads\/2026\/04\/Custom-Upholstered-Bench-Luxury-Tufted-with-Plinth-Base-3-768x432.webp 768w, https:\/\/www.chicasafurniture.com\/wp-content\/uploads\/2026\/04\/Custom-Upholstered-Bench-Luxury-Tufted-with-Plinth-Base-3-18x10.webp 18w, https:\/\/www.chicasafurniture.com\/wp-content\/uploads\/2026\/04\/Custom-Upholstered-Bench-Luxury-Tufted-with-Plinth-Base-3-1200x675.webp 1200w, https:\/\/www.chicasafurniture.com\/wp-content\/uploads\/2026\/04\/Custom-Upholstered-Bench-Luxury-Tufted-with-Plinth-Base-3-600x338.webp 600w\" sizes=\"(max-width: 1536px) 100vw, 1536px\" \/><\/figure>\n\n\n\n<figure class=\"wp-block-image size-large\"><img decoding=\"async\" width=\"1920\" height=\"1080\" data-id=\"1423\" src=\"https:\/\/www.chicasafurniture.com\/wp-content\/uploads\/2026\/04\/Custom-Upholstered-Bench-Luxury-Tufted-with-Plinth-Base-6.webp\" alt=\"Banco Tapizado a Medida, Lujoso Mullido con Base de Z\u00f3calo\" class=\"wp-image-1423\" srcset=\"https:\/\/www.chicasafurniture.com\/wp-content\/uploads\/2026\/04\/Custom-Upholstered-Bench-Luxury-Tufted-with-Plinth-Base-6.webp 1920w, https:\/\/www.chicasafurniture.com\/wp-content\/uploads\/2026\/04\/Custom-Upholstered-Bench-Luxury-Tufted-with-Plinth-Base-6-300x169.webp 300w, https:\/\/www.chicasafurniture.com\/wp-content\/uploads\/2026\/04\/Custom-Upholstered-Bench-Luxury-Tufted-with-Plinth-Base-6-768x432.webp 768w, https:\/\/www.chicasafurniture.com\/wp-content\/uploads\/2026\/04\/Custom-Upholstered-Bench-Luxury-Tufted-with-Plinth-Base-6-18x10.webp 18w, https:\/\/www.chicasafurniture.com\/wp-content\/uploads\/2026\/04\/Custom-Upholstered-Bench-Luxury-Tufted-with-Plinth-Base-6-1200x675.webp 1200w, https:\/\/www.chicasafurniture.com\/wp-content\/uploads\/2026\/04\/Custom-Upholstered-Bench-Luxury-Tufted-with-Plinth-Base-6-600x338.webp 600w\" sizes=\"(max-width: 1920px) 100vw, 1920px\" \/><\/figure>\n<\/figure>","protected":false},"excerpt":{"rendered":"<p>Bienvenido a pedir muebles a medida para el hogar. Eleve su espacio con este banco tapizado personalizado hecho a medida, con un profundo mech\u00f3n de terciopelo de color topo de primera calidad y una elegante base de z\u00f3calo empotrada.<\/p>\n<table style=\"border-collapse: collapse; width: 222.03pt;\" border=\"0\" width=\"222\" cellspacing=\"0\" cellpadding=\"0\">\n<tbody>\n<tr style=\"height: 15.20pt;\">\n<td class=\"et2\" style=\"height: 15.20pt; width: 81.65pt;\" width=\"81\" height=\"15\">Fabricante<\/td>\n<td class=\"et2\" style=\"width: 140.80pt;\" width=\"140\">Chicasa<\/td>\n<\/tr>\n<tr style=\"height: 15.20pt;\">\n<td class=\"et2\" style=\"height: 15.20pt;\" height=\"15\">Categor\u00eda<\/td>\n<td class=\"et2\">Banco<\/td>\n<\/tr>\n<tr style=\"height: 15.20pt;\">\n<td class=\"et2\" style=\"height: 15.20pt;\" height=\"15\">Aplicaci\u00f3n<\/td>\n<td class=\"et2\">Dormitorio<\/td>\n<\/tr>\n<tr style=\"height: 15.20pt;\">\n<td class=\"et2\" style=\"height: 15.20pt;\" height=\"15\">Estilo<\/td>\n<td class=\"et2\">Lujo refinado<\/td>\n<\/tr>\n<tr style=\"height: 15.20pt;\">\n<td class=\"et2\" style=\"height: 15.20pt;\" height=\"15\">Modelo<\/td>\n<td class=\"et2\">QMY-BH011<\/td>\n<\/tr>\n<tr style=\"height: 15.20pt;\">\n<td class=\"et2\" style=\"height: 15.20pt;\" height=\"15\">Personalizaci\u00f3n<\/td>\n<td class=\"et2\">Color, tama\u00f1o, material<\/td>\n<\/tr>\n<tr style=\"height: 15.20pt;\">\n<td class=\"et2\" style=\"height: 15.20pt;\" height=\"15\">MOQ<\/td>\n<td class=\"et2\">1 unidad<\/td>\n<\/tr>\n<\/tbody>\n<\/table>","protected":false},"featured_media":1418,"comment_status":"closed","ping_status":"closed","template":"","meta":{"_acf_changed":false},"product_brand":[],"product_cat":[18,37],"product_tag":[],"class_list":{"0":"post-1417","1":"product","2":"type-product","3":"status-publish","4":"has-post-thumbnail","6":"product_cat-bespoke-bedroom-furniture","7":"product_cat-custom-bedroom-benches","9":"first","10":"instock","11":"shipping-taxable","12":"product-type-simple"},"acf":[],"_links":{"self":[{"href":"https:\/\/www.chicasafurniture.com\/es\/wp-json\/wp\/v2\/product\/1417","targetHints":{"allow":["GET"]}}],"collection":[{"href":"https:\/\/www.chicasafurniture.com\/es\/wp-json\/wp\/v2\/product"}],"about":[{"href":"https:\/\/www.chicasafurniture.com\/es\/wp-json\/wp\/v2\/types\/product"}],"replies":[{"embeddable":true,"href":"https:\/\/www.chicasafurniture.com\/es\/wp-json\/wp\/v2\/comments?post=1417"}],"wp:featuredmedia":[{"embeddable":true,"href":"https:\/\/www.chicasafurniture.com\/es\/wp-json\/wp\/v2\/media\/1418"}],"wp:attachment":[{"href":"https:\/\/www.chicasafurniture.com\/es\/wp-json\/wp\/v2\/media?parent=1417"}],"wp:term":[{"taxonomy":"product_brand","embeddable":true,"href":"https:\/\/www.chicasafurniture.com\/es\/wp-json\/wp\/v2\/product_brand?post=1417"},{"taxonomy":"product_cat","embeddable":true,"href":"https:\/\/www.chicasafurniture.com\/es\/wp-json\/wp\/v2\/product_cat?post=1417"},{"taxonomy":"product_tag","embeddable":true,"href":"https:\/\/www.chicasafurniture.com\/es\/wp-json\/wp\/v2\/product_tag?post=1417"}],"curies":[{"name":"wp","href":"https:\/\/api.w.org\/{rel}","templated":true}]}}