{"id":1424,"date":"2026-04-09T09:21:05","date_gmt":"2026-04-09T09:21:05","guid":{"rendered":"https:\/\/www.chicasafurniture.com\/?post_type=product&#038;p=1424"},"modified":"2026-04-09T09:27:38","modified_gmt":"2026-04-09T09:27:38","slug":"luxury-bedroom-benches","status":"publish","type":"product","link":"https:\/\/www.chicasafurniture.com\/es\/product\/luxury-bedroom-benches\/","title":{"rendered":"Bancos de Dormitorio de Lujo, Otomana Acolchada con Detalles de N\u00edquel"},"content":{"rendered":"<h2 class=\"wp-block-heading\">Especificaciones de producto de los bancos de lujo a medida para dormitorio<\/h2>\n\n\n\n<figure class=\"wp-block-table\"><table class=\"has-fixed-layout\"><tbody><tr><td>Marco<\/td><td>Material de cubierta<\/td><td>Material de relleno<\/td><td>Piernas<\/td><td>Color<\/td><td>Talla<\/td><td>Peso<\/td><\/tr><tr><td>Madera<\/td><td>Tejido<\/td><td>Esponja de alta densidad<\/td><td>Madera<\/td><td>Personalizado<\/td><td>Personalizado<\/td><td>45-55kg<\/td><\/tr><\/tbody><\/table><\/figure>\n\n\n\n<div class=\"wp-block-columns is-layout-flex wp-container-core-columns-is-layout-9d6595d7 wp-block-columns-is-layout-flex\">\n<div class=\"wp-block-column is-layout-flow wp-block-column-is-layout-flow\">\n<h2 class=\"wp-block-heading\">Premium Bespoke Lujo Dormitorio Bancos Caracter\u00edsticas:<\/h2>\n\n\n\n<ul class=\"wp-block-list\">\n<li><strong>Personalizaci\u00f3n de gama alta:<\/strong> Ofrecemos servicios integrales de personalizaci\u00f3n para nuestros bancos de dormitorio de lujo, lo que le permite adaptar las dimensiones de su exclusivo banco para que se adapte perfectamente a la distribuci\u00f3n espacial de su dormitorio, a su est\u00e9tica general y a sus requisitos funcionales espec\u00edficos.<\/li>\n\n\n\n<li><strong>Exquisita selecci\u00f3n de tejidos:<\/strong> Nuestros bancos de dormitorio a medida presentan una cuidada selecci\u00f3n de tejidos texturizados de color gris oscuro con un tacto de primera calidad. Rico al tacto y con un brillo suave y sutil, el material emana un aire de lujo discreto y gusto refinado.<\/li>\n\n\n\n<li><strong>Magistral artesan\u00eda de mechones:<\/strong> Nuestros lujosos bancos de dormitorio a medida exhiben el cl\u00e1sico mech\u00f3n de botones de estilo europeo, una meticulosa t\u00e9cnica artesanal que crea un efecto tridimensional de gran riqueza visual y es testimonio de nuestra calidad artesanal.<\/li>\n\n\n\n<li><strong>Excelencia en cada detalle:<\/strong> Este banco de dormitorio a medida cuenta con robustas patas de madera maciza oscura inteligentemente acentuadas con virolas de n\u00edquel pulido en la base. Este detalle de dise\u00f1o no solo realza el estilo contempor\u00e1neo de la pieza, sino que tambi\u00e9n a\u00f1ade un toque de exquisita sofisticaci\u00f3n y refinamiento.<\/li>\n\n\n\n<li><strong>Equilibrio entre utilidad y est\u00e9tica:<\/strong> Estos lujosos bancos de dormitorio a medida tienen una doble funci\u00f3n: son un perfecto acento decorativo a los pies de la cama y, al mismo tiempo, funcionan como un c\u00f3modo asiento para relajarse o como una pr\u00e1ctica superficie para guardar la ropa, logrando un equilibrio perfecto entre la funcionalidad de los muebles y la est\u00e9tica del espacio.<\/li>\n<\/ul>\n<\/div>\n\n\n\n<div class=\"wp-block-column is-layout-flow wp-block-column-is-layout-flow\">\n<figure class=\"wp-block-image size-full\"><img decoding=\"async\" width=\"949\" height=\"1080\" src=\"https:\/\/www.chicasafurniture.com\/wp-content\/uploads\/2026\/04\/Bespoke-Luxury-Bedroom-Benches-Tufted-Ottoman-with-Nickel-Details-4.webp\" alt=\"Bancos de dormitorio de lujo a medida, otomana acolchada con detalles en n\u00edquel\" class=\"wp-image-1428\" srcset=\"https:\/\/www.chicasafurniture.com\/wp-content\/uploads\/2026\/04\/Bespoke-Luxury-Bedroom-Benches-Tufted-Ottoman-with-Nickel-Details-4.webp 949w, https:\/\/www.chicasafurniture.com\/wp-content\/uploads\/2026\/04\/Bespoke-Luxury-Bedroom-Benches-Tufted-Ottoman-with-Nickel-Details-4-264x300.webp 264w, https:\/\/www.chicasafurniture.com\/wp-content\/uploads\/2026\/04\/Bespoke-Luxury-Bedroom-Benches-Tufted-Ottoman-with-Nickel-Details-4-768x874.webp 768w, https:\/\/www.chicasafurniture.com\/wp-content\/uploads\/2026\/04\/Bespoke-Luxury-Bedroom-Benches-Tufted-Ottoman-with-Nickel-Details-4-11x12.webp 11w, https:\/\/www.chicasafurniture.com\/wp-content\/uploads\/2026\/04\/Bespoke-Luxury-Bedroom-Benches-Tufted-Ottoman-with-Nickel-Details-4-600x683.webp 600w\" sizes=\"(max-width: 949px) 100vw, 949px\" \/><\/figure>\n<\/div>\n<\/div>\n\n\n\n<figure class=\"wp-block-gallery has-nested-images columns-1 is-cropped wp-block-gallery-1 is-layout-flex wp-block-gallery-is-layout-flex\">\n<figure class=\"wp-block-image size-full\"><img decoding=\"async\" width=\"1920\" height=\"1080\" data-id=\"1426\" src=\"https:\/\/www.chicasafurniture.com\/wp-content\/uploads\/2026\/04\/Bespoke-Luxury-Bedroom-Benches-Tufted-Ottoman-with-Nickel-Details-2.webp\" alt=\"Bancos de dormitorio de lujo a medida, otomana acolchada con detalles en n\u00edquel\" class=\"wp-image-1426\" srcset=\"https:\/\/www.chicasafurniture.com\/wp-content\/uploads\/2026\/04\/Bespoke-Luxury-Bedroom-Benches-Tufted-Ottoman-with-Nickel-Details-2.webp 1920w, https:\/\/www.chicasafurniture.com\/wp-content\/uploads\/2026\/04\/Bespoke-Luxury-Bedroom-Benches-Tufted-Ottoman-with-Nickel-Details-2-300x169.webp 300w, https:\/\/www.chicasafurniture.com\/wp-content\/uploads\/2026\/04\/Bespoke-Luxury-Bedroom-Benches-Tufted-Ottoman-with-Nickel-Details-2-768x432.webp 768w, https:\/\/www.chicasafurniture.com\/wp-content\/uploads\/2026\/04\/Bespoke-Luxury-Bedroom-Benches-Tufted-Ottoman-with-Nickel-Details-2-18x10.webp 18w, https:\/\/www.chicasafurniture.com\/wp-content\/uploads\/2026\/04\/Bespoke-Luxury-Bedroom-Benches-Tufted-Ottoman-with-Nickel-Details-2-1200x675.webp 1200w, https:\/\/www.chicasafurniture.com\/wp-content\/uploads\/2026\/04\/Bespoke-Luxury-Bedroom-Benches-Tufted-Ottoman-with-Nickel-Details-2-600x338.webp 600w\" sizes=\"(max-width: 1920px) 100vw, 1920px\" \/><\/figure>\n<\/figure>","protected":false},"excerpt":{"rendered":"<p>Bienvenido a pedir muebles a medida para el hogar. Elevar su espacio con este moderno a medida bancos de dormitorio de lujo, con tufting denso en tela gris con textura de primera calidad y elegantes patas de madera oscura con tapas de n\u00edquel pulido.<\/p>\n<table style=\"border-collapse: collapse; width: 222.03pt;\" border=\"0\" width=\"222\" cellspacing=\"0\" cellpadding=\"0\">\n<tbody>\n<tr style=\"height: 15.20pt;\">\n<td class=\"et2\" style=\"height: 15.20pt; width: 81.65pt;\" width=\"81\" height=\"15\">Fabricante<\/td>\n<td class=\"et2\" style=\"width: 140.80pt;\" width=\"140\">Chicasa<\/td>\n<\/tr>\n<tr style=\"height: 15.20pt;\">\n<td class=\"et2\" style=\"height: 15.20pt;\" height=\"15\">Categor\u00eda<\/td>\n<td class=\"et2\">Banco<\/td>\n<\/tr>\n<tr style=\"height: 15.20pt;\">\n<td class=\"et2\" style=\"height: 15.20pt;\" height=\"15\">Aplicaci\u00f3n<\/td>\n<td class=\"et2\">Dormitorio<\/td>\n<\/tr>\n<tr style=\"height: 15.20pt;\">\n<td class=\"et2\" style=\"height: 15.20pt;\" height=\"15\">Estilo<\/td>\n<td class=\"et2\">Lujo refinado<\/td>\n<\/tr>\n<tr style=\"height: 15.20pt;\">\n<td class=\"et2\" style=\"height: 15.20pt;\" height=\"15\">Modelo<\/td>\n<td class=\"et2\">QMY-BH012<\/td>\n<\/tr>\n<tr style=\"height: 15.20pt;\">\n<td class=\"et2\" style=\"height: 15.20pt;\" height=\"15\">Personalizaci\u00f3n<\/td>\n<td class=\"et2\">Color, tama\u00f1o, material<\/td>\n<\/tr>\n<tr style=\"height: 15.20pt;\">\n<td class=\"et2\" style=\"height: 15.20pt;\" height=\"15\">MOQ<\/td>\n<td class=\"et2\">1 unidad<\/td>\n<\/tr>\n<\/tbody>\n<\/table>","protected":false},"featured_media":1425,"comment_status":"closed","ping_status":"closed","template":"","meta":{"_acf_changed":false},"product_brand":[],"product_cat":[18,37],"product_tag":[],"class_list":{"0":"post-1424","1":"product","2":"type-product","3":"status-publish","4":"has-post-thumbnail","6":"product_cat-bespoke-bedroom-furniture","7":"product_cat-custom-bedroom-benches","9":"first","10":"instock","11":"shipping-taxable","12":"product-type-simple"},"acf":[],"_links":{"self":[{"href":"https:\/\/www.chicasafurniture.com\/es\/wp-json\/wp\/v2\/product\/1424","targetHints":{"allow":["GET"]}}],"collection":[{"href":"https:\/\/www.chicasafurniture.com\/es\/wp-json\/wp\/v2\/product"}],"about":[{"href":"https:\/\/www.chicasafurniture.com\/es\/wp-json\/wp\/v2\/types\/product"}],"replies":[{"embeddable":true,"href":"https:\/\/www.chicasafurniture.com\/es\/wp-json\/wp\/v2\/comments?post=1424"}],"wp:featuredmedia":[{"embeddable":true,"href":"https:\/\/www.chicasafurniture.com\/es\/wp-json\/wp\/v2\/media\/1425"}],"wp:attachment":[{"href":"https:\/\/www.chicasafurniture.com\/es\/wp-json\/wp\/v2\/media?parent=1424"}],"wp:term":[{"taxonomy":"product_brand","embeddable":true,"href":"https:\/\/www.chicasafurniture.com\/es\/wp-json\/wp\/v2\/product_brand?post=1424"},{"taxonomy":"product_cat","embeddable":true,"href":"https:\/\/www.chicasafurniture.com\/es\/wp-json\/wp\/v2\/product_cat?post=1424"},{"taxonomy":"product_tag","embeddable":true,"href":"https:\/\/www.chicasafurniture.com\/es\/wp-json\/wp\/v2\/product_tag?post=1424"}],"curies":[{"name":"wp","href":"https:\/\/api.w.org\/{rel}","templated":true}]}}