{"id":1462,"date":"2026-04-13T07:39:19","date_gmt":"2026-04-13T07:39:19","guid":{"rendered":"https:\/\/www.chicasafurniture.com\/?post_type=product&#038;p=1462"},"modified":"2026-04-13T07:45:44","modified_gmt":"2026-04-13T07:45:44","slug":"gray-dining-chair","status":"publish","type":"product","link":"https:\/\/www.chicasafurniture.com\/es\/product\/gray-dining-chair\/","title":{"rendered":"Sillas de comedor grises a medida, acolchadas con patas doradas"},"content":{"rendered":"<h2 class=\"wp-block-heading\">Especificaciones de producto de las sillas de comedor grises a medida<\/h2>\n\n\n\n<figure class=\"wp-block-table\"><table class=\"has-fixed-layout\"><tbody><tr><td>Marco<\/td><td>Material de cubierta<\/td><td>Material de relleno<\/td><td>Piernas<\/td><td>Color<\/td><td>Talla<\/td><td>Peso<\/td><\/tr><tr><td>Madera maciza<\/td><td>Tejido\/Piel<\/td><td>Esponja de alta densidad<\/td><td>Madera maciza<\/td><td>Personalizado<\/td><td>Talla normal<\/td><td>15-30kg<\/td><\/tr><\/tbody><\/table><\/figure>\n\n\n\n<div class=\"wp-block-columns is-layout-flex wp-container-core-columns-is-layout-9d6595d7 wp-block-columns-is-layout-flex\">\n<div class=\"wp-block-column is-layout-flow wp-block-column-is-layout-flow\">\n<h2 class=\"wp-block-heading\">Premium Gris Sillas de comedor Caracter\u00edsticas:<\/h2>\n\n\n\n<ul class=\"wp-block-list\">\n<li><strong>Diamond Tufting Artesan\u00eda:<\/strong> Esta silla de comedor gris a medida presenta una exclusiva t\u00e9cnica de acolchado en forma de diamante, que crea una refinada textura tridimensional tanto en el asiento como en el respaldo y resalta los detalles est\u00e9ticos de un dise\u00f1o personalizado de alta gama.<\/li>\n\n\n\n<li><strong>Patas doradas:<\/strong> Las patas de esta elegante silla de comedor gris est\u00e1n adornadas con detalles dorados; el brillo met\u00e1lico crea un sofisticado contraste con el tono gris primario de la silla, exudando un refinado sentido del dise\u00f1o de \u201clujo ligero\u201d.<\/li>\n\n\n\n<li><strong>Personalizaci\u00f3n exclusiva de tejido y relleno: <\/strong>Nuestra silla de comedor gris a medida ofrece opciones de personalizaci\u00f3n para una variedad de telas de primera calidad -incluidos el terciopelo y el lino- y permite un ajuste personalizado de la proporci\u00f3n de relleno interno (espuma de alta densidad y plum\u00f3n) para lograr su comodidad de asiento y est\u00e9tica visual ideales.<\/li>\n\n\n\n<li><strong>Dimensiones personalizadas y personalizaci\u00f3n del marco: <\/strong>Esta elegante silla de comedor puede personalizarse por completo -incluyendo la altura del respaldo, la profundidad del asiento y las proporciones generales- en funci\u00f3n de la altura del usuario, la altura de la mesa y otras especificaciones para garantizar un ajuste perfecto. Adem\u00e1s, puede elegir entre varias estructuras de madera maciza, como nogal o fresno, para conseguir el aspecto que desee.<\/li>\n<\/ul>\n<\/div>\n\n\n\n<div class=\"wp-block-column is-layout-flow wp-block-column-is-layout-flow\">\n<figure class=\"wp-block-image size-full\"><img decoding=\"async\" width=\"1000\" height=\"1000\" src=\"https:\/\/www.chicasafurniture.com\/wp-content\/uploads\/2026\/04\/Bespoke-Gray-Dining-Chairs-Quilted-with-Gold-Tipped-Legs-3.webp\" alt=\"Sillas de comedor grises a medida, acolchadas con patas doradas\" class=\"wp-image-1465\" srcset=\"https:\/\/www.chicasafurniture.com\/wp-content\/uploads\/2026\/04\/Bespoke-Gray-Dining-Chairs-Quilted-with-Gold-Tipped-Legs-3.webp 1000w, https:\/\/www.chicasafurniture.com\/wp-content\/uploads\/2026\/04\/Bespoke-Gray-Dining-Chairs-Quilted-with-Gold-Tipped-Legs-3-300x300.webp 300w, https:\/\/www.chicasafurniture.com\/wp-content\/uploads\/2026\/04\/Bespoke-Gray-Dining-Chairs-Quilted-with-Gold-Tipped-Legs-3-150x150.webp 150w, https:\/\/www.chicasafurniture.com\/wp-content\/uploads\/2026\/04\/Bespoke-Gray-Dining-Chairs-Quilted-with-Gold-Tipped-Legs-3-768x768.webp 768w, https:\/\/www.chicasafurniture.com\/wp-content\/uploads\/2026\/04\/Bespoke-Gray-Dining-Chairs-Quilted-with-Gold-Tipped-Legs-3-12x12.webp 12w, https:\/\/www.chicasafurniture.com\/wp-content\/uploads\/2026\/04\/Bespoke-Gray-Dining-Chairs-Quilted-with-Gold-Tipped-Legs-3-600x600.webp 600w, https:\/\/www.chicasafurniture.com\/wp-content\/uploads\/2026\/04\/Bespoke-Gray-Dining-Chairs-Quilted-with-Gold-Tipped-Legs-3-100x100.webp 100w\" sizes=\"(max-width: 1000px) 100vw, 1000px\" \/><\/figure>\n<\/div>\n<\/div>\n\n\n\n<figure class=\"wp-block-image size-full\"><img decoding=\"async\" width=\"1920\" height=\"1280\" src=\"https:\/\/www.chicasafurniture.com\/wp-content\/uploads\/2026\/04\/Bespoke-Gray-Dining-Chairs-Quilted-with-Gold-Tipped-Legs-6.webp\" alt=\"Sillas de comedor grises a medida, acolchadas con patas doradas\" class=\"wp-image-1468\" srcset=\"https:\/\/www.chicasafurniture.com\/wp-content\/uploads\/2026\/04\/Bespoke-Gray-Dining-Chairs-Quilted-with-Gold-Tipped-Legs-6.webp 1920w, https:\/\/www.chicasafurniture.com\/wp-content\/uploads\/2026\/04\/Bespoke-Gray-Dining-Chairs-Quilted-with-Gold-Tipped-Legs-6-300x200.webp 300w, https:\/\/www.chicasafurniture.com\/wp-content\/uploads\/2026\/04\/Bespoke-Gray-Dining-Chairs-Quilted-with-Gold-Tipped-Legs-6-768x512.webp 768w, https:\/\/www.chicasafurniture.com\/wp-content\/uploads\/2026\/04\/Bespoke-Gray-Dining-Chairs-Quilted-with-Gold-Tipped-Legs-6-18x12.webp 18w, https:\/\/www.chicasafurniture.com\/wp-content\/uploads\/2026\/04\/Bespoke-Gray-Dining-Chairs-Quilted-with-Gold-Tipped-Legs-6-1200x800.webp 1200w, https:\/\/www.chicasafurniture.com\/wp-content\/uploads\/2026\/04\/Bespoke-Gray-Dining-Chairs-Quilted-with-Gold-Tipped-Legs-6-600x400.webp 600w\" sizes=\"(max-width: 1920px) 100vw, 1920px\" \/><\/figure>\n\n\n\n<figure class=\"wp-block-image size-full\"><img decoding=\"async\" width=\"1920\" height=\"1280\" src=\"https:\/\/www.chicasafurniture.com\/wp-content\/uploads\/2026\/04\/Bespoke-Gray-Dining-Chairs-Quilted-with-Gold-Tipped-Legs-5.webp\" alt=\"Sillas de comedor grises a medida, acolchadas con patas doradas\" class=\"wp-image-1467\" srcset=\"https:\/\/www.chicasafurniture.com\/wp-content\/uploads\/2026\/04\/Bespoke-Gray-Dining-Chairs-Quilted-with-Gold-Tipped-Legs-5.webp 1920w, https:\/\/www.chicasafurniture.com\/wp-content\/uploads\/2026\/04\/Bespoke-Gray-Dining-Chairs-Quilted-with-Gold-Tipped-Legs-5-300x200.webp 300w, https:\/\/www.chicasafurniture.com\/wp-content\/uploads\/2026\/04\/Bespoke-Gray-Dining-Chairs-Quilted-with-Gold-Tipped-Legs-5-768x512.webp 768w, https:\/\/www.chicasafurniture.com\/wp-content\/uploads\/2026\/04\/Bespoke-Gray-Dining-Chairs-Quilted-with-Gold-Tipped-Legs-5-18x12.webp 18w, https:\/\/www.chicasafurniture.com\/wp-content\/uploads\/2026\/04\/Bespoke-Gray-Dining-Chairs-Quilted-with-Gold-Tipped-Legs-5-1200x800.webp 1200w, https:\/\/www.chicasafurniture.com\/wp-content\/uploads\/2026\/04\/Bespoke-Gray-Dining-Chairs-Quilted-with-Gold-Tipped-Legs-5-600x400.webp 600w\" sizes=\"(max-width: 1920px) 100vw, 1920px\" \/><\/figure>\n\n\n\n<figure class=\"wp-block-image size-full\"><img decoding=\"async\" width=\"1920\" height=\"1280\" src=\"https:\/\/www.chicasafurniture.com\/wp-content\/uploads\/2026\/04\/Bespoke-Gray-Dining-Chairs-Quilted-with-Gold-Tipped-Legs-4.webp\" alt=\"Sillas de comedor grises a medida, acolchadas con patas doradas\" class=\"wp-image-1466\" srcset=\"https:\/\/www.chicasafurniture.com\/wp-content\/uploads\/2026\/04\/Bespoke-Gray-Dining-Chairs-Quilted-with-Gold-Tipped-Legs-4.webp 1920w, https:\/\/www.chicasafurniture.com\/wp-content\/uploads\/2026\/04\/Bespoke-Gray-Dining-Chairs-Quilted-with-Gold-Tipped-Legs-4-300x200.webp 300w, https:\/\/www.chicasafurniture.com\/wp-content\/uploads\/2026\/04\/Bespoke-Gray-Dining-Chairs-Quilted-with-Gold-Tipped-Legs-4-768x512.webp 768w, https:\/\/www.chicasafurniture.com\/wp-content\/uploads\/2026\/04\/Bespoke-Gray-Dining-Chairs-Quilted-with-Gold-Tipped-Legs-4-18x12.webp 18w, https:\/\/www.chicasafurniture.com\/wp-content\/uploads\/2026\/04\/Bespoke-Gray-Dining-Chairs-Quilted-with-Gold-Tipped-Legs-4-1200x800.webp 1200w, https:\/\/www.chicasafurniture.com\/wp-content\/uploads\/2026\/04\/Bespoke-Gray-Dining-Chairs-Quilted-with-Gold-Tipped-Legs-4-600x400.webp 600w\" sizes=\"(max-width: 1920px) 100vw, 1920px\" \/><\/figure>","protected":false},"excerpt":{"rendered":"<p>Eleve su espacio de comedor con una silla de comedor gris, con tapicer\u00eda acolchada de diamantes, patas con puntas doradas y una silueta elegante. Adaptada a su visi\u00f3n exacta, esta silla a medida combina el arte con la comodidad para una experiencia gastron\u00f3mica personalizada de alta gama.<\/p>\n<table style=\"border-collapse: collapse; width: 222.03pt;\" border=\"0\" width=\"222\" cellspacing=\"0\" cellpadding=\"0\">\n<tbody>\n<tr style=\"height: 15.20pt;\">\n<td class=\"et2\" style=\"height: 15.20pt; width: 81.65pt;\" width=\"81\" height=\"15\">Fabricante<\/td>\n<td class=\"et2\" style=\"width: 140.80pt;\" width=\"140\">Chicasa<\/td>\n<\/tr>\n<tr style=\"height: 15.20pt;\">\n<td class=\"et2\" style=\"height: 15.20pt;\" height=\"15\">Categor\u00eda<\/td>\n<td class=\"et2\">Silla de comedor<\/td>\n<\/tr>\n<tr style=\"height: 15.20pt;\">\n<td class=\"et2\" style=\"height: 15.20pt;\" height=\"15\">Aplicaci\u00f3n<\/td>\n<td class=\"et2\">Comedor<\/td>\n<\/tr>\n<tr style=\"height: 15.20pt;\">\n<td class=\"et2\" style=\"height: 15.20pt;\" height=\"15\">Estilo<\/td>\n<td class=\"et2\">Lujo refinado<\/td>\n<\/tr>\n<tr style=\"height: 15.20pt;\">\n<td class=\"et2\" style=\"height: 15.20pt;\" height=\"15\">Modelo<\/td>\n<td class=\"et2\">QMY-DC010<\/td>\n<\/tr>\n<tr style=\"height: 15.20pt;\">\n<td class=\"et2\" style=\"height: 15.20pt;\" height=\"15\">Personalizaci\u00f3n<\/td>\n<td class=\"et2\">Color, tama\u00f1o, material<\/td>\n<\/tr>\n<tr style=\"height: 15.20pt;\">\n<td class=\"et2\" style=\"height: 15.20pt;\" height=\"15\">MOQ<\/td>\n<td class=\"et2\">1 unidad<\/td>\n<\/tr>\n<\/tbody>\n<\/table>","protected":false},"featured_media":1463,"comment_status":"closed","ping_status":"closed","template":"","meta":{"_acf_changed":false},"product_brand":[],"product_cat":[30,17],"product_tag":[],"class_list":{"0":"post-1462","1":"product","2":"type-product","3":"status-publish","4":"has-post-thumbnail","6":"product_cat-bespoke-dining-chair","7":"product_cat-custom-dining-room-furniture","9":"first","10":"instock","11":"shipping-taxable","12":"product-type-simple"},"acf":[],"_links":{"self":[{"href":"https:\/\/www.chicasafurniture.com\/es\/wp-json\/wp\/v2\/product\/1462","targetHints":{"allow":["GET"]}}],"collection":[{"href":"https:\/\/www.chicasafurniture.com\/es\/wp-json\/wp\/v2\/product"}],"about":[{"href":"https:\/\/www.chicasafurniture.com\/es\/wp-json\/wp\/v2\/types\/product"}],"replies":[{"embeddable":true,"href":"https:\/\/www.chicasafurniture.com\/es\/wp-json\/wp\/v2\/comments?post=1462"}],"wp:featuredmedia":[{"embeddable":true,"href":"https:\/\/www.chicasafurniture.com\/es\/wp-json\/wp\/v2\/media\/1463"}],"wp:attachment":[{"href":"https:\/\/www.chicasafurniture.com\/es\/wp-json\/wp\/v2\/media?parent=1462"}],"wp:term":[{"taxonomy":"product_brand","embeddable":true,"href":"https:\/\/www.chicasafurniture.com\/es\/wp-json\/wp\/v2\/product_brand?post=1462"},{"taxonomy":"product_cat","embeddable":true,"href":"https:\/\/www.chicasafurniture.com\/es\/wp-json\/wp\/v2\/product_cat?post=1462"},{"taxonomy":"product_tag","embeddable":true,"href":"https:\/\/www.chicasafurniture.com\/es\/wp-json\/wp\/v2\/product_tag?post=1462"}],"curies":[{"name":"wp","href":"https:\/\/api.w.org\/{rel}","templated":true}]}}