{"id":360,"date":"2026-02-11T02:15:27","date_gmt":"2026-02-11T02:15:27","guid":{"rendered":"https:\/\/www.chicasafurniture.com\/?post_type=product&#038;p=360"},"modified":"2026-02-11T02:15:27","modified_gmt":"2026-02-11T02:15:27","slug":"custom-made-sofa","status":"publish","type":"product","link":"https:\/\/www.chicasafurniture.com\/es\/product\/custom-made-sofa\/","title":{"rendered":"Sof\u00e1 modular curvo a medida, sof\u00e1 moderno de tela en forma de L"},"content":{"rendered":"<h2 class=\"wp-block-heading\">Especificaciones de los sof\u00e1s a medida<\/h2>\n\n\n\n<figure class=\"wp-block-table\"><table class=\"has-fixed-layout\"><tbody><tr><td>Marco<\/td><td>Material de cubierta<\/td><td>Material de relleno<\/td><td>Piernas<\/td><td>Color<\/td><td>Talla<\/td><td>Peso<\/td><\/tr><tr><td>Madera maciza<\/td><td>Tejido<\/td><td>Esponja de alta densidad<\/td><td>Madera<\/td><td>Personalizado<\/td><td>Personalizado<\/td><td>90-240 kg<\/td><\/tr><\/tbody><\/table><\/figure>\n\n\n\n<div class=\"wp-block-columns is-layout-flex wp-container-core-columns-is-layout-9d6595d7 wp-block-columns-is-layout-flex\">\n<div class=\"wp-block-column is-layout-flow wp-block-column-is-layout-flow\">\n<h2 class=\"wp-block-heading\">Sof\u00e1s Premium hechos a medida Caracter\u00edsticas:<\/h2>\n\n\n\n<ul class=\"wp-block-list\">\n<li><strong>Robusto marco de madera maciza: <\/strong>Nuestro sof\u00e1 a medida est\u00e1 fabricado con madera maciza de alta calidad para que tenga un buen peso y resistencia, as\u00ed como una estructura de carga robusta.<\/li>\n\n\n\n<li><strong>Tejido respetuoso con la piel: <\/strong>La superficie de tela suave y transpirable de este lujoso sof\u00e1 a medida es agradable al tacto y complementa f\u00e1cilmente varios estilos de decoraci\u00f3n del hogar.<\/li>\n\n\n\n<li><strong>Relleno de espuma de alta resistencia: <\/strong>El asiento y el respaldo de nuestros sof\u00e1s a medida est\u00e1n fabricados con espuma de alta densidad que es muy resistente y no se comprime ni pierde apoyo tras un uso prolongado.<\/li>\n\n\n\n<li><strong>Servicio integral de personalizaci\u00f3n: <\/strong>Nuestro lujoso sof\u00e1 a medida puede personalizarse en color, tama\u00f1o y material para adaptarse a sus necesidades individuales.<\/li>\n\n\n\n<li><strong>Dise\u00f1o modular flexible:<\/strong> Los m\u00f3dulos curvados de nuestros sof\u00e1s a medida pueden unirse f\u00e1cilmente para crear formas en L, envolventes y otras distribuciones de la habitaci\u00f3n. No hay cantidades m\u00ednimas de pedido para los sof\u00e1s a medida.<\/li>\n<\/ul>\n<\/div>\n\n\n\n<div class=\"wp-block-column is-layout-flow wp-block-column-is-layout-flow\">\n<figure class=\"wp-block-image size-full\"><img decoding=\"async\" width=\"1280\" height=\"1704\" src=\"https:\/\/www.chicasafurniture.com\/wp-content\/uploads\/2026\/02\/Modular-Curved-Custom-Made-Sofa-L-Shape-Modern-Fabric-Sofa-5.webp\" alt=\"Sof\u00e1 modular curvo a medida, en forma de L Sof\u00e1 moderno de tela-5\" class=\"wp-image-365\" srcset=\"https:\/\/www.chicasafurniture.com\/wp-content\/uploads\/2026\/02\/Modular-Curved-Custom-Made-Sofa-L-Shape-Modern-Fabric-Sofa-5.webp 1280w, https:\/\/www.chicasafurniture.com\/wp-content\/uploads\/2026\/02\/Modular-Curved-Custom-Made-Sofa-L-Shape-Modern-Fabric-Sofa-5-225x300.webp 225w, https:\/\/www.chicasafurniture.com\/wp-content\/uploads\/2026\/02\/Modular-Curved-Custom-Made-Sofa-L-Shape-Modern-Fabric-Sofa-5-768x1022.webp 768w, https:\/\/www.chicasafurniture.com\/wp-content\/uploads\/2026\/02\/Modular-Curved-Custom-Made-Sofa-L-Shape-Modern-Fabric-Sofa-5-1200x1598.webp 1200w, https:\/\/www.chicasafurniture.com\/wp-content\/uploads\/2026\/02\/Modular-Curved-Custom-Made-Sofa-L-Shape-Modern-Fabric-Sofa-5-600x799.webp 600w\" sizes=\"(max-width: 1280px) 100vw, 1280px\" \/><\/figure>\n<\/div>\n<\/div>\n\n\n\n<div class=\"wp-block-columns is-layout-flex wp-container-core-columns-is-layout-9d6595d7 wp-block-columns-is-layout-flex\">\n<div class=\"wp-block-column is-layout-flow wp-block-column-is-layout-flow\">\n<figure class=\"wp-block-image size-full\"><img decoding=\"async\" width=\"1280\" height=\"711\" src=\"https:\/\/www.chicasafurniture.com\/wp-content\/uploads\/2026\/02\/Modular-Curved-Custom-Made-Sofa-L-Shape-Modern-Fabric-Sofa-1.webp\" alt=\"Sof\u00e1 modular curvo a medida, en forma de L Sof\u00e1 moderno de tela-1\" class=\"wp-image-361\" srcset=\"https:\/\/www.chicasafurniture.com\/wp-content\/uploads\/2026\/02\/Modular-Curved-Custom-Made-Sofa-L-Shape-Modern-Fabric-Sofa-1.webp 1280w, https:\/\/www.chicasafurniture.com\/wp-content\/uploads\/2026\/02\/Modular-Curved-Custom-Made-Sofa-L-Shape-Modern-Fabric-Sofa-1-300x167.webp 300w, https:\/\/www.chicasafurniture.com\/wp-content\/uploads\/2026\/02\/Modular-Curved-Custom-Made-Sofa-L-Shape-Modern-Fabric-Sofa-1-768x427.webp 768w, https:\/\/www.chicasafurniture.com\/wp-content\/uploads\/2026\/02\/Modular-Curved-Custom-Made-Sofa-L-Shape-Modern-Fabric-Sofa-1-1200x667.webp 1200w, https:\/\/www.chicasafurniture.com\/wp-content\/uploads\/2026\/02\/Modular-Curved-Custom-Made-Sofa-L-Shape-Modern-Fabric-Sofa-1-600x333.webp 600w\" sizes=\"(max-width: 1280px) 100vw, 1280px\" \/><\/figure>\n<\/div>\n\n\n\n<div class=\"wp-block-column is-layout-flow wp-block-column-is-layout-flow\">\n<figure class=\"wp-block-image size-full\"><img decoding=\"async\" width=\"1280\" height=\"711\" src=\"https:\/\/www.chicasafurniture.com\/wp-content\/uploads\/2026\/02\/Modular-Curved-Custom-Made-Sofa-L-Shape-Modern-Fabric-Sofa-8.webp\" alt=\"Sof\u00e1 modular curvado a medida, en forma de L Sof\u00e1 moderno de tela-8\" class=\"wp-image-368\" srcset=\"https:\/\/www.chicasafurniture.com\/wp-content\/uploads\/2026\/02\/Modular-Curved-Custom-Made-Sofa-L-Shape-Modern-Fabric-Sofa-8.webp 1280w, https:\/\/www.chicasafurniture.com\/wp-content\/uploads\/2026\/02\/Modular-Curved-Custom-Made-Sofa-L-Shape-Modern-Fabric-Sofa-8-300x167.webp 300w, https:\/\/www.chicasafurniture.com\/wp-content\/uploads\/2026\/02\/Modular-Curved-Custom-Made-Sofa-L-Shape-Modern-Fabric-Sofa-8-768x427.webp 768w, https:\/\/www.chicasafurniture.com\/wp-content\/uploads\/2026\/02\/Modular-Curved-Custom-Made-Sofa-L-Shape-Modern-Fabric-Sofa-8-1200x667.webp 1200w, https:\/\/www.chicasafurniture.com\/wp-content\/uploads\/2026\/02\/Modular-Curved-Custom-Made-Sofa-L-Shape-Modern-Fabric-Sofa-8-600x333.webp 600w\" sizes=\"(max-width: 1280px) 100vw, 1280px\" \/><\/figure>\n<\/div>\n<\/div>\n\n\n\n<div class=\"wp-block-columns is-layout-flex wp-container-core-columns-is-layout-9d6595d7 wp-block-columns-is-layout-flex\">\n<div class=\"wp-block-column is-layout-flow wp-block-column-is-layout-flow\">\n<figure class=\"wp-block-image size-full\"><img decoding=\"async\" width=\"1280\" height=\"711\" src=\"https:\/\/www.chicasafurniture.com\/wp-content\/uploads\/2026\/02\/Modular-Curved-Custom-Made-Sofa-L-Shape-Modern-Fabric-Sofa-7.webp\" alt=\"Sof\u00e1 modular curvo a medida, en forma de L Sof\u00e1 moderno de tela-7\" class=\"wp-image-367\" srcset=\"https:\/\/www.chicasafurniture.com\/wp-content\/uploads\/2026\/02\/Modular-Curved-Custom-Made-Sofa-L-Shape-Modern-Fabric-Sofa-7.webp 1280w, https:\/\/www.chicasafurniture.com\/wp-content\/uploads\/2026\/02\/Modular-Curved-Custom-Made-Sofa-L-Shape-Modern-Fabric-Sofa-7-300x167.webp 300w, https:\/\/www.chicasafurniture.com\/wp-content\/uploads\/2026\/02\/Modular-Curved-Custom-Made-Sofa-L-Shape-Modern-Fabric-Sofa-7-768x427.webp 768w, https:\/\/www.chicasafurniture.com\/wp-content\/uploads\/2026\/02\/Modular-Curved-Custom-Made-Sofa-L-Shape-Modern-Fabric-Sofa-7-1200x667.webp 1200w, https:\/\/www.chicasafurniture.com\/wp-content\/uploads\/2026\/02\/Modular-Curved-Custom-Made-Sofa-L-Shape-Modern-Fabric-Sofa-7-600x333.webp 600w\" sizes=\"(max-width: 1280px) 100vw, 1280px\" \/><\/figure>\n<\/div>\n\n\n\n<div class=\"wp-block-column is-layout-flow wp-block-column-is-layout-flow\">\n<figure class=\"wp-block-image size-full\"><img decoding=\"async\" width=\"1920\" height=\"1067\" src=\"https:\/\/www.chicasafurniture.com\/wp-content\/uploads\/2026\/02\/Modular-Curved-Custom-Made-Sofa-L-Shape-Modern-Fabric-Sofa-9.webp\" alt=\"Sof\u00e1 modular curvo a medida, en forma de L Sof\u00e1 moderno de tela-9\" class=\"wp-image-369\" srcset=\"https:\/\/www.chicasafurniture.com\/wp-content\/uploads\/2026\/02\/Modular-Curved-Custom-Made-Sofa-L-Shape-Modern-Fabric-Sofa-9.webp 1920w, https:\/\/www.chicasafurniture.com\/wp-content\/uploads\/2026\/02\/Modular-Curved-Custom-Made-Sofa-L-Shape-Modern-Fabric-Sofa-9-300x167.webp 300w, https:\/\/www.chicasafurniture.com\/wp-content\/uploads\/2026\/02\/Modular-Curved-Custom-Made-Sofa-L-Shape-Modern-Fabric-Sofa-9-768x427.webp 768w, https:\/\/www.chicasafurniture.com\/wp-content\/uploads\/2026\/02\/Modular-Curved-Custom-Made-Sofa-L-Shape-Modern-Fabric-Sofa-9-1200x667.webp 1200w, https:\/\/www.chicasafurniture.com\/wp-content\/uploads\/2026\/02\/Modular-Curved-Custom-Made-Sofa-L-Shape-Modern-Fabric-Sofa-9-600x333.webp 600w\" sizes=\"(max-width: 1920px) 100vw, 1920px\" \/><\/figure>\n<\/div>\n<\/div>","protected":false},"excerpt":{"rendered":"<p>Bienvenido a pedir muebles de sal\u00f3n a medida. Este sof\u00e1 a medida presenta una suave tapicer\u00eda de tela beige claro y un elegante dise\u00f1o modular curvado, que permite configuraciones flexibles, como disposiciones en forma de L o envolventes. El color, el tama\u00f1o y los materiales pueden personalizarse.<\/p>\n<table style=\"border-collapse: collapse; width: 222.03pt;\" border=\"0\" width=\"222\" cellspacing=\"0\" cellpadding=\"0\">\n<tbody>\n<tr style=\"height: 15.20pt;\">\n<td class=\"et2\" style=\"height: 15.20pt; width: 81.65pt;\" width=\"81\" height=\"15\">Fabricante<\/td>\n<td class=\"et2\" style=\"width: 140.80pt;\" width=\"140\">ChiCasa<\/td>\n<\/tr>\n<tr style=\"height: 15.20pt;\">\n<td class=\"et2\" style=\"height: 15.20pt;\" height=\"15\">Categor\u00eda<\/td>\n<td class=\"et2\">Sof\u00e1<\/td>\n<\/tr>\n<tr style=\"height: 15.20pt;\">\n<td class=\"et2\" style=\"height: 15.20pt;\" height=\"15\">Aplicaci\u00f3n<\/td>\n<td class=\"et2\">Sala de estar<\/td>\n<\/tr>\n<tr style=\"height: 15.20pt;\">\n<td class=\"et2\" style=\"height: 15.20pt;\" height=\"15\">Estilo<\/td>\n<td class=\"et2\">Minimalista<\/td>\n<\/tr>\n<tr style=\"height: 15.20pt;\">\n<td class=\"et2\" style=\"height: 15.20pt;\" height=\"15\">Modelo<\/td>\n<td class=\"et2\">QMY-SF001<\/td>\n<\/tr>\n<tr style=\"height: 15.20pt;\">\n<td class=\"et2\" style=\"height: 15.20pt;\" height=\"15\">Personalizaci\u00f3n<\/td>\n<td class=\"et2\">Color, tama\u00f1o, material<\/td>\n<\/tr>\n<tr style=\"height: 15.20pt;\">\n<td class=\"et2\" style=\"height: 15.20pt;\" height=\"15\">MOQ<\/td>\n<td class=\"et2\">1 unidad<\/td>\n<\/tr>\n<\/tbody>\n<\/table>","protected":false},"featured_media":371,"comment_status":"closed","ping_status":"closed","template":"","meta":{"_acf_changed":false},"product_brand":[],"product_cat":[16,23],"product_tag":[],"class_list":{"0":"post-360","1":"product","2":"type-product","3":"status-publish","4":"has-post-thumbnail","6":"product_cat-bespoke-living-room-furniture","7":"product_cat-bespoke-sofas-manufacturer","9":"first","10":"instock","11":"shipping-taxable","12":"product-type-simple"},"acf":[],"_links":{"self":[{"href":"https:\/\/www.chicasafurniture.com\/es\/wp-json\/wp\/v2\/product\/360","targetHints":{"allow":["GET"]}}],"collection":[{"href":"https:\/\/www.chicasafurniture.com\/es\/wp-json\/wp\/v2\/product"}],"about":[{"href":"https:\/\/www.chicasafurniture.com\/es\/wp-json\/wp\/v2\/types\/product"}],"replies":[{"embeddable":true,"href":"https:\/\/www.chicasafurniture.com\/es\/wp-json\/wp\/v2\/comments?post=360"}],"wp:featuredmedia":[{"embeddable":true,"href":"https:\/\/www.chicasafurniture.com\/es\/wp-json\/wp\/v2\/media\/371"}],"wp:attachment":[{"href":"https:\/\/www.chicasafurniture.com\/es\/wp-json\/wp\/v2\/media?parent=360"}],"wp:term":[{"taxonomy":"product_brand","embeddable":true,"href":"https:\/\/www.chicasafurniture.com\/es\/wp-json\/wp\/v2\/product_brand?post=360"},{"taxonomy":"product_cat","embeddable":true,"href":"https:\/\/www.chicasafurniture.com\/es\/wp-json\/wp\/v2\/product_cat?post=360"},{"taxonomy":"product_tag","embeddable":true,"href":"https:\/\/www.chicasafurniture.com\/es\/wp-json\/wp\/v2\/product_tag?post=360"}],"curies":[{"name":"wp","href":"https:\/\/api.w.org\/{rel}","templated":true}]}}