{"id":376,"date":"2026-02-11T02:17:46","date_gmt":"2026-02-11T02:17:46","guid":{"rendered":"https:\/\/www.chicasafurniture.com\/?post_type=product&#038;p=376"},"modified":"2026-02-11T02:46:23","modified_gmt":"2026-02-11T02:46:23","slug":"custom-tufted-sofa","status":"publish","type":"product","link":"https:\/\/www.chicasafurniture.com\/es\/product\/custom-tufted-sofa\/","title":{"rendered":"Sof\u00e1 tapizado a medida con elegancia cl\u00e1sica y confort moderno"},"content":{"rendered":"<h2 class=\"wp-block-heading\">Especificaciones de producto del sof\u00e1 tapizado a medida<\/h2>\n\n\n\n<figure class=\"wp-block-table\"><table class=\"has-fixed-layout\"><tbody><tr><td>Marco<\/td><td>Material de cubierta<\/td><td>Material de relleno<\/td><td>Piernas<\/td><td>Color<\/td><td>Talla<\/td><td>Peso<\/td><\/tr><tr><td>Madera maciza<\/td><td>Tejido<\/td><td>Esponja de alta densidad<\/td><td>Madera<\/td><td>Personalizado<\/td><td>Personalizado<\/td><td>90-240 kg<\/td><\/tr><\/tbody><\/table><\/figure>\n\n\n\n<div class=\"wp-block-columns is-layout-flex wp-container-core-columns-is-layout-9d6595d7 wp-block-columns-is-layout-flex\">\n<div class=\"wp-block-column is-layout-flow wp-block-column-is-layout-flow\">\n<h2 class=\"wp-block-heading\">Sof\u00e1 Premium Custom Tufted Caracter\u00edsticas:<\/h2>\n\n\n\n<ul class=\"wp-block-list\">\n<li><strong>Diamond Tufting cl\u00e1sico:<\/strong> Este sof\u00e1 empenachado a medida presenta el toque tradicional de la simetr\u00eda con botones dispuestos uniformemente por toda la superficie y acolchado en forma de diamante que proporciona una elegancia atemporal con textura tridimensional.<\/li>\n\n\n\n<li><strong>Dise\u00f1o de una sola pieza: <\/strong>Nuestros sof\u00e1s hechos a medida est\u00e1n dise\u00f1ados para proporcionar estabilidad a la forma general del sof\u00e1 al tener una base completamente cerrada y firme, y mantener tambi\u00e9n una apariencia visual s\u00f3lida y consistente.<\/li>\n\n\n\n<li><strong>Relleno de espuma de alta densidad: <\/strong>Los cojines de los asientos, los respaldos y los reposabrazos de este sof\u00e1 empenachado a medida est\u00e1n hechos de espuma de alta densidad, lo que proporciona un soporte uniforme y una comodidad duradera, y no son propensos a deformarse o hundirse.<\/li>\n\n\n\n<li><strong>Libertad total de personalizaci\u00f3n:<\/strong> Nuestros sof\u00e1s hechos totalmente a medida permiten una amplia personalizaci\u00f3n de colores, (muchas opciones ofrecidas en terciopelo\/tejido) para adaptarse a las distintas necesidades y espacios.<\/li>\n\n\n\n<li><strong>Estructura y patas de madera maciza seleccionada:<\/strong> Nuestros sof\u00e1s hechos a medida cuentan con un robusto armaz\u00f3n de madera maciza y patas de madera esbeltas o cl\u00e1sicas, que ofrecen una gran capacidad de carga y un estilo que complementa una gran variedad de ambientes dom\u00e9sticos.<\/li>\n<\/ul>\n<\/div>\n\n\n\n<div class=\"wp-block-column is-layout-flow wp-block-column-is-layout-flow\">\n<figure class=\"wp-block-image size-full\"><img decoding=\"async\" width=\"960\" height=\"1080\" src=\"https:\/\/www.chicasafurniture.com\/wp-content\/uploads\/2026\/02\/Custom-Tufted-Sofa-with-Classic-Elegance-Modern-Comfort-4.webp\" alt=\"Sof\u00e1 tapizado a medida con elegancia cl\u00e1sica y comodidad moderna-4\" class=\"wp-image-380\" srcset=\"https:\/\/www.chicasafurniture.com\/wp-content\/uploads\/2026\/02\/Custom-Tufted-Sofa-with-Classic-Elegance-Modern-Comfort-4.webp 960w, https:\/\/www.chicasafurniture.com\/wp-content\/uploads\/2026\/02\/Custom-Tufted-Sofa-with-Classic-Elegance-Modern-Comfort-4-267x300.webp 267w, https:\/\/www.chicasafurniture.com\/wp-content\/uploads\/2026\/02\/Custom-Tufted-Sofa-with-Classic-Elegance-Modern-Comfort-4-768x864.webp 768w, https:\/\/www.chicasafurniture.com\/wp-content\/uploads\/2026\/02\/Custom-Tufted-Sofa-with-Classic-Elegance-Modern-Comfort-4-600x675.webp 600w\" sizes=\"(max-width: 960px) 100vw, 960px\" \/><\/figure>\n<\/div>\n<\/div>\n\n\n\n<div class=\"wp-block-columns is-layout-flex wp-container-core-columns-is-layout-9d6595d7 wp-block-columns-is-layout-flex\">\n<div class=\"wp-block-column is-layout-flow wp-block-column-is-layout-flow\">\n<figure class=\"wp-block-image size-full\"><img decoding=\"async\" width=\"1920\" height=\"1080\" src=\"https:\/\/www.chicasafurniture.com\/wp-content\/uploads\/2026\/02\/Custom-Tufted-Sofa-with-Classic-Elegance-Modern-Comfort-5.webp\" alt=\"Sof\u00e1 tapizado a medida con elegancia cl\u00e1sica y confort moderno-5\" class=\"wp-image-381\" srcset=\"https:\/\/www.chicasafurniture.com\/wp-content\/uploads\/2026\/02\/Custom-Tufted-Sofa-with-Classic-Elegance-Modern-Comfort-5.webp 1920w, https:\/\/www.chicasafurniture.com\/wp-content\/uploads\/2026\/02\/Custom-Tufted-Sofa-with-Classic-Elegance-Modern-Comfort-5-300x169.webp 300w, https:\/\/www.chicasafurniture.com\/wp-content\/uploads\/2026\/02\/Custom-Tufted-Sofa-with-Classic-Elegance-Modern-Comfort-5-768x432.webp 768w, https:\/\/www.chicasafurniture.com\/wp-content\/uploads\/2026\/02\/Custom-Tufted-Sofa-with-Classic-Elegance-Modern-Comfort-5-1200x675.webp 1200w, https:\/\/www.chicasafurniture.com\/wp-content\/uploads\/2026\/02\/Custom-Tufted-Sofa-with-Classic-Elegance-Modern-Comfort-5-600x338.webp 600w\" sizes=\"(max-width: 1920px) 100vw, 1920px\" \/><\/figure>\n<\/div>\n\n\n\n<div class=\"wp-block-column is-layout-flow wp-block-column-is-layout-flow\">\n<figure class=\"wp-block-image size-full\"><img decoding=\"async\" width=\"1920\" height=\"1080\" src=\"https:\/\/www.chicasafurniture.com\/wp-content\/uploads\/2026\/02\/Custom-Tufted-Sofa-with-Classic-Elegance-Modern-Comfort-1.webp\" alt=\"Sof\u00e1 tapizado a medida con elegancia cl\u00e1sica y confort moderno-1\" class=\"wp-image-377\" srcset=\"https:\/\/www.chicasafurniture.com\/wp-content\/uploads\/2026\/02\/Custom-Tufted-Sofa-with-Classic-Elegance-Modern-Comfort-1.webp 1920w, https:\/\/www.chicasafurniture.com\/wp-content\/uploads\/2026\/02\/Custom-Tufted-Sofa-with-Classic-Elegance-Modern-Comfort-1-300x169.webp 300w, https:\/\/www.chicasafurniture.com\/wp-content\/uploads\/2026\/02\/Custom-Tufted-Sofa-with-Classic-Elegance-Modern-Comfort-1-768x432.webp 768w, https:\/\/www.chicasafurniture.com\/wp-content\/uploads\/2026\/02\/Custom-Tufted-Sofa-with-Classic-Elegance-Modern-Comfort-1-1200x675.webp 1200w, https:\/\/www.chicasafurniture.com\/wp-content\/uploads\/2026\/02\/Custom-Tufted-Sofa-with-Classic-Elegance-Modern-Comfort-1-600x338.webp 600w\" sizes=\"(max-width: 1920px) 100vw, 1920px\" \/><\/figure>\n<\/div>\n<\/div>","protected":false},"excerpt":{"rendered":"<p>Bienvenido a nuestros sof\u00e1s a medida. Este sof\u00e1 empenachado a medida presenta el cl\u00e1sico empenachado con motivos de rombos, mientras que su dise\u00f1o totalmente cerrado y su relleno de espuma de alta densidad garantizan un confort y una unidad visual superiores.<\/p>\n<table style=\"border-collapse: collapse; width: 222.03pt;\" border=\"0\" width=\"222\" cellspacing=\"0\" cellpadding=\"0\">\n<tbody>\n<tr style=\"height: 15.20pt;\">\n<td class=\"et2\" style=\"height: 15.20pt; width: 81.65pt;\" width=\"81\" height=\"15\">Fabricante<\/td>\n<td class=\"et2\" style=\"width: 140.80pt;\" width=\"140\">ChiCasa<\/td>\n<\/tr>\n<tr style=\"height: 15.20pt;\">\n<td class=\"et2\" style=\"height: 15.20pt;\" height=\"15\">Categor\u00eda<\/td>\n<td class=\"et2\">Sof\u00e1<\/td>\n<\/tr>\n<tr style=\"height: 15.20pt;\">\n<td class=\"et2\" style=\"height: 15.20pt;\" height=\"15\">Aplicaci\u00f3n<\/td>\n<td class=\"et2\">Sala de estar<\/td>\n<\/tr>\n<tr style=\"height: 15.20pt;\">\n<td class=\"et2\" style=\"height: 15.20pt;\" height=\"15\">Estilo<\/td>\n<td class=\"et2\">Minimalista<\/td>\n<\/tr>\n<tr style=\"height: 15.20pt;\">\n<td class=\"et2\" style=\"height: 15.20pt;\" height=\"15\">Modelo<\/td>\n<td class=\"et2\">QMY-SF002<\/td>\n<\/tr>\n<tr style=\"height: 15.20pt;\">\n<td class=\"et2\" style=\"height: 15.20pt;\" height=\"15\">Personalizaci\u00f3n<\/td>\n<td class=\"et2\">Color, tama\u00f1o, material<\/td>\n<\/tr>\n<tr style=\"height: 15.20pt;\">\n<td class=\"et2\" style=\"height: 15.20pt;\" height=\"15\">MOQ<\/td>\n<td class=\"et2\">1 unidad<\/td>\n<\/tr>\n<\/tbody>\n<\/table>","protected":false},"featured_media":379,"comment_status":"closed","ping_status":"closed","template":"","meta":{"_acf_changed":false},"product_brand":[],"product_cat":[16,23],"product_tag":[],"class_list":{"0":"post-376","1":"product","2":"type-product","3":"status-publish","4":"has-post-thumbnail","6":"product_cat-bespoke-living-room-furniture","7":"product_cat-bespoke-sofas-manufacturer","9":"first","10":"instock","11":"shipping-taxable","12":"product-type-simple"},"acf":[],"_links":{"self":[{"href":"https:\/\/www.chicasafurniture.com\/es\/wp-json\/wp\/v2\/product\/376","targetHints":{"allow":["GET"]}}],"collection":[{"href":"https:\/\/www.chicasafurniture.com\/es\/wp-json\/wp\/v2\/product"}],"about":[{"href":"https:\/\/www.chicasafurniture.com\/es\/wp-json\/wp\/v2\/types\/product"}],"replies":[{"embeddable":true,"href":"https:\/\/www.chicasafurniture.com\/es\/wp-json\/wp\/v2\/comments?post=376"}],"wp:featuredmedia":[{"embeddable":true,"href":"https:\/\/www.chicasafurniture.com\/es\/wp-json\/wp\/v2\/media\/379"}],"wp:attachment":[{"href":"https:\/\/www.chicasafurniture.com\/es\/wp-json\/wp\/v2\/media?parent=376"}],"wp:term":[{"taxonomy":"product_brand","embeddable":true,"href":"https:\/\/www.chicasafurniture.com\/es\/wp-json\/wp\/v2\/product_brand?post=376"},{"taxonomy":"product_cat","embeddable":true,"href":"https:\/\/www.chicasafurniture.com\/es\/wp-json\/wp\/v2\/product_cat?post=376"},{"taxonomy":"product_tag","embeddable":true,"href":"https:\/\/www.chicasafurniture.com\/es\/wp-json\/wp\/v2\/product_tag?post=376"}],"curies":[{"name":"wp","href":"https:\/\/api.w.org\/{rel}","templated":true}]}}