{"id":382,"date":"2026-02-11T02:50:03","date_gmt":"2026-02-11T02:50:03","guid":{"rendered":"https:\/\/www.chicasafurniture.com\/?post_type=product&#038;p=382"},"modified":"2026-02-11T03:07:57","modified_gmt":"2026-02-11T03:07:57","slug":"custom-dining-table","status":"publish","type":"product","link":"https:\/\/www.chicasafurniture.com\/es\/product\/custom-dining-table\/","title":{"rendered":"Mesa de comedor moderna a medida, estructura met\u00e1lica y tapa de m\u00e1rmol"},"content":{"rendered":"<h2 class=\"wp-block-heading\">Especificaciones de producto de la mesa de comedor a medida<\/h2>\n\n\n\n<figure class=\"wp-block-table\"><table class=\"has-fixed-layout\"><tbody><tr><td>Marco<\/td><td>Material de cubierta<\/td><td>Material de relleno<\/td><td>Piernas<\/td><td>Color<\/td><td>Talla<\/td><td>Peso<\/td><\/tr><tr><td>Metal<\/td><td>\/<\/td><td>\/<\/td><td>Metal<\/td><td>Personalizado<\/td><td>Personalizado<\/td><td>100-200kg<\/td><\/tr><\/tbody><\/table><\/figure>\n\n\n\n<div class=\"wp-block-columns is-layout-flex wp-container-core-columns-is-layout-9d6595d7 wp-block-columns-is-layout-flex\">\n<div class=\"wp-block-column is-layout-flow wp-block-column-is-layout-flow\">\n<h2 class=\"wp-block-heading\">Mesa de comedor Premium Custom Caracter\u00edsticas:<\/h2>\n\n\n\n<ul class=\"wp-block-list\">\n<li><strong>Tablero de m\u00e1rmol natural:<\/strong> Esta mesa de comedor a medida est\u00e1 hecha de m\u00e1rmol de alta calidad con texturas \u00fanicas y naturales, cada pieza posee una belleza art\u00edstica irrepetible.<\/li>\n\n\n\n<li><strong>Estructura met\u00e1lica geom\u00e9trica:<\/strong> La estructura met\u00e1lica y las patas de esta mesa de comedor a medida presentan dise\u00f1os geom\u00e9tricos que se entrecruzan o en forma de U, proporcionando un soporte estable a la vez que presentan una moderna sensaci\u00f3n escult\u00f3rica.<\/li>\n\n\n\n<li><strong>Material Design unificado:<\/strong> Esta mesa de comedor a medida incorpora detalles de m\u00e1rmol a juego dentro de la estructura met\u00e1lica, logrando la armon\u00eda de los materiales y mejorando la cohesi\u00f3n general del dise\u00f1o.<\/li>\n\n\n\n<li><strong>Servicio integral de personalizaci\u00f3n: <\/strong>Nuestras mesas de comedor a medida permiten personalizar el tama\u00f1o del tablero, el dibujo del m\u00e1rmol, los colores del metal (como dorado, plateado y gris) y el estilo.<\/li>\n\n\n\n<li><strong>Estructura robusta y duradera:<\/strong> Nuestra mesa de comedor a medida cuenta con una estructura met\u00e1lica de soporte completa, capaz de soportar entre 100 y 200 kg, apta para diversos usos, como cenas y reuniones cotidianas.<\/li>\n<\/ul>\n<\/div>\n\n\n\n<div class=\"wp-block-column is-layout-flow wp-block-column-is-layout-flow\">\n<figure class=\"wp-block-image size-full\"><img decoding=\"async\" width=\"712\" height=\"1000\" src=\"https:\/\/www.chicasafurniture.com\/wp-content\/uploads\/2026\/02\/Modern-Custom-Dining-Table-Metal-Frame-Marble-Top-Design-2.webp\" alt=\"Mesa de comedor moderna a medida, estructura met\u00e1lica y tapa de m\u00e1rmol Dise\u00f1o-2\" class=\"wp-image-384\" srcset=\"https:\/\/www.chicasafurniture.com\/wp-content\/uploads\/2026\/02\/Modern-Custom-Dining-Table-Metal-Frame-Marble-Top-Design-2.webp 712w, https:\/\/www.chicasafurniture.com\/wp-content\/uploads\/2026\/02\/Modern-Custom-Dining-Table-Metal-Frame-Marble-Top-Design-2-214x300.webp 214w, https:\/\/www.chicasafurniture.com\/wp-content\/uploads\/2026\/02\/Modern-Custom-Dining-Table-Metal-Frame-Marble-Top-Design-2-600x843.webp 600w\" sizes=\"(max-width: 712px) 100vw, 712px\" \/><\/figure>\n<\/div>\n<\/div>\n\n\n\n<div class=\"wp-block-columns is-layout-flex wp-container-core-columns-is-layout-9d6595d7 wp-block-columns-is-layout-flex\">\n<div class=\"wp-block-column is-layout-flow wp-block-column-is-layout-flow\">\n<figure class=\"wp-block-image size-full\"><img decoding=\"async\" width=\"1333\" height=\"954\" src=\"https:\/\/www.chicasafurniture.com\/wp-content\/uploads\/2026\/02\/Modern-Custom-Dining-Table-Metal-Frame-Marble-Top-Design-3-1.webp\" alt=\"Mesa de comedor moderna a medida, estructura met\u00e1lica y tapa de m\u00e1rmol Design-3\" class=\"wp-image-388\" srcset=\"https:\/\/www.chicasafurniture.com\/wp-content\/uploads\/2026\/02\/Modern-Custom-Dining-Table-Metal-Frame-Marble-Top-Design-3-1.webp 1333w, https:\/\/www.chicasafurniture.com\/wp-content\/uploads\/2026\/02\/Modern-Custom-Dining-Table-Metal-Frame-Marble-Top-Design-3-1-300x215.webp 300w, https:\/\/www.chicasafurniture.com\/wp-content\/uploads\/2026\/02\/Modern-Custom-Dining-Table-Metal-Frame-Marble-Top-Design-3-1-768x550.webp 768w, https:\/\/www.chicasafurniture.com\/wp-content\/uploads\/2026\/02\/Modern-Custom-Dining-Table-Metal-Frame-Marble-Top-Design-3-1-1200x859.webp 1200w, https:\/\/www.chicasafurniture.com\/wp-content\/uploads\/2026\/02\/Modern-Custom-Dining-Table-Metal-Frame-Marble-Top-Design-3-1-600x429.webp 600w\" sizes=\"(max-width: 1333px) 100vw, 1333px\" \/><\/figure>\n<\/div>\n<\/div>","protected":false},"excerpt":{"rendered":"<p>Bienvenido a pedir muebles de comedor de lujo. Esta mesa de comedor a medida presenta un tablero de m\u00e1rmol natural de primera calidad combinado con una estructura y patas met\u00e1licas geom\u00e9tricas, que combinan la est\u00e9tica moderna con la belleza estructural.<\/p>\n<table style=\"border-collapse: collapse; width: 222.03pt;\" border=\"0\" width=\"222\" cellspacing=\"0\" cellpadding=\"0\">\n<tbody>\n<tr style=\"height: 15.20pt;\">\n<td class=\"et2\" style=\"height: 15.20pt; width: 81.65pt;\" width=\"81\" height=\"15\">Fabricante<\/td>\n<td class=\"et2\" style=\"width: 140.80pt;\" width=\"140\">ChiCasa<\/td>\n<\/tr>\n<tr style=\"height: 15.20pt;\">\n<td class=\"et2\" style=\"height: 15.20pt;\" height=\"15\">Categor\u00eda<\/td>\n<td class=\"et2\">Mesa de comedor<\/td>\n<\/tr>\n<tr style=\"height: 15.20pt;\">\n<td class=\"et2\" style=\"height: 15.20pt;\" height=\"15\">Aplicaci\u00f3n<\/td>\n<td class=\"et2\">Comedor<\/td>\n<\/tr>\n<tr style=\"height: 15.20pt;\">\n<td class=\"et2\" style=\"height: 15.20pt;\" height=\"15\">Estilo<\/td>\n<td class=\"et2\">Lujo refinado<\/td>\n<\/tr>\n<tr style=\"height: 15.20pt;\">\n<td class=\"et2\" style=\"height: 15.20pt;\" height=\"15\">Modelo<\/td>\n<td class=\"et2\">QMY-DT001<\/td>\n<\/tr>\n<tr style=\"height: 15.20pt;\">\n<td class=\"et2\" style=\"height: 15.20pt;\" height=\"15\">Personalizaci\u00f3n<\/td>\n<td class=\"et2\">Color, tama\u00f1o, material<\/td>\n<\/tr>\n<tr style=\"height: 15.20pt;\">\n<td class=\"et2\" style=\"height: 15.20pt;\" height=\"15\">MOQ<\/td>\n<td class=\"et2\">1 unidad<\/td>\n<\/tr>\n<\/tbody>\n<\/table>\n<p>&nbsp;<\/p>","protected":false},"featured_media":383,"comment_status":"closed","ping_status":"closed","template":"","meta":{"_acf_changed":false},"product_brand":[],"product_cat":[17,29],"product_tag":[],"class_list":{"0":"post-382","1":"product","2":"type-product","3":"status-publish","4":"has-post-thumbnail","6":"product_cat-custom-dining-room-furniture","7":"product_cat-custom-dining-tables","9":"first","10":"instock","11":"shipping-taxable","12":"product-type-simple"},"acf":[],"_links":{"self":[{"href":"https:\/\/www.chicasafurniture.com\/es\/wp-json\/wp\/v2\/product\/382","targetHints":{"allow":["GET"]}}],"collection":[{"href":"https:\/\/www.chicasafurniture.com\/es\/wp-json\/wp\/v2\/product"}],"about":[{"href":"https:\/\/www.chicasafurniture.com\/es\/wp-json\/wp\/v2\/types\/product"}],"replies":[{"embeddable":true,"href":"https:\/\/www.chicasafurniture.com\/es\/wp-json\/wp\/v2\/comments?post=382"}],"wp:featuredmedia":[{"embeddable":true,"href":"https:\/\/www.chicasafurniture.com\/es\/wp-json\/wp\/v2\/media\/383"}],"wp:attachment":[{"href":"https:\/\/www.chicasafurniture.com\/es\/wp-json\/wp\/v2\/media?parent=382"}],"wp:term":[{"taxonomy":"product_brand","embeddable":true,"href":"https:\/\/www.chicasafurniture.com\/es\/wp-json\/wp\/v2\/product_brand?post=382"},{"taxonomy":"product_cat","embeddable":true,"href":"https:\/\/www.chicasafurniture.com\/es\/wp-json\/wp\/v2\/product_cat?post=382"},{"taxonomy":"product_tag","embeddable":true,"href":"https:\/\/www.chicasafurniture.com\/es\/wp-json\/wp\/v2\/product_tag?post=382"}],"curies":[{"name":"wp","href":"https:\/\/api.w.org\/{rel}","templated":true}]}}