{"id":387,"date":"2026-02-11T03:02:52","date_gmt":"2026-02-11T03:02:52","guid":{"rendered":"https:\/\/www.chicasafurniture.com\/?post_type=product&#038;p=387"},"modified":"2026-02-11T03:28:00","modified_gmt":"2026-02-11T03:28:00","slug":"custom-dining-room-table","status":"publish","type":"product","link":"https:\/\/www.chicasafurniture.com\/es\/product\/custom-dining-room-table\/","title":{"rendered":"Mesa de comedor a medida Refine, dise\u00f1o moderno en metal y piedra"},"content":{"rendered":"<h2 class=\"wp-block-heading\">Especificaciones de producto de la mesa de comedor a medida<\/h2>\n\n\n\n<figure class=\"wp-block-table\"><table class=\"has-fixed-layout\"><tbody><tr><td>Marco<\/td><td>Material de cubierta<\/td><td>Material de relleno<\/td><td>Piernas<\/td><td>Color<\/td><td>Talla<\/td><td>Peso<\/td><\/tr><tr><td>Metal<\/td><td>\/<\/td><td>\/<\/td><td>Metal<\/td><td>Personalizado<\/td><td>Personalizado<\/td><td>100-200kg<\/td><\/tr><\/tbody><\/table><\/figure>\n\n\n\n<div class=\"wp-block-columns is-layout-flex wp-container-core-columns-is-layout-9d6595d7 wp-block-columns-is-layout-flex\">\n<div class=\"wp-block-column is-layout-flow wp-block-column-is-layout-flow\">\n<h2 class=\"wp-block-heading\">Premium Custom Mesa de Comedor Caracter\u00edsticas:<\/h2>\n\n\n\n<ul class=\"wp-block-list\">\n<li><strong>Losas de m\u00e1rmol natural:<\/strong> Esta mesa de comedor a medida se ha creado utilizando m\u00e1rmol fino. La textura del m\u00e1rmol es lisa con una superficie de color natural. Cada pieza individual de su mesa de comedor a medida tiene una calidad decorativa y art\u00edstica \u00fanica.<\/li>\n\n\n\n<li><strong>Estructura combinada de columnas de metal y m\u00e1rmol: <\/strong>La estructura de la base de esta mesa de comedor a medida consiste en una combinaci\u00f3n personalizada de metal y bloques decorativos de m\u00e1rmol para las patas de las columnas y el tablero, lo que proporciona estabilidad gracias a una mayor resistencia a la carga, adem\u00e1s de aportar un elemento de dise\u00f1o.<\/li>\n\n\n\n<li><strong>Personalizaci\u00f3n flexible de forma y tama\u00f1o: <\/strong>Esta mesa de comedor a medida puede tener un tablero rectangular y\/o redondo y ajustarse en funci\u00f3n de las dimensiones del espacio en el que se vaya a utilizar y de sus necesidades de comedor.<\/li>\n\n\n\n<li><strong>M\u00faltiples combinaciones de colores: <\/strong>Nuestra mesa de comedor a medida est\u00e1 disponible en patrones de m\u00e1rmol cl\u00e1sicos como el marr\u00f3n rojizo y el blanco y negro, combinados con colores met\u00e1licos como el dorado y el plateado para combinar con diferentes estilos de hogar.<\/li>\n\n\n\n<li><strong>Alta artesan\u00eda con moldeado de una sola pieza: <\/strong>Nuestra mesa de comedor a medida emplea un pulido meticuloso y un empalme sin juntas, con bordes redondeados y lisos, combinando seguridad e integridad art\u00edstica.<\/li>\n<\/ul>\n<\/div>\n\n\n\n<div class=\"wp-block-column is-layout-flow wp-block-column-is-layout-flow\">\n<figure class=\"wp-block-image size-full\"><img decoding=\"async\" width=\"1334\" height=\"1000\" src=\"https:\/\/www.chicasafurniture.com\/wp-content\/uploads\/2026\/02\/Refine-Custom-Dining-Room-Table-Modern-Metal-Stone-Design-1.webp\" alt=\"Refine Mesa de comedor a medida, dise\u00f1o moderno en metal y piedra-1\" class=\"wp-image-391\" srcset=\"https:\/\/www.chicasafurniture.com\/wp-content\/uploads\/2026\/02\/Refine-Custom-Dining-Room-Table-Modern-Metal-Stone-Design-1.webp 1334w, https:\/\/www.chicasafurniture.com\/wp-content\/uploads\/2026\/02\/Refine-Custom-Dining-Room-Table-Modern-Metal-Stone-Design-1-300x225.webp 300w, https:\/\/www.chicasafurniture.com\/wp-content\/uploads\/2026\/02\/Refine-Custom-Dining-Room-Table-Modern-Metal-Stone-Design-1-768x576.webp 768w, https:\/\/www.chicasafurniture.com\/wp-content\/uploads\/2026\/02\/Refine-Custom-Dining-Room-Table-Modern-Metal-Stone-Design-1-1200x900.webp 1200w, https:\/\/www.chicasafurniture.com\/wp-content\/uploads\/2026\/02\/Refine-Custom-Dining-Room-Table-Modern-Metal-Stone-Design-1-600x450.webp 600w\" sizes=\"(max-width: 1334px) 100vw, 1334px\" \/><\/figure>\n<\/div>\n<\/div>\n\n\n\n<figure class=\"wp-block-image size-full\"><img decoding=\"async\" width=\"1333\" height=\"715\" src=\"https:\/\/www.chicasafurniture.com\/wp-content\/uploads\/2026\/02\/Refine-Custom-Dining-Room-Table-Modern-Metal-Stone-Design-2.webp\" alt=\"Refine Mesa de comedor a medida, dise\u00f1o moderno en metal y piedra-2\" class=\"wp-image-392\" srcset=\"https:\/\/www.chicasafurniture.com\/wp-content\/uploads\/2026\/02\/Refine-Custom-Dining-Room-Table-Modern-Metal-Stone-Design-2.webp 1333w, https:\/\/www.chicasafurniture.com\/wp-content\/uploads\/2026\/02\/Refine-Custom-Dining-Room-Table-Modern-Metal-Stone-Design-2-300x161.webp 300w, https:\/\/www.chicasafurniture.com\/wp-content\/uploads\/2026\/02\/Refine-Custom-Dining-Room-Table-Modern-Metal-Stone-Design-2-768x412.webp 768w, https:\/\/www.chicasafurniture.com\/wp-content\/uploads\/2026\/02\/Refine-Custom-Dining-Room-Table-Modern-Metal-Stone-Design-2-1200x644.webp 1200w, https:\/\/www.chicasafurniture.com\/wp-content\/uploads\/2026\/02\/Refine-Custom-Dining-Room-Table-Modern-Metal-Stone-Design-2-600x322.webp 600w\" sizes=\"(max-width: 1333px) 100vw, 1333px\" \/><\/figure>","protected":false},"excerpt":{"rendered":"<p>Bienvenido a pedir muebles de comedor de lujo. Esta mesa de comedor personalizada cuenta con un tablero de m\u00e1rmol marr\u00f3n rojizo hecho a mano de m\u00e1rmol natural selecto, mezclando lujo discreto con l\u00edneas minimalistas, adecuado para varios estilos de hogar, incluyendo moderno e italiano.<\/p>\n<table style=\"border-collapse: collapse; width: 222.03pt;\" border=\"0\" width=\"222\" cellspacing=\"0\" cellpadding=\"0\">\n<tbody>\n<tr style=\"height: 15.20pt;\">\n<td class=\"et2\" style=\"height: 15.20pt; width: 81.65pt;\" width=\"81\" height=\"15\">Fabricante<\/td>\n<td class=\"et2\" style=\"width: 140.80pt;\" width=\"140\">ChiCasa<\/td>\n<\/tr>\n<tr style=\"height: 15.20pt;\">\n<td class=\"et2\" style=\"height: 15.20pt;\" height=\"15\">Categor\u00eda<\/td>\n<td class=\"et2\">Mesa de comedor<\/td>\n<\/tr>\n<tr style=\"height: 15.20pt;\">\n<td class=\"et2\" style=\"height: 15.20pt;\" height=\"15\">Aplicaci\u00f3n<\/td>\n<td class=\"et2\">Comedor<\/td>\n<\/tr>\n<tr style=\"height: 15.20pt;\">\n<td class=\"et2\" style=\"height: 15.20pt;\" height=\"15\">Estilo<\/td>\n<td class=\"et2\">Lujo refinado<\/td>\n<\/tr>\n<tr style=\"height: 15.20pt;\">\n<td class=\"et2\" style=\"height: 15.20pt;\" height=\"15\">Modelo<\/td>\n<td class=\"et2\">QMY-DT001<\/td>\n<\/tr>\n<tr style=\"height: 15.20pt;\">\n<td class=\"et2\" style=\"height: 15.20pt;\" height=\"15\">Personalizaci\u00f3n<\/td>\n<td class=\"et2\">Color, tama\u00f1o, material<\/td>\n<\/tr>\n<tr style=\"height: 15.20pt;\">\n<td class=\"et2\" style=\"height: 15.20pt;\" height=\"15\">MOQ<\/td>\n<td class=\"et2\">1 unidad<\/td>\n<\/tr>\n<\/tbody>\n<\/table>\n<p>&nbsp;<\/p>","protected":false},"featured_media":391,"comment_status":"closed","ping_status":"closed","template":"","meta":{"_acf_changed":false},"product_brand":[],"product_cat":[17,29],"product_tag":[],"class_list":{"0":"post-387","1":"product","2":"type-product","3":"status-publish","4":"has-post-thumbnail","6":"product_cat-custom-dining-room-furniture","7":"product_cat-custom-dining-tables","9":"first","10":"instock","11":"shipping-taxable","12":"product-type-simple"},"acf":[],"_links":{"self":[{"href":"https:\/\/www.chicasafurniture.com\/es\/wp-json\/wp\/v2\/product\/387","targetHints":{"allow":["GET"]}}],"collection":[{"href":"https:\/\/www.chicasafurniture.com\/es\/wp-json\/wp\/v2\/product"}],"about":[{"href":"https:\/\/www.chicasafurniture.com\/es\/wp-json\/wp\/v2\/types\/product"}],"replies":[{"embeddable":true,"href":"https:\/\/www.chicasafurniture.com\/es\/wp-json\/wp\/v2\/comments?post=387"}],"wp:featuredmedia":[{"embeddable":true,"href":"https:\/\/www.chicasafurniture.com\/es\/wp-json\/wp\/v2\/media\/391"}],"wp:attachment":[{"href":"https:\/\/www.chicasafurniture.com\/es\/wp-json\/wp\/v2\/media?parent=387"}],"wp:term":[{"taxonomy":"product_brand","embeddable":true,"href":"https:\/\/www.chicasafurniture.com\/es\/wp-json\/wp\/v2\/product_brand?post=387"},{"taxonomy":"product_cat","embeddable":true,"href":"https:\/\/www.chicasafurniture.com\/es\/wp-json\/wp\/v2\/product_cat?post=387"},{"taxonomy":"product_tag","embeddable":true,"href":"https:\/\/www.chicasafurniture.com\/es\/wp-json\/wp\/v2\/product_tag?post=387"}],"curies":[{"name":"wp","href":"https:\/\/api.w.org\/{rel}","templated":true}]}}