{"id":393,"date":"2026-02-11T03:42:04","date_gmt":"2026-02-11T03:42:04","guid":{"rendered":"https:\/\/www.chicasafurniture.com\/?post_type=product&#038;p=393"},"modified":"2026-02-11T04:07:05","modified_gmt":"2026-02-11T04:07:05","slug":"custom-dining-chair","status":"publish","type":"product","link":"https:\/\/www.chicasafurniture.com\/es\/product\/custom-dining-chair\/","title":{"rendered":"Silla de comedor a medida con textura de terciopelo y patas de metal dorado"},"content":{"rendered":"<h2 class=\"wp-block-heading\">Especificaciones de producto de la silla de comedor a medida<\/h2>\n\n\n\n<figure class=\"wp-block-table\"><table class=\"has-fixed-layout\"><tbody><tr><td>Marco<\/td><td>Material de cubierta<\/td><td>Material de relleno<\/td><td>Piernas<\/td><td>Color<\/td><td>Talla<\/td><td>Peso<\/td><\/tr><tr><td>Madera maciza<\/td><td>Tejido\/Piel<\/td><td>Esponja de alta densidad<\/td><td>Madera maciza<\/td><td>Personalizado<\/td><td>Talla normal<\/td><td>Esponja de alta densidad<\/td><\/tr><\/tbody><\/table><\/figure>\n\n\n\n<div class=\"wp-block-columns is-layout-flex wp-container-core-columns-is-layout-9d6595d7 wp-block-columns-is-layout-flex\">\n<div class=\"wp-block-column is-layout-flow wp-block-column-is-layout-flow\">\n<h2 class=\"wp-block-heading\">Silla de comedor Premium Custom Caracter\u00edsticas:<\/h2>\n\n\n\n<ul class=\"wp-block-list\">\n<li><strong>Dise\u00f1o de respaldo curvo vintage: <\/strong>Esta silla de comedor a medida se ha dise\u00f1ado ergon\u00f3micamente con un respaldo curvado para proporcionar el m\u00e1ximo impacto visual y, al mismo tiempo, ofrecer un apoyo adecuado a la espalda mediante el uso de tapicer\u00edas de calidad.<\/li>\n\n\n\n<li><strong>Detalles de adornos met\u00e1licos: <\/strong>Las molduras met\u00e1licas acent\u00faan los reposabrazos y las patas de esta silla de comedor a medida, realzando su sofisticaci\u00f3n general y su lujo moderno.<\/li>\n\n\n\n<li><strong>Construcci\u00f3n de doble material: <\/strong>Nuestra silla de comedor a medida utiliza un armaz\u00f3n de madera maciza y componentes de soporte met\u00e1licos, lo que proporciona un aspecto de capas con materiales contrastados a la vez que aporta estabilidad y capacidad para soportar peso.<\/li>\n\n\n\n<li><strong>Relleno de alta densidad respetuoso con la piel: <\/strong>La silla de comedor a medida tiene un asiento y un respaldo de espuma de alta calidad, fabricados con espuma de alta densidad y recubiertos con una superficie lisa de terciopelo o piel transpirable que proporciona comodidad durante largos periodos de uso.<\/li>\n\n\n\n<li><strong>Opciones de color para varias escenas:<\/strong> Esta silla de comedor a medida est\u00e1 disponible en varios colores, como verde oscuro, gris claro y negro puro, adecuados para mesas de comedor de m\u00e1rmol o espacios minimalistas modernos.<\/li>\n<\/ul>\n<\/div>\n\n\n\n<div class=\"wp-block-column is-layout-flow wp-block-column-is-layout-flow\">\n<figure class=\"wp-block-image size-full\"><img decoding=\"async\" width=\"1000\" height=\"1000\" src=\"https:\/\/www.chicasafurniture.com\/wp-content\/uploads\/2026\/02\/Velvet-Textured-Custom-Dining-Chair-With-Gold-Metal-Legs-6.webp\" alt=\"Silla de comedor a medida con textura de terciopelo y patas de metal dorado-6\" class=\"wp-image-399\" srcset=\"https:\/\/www.chicasafurniture.com\/wp-content\/uploads\/2026\/02\/Velvet-Textured-Custom-Dining-Chair-With-Gold-Metal-Legs-6.webp 1000w, https:\/\/www.chicasafurniture.com\/wp-content\/uploads\/2026\/02\/Velvet-Textured-Custom-Dining-Chair-With-Gold-Metal-Legs-6-300x300.webp 300w, https:\/\/www.chicasafurniture.com\/wp-content\/uploads\/2026\/02\/Velvet-Textured-Custom-Dining-Chair-With-Gold-Metal-Legs-6-150x150.webp 150w, https:\/\/www.chicasafurniture.com\/wp-content\/uploads\/2026\/02\/Velvet-Textured-Custom-Dining-Chair-With-Gold-Metal-Legs-6-768x768.webp 768w, https:\/\/www.chicasafurniture.com\/wp-content\/uploads\/2026\/02\/Velvet-Textured-Custom-Dining-Chair-With-Gold-Metal-Legs-6-600x600.webp 600w, https:\/\/www.chicasafurniture.com\/wp-content\/uploads\/2026\/02\/Velvet-Textured-Custom-Dining-Chair-With-Gold-Metal-Legs-6-100x100.webp 100w\" sizes=\"(max-width: 1000px) 100vw, 1000px\" \/><\/figure>\n<\/div>\n<\/div>\n\n\n\n<div class=\"wp-block-columns is-layout-flex wp-container-core-columns-is-layout-9d6595d7 wp-block-columns-is-layout-flex\">\n<div class=\"wp-block-column is-layout-flow wp-block-column-is-layout-flow\">\n<figure class=\"wp-block-image size-full\"><img decoding=\"async\" width=\"1000\" height=\"750\" src=\"https:\/\/www.chicasafurniture.com\/wp-content\/uploads\/2026\/02\/Velvet-Textured-Custom-Dining-Chair-With-Gold-Metal-Legs-4.webp\" alt=\"Silla de comedor a medida con textura de terciopelo y patas de metal dorado-4\" class=\"wp-image-397\" srcset=\"https:\/\/www.chicasafurniture.com\/wp-content\/uploads\/2026\/02\/Velvet-Textured-Custom-Dining-Chair-With-Gold-Metal-Legs-4.webp 1000w, https:\/\/www.chicasafurniture.com\/wp-content\/uploads\/2026\/02\/Velvet-Textured-Custom-Dining-Chair-With-Gold-Metal-Legs-4-300x225.webp 300w, https:\/\/www.chicasafurniture.com\/wp-content\/uploads\/2026\/02\/Velvet-Textured-Custom-Dining-Chair-With-Gold-Metal-Legs-4-768x576.webp 768w, https:\/\/www.chicasafurniture.com\/wp-content\/uploads\/2026\/02\/Velvet-Textured-Custom-Dining-Chair-With-Gold-Metal-Legs-4-600x450.webp 600w\" sizes=\"(max-width: 1000px) 100vw, 1000px\" \/><\/figure>\n<\/div>\n\n\n\n<div class=\"wp-block-column is-layout-flow wp-block-column-is-layout-flow\">\n<figure class=\"wp-block-image size-full\"><img decoding=\"async\" width=\"1335\" height=\"1000\" src=\"https:\/\/www.chicasafurniture.com\/wp-content\/uploads\/2026\/02\/Velvet-Textured-Custom-Dining-Chair-With-Gold-Metal-Legs-3.webp\" alt=\"Silla de comedor a medida con textura de terciopelo y patas de metal dorado-3\" class=\"wp-image-396\" srcset=\"https:\/\/www.chicasafurniture.com\/wp-content\/uploads\/2026\/02\/Velvet-Textured-Custom-Dining-Chair-With-Gold-Metal-Legs-3.webp 1335w, https:\/\/www.chicasafurniture.com\/wp-content\/uploads\/2026\/02\/Velvet-Textured-Custom-Dining-Chair-With-Gold-Metal-Legs-3-300x225.webp 300w, https:\/\/www.chicasafurniture.com\/wp-content\/uploads\/2026\/02\/Velvet-Textured-Custom-Dining-Chair-With-Gold-Metal-Legs-3-768x575.webp 768w, https:\/\/www.chicasafurniture.com\/wp-content\/uploads\/2026\/02\/Velvet-Textured-Custom-Dining-Chair-With-Gold-Metal-Legs-3-1200x899.webp 1200w, https:\/\/www.chicasafurniture.com\/wp-content\/uploads\/2026\/02\/Velvet-Textured-Custom-Dining-Chair-With-Gold-Metal-Legs-3-600x449.webp 600w\" sizes=\"(max-width: 1335px) 100vw, 1335px\" \/><\/figure>\n<\/div>\n<\/div>","protected":false},"excerpt":{"rendered":"<p>Bienvenido a pedir muebles de comedor de lujo. Esta silla de comedor a medida tiene un elegante respaldo curvado, que ha sido tapizado con terciopelo y cuenta con una base de madera maciza con detalles de metal, haciendo de este dise\u00f1o una mezcla perfecta de vintage y contempor\u00e1neo.<\/p>\n<table style=\"border-collapse: collapse; width: 222.03pt;\" border=\"0\" width=\"222\" cellspacing=\"0\" cellpadding=\"0\">\n<tbody>\n<tr style=\"height: 15.20pt;\">\n<td class=\"et2\" style=\"height: 15.20pt; width: 81.65pt;\" width=\"81\" height=\"15\">Fabricante<\/td>\n<td class=\"et2\" style=\"width: 140.80pt;\" width=\"140\">ChiCasa<\/td>\n<\/tr>\n<tr style=\"height: 15.20pt;\">\n<td class=\"et2\" style=\"height: 15.20pt;\" height=\"15\">Categor\u00eda<\/td>\n<td class=\"et2\">Silla de comedor<\/td>\n<\/tr>\n<tr style=\"height: 15.20pt;\">\n<td class=\"et2\" style=\"height: 15.20pt;\" height=\"15\">Aplicaci\u00f3n<\/td>\n<td class=\"et2\">Comedor<\/td>\n<\/tr>\n<tr style=\"height: 15.20pt;\">\n<td class=\"et2\" style=\"height: 15.20pt;\" height=\"15\">Estilo<\/td>\n<td class=\"et2\">Lujo refinado<\/td>\n<\/tr>\n<tr style=\"height: 15.20pt;\">\n<td class=\"et2\" style=\"height: 15.20pt;\" height=\"15\">Modelo<\/td>\n<td class=\"et2\">QMY-DC001<\/td>\n<\/tr>\n<tr style=\"height: 15.20pt;\">\n<td class=\"et2\" style=\"height: 15.20pt;\" height=\"15\">Personalizaci\u00f3n<\/td>\n<td class=\"et2\">Color, tama\u00f1o, material<\/td>\n<\/tr>\n<tr style=\"height: 15.20pt;\">\n<td class=\"et2\" style=\"height: 15.20pt;\" height=\"15\">MOQ<\/td>\n<td class=\"et2\">1 unidad<\/td>\n<\/tr>\n<\/tbody>\n<\/table>","protected":false},"featured_media":395,"comment_status":"closed","ping_status":"closed","template":"","meta":{"_acf_changed":false},"product_brand":[],"product_cat":[17,30],"product_tag":[],"class_list":{"0":"post-393","1":"product","2":"type-product","3":"status-publish","4":"has-post-thumbnail","6":"product_cat-custom-dining-room-furniture","7":"product_cat-bespoke-dining-chair","9":"first","10":"instock","11":"shipping-taxable","12":"product-type-simple"},"acf":[],"_links":{"self":[{"href":"https:\/\/www.chicasafurniture.com\/es\/wp-json\/wp\/v2\/product\/393","targetHints":{"allow":["GET"]}}],"collection":[{"href":"https:\/\/www.chicasafurniture.com\/es\/wp-json\/wp\/v2\/product"}],"about":[{"href":"https:\/\/www.chicasafurniture.com\/es\/wp-json\/wp\/v2\/types\/product"}],"replies":[{"embeddable":true,"href":"https:\/\/www.chicasafurniture.com\/es\/wp-json\/wp\/v2\/comments?post=393"}],"wp:featuredmedia":[{"embeddable":true,"href":"https:\/\/www.chicasafurniture.com\/es\/wp-json\/wp\/v2\/media\/395"}],"wp:attachment":[{"href":"https:\/\/www.chicasafurniture.com\/es\/wp-json\/wp\/v2\/media?parent=393"}],"wp:term":[{"taxonomy":"product_brand","embeddable":true,"href":"https:\/\/www.chicasafurniture.com\/es\/wp-json\/wp\/v2\/product_brand?post=393"},{"taxonomy":"product_cat","embeddable":true,"href":"https:\/\/www.chicasafurniture.com\/es\/wp-json\/wp\/v2\/product_cat?post=393"},{"taxonomy":"product_tag","embeddable":true,"href":"https:\/\/www.chicasafurniture.com\/es\/wp-json\/wp\/v2\/product_tag?post=393"}],"curies":[{"name":"wp","href":"https:\/\/api.w.org\/{rel}","templated":true}]}}