{"id":400,"date":"2026-02-11T06:13:18","date_gmt":"2026-02-11T06:13:18","guid":{"rendered":"https:\/\/www.chicasafurniture.com\/?post_type=product&#038;p=400"},"modified":"2026-02-11T06:43:06","modified_gmt":"2026-02-11T06:43:06","slug":"custom-upholstered-dining-chair","status":"publish","type":"product","link":"https:\/\/www.chicasafurniture.com\/es\/product\/custom-upholstered-dining-chair\/","title":{"rendered":"Silla de Comedor Tapizada a Medida, Tela de Terciopelo Dise\u00f1o Moderno"},"content":{"rendered":"<h2 class=\"wp-block-heading\">Especificaciones de producto de Silla de comedor tapizada a medida<\/h2>\n\n\n\n<figure class=\"wp-block-table\"><table class=\"has-fixed-layout\"><tbody><tr><td>Marco<\/td><td>Material de cubierta<\/td><td>Material de relleno<\/td><td>Piernas<\/td><td>Color<\/td><td>Talla<\/td><td>Peso<\/td><\/tr><tr><td>Madera maciza<\/td><td>Tejido\/Piel<\/td><td>Esponja de alta densidad<\/td><td>Madera maciza<\/td><td>Personalizado<\/td><td>Talla normal<\/td><td>Esponja de alta densidad<\/td><\/tr><\/tbody><\/table><\/figure>\n\n\n\n<div class=\"wp-block-columns is-layout-flex wp-container-core-columns-is-layout-9d6595d7 wp-block-columns-is-layout-flex\">\n<div class=\"wp-block-column is-layout-flow wp-block-column-is-layout-flow\">\n<h2 class=\"wp-block-heading\">Premium Custom Silla de Comedor Tapizada Caracter\u00edsticas:<\/h2>\n\n\n\n<ul class=\"wp-block-list\">\n<li><strong>Ante\/Piel suave:<\/strong> Esta silla de comedor tapizada a medida presenta una opci\u00f3n de piel fina o ante para un tacto suave y f\u00e1cil de mantener.<\/li>\n\n\n\n<li><strong>Respaldo ergon\u00f3mico curvado:<\/strong> El dise\u00f1o de nuestra silla de comedor a medida se adapta a la curvatura de la espalda y se complementa con espuma de alta densidad, proporcionando un apoyo c\u00f3modo durante largos periodos de tiempo sentado.<\/li>\n\n\n\n<li><strong>Pata met\u00e1lica Est\u00e9tica de dise\u00f1o: <\/strong>Esta silla de comedor tapizada a medida tiene una estructura dorada\/plateada de l\u00edneas limpias y sencillas que le confieren un aspecto moderno y discreto, a la vez que le proporcionan un fuerte apoyo.<\/li>\n\n\n\n<li><strong>Profunda personalizaci\u00f3n de colores y materiales:<\/strong> Nuestra silla de comedor a medida permite combinaciones personalizadas de tejidos (ante\/piel), colores (blanco roto\/morado oscuro\/gris claro, etc.) y detalles met\u00e1licos.<\/li>\n\n\n\n<li><strong>Flexible y vers\u00e1til para diferentes entornos:<\/strong> Tanto si se combina con una mesa de m\u00e1rmol como con un espacio moderno y minimalista, esta silla de comedor tapizada a medida puede realzar el estilo y la armon\u00eda del entorno general del comedor.<\/li>\n<\/ul>\n<\/div>\n\n\n\n<div class=\"wp-block-column is-layout-flow wp-block-column-is-layout-flow\">\n<figure class=\"wp-block-image size-full\"><img decoding=\"async\" width=\"900\" height=\"1200\" src=\"https:\/\/www.chicasafurniture.com\/wp-content\/uploads\/2026\/02\/Custom-Upholstered-Dining-Chair-Velvet-Fabric-Modern-Design-3.webp\" alt=\"Silla de Comedor Tapizada a Medida, Tela de Terciopelo Dise\u00f1o Moderno-3\" class=\"wp-image-403\" srcset=\"https:\/\/www.chicasafurniture.com\/wp-content\/uploads\/2026\/02\/Custom-Upholstered-Dining-Chair-Velvet-Fabric-Modern-Design-3.webp 900w, https:\/\/www.chicasafurniture.com\/wp-content\/uploads\/2026\/02\/Custom-Upholstered-Dining-Chair-Velvet-Fabric-Modern-Design-3-225x300.webp 225w, https:\/\/www.chicasafurniture.com\/wp-content\/uploads\/2026\/02\/Custom-Upholstered-Dining-Chair-Velvet-Fabric-Modern-Design-3-768x1024.webp 768w, https:\/\/www.chicasafurniture.com\/wp-content\/uploads\/2026\/02\/Custom-Upholstered-Dining-Chair-Velvet-Fabric-Modern-Design-3-600x800.webp 600w\" sizes=\"(max-width: 900px) 100vw, 900px\" \/><\/figure>\n<\/div>\n<\/div>\n\n\n\n<div class=\"wp-block-columns is-layout-flex wp-container-core-columns-is-layout-9d6595d7 wp-block-columns-is-layout-flex\">\n<div class=\"wp-block-column is-layout-flow wp-block-column-is-layout-flow\">\n<div class=\"wp-block-columns is-layout-flex wp-container-core-columns-is-layout-9d6595d7 wp-block-columns-is-layout-flex\">\n<div class=\"wp-block-column is-layout-flow wp-block-column-is-layout-flow\">\n<figure class=\"wp-block-image size-full\"><img decoding=\"async\" width=\"1774\" height=\"1200\" src=\"https:\/\/www.chicasafurniture.com\/wp-content\/uploads\/2026\/02\/Custom-Upholstered-Dining-Chair-Velvet-Fabric-Modern-Design-2.webp\" alt=\"Silla de Comedor Tapizada a Medida, Tela de Terciopelo Dise\u00f1o Moderno-2\" class=\"wp-image-402\" srcset=\"https:\/\/www.chicasafurniture.com\/wp-content\/uploads\/2026\/02\/Custom-Upholstered-Dining-Chair-Velvet-Fabric-Modern-Design-2.webp 1774w, https:\/\/www.chicasafurniture.com\/wp-content\/uploads\/2026\/02\/Custom-Upholstered-Dining-Chair-Velvet-Fabric-Modern-Design-2-300x203.webp 300w, https:\/\/www.chicasafurniture.com\/wp-content\/uploads\/2026\/02\/Custom-Upholstered-Dining-Chair-Velvet-Fabric-Modern-Design-2-768x520.webp 768w, https:\/\/www.chicasafurniture.com\/wp-content\/uploads\/2026\/02\/Custom-Upholstered-Dining-Chair-Velvet-Fabric-Modern-Design-2-1200x812.webp 1200w, https:\/\/www.chicasafurniture.com\/wp-content\/uploads\/2026\/02\/Custom-Upholstered-Dining-Chair-Velvet-Fabric-Modern-Design-2-600x406.webp 600w\" sizes=\"(max-width: 1774px) 100vw, 1774px\" \/><\/figure>\n<\/div>\n\n\n\n<div class=\"wp-block-column is-layout-flow wp-block-column-is-layout-flow\">\n<figure class=\"wp-block-image size-full\"><img decoding=\"async\" width=\"1400\" height=\"900\" src=\"https:\/\/www.chicasafurniture.com\/wp-content\/uploads\/2026\/02\/Custom-Upholstered-Dining-Chair-Velvet-Fabric-Modern-Design-5.webp\" alt=\"Silla de Comedor Tapizada a Medida, Tela de Terciopelo Dise\u00f1o Moderno-5\" class=\"wp-image-405\" srcset=\"https:\/\/www.chicasafurniture.com\/wp-content\/uploads\/2026\/02\/Custom-Upholstered-Dining-Chair-Velvet-Fabric-Modern-Design-5.webp 1400w, https:\/\/www.chicasafurniture.com\/wp-content\/uploads\/2026\/02\/Custom-Upholstered-Dining-Chair-Velvet-Fabric-Modern-Design-5-300x193.webp 300w, https:\/\/www.chicasafurniture.com\/wp-content\/uploads\/2026\/02\/Custom-Upholstered-Dining-Chair-Velvet-Fabric-Modern-Design-5-768x494.webp 768w, https:\/\/www.chicasafurniture.com\/wp-content\/uploads\/2026\/02\/Custom-Upholstered-Dining-Chair-Velvet-Fabric-Modern-Design-5-1200x771.webp 1200w, https:\/\/www.chicasafurniture.com\/wp-content\/uploads\/2026\/02\/Custom-Upholstered-Dining-Chair-Velvet-Fabric-Modern-Design-5-600x386.webp 600w\" sizes=\"(max-width: 1400px) 100vw, 1400px\" \/><\/figure>\n<\/div>\n<\/div>\n<\/div>\n<\/div>","protected":false},"excerpt":{"rendered":"<p>Bienvenido a pedir muebles de comedor. Esta silla de comedor tapizada a medida est\u00e1 fabricada en ante\/piel suave, con un respaldo curvado y acolchado de espuma de alta densidad, acentuado con elegantes patas de metal.<\/p>\n<table style=\"border-collapse: collapse; width: 222.03pt;\" border=\"0\" width=\"222\" cellspacing=\"0\" cellpadding=\"0\">\n<tbody>\n<tr style=\"height: 15.20pt;\">\n<td class=\"et2\" style=\"height: 15.20pt; width: 81.65pt;\" width=\"81\" height=\"15\">Fabricante<\/td>\n<td class=\"et2\" style=\"width: 140.80pt;\" width=\"140\">ChiCasa<\/td>\n<\/tr>\n<tr style=\"height: 15.20pt;\">\n<td class=\"et2\" style=\"height: 15.20pt;\" height=\"15\">Categor\u00eda<\/td>\n<td class=\"et2\">Silla de comedor<\/td>\n<\/tr>\n<tr style=\"height: 15.20pt;\">\n<td class=\"et2\" style=\"height: 15.20pt;\" height=\"15\">Aplicaci\u00f3n<\/td>\n<td class=\"et2\">Comedor<\/td>\n<\/tr>\n<tr style=\"height: 15.20pt;\">\n<td class=\"et2\" style=\"height: 15.20pt;\" height=\"15\">Estilo<\/td>\n<td class=\"et2\">Lujo refinado<\/td>\n<\/tr>\n<tr style=\"height: 15.20pt;\">\n<td class=\"et2\" style=\"height: 15.20pt;\" height=\"15\">Modelo<\/td>\n<td class=\"et2\">QMY-DC001<\/td>\n<\/tr>\n<tr style=\"height: 15.20pt;\">\n<td class=\"et2\" style=\"height: 15.20pt;\" height=\"15\">Personalizaci\u00f3n<\/td>\n<td class=\"et2\">Color, tama\u00f1o, material<\/td>\n<\/tr>\n<tr style=\"height: 15.20pt;\">\n<td class=\"et2\" style=\"height: 15.20pt;\" height=\"15\">MOQ<\/td>\n<td class=\"et2\">1 unidad<\/td>\n<\/tr>\n<\/tbody>\n<\/table>","protected":false},"featured_media":404,"comment_status":"closed","ping_status":"closed","template":"","meta":{"_acf_changed":false},"product_brand":[],"product_cat":[17,30],"product_tag":[],"class_list":{"0":"post-400","1":"product","2":"type-product","3":"status-publish","4":"has-post-thumbnail","6":"product_cat-custom-dining-room-furniture","7":"product_cat-bespoke-dining-chair","9":"first","10":"instock","11":"shipping-taxable","12":"product-type-simple"},"acf":[],"_links":{"self":[{"href":"https:\/\/www.chicasafurniture.com\/es\/wp-json\/wp\/v2\/product\/400","targetHints":{"allow":["GET"]}}],"collection":[{"href":"https:\/\/www.chicasafurniture.com\/es\/wp-json\/wp\/v2\/product"}],"about":[{"href":"https:\/\/www.chicasafurniture.com\/es\/wp-json\/wp\/v2\/types\/product"}],"replies":[{"embeddable":true,"href":"https:\/\/www.chicasafurniture.com\/es\/wp-json\/wp\/v2\/comments?post=400"}],"wp:featuredmedia":[{"embeddable":true,"href":"https:\/\/www.chicasafurniture.com\/es\/wp-json\/wp\/v2\/media\/404"}],"wp:attachment":[{"href":"https:\/\/www.chicasafurniture.com\/es\/wp-json\/wp\/v2\/media?parent=400"}],"wp:term":[{"taxonomy":"product_brand","embeddable":true,"href":"https:\/\/www.chicasafurniture.com\/es\/wp-json\/wp\/v2\/product_brand?post=400"},{"taxonomy":"product_cat","embeddable":true,"href":"https:\/\/www.chicasafurniture.com\/es\/wp-json\/wp\/v2\/product_cat?post=400"},{"taxonomy":"product_tag","embeddable":true,"href":"https:\/\/www.chicasafurniture.com\/es\/wp-json\/wp\/v2\/product_tag?post=400"}],"curies":[{"name":"wp","href":"https:\/\/api.w.org\/{rel}","templated":true}]}}