{"id":407,"date":"2026-02-11T06:43:56","date_gmt":"2026-02-11T06:43:56","guid":{"rendered":"https:\/\/www.chicasafurniture.com\/?post_type=product&#038;p=407"},"modified":"2026-02-11T07:03:12","modified_gmt":"2026-02-11T07:03:12","slug":"custom-sideboard","status":"publish","type":"product","link":"https:\/\/www.chicasafurniture.com\/es\/product\/custom-sideboard\/","title":{"rendered":"Aparador a medida con listones met\u00e1licos dorados y dise\u00f1o de madera"},"content":{"rendered":"<h2 class=\"wp-block-heading\">Especificaciones de producto del aparador a medida<\/h2>\n\n\n\n<figure class=\"wp-block-table\"><table class=\"has-fixed-layout\"><tbody><tr><td>Marco<\/td><td>Material de cubierta<\/td><td>Material de relleno<\/td><td>Piernas<\/td><td>Color<\/td><td>Talla<\/td><td>Peso<\/td><\/tr><tr><td>Madera<\/td><td>\/<\/td><td>\/<\/td><td>Madera<\/td><td>Personalizado<\/td><td>Personalizado<\/td><td>60-100kg<\/td><\/tr><\/tbody><\/table><\/figure>\n\n\n\n<div class=\"wp-block-columns is-layout-flex wp-container-core-columns-is-layout-9d6595d7 wp-block-columns-is-layout-flex\">\n<div class=\"wp-block-column is-layout-flow wp-block-column-is-layout-flow\">\n<h2 class=\"wp-block-heading\">Premium Custom Aparador Caracter\u00edsticas:<\/h2>\n\n\n\n<ul class=\"wp-block-list\">\n<li><strong>Dise\u00f1o de columna met\u00e1lica id\u00e9ntica:<\/strong> Las columnas de metal dorado de este aparador a medida forman el cuerpo principal de las puertas de los armarios, aportando un fuerte impacto visual y un aire moderno.<\/li>\n\n\n\n<li><strong>Artesan\u00eda de madera maciza y empalmes met\u00e1licos:<\/strong> Los paneles de madera maciza oscura y el metal dorado de este mueble de comedor a medida se combinan a la perfecci\u00f3n gracias a un meticuloso trabajo artesanal, presentando una textura de alta gama a trav\u00e9s del contraste de materiales.<\/li>\n\n\n\n<li><strong>Almacenamiento flexible de tres secciones: <\/strong>El dise\u00f1o de tres puertas de este aparador a medida (n\u00famero de puertas personalizable) combinado con el espacio de almacenamiento de color marr\u00f3n oscuro satisface tanto las necesidades diarias de almacenamiento como las de exposici\u00f3n.<\/li>\n\n\n\n<li><strong>Estructura de base estable y minimalista: <\/strong>La base negra de este mueble de comedor a medida proporciona un soporte estable a la vez que mantiene la ligereza y sencillez general del dise\u00f1o visual.<\/li>\n\n\n\n<li><strong>Personalizaci\u00f3n integral: <\/strong>Nuestros aparadores a medida admiten la personalizaci\u00f3n del tama\u00f1o, el color del metal, la combinaci\u00f3n de colores de la veta de la madera y la estructura de almacenamiento para adaptarse a diversos espacios dom\u00e9sticos.<\/li>\n<\/ul>\n<\/div>\n\n\n\n<div class=\"wp-block-column is-layout-flow wp-block-column-is-layout-flow\">\n<figure class=\"wp-block-image size-full\"><img decoding=\"async\" width=\"384\" height=\"450\" src=\"https:\/\/www.chicasafurniture.com\/wp-content\/uploads\/2026\/02\/Custom-Sideboard-with-Gold-Metal-Slats-Wooden-Design-4.webp\" alt=\"Aparador a medida con listones met\u00e1licos dorados y dise\u00f1o de madera-4\" class=\"wp-image-411\" srcset=\"https:\/\/www.chicasafurniture.com\/wp-content\/uploads\/2026\/02\/Custom-Sideboard-with-Gold-Metal-Slats-Wooden-Design-4.webp 384w, https:\/\/www.chicasafurniture.com\/wp-content\/uploads\/2026\/02\/Custom-Sideboard-with-Gold-Metal-Slats-Wooden-Design-4-256x300.webp 256w\" sizes=\"(max-width: 384px) 100vw, 384px\" \/><\/figure>\n<\/div>\n<\/div>\n\n\n\n<div class=\"wp-block-columns is-layout-flex wp-container-core-columns-is-layout-9d6595d7 wp-block-columns-is-layout-flex\">\n<div class=\"wp-block-column is-layout-flow wp-block-column-is-layout-flow\">\n<div class=\"wp-block-columns is-layout-flex wp-container-core-columns-is-layout-9d6595d7 wp-block-columns-is-layout-flex\">\n<div class=\"wp-block-column is-layout-flow wp-block-column-is-layout-flow\">\n<figure class=\"wp-block-image size-full\"><img decoding=\"async\" width=\"746\" height=\"450\" src=\"https:\/\/www.chicasafurniture.com\/wp-content\/uploads\/2026\/02\/Custom-Sideboard-with-Gold-Metal-Slats-Wooden-Design-2.webp\" alt=\"Aparador a medida con listones met\u00e1licos dorados y dise\u00f1o de madera-2\" class=\"wp-image-409\" srcset=\"https:\/\/www.chicasafurniture.com\/wp-content\/uploads\/2026\/02\/Custom-Sideboard-with-Gold-Metal-Slats-Wooden-Design-2.webp 746w, https:\/\/www.chicasafurniture.com\/wp-content\/uploads\/2026\/02\/Custom-Sideboard-with-Gold-Metal-Slats-Wooden-Design-2-300x181.webp 300w, https:\/\/www.chicasafurniture.com\/wp-content\/uploads\/2026\/02\/Custom-Sideboard-with-Gold-Metal-Slats-Wooden-Design-2-600x362.webp 600w\" sizes=\"(max-width: 746px) 100vw, 746px\" \/><\/figure>\n<\/div>\n\n\n\n<div class=\"wp-block-column is-layout-flow wp-block-column-is-layout-flow\">\n<figure class=\"wp-block-image size-full\"><img decoding=\"async\" width=\"746\" height=\"450\" src=\"https:\/\/www.chicasafurniture.com\/wp-content\/uploads\/2026\/02\/Custom-Sideboard-with-Gold-Metal-Slats-Wooden-Design-3.webp\" alt=\"Aparador a medida con listones met\u00e1licos dorados y dise\u00f1o de madera-3\" class=\"wp-image-410\" srcset=\"https:\/\/www.chicasafurniture.com\/wp-content\/uploads\/2026\/02\/Custom-Sideboard-with-Gold-Metal-Slats-Wooden-Design-3.webp 746w, https:\/\/www.chicasafurniture.com\/wp-content\/uploads\/2026\/02\/Custom-Sideboard-with-Gold-Metal-Slats-Wooden-Design-3-300x181.webp 300w, https:\/\/www.chicasafurniture.com\/wp-content\/uploads\/2026\/02\/Custom-Sideboard-with-Gold-Metal-Slats-Wooden-Design-3-600x362.webp 600w\" sizes=\"(max-width: 746px) 100vw, 746px\" \/><\/figure>\n<\/div>\n<\/div>\n<\/div>\n<\/div>","protected":false},"excerpt":{"rendered":"<p>Bienvenido a la compra de armarios de comedor. Este aparador a medida cuenta con paneles de madera maciza oscura empalmados a la perfecci\u00f3n, mostrando un estilo \u00fanico de lujo moderno y discreto, y proporcionando un amplio espacio de almacenamiento con tres puertas.<\/p>\n<table style=\"border-collapse: collapse; width: 222.03pt;\" border=\"0\" width=\"222\" cellspacing=\"0\" cellpadding=\"0\">\n<tbody>\n<tr style=\"height: 15.20pt;\">\n<td class=\"et2\" style=\"height: 15.20pt; width: 81.65pt;\" width=\"81\" height=\"15\">Fabricante<\/td>\n<td class=\"et2\" style=\"width: 140.80pt;\" width=\"140\">ChiCasa<\/td>\n<\/tr>\n<tr style=\"height: 15.20pt;\">\n<td class=\"et2\" style=\"height: 15.20pt;\" height=\"15\">Categor\u00eda<\/td>\n<td class=\"et2\">Aparador<\/td>\n<\/tr>\n<tr style=\"height: 15.20pt;\">\n<td class=\"et2\" style=\"height: 15.20pt;\" height=\"15\">Aplicaci\u00f3n<\/td>\n<td class=\"et2\">Comedor<\/td>\n<\/tr>\n<tr style=\"height: 15.20pt;\">\n<td class=\"et2\" style=\"height: 15.20pt;\" height=\"15\">Estilo<\/td>\n<td class=\"et2\">Lujo refinado<\/td>\n<\/tr>\n<tr style=\"height: 15.20pt;\">\n<td class=\"et2\" style=\"height: 15.20pt;\" height=\"15\">Modelo<\/td>\n<td class=\"et2\">QMY-SB001<\/td>\n<\/tr>\n<tr style=\"height: 15.20pt;\">\n<td class=\"et2\" style=\"height: 15.20pt;\" height=\"15\">Personalizaci\u00f3n<\/td>\n<td class=\"et2\">Color, tama\u00f1o, material<\/td>\n<\/tr>\n<tr style=\"height: 15.20pt;\">\n<td class=\"et2\" style=\"height: 15.20pt;\" height=\"15\">MOQ<\/td>\n<td class=\"et2\">1 unidad<\/td>\n<\/tr>\n<\/tbody>\n<\/table>","protected":false},"featured_media":408,"comment_status":"closed","ping_status":"closed","template":"","meta":{"_acf_changed":false},"product_brand":[],"product_cat":[17,31],"product_tag":[],"class_list":{"0":"post-407","1":"product","2":"type-product","3":"status-publish","4":"has-post-thumbnail","6":"product_cat-custom-dining-room-furniture","7":"product_cat-custom-sideboard-cabinet","9":"first","10":"instock","11":"shipping-taxable","12":"product-type-simple"},"acf":[],"_links":{"self":[{"href":"https:\/\/www.chicasafurniture.com\/es\/wp-json\/wp\/v2\/product\/407","targetHints":{"allow":["GET"]}}],"collection":[{"href":"https:\/\/www.chicasafurniture.com\/es\/wp-json\/wp\/v2\/product"}],"about":[{"href":"https:\/\/www.chicasafurniture.com\/es\/wp-json\/wp\/v2\/types\/product"}],"replies":[{"embeddable":true,"href":"https:\/\/www.chicasafurniture.com\/es\/wp-json\/wp\/v2\/comments?post=407"}],"wp:featuredmedia":[{"embeddable":true,"href":"https:\/\/www.chicasafurniture.com\/es\/wp-json\/wp\/v2\/media\/408"}],"wp:attachment":[{"href":"https:\/\/www.chicasafurniture.com\/es\/wp-json\/wp\/v2\/media?parent=407"}],"wp:term":[{"taxonomy":"product_brand","embeddable":true,"href":"https:\/\/www.chicasafurniture.com\/es\/wp-json\/wp\/v2\/product_brand?post=407"},{"taxonomy":"product_cat","embeddable":true,"href":"https:\/\/www.chicasafurniture.com\/es\/wp-json\/wp\/v2\/product_cat?post=407"},{"taxonomy":"product_tag","embeddable":true,"href":"https:\/\/www.chicasafurniture.com\/es\/wp-json\/wp\/v2\/product_tag?post=407"}],"curies":[{"name":"wp","href":"https:\/\/api.w.org\/{rel}","templated":true}]}}