{"id":412,"date":"2026-02-11T07:05:07","date_gmt":"2026-02-11T07:05:07","guid":{"rendered":"https:\/\/www.chicasafurniture.com\/?post_type=product&#038;p=412"},"modified":"2026-02-11T07:15:26","modified_gmt":"2026-02-11T07:15:26","slug":"bespoke-sideboard","status":"publish","type":"product","link":"https:\/\/www.chicasafurniture.com\/es\/product\/bespoke-sideboard\/","title":{"rendered":"Aparador a medida con acabado de espejo y detalles dorados artesanales"},"content":{"rendered":"<h2 class=\"wp-block-heading\">Especificaciones de producto del aparador a medida<\/h2>\n\n\n\n<figure class=\"wp-block-table\"><table class=\"has-fixed-layout\"><tbody><tr><td>Marco<\/td><td>Material de cubierta<\/td><td>Material de relleno<\/td><td>Piernas<\/td><td>Color<\/td><td>Talla<\/td><td>Peso<\/td><\/tr><tr><td>Madera<\/td><td>\/<\/td><td>\/<\/td><td>Madera<\/td><td>Personalizado<\/td><td>Personalizado<\/td><td>60-100kg<\/td><\/tr><\/tbody><\/table><\/figure>\n\n\n\n<div class=\"wp-block-columns is-layout-flex wp-container-core-columns-is-layout-9d6595d7 wp-block-columns-is-layout-flex\">\n<div class=\"wp-block-column is-layout-flow wp-block-column-is-layout-flow\">\n<h2 class=\"wp-block-heading\">Premium Bespoke Aparador Caracter\u00edsticas:<\/h2>\n\n\n\n<ul class=\"wp-block-list\">\n<li><strong>Espejo de alto brillo e integraci\u00f3n de arte en metal:<\/strong> El aparador a medida presenta un acabado de espejo de alto brillo que permite que la funci\u00f3n y la conexi\u00f3n de los adornos de textura de metal l\u00edquido que lo decoran sean muy art\u00edsticas.<\/li>\n\n\n\n<li><strong>Dise\u00f1o de pata met\u00e1lica ondulada:<\/strong> La base de este aparador a medida presenta unas patas doradas de forma \u00fanica que recuerdan a esculturas de metal fundido y ofrecen tanto integridad estructural como un impresionante punto focal art\u00edstico.<\/li>\n\n\n\n<li><strong>Exquisito contraste entre materiales interiores y exteriores:<\/strong> El exterior de este aparador a medida presenta modernos espejos y metal, mientras que los cajones interiores son de madera natural de color marr\u00f3n claro, lo que crea un espectacular contraste entre el lujo y los materiales naturales cuando se abren.<\/li>\n\n\n\n<li><strong>Coleccionable de arte multifuncional: <\/strong>Nuestros aparadores a medida pueden servir f\u00e1cilmente como aparador y\/o vitrina. Son visualmente llamativos y se pueden utilizar para mejorar la decoraci\u00f3n general de un espacio exhibiendo piezas llamativas como gafas de sol con montura dorada o esculturas abstractas.<\/li>\n\n\n\n<li><strong>Personalizaci\u00f3n completa: <\/strong>Nuestros aparadores a medida ofrecen completas opciones de personalizaci\u00f3n, desde el tama\u00f1o y el color met\u00e1lico (oro\/plata\/bronce) y el acabado de espejo hasta el dise\u00f1o de las patas. Cada pieza es un mueble \u00fanico y coleccionable.<\/li>\n<\/ul>\n<\/div>\n\n\n\n<div class=\"wp-block-column is-layout-flow wp-block-column-is-layout-flow\">\n<figure class=\"wp-block-image size-full\"><img decoding=\"async\" width=\"1167\" height=\"1750\" src=\"https:\/\/www.chicasafurniture.com\/wp-content\/uploads\/2026\/02\/Mirror-Finish-Bespoke-Sideboard-with-Artisan-Gold-Detailing-5-edited.webp\" alt=\"Aparador a medida con acabado de espejo y detalles dorados artesanales-5\" class=\"wp-image-419\" srcset=\"https:\/\/www.chicasafurniture.com\/wp-content\/uploads\/2026\/02\/Mirror-Finish-Bespoke-Sideboard-with-Artisan-Gold-Detailing-5-edited.webp 1167w, https:\/\/www.chicasafurniture.com\/wp-content\/uploads\/2026\/02\/Mirror-Finish-Bespoke-Sideboard-with-Artisan-Gold-Detailing-5-edited-200x300.webp 200w, https:\/\/www.chicasafurniture.com\/wp-content\/uploads\/2026\/02\/Mirror-Finish-Bespoke-Sideboard-with-Artisan-Gold-Detailing-5-edited-768x1152.webp 768w, https:\/\/www.chicasafurniture.com\/wp-content\/uploads\/2026\/02\/Mirror-Finish-Bespoke-Sideboard-with-Artisan-Gold-Detailing-5-edited-600x900.webp 600w\" sizes=\"(max-width: 1167px) 100vw, 1167px\" \/><\/figure>\n<\/div>\n<\/div>\n\n\n\n<div class=\"wp-block-columns is-layout-flex wp-container-core-columns-is-layout-9d6595d7 wp-block-columns-is-layout-flex\">\n<div class=\"wp-block-column is-layout-flow wp-block-column-is-layout-flow\">\n<div class=\"wp-block-columns is-layout-flex wp-container-core-columns-is-layout-9d6595d7 wp-block-columns-is-layout-flex\">\n<div class=\"wp-block-column is-layout-flow wp-block-column-is-layout-flow\">\n<figure class=\"wp-block-image size-full\"><img decoding=\"async\" width=\"2000\" height=\"1750\" src=\"https:\/\/www.chicasafurniture.com\/wp-content\/uploads\/2026\/02\/Mirror-Finish-Bespoke-Sideboard-with-Artisan-Gold-Detailing-3.webp\" alt=\"Aparador a medida con acabado de espejo y detalles dorados artesanales-3\" class=\"wp-image-415\" srcset=\"https:\/\/www.chicasafurniture.com\/wp-content\/uploads\/2026\/02\/Mirror-Finish-Bespoke-Sideboard-with-Artisan-Gold-Detailing-3.webp 2000w, https:\/\/www.chicasafurniture.com\/wp-content\/uploads\/2026\/02\/Mirror-Finish-Bespoke-Sideboard-with-Artisan-Gold-Detailing-3-300x263.webp 300w, https:\/\/www.chicasafurniture.com\/wp-content\/uploads\/2026\/02\/Mirror-Finish-Bespoke-Sideboard-with-Artisan-Gold-Detailing-3-768x672.webp 768w, https:\/\/www.chicasafurniture.com\/wp-content\/uploads\/2026\/02\/Mirror-Finish-Bespoke-Sideboard-with-Artisan-Gold-Detailing-3-1200x1050.webp 1200w, https:\/\/www.chicasafurniture.com\/wp-content\/uploads\/2026\/02\/Mirror-Finish-Bespoke-Sideboard-with-Artisan-Gold-Detailing-3-600x525.webp 600w\" sizes=\"(max-width: 2000px) 100vw, 2000px\" \/><\/figure>\n<\/div>\n\n\n\n<div class=\"wp-block-column is-layout-flow wp-block-column-is-layout-flow\">\n<figure class=\"wp-block-image size-full\"><img decoding=\"async\" width=\"2000\" height=\"1750\" src=\"https:\/\/www.chicasafurniture.com\/wp-content\/uploads\/2026\/02\/Mirror-Finish-Bespoke-Sideboard-with-Artisan-Gold-Detailing-4.webp\" alt=\"Aparador a medida con acabado de espejo y detalles dorados artesanales-4\" class=\"wp-image-416\" srcset=\"https:\/\/www.chicasafurniture.com\/wp-content\/uploads\/2026\/02\/Mirror-Finish-Bespoke-Sideboard-with-Artisan-Gold-Detailing-4.webp 2000w, https:\/\/www.chicasafurniture.com\/wp-content\/uploads\/2026\/02\/Mirror-Finish-Bespoke-Sideboard-with-Artisan-Gold-Detailing-4-300x263.webp 300w, https:\/\/www.chicasafurniture.com\/wp-content\/uploads\/2026\/02\/Mirror-Finish-Bespoke-Sideboard-with-Artisan-Gold-Detailing-4-768x672.webp 768w, https:\/\/www.chicasafurniture.com\/wp-content\/uploads\/2026\/02\/Mirror-Finish-Bespoke-Sideboard-with-Artisan-Gold-Detailing-4-1200x1050.webp 1200w, https:\/\/www.chicasafurniture.com\/wp-content\/uploads\/2026\/02\/Mirror-Finish-Bespoke-Sideboard-with-Artisan-Gold-Detailing-4-600x525.webp 600w\" sizes=\"(max-width: 2000px) 100vw, 2000px\" \/><\/figure>\n<\/div>\n<\/div>\n<\/div>\n<\/div>","protected":false},"excerpt":{"rendered":"<p>Bienvenido a la compra de armarios de comedor. Este aparador a medida combina a la perfecci\u00f3n la est\u00e9tica industrial moderna con el arte lujoso, con un cuerpo de espejo de alto brillo combinado con detalles de metal dorado forjado a mano y patas onduladas.<\/p>\n<table style=\"border-collapse: collapse; width: 222.03pt;\" border=\"0\" width=\"222\" cellspacing=\"0\" cellpadding=\"0\">\n<tbody>\n<tr style=\"height: 15.20pt;\">\n<td class=\"et2\" style=\"height: 15.20pt; width: 81.65pt;\" width=\"81\" height=\"15\">Fabricante<\/td>\n<td class=\"et2\" style=\"width: 140.80pt;\" width=\"140\">ChiCasa<\/td>\n<\/tr>\n<tr style=\"height: 15.20pt;\">\n<td class=\"et2\" style=\"height: 15.20pt;\" height=\"15\">Categor\u00eda<\/td>\n<td class=\"et2\">Aparador<\/td>\n<\/tr>\n<tr style=\"height: 15.20pt;\">\n<td class=\"et2\" style=\"height: 15.20pt;\" height=\"15\">Aplicaci\u00f3n<\/td>\n<td class=\"et2\">Comedor<\/td>\n<\/tr>\n<tr style=\"height: 15.20pt;\">\n<td class=\"et2\" style=\"height: 15.20pt;\" height=\"15\">Estilo<\/td>\n<td class=\"et2\">Lujo refinado<\/td>\n<\/tr>\n<tr style=\"height: 15.20pt;\">\n<td class=\"et2\" style=\"height: 15.20pt;\" height=\"15\">Modelo<\/td>\n<td class=\"et2\">QMY-SB001<\/td>\n<\/tr>\n<tr style=\"height: 15.20pt;\">\n<td class=\"et2\" style=\"height: 15.20pt;\" height=\"15\">Personalizaci\u00f3n<\/td>\n<td class=\"et2\">Color, tama\u00f1o, material<\/td>\n<\/tr>\n<tr style=\"height: 15.20pt;\">\n<td class=\"et2\" style=\"height: 15.20pt;\" height=\"15\">MOQ<\/td>\n<td class=\"et2\">1 unidad<\/td>\n<\/tr>\n<\/tbody>\n<\/table>","protected":false},"featured_media":414,"comment_status":"closed","ping_status":"closed","template":"","meta":{"_acf_changed":false},"product_brand":[],"product_cat":[17,31],"product_tag":[],"class_list":{"0":"post-412","1":"product","2":"type-product","3":"status-publish","4":"has-post-thumbnail","6":"product_cat-custom-dining-room-furniture","7":"product_cat-custom-sideboard-cabinet","9":"first","10":"instock","11":"shipping-taxable","12":"product-type-simple"},"acf":[],"_links":{"self":[{"href":"https:\/\/www.chicasafurniture.com\/es\/wp-json\/wp\/v2\/product\/412","targetHints":{"allow":["GET"]}}],"collection":[{"href":"https:\/\/www.chicasafurniture.com\/es\/wp-json\/wp\/v2\/product"}],"about":[{"href":"https:\/\/www.chicasafurniture.com\/es\/wp-json\/wp\/v2\/types\/product"}],"replies":[{"embeddable":true,"href":"https:\/\/www.chicasafurniture.com\/es\/wp-json\/wp\/v2\/comments?post=412"}],"wp:featuredmedia":[{"embeddable":true,"href":"https:\/\/www.chicasafurniture.com\/es\/wp-json\/wp\/v2\/media\/414"}],"wp:attachment":[{"href":"https:\/\/www.chicasafurniture.com\/es\/wp-json\/wp\/v2\/media?parent=412"}],"wp:term":[{"taxonomy":"product_brand","embeddable":true,"href":"https:\/\/www.chicasafurniture.com\/es\/wp-json\/wp\/v2\/product_brand?post=412"},{"taxonomy":"product_cat","embeddable":true,"href":"https:\/\/www.chicasafurniture.com\/es\/wp-json\/wp\/v2\/product_cat?post=412"},{"taxonomy":"product_tag","embeddable":true,"href":"https:\/\/www.chicasafurniture.com\/es\/wp-json\/wp\/v2\/product_tag?post=412"}],"curies":[{"name":"wp","href":"https:\/\/api.w.org\/{rel}","templated":true}]}}