{"id":420,"date":"2026-02-11T07:19:57","date_gmt":"2026-02-11T07:19:57","guid":{"rendered":"https:\/\/www.chicasafurniture.com\/?post_type=product&#038;p=420"},"modified":"2026-02-11T07:42:56","modified_gmt":"2026-02-11T07:42:56","slug":"custom-bedroom-bench","status":"publish","type":"product","link":"https:\/\/www.chicasafurniture.com\/es\/product\/custom-bedroom-bench\/","title":{"rendered":"Banco minimalista a medida para dormitorio con patas c\u00f3nicas de madera"},"content":{"rendered":"<h2 class=\"wp-block-heading\">Especificaciones de producto del banco para dormitorio a medida<\/h2>\n\n\n\n<figure class=\"wp-block-table\"><table class=\"has-fixed-layout\"><tbody><tr><td>Marco<\/td><td>Material de cubierta<\/td><td>Material de relleno<\/td><td>Piernas<\/td><td>Color<\/td><td>Talla<\/td><td>Peso<\/td><\/tr><tr><td>Madera<\/td><td>Tejido<\/td><td>Esponja de alta densidad<\/td><td>Madera<\/td><td>Personalizado<\/td><td>Personalizado<\/td><td>45-55kg<\/td><\/tr><\/tbody><\/table><\/figure>\n\n\n\n<div class=\"wp-block-columns is-layout-flex wp-container-core-columns-is-layout-9d6595d7 wp-block-columns-is-layout-flex\">\n<div class=\"wp-block-column is-layout-flow wp-block-column-is-layout-flow\">\n<h2 class=\"wp-block-heading\">Premium Custom Dormitorio Banco Caracter\u00edsticas:<\/h2>\n\n\n\n<ul class=\"wp-block-list\">\n<li><strong>Tejido agradable a la piel y transpirable: <\/strong>Este banco de dormitorio a medida est\u00e1 fabricado con un fino tejido gris\/marr\u00f3n suave al tacto y muy transpirable, que equilibra la comodidad del asiento con la durabilidad diaria.<\/li>\n\n\n\n<li><strong>Dise\u00f1o de patas c\u00f3nicas de madera maciza: <\/strong>Las patas de este banco de lujo a medida presentan una estructura c\u00f3nica, con vetas de madera oscura y una forma esbelta que crean un aspecto visualmente ligero y elegante.<\/li>\n\n\n\n<li><strong>Personalizaci\u00f3n flexible de tama\u00f1o completo: <\/strong>Nuestro banco de dormitorio a medida admite ajustes personalizados de longitud, altura y grosor del coj\u00edn del asiento, adapt\u00e1ndose f\u00e1cilmente a diferentes distribuciones espaciales y necesidades funcionales.<\/li>\n\n\n\n<li><strong>Silueta baja y minimalista: <\/strong>La baja altura del asiento y el dise\u00f1o plano del asiento de este banco de lujo hecho a medida pueden utilizarse como banco, taburete para cambiar los zapatos o incluso como plataforma de almacenamiento temporal.<\/li>\n\n\n\n<li><strong>Mezcl\u00e1ndose silenciosamente en m\u00faltiples escenarios: <\/strong>Los tonos neutros y los colores de madera natural de este banco de dormitorio a medida pueden integrarse a la perfecci\u00f3n en diversos ambientes dom\u00e9sticos modernos, como dormitorios, salones y entradas.<\/li>\n<\/ul>\n<\/div>\n\n\n\n<div class=\"wp-block-column is-layout-flow wp-block-column-is-layout-flow\">\n<figure class=\"wp-block-image size-full\"><img decoding=\"async\" width=\"848\" height=\"989\" src=\"https:\/\/www.chicasafurniture.com\/wp-content\/uploads\/2026\/02\/Minimalist-Custom-Bedroom-Bench-with-Tapered-Wooden-Legs-1.png\" alt=\"Banco minimalista a medida para dormitorio con patas c\u00f3nicas de madera-1\" class=\"wp-image-421\" srcset=\"https:\/\/www.chicasafurniture.com\/wp-content\/uploads\/2026\/02\/Minimalist-Custom-Bedroom-Bench-with-Tapered-Wooden-Legs-1.png 848w, https:\/\/www.chicasafurniture.com\/wp-content\/uploads\/2026\/02\/Minimalist-Custom-Bedroom-Bench-with-Tapered-Wooden-Legs-1-257x300.png 257w, https:\/\/www.chicasafurniture.com\/wp-content\/uploads\/2026\/02\/Minimalist-Custom-Bedroom-Bench-with-Tapered-Wooden-Legs-1-768x896.png 768w, https:\/\/www.chicasafurniture.com\/wp-content\/uploads\/2026\/02\/Minimalist-Custom-Bedroom-Bench-with-Tapered-Wooden-Legs-1-600x700.png 600w\" sizes=\"(max-width: 848px) 100vw, 848px\" \/><\/figure>\n<\/div>\n<\/div>\n\n\n\n<figure class=\"wp-block-image size-full\"><img decoding=\"async\" width=\"1920\" height=\"1080\" src=\"https:\/\/www.chicasafurniture.com\/wp-content\/uploads\/2026\/02\/Minimalist-Custom-Bedroom-Bench-with-Tapered-Wooden-Legs-4.png\" alt=\"Banco minimalista a medida para dormitorio con patas c\u00f3nicas de madera-4\" class=\"wp-image-424\" srcset=\"https:\/\/www.chicasafurniture.com\/wp-content\/uploads\/2026\/02\/Minimalist-Custom-Bedroom-Bench-with-Tapered-Wooden-Legs-4.png 1920w, https:\/\/www.chicasafurniture.com\/wp-content\/uploads\/2026\/02\/Minimalist-Custom-Bedroom-Bench-with-Tapered-Wooden-Legs-4-300x169.png 300w, https:\/\/www.chicasafurniture.com\/wp-content\/uploads\/2026\/02\/Minimalist-Custom-Bedroom-Bench-with-Tapered-Wooden-Legs-4-768x432.png 768w, https:\/\/www.chicasafurniture.com\/wp-content\/uploads\/2026\/02\/Minimalist-Custom-Bedroom-Bench-with-Tapered-Wooden-Legs-4-1200x675.png 1200w, https:\/\/www.chicasafurniture.com\/wp-content\/uploads\/2026\/02\/Minimalist-Custom-Bedroom-Bench-with-Tapered-Wooden-Legs-4-600x338.png 600w\" sizes=\"(max-width: 1920px) 100vw, 1920px\" \/><\/figure>","protected":false},"excerpt":{"rendered":"<p>Bienvenido a la compra de muebles de dormitorio. Este banco de dormitorio a medida contin\u00faa la est\u00e9tica minimalista, con una tapicer\u00eda de tela gris suave y agradable a la piel combinada con patas de madera maciza oscura elegantemente ahusadas.<\/p>\n<table style=\"border-collapse: collapse; width: 222.03pt;\" border=\"0\" width=\"222\" cellspacing=\"0\" cellpadding=\"0\">\n<tbody>\n<tr style=\"height: 15.20pt;\">\n<td class=\"et2\" style=\"height: 15.20pt; width: 81.65pt;\" width=\"81\" height=\"15\">Fabricante<\/td>\n<td class=\"et2\" style=\"width: 140.80pt;\" width=\"140\">ChiCasa<\/td>\n<\/tr>\n<tr style=\"height: 15.20pt;\">\n<td class=\"et2\" style=\"height: 15.20pt;\" height=\"15\">Categor\u00eda<\/td>\n<td class=\"et2\">Banco<\/td>\n<\/tr>\n<tr style=\"height: 15.20pt;\">\n<td class=\"et2\" style=\"height: 15.20pt;\" height=\"15\">Aplicaci\u00f3n<\/td>\n<td class=\"et2\">Dormitorio<\/td>\n<\/tr>\n<tr style=\"height: 15.20pt;\">\n<td class=\"et2\" style=\"height: 15.20pt;\" height=\"15\">Estilo<\/td>\n<td class=\"et2\">Minimalista<\/td>\n<\/tr>\n<tr style=\"height: 15.20pt;\">\n<td class=\"et2\" style=\"height: 15.20pt;\" height=\"15\">Modelo<\/td>\n<td class=\"et2\">QMY-BH001<\/td>\n<\/tr>\n<tr style=\"height: 15.20pt;\">\n<td class=\"et2\" style=\"height: 15.20pt;\" height=\"15\">Personalizaci\u00f3n<\/td>\n<td class=\"et2\">Color, tama\u00f1o, material<\/td>\n<\/tr>\n<tr style=\"height: 15.20pt;\">\n<td class=\"et2\" style=\"height: 15.20pt;\" height=\"15\">MOQ<\/td>\n<td class=\"et2\">1 unidad<\/td>\n<\/tr>\n<\/tbody>\n<\/table>","protected":false},"featured_media":423,"comment_status":"closed","ping_status":"closed","template":"","meta":{"_acf_changed":false},"product_brand":[],"product_cat":[18,37],"product_tag":[],"class_list":{"0":"post-420","1":"product","2":"type-product","3":"status-publish","4":"has-post-thumbnail","6":"product_cat-bespoke-bedroom-furniture","7":"product_cat-custom-bedroom-benches","9":"first","10":"instock","11":"shipping-taxable","12":"product-type-simple"},"acf":[],"_links":{"self":[{"href":"https:\/\/www.chicasafurniture.com\/es\/wp-json\/wp\/v2\/product\/420","targetHints":{"allow":["GET"]}}],"collection":[{"href":"https:\/\/www.chicasafurniture.com\/es\/wp-json\/wp\/v2\/product"}],"about":[{"href":"https:\/\/www.chicasafurniture.com\/es\/wp-json\/wp\/v2\/types\/product"}],"replies":[{"embeddable":true,"href":"https:\/\/www.chicasafurniture.com\/es\/wp-json\/wp\/v2\/comments?post=420"}],"wp:featuredmedia":[{"embeddable":true,"href":"https:\/\/www.chicasafurniture.com\/es\/wp-json\/wp\/v2\/media\/423"}],"wp:attachment":[{"href":"https:\/\/www.chicasafurniture.com\/es\/wp-json\/wp\/v2\/media?parent=420"}],"wp:term":[{"taxonomy":"product_brand","embeddable":true,"href":"https:\/\/www.chicasafurniture.com\/es\/wp-json\/wp\/v2\/product_brand?post=420"},{"taxonomy":"product_cat","embeddable":true,"href":"https:\/\/www.chicasafurniture.com\/es\/wp-json\/wp\/v2\/product_cat?post=420"},{"taxonomy":"product_tag","embeddable":true,"href":"https:\/\/www.chicasafurniture.com\/es\/wp-json\/wp\/v2\/product_tag?post=420"}],"curies":[{"name":"wp","href":"https:\/\/api.w.org\/{rel}","templated":true}]}}