{"id":444,"date":"2026-02-26T09:14:34","date_gmt":"2026-02-26T09:14:34","guid":{"rendered":"https:\/\/www.chicasafurniture.com\/?post_type=product&#038;p=444"},"modified":"2026-03-28T02:27:46","modified_gmt":"2026-03-28T02:27:46","slug":"custom-wine-cabinet","status":"publish","type":"product","link":"https:\/\/www.chicasafurniture.com\/es\/product\/custom-wine-cabinet\/","title":{"rendered":"Armario para vinos de madera oscura con estante expositor asim\u00e9trico"},"content":{"rendered":"<h2 class=\"wp-block-heading\">Especificaciones de producto del armario para vinos a medida<\/h2>\n\n\n\n<figure class=\"wp-block-table\"><table class=\"has-fixed-layout\"><tbody><tr><td>Marco<\/td><td>Material de cubierta<\/td><td>Material de relleno<\/td><td>Piernas<\/td><td>Color<\/td><td>Talla<\/td><td>Peso<\/td><\/tr><tr><td>Madera<\/td><td>\/<\/td><td>\/<\/td><td>Metal<\/td><td>Personalizado<\/td><td>Personalizado<\/td><td>90-150 kg<\/td><\/tr><\/tbody><\/table><\/figure>\n\n\n\n<div class=\"wp-block-columns is-layout-flex wp-container-core-columns-is-layout-9d6595d7 wp-block-columns-is-layout-flex\">\n<div class=\"wp-block-column is-layout-flow wp-block-column-is-layout-flow\">\n<h2 class=\"wp-block-heading\">Premium Custom Wine Cabinet Caracter\u00edsticas:<\/h2>\n\n\n\n<ul class=\"wp-block-list\">\n<li><strong>Dise\u00f1o est\u00e9tico asim\u00e9trico: <\/strong>Esta vinoteca a medida rompe con los esquemas sim\u00e9tricos tradicionales, combinando puertas cerradas con estantes abiertos escalonados para crear un ritmo visual \u00fanico.<\/li>\n\n\n\n<li><strong>Almacenamiento dividido multifuncional:<\/strong> La flexible estructura interna de esta vitrina a medida incluye zonas de exposici\u00f3n de cristal, estantes y cajones, lo que permite almacenar vinos de forma profesional y exhibir obras de arte y vajillas.<\/li>\n\n\n\n<li><strong>Exquisito sistema de iluminaci\u00f3n: <\/strong>Este armario para vinos a medida incorpora tiras de LED, que proporcionan una iluminaci\u00f3n suave para iluminar con precisi\u00f3n la colecci\u00f3n interior, realzando el ambiente y creando una atm\u00f3sfera m\u00e1s sofisticada por la noche.<\/li>\n\n\n\n<li><strong>Contraste de material de alta gama: <\/strong>El acabado de madera veteada vertical oscura combinado con las esbeltas patas met\u00e1licas crea un llamativo contraste entre materiales c\u00e1lidos y fr\u00edos, mostrando la sofisticaci\u00f3n y el lujo del estilo industrial moderno.<\/li>\n\n\n\n<li><strong>Personalizaci\u00f3n a medida: <\/strong>Nuestros armarios para vino a medida pueden personalizarse seg\u00fan las dimensiones de la pared, las necesidades de almacenamiento y el color de la madera, garantizando una integraci\u00f3n perfecta en su espacio exclusivo.<\/li>\n<\/ul>\n<\/div>\n\n\n\n<div class=\"wp-block-column is-layout-flow wp-block-column-is-layout-flow\">\n<figure class=\"wp-block-image size-full\"><img decoding=\"async\" width=\"800\" height=\"800\" src=\"https:\/\/www.chicasafurniture.com\/wp-content\/uploads\/2026\/02\/Dark-Wood-Custom-Wine-Cabinet-with-Asymmetric-Display-Shelf-2.webp\" alt=\"Armario para vinos a medida de madera oscura con estante expositor asim\u00e9trico-2\" class=\"wp-image-446\" srcset=\"https:\/\/www.chicasafurniture.com\/wp-content\/uploads\/2026\/02\/Dark-Wood-Custom-Wine-Cabinet-with-Asymmetric-Display-Shelf-2.webp 800w, https:\/\/www.chicasafurniture.com\/wp-content\/uploads\/2026\/02\/Dark-Wood-Custom-Wine-Cabinet-with-Asymmetric-Display-Shelf-2-300x300.webp 300w, https:\/\/www.chicasafurniture.com\/wp-content\/uploads\/2026\/02\/Dark-Wood-Custom-Wine-Cabinet-with-Asymmetric-Display-Shelf-2-150x150.webp 150w, https:\/\/www.chicasafurniture.com\/wp-content\/uploads\/2026\/02\/Dark-Wood-Custom-Wine-Cabinet-with-Asymmetric-Display-Shelf-2-768x768.webp 768w, https:\/\/www.chicasafurniture.com\/wp-content\/uploads\/2026\/02\/Dark-Wood-Custom-Wine-Cabinet-with-Asymmetric-Display-Shelf-2-600x600.webp 600w, https:\/\/www.chicasafurniture.com\/wp-content\/uploads\/2026\/02\/Dark-Wood-Custom-Wine-Cabinet-with-Asymmetric-Display-Shelf-2-100x100.webp 100w\" sizes=\"(max-width: 800px) 100vw, 800px\" \/><\/figure>\n<\/div>\n<\/div>\n\n\n\n<div class=\"wp-block-columns is-layout-flex wp-container-core-columns-is-layout-9d6595d7 wp-block-columns-is-layout-flex\">\n<div class=\"wp-block-column is-layout-flow wp-block-column-is-layout-flow\">\n<figure class=\"wp-block-image size-full\"><img decoding=\"async\" width=\"1179\" height=\"1680\" src=\"https:\/\/www.chicasafurniture.com\/wp-content\/uploads\/2026\/02\/Dark-Wood-Custom-Wine-Cabinet-with-Asymmetric-Display-Shelf-5.webp\" alt=\"Armario para vinos a medida de madera oscura con estante expositor asim\u00e9trico-2\" class=\"wp-image-449\" srcset=\"https:\/\/www.chicasafurniture.com\/wp-content\/uploads\/2026\/02\/Dark-Wood-Custom-Wine-Cabinet-with-Asymmetric-Display-Shelf-5.webp 1179w, https:\/\/www.chicasafurniture.com\/wp-content\/uploads\/2026\/02\/Dark-Wood-Custom-Wine-Cabinet-with-Asymmetric-Display-Shelf-5-211x300.webp 211w, https:\/\/www.chicasafurniture.com\/wp-content\/uploads\/2026\/02\/Dark-Wood-Custom-Wine-Cabinet-with-Asymmetric-Display-Shelf-5-768x1094.webp 768w, https:\/\/www.chicasafurniture.com\/wp-content\/uploads\/2026\/02\/Dark-Wood-Custom-Wine-Cabinet-with-Asymmetric-Display-Shelf-5-600x855.webp 600w\" sizes=\"(max-width: 1179px) 100vw, 1179px\" \/><\/figure>\n<\/div>\n\n\n\n<div class=\"wp-block-column is-layout-flow wp-block-column-is-layout-flow\">\n<figure class=\"wp-block-image size-full\"><img decoding=\"async\" width=\"1179\" height=\"1680\" src=\"https:\/\/www.chicasafurniture.com\/wp-content\/uploads\/2026\/02\/Dark-Wood-Custom-Wine-Cabinet-with-Asymmetric-Display-Shelf-4.webp\" alt=\"Armario para vinos a medida de madera oscura con estante expositor asim\u00e9trico-2\" class=\"wp-image-448\" srcset=\"https:\/\/www.chicasafurniture.com\/wp-content\/uploads\/2026\/02\/Dark-Wood-Custom-Wine-Cabinet-with-Asymmetric-Display-Shelf-4.webp 1179w, https:\/\/www.chicasafurniture.com\/wp-content\/uploads\/2026\/02\/Dark-Wood-Custom-Wine-Cabinet-with-Asymmetric-Display-Shelf-4-211x300.webp 211w, https:\/\/www.chicasafurniture.com\/wp-content\/uploads\/2026\/02\/Dark-Wood-Custom-Wine-Cabinet-with-Asymmetric-Display-Shelf-4-768x1094.webp 768w, https:\/\/www.chicasafurniture.com\/wp-content\/uploads\/2026\/02\/Dark-Wood-Custom-Wine-Cabinet-with-Asymmetric-Display-Shelf-4-600x855.webp 600w\" sizes=\"(max-width: 1179px) 100vw, 1179px\" \/><\/figure>\n<\/div>\n<\/div>","protected":false},"excerpt":{"rendered":"<p>Bienvenido a la compra de armarios a medida. Esta vinoteca a medida presenta un profundo acabado de grano de madera vertical, combinado con estantes abiertos asim\u00e9tricos y \u00e1reas de almacenamiento cerradas, equilibrando a la perfecci\u00f3n la practicidad y el arte.<\/p>\n<table style=\"border-collapse: collapse; width: 222.03pt;\" border=\"0\" width=\"222\" cellspacing=\"0\" cellpadding=\"0\">\n<tbody>\n<tr style=\"height: 15.20pt;\">\n<td class=\"et2\" style=\"height: 15.20pt; width: 81.65pt;\" width=\"81\" height=\"15\">Fabricante<\/td>\n<td class=\"et2\" style=\"width: 140.80pt;\" width=\"140\">ChiCasa<\/td>\n<\/tr>\n<tr style=\"height: 15.20pt;\">\n<td class=\"et2\" style=\"height: 15.20pt;\" height=\"15\">Categor\u00eda<\/td>\n<td class=\"et2\">Armario para vino<\/td>\n<\/tr>\n<tr style=\"height: 15.20pt;\">\n<td class=\"et2\" style=\"height: 15.20pt;\" height=\"15\">Aplicaci\u00f3n<\/td>\n<td class=\"et2\">Comedor<\/td>\n<\/tr>\n<tr style=\"height: 15.20pt;\">\n<td class=\"et2\" style=\"height: 15.20pt;\" height=\"15\">Estilo<\/td>\n<td class=\"et2\">Lujo refinado<\/td>\n<\/tr>\n<tr style=\"height: 15.20pt;\">\n<td class=\"et2\" style=\"height: 15.20pt;\" height=\"15\">Modelo<\/td>\n<td class=\"et2\">QMY-WC002<\/td>\n<\/tr>\n<tr style=\"height: 15.20pt;\">\n<td class=\"et2\" style=\"height: 15.20pt;\" height=\"15\">Personalizaci\u00f3n<\/td>\n<td class=\"et2\">Color, tama\u00f1o, material<\/td>\n<\/tr>\n<tr style=\"height: 15.20pt;\">\n<td class=\"et2\" style=\"height: 15.20pt;\" height=\"15\">MOQ<\/td>\n<td class=\"et2\">1 unidad<\/td>\n<\/tr>\n<\/tbody>\n<\/table>","protected":false},"featured_media":447,"comment_status":"closed","ping_status":"closed","template":"","meta":{"_acf_changed":false},"product_brand":[],"product_cat":[17,46],"product_tag":[],"class_list":{"0":"post-444","1":"product","2":"type-product","3":"status-publish","4":"has-post-thumbnail","6":"product_cat-custom-dining-room-furniture","7":"product_cat-custom-wine-cabinets","9":"first","10":"instock","11":"shipping-taxable","12":"product-type-simple"},"acf":[],"_links":{"self":[{"href":"https:\/\/www.chicasafurniture.com\/es\/wp-json\/wp\/v2\/product\/444","targetHints":{"allow":["GET"]}}],"collection":[{"href":"https:\/\/www.chicasafurniture.com\/es\/wp-json\/wp\/v2\/product"}],"about":[{"href":"https:\/\/www.chicasafurniture.com\/es\/wp-json\/wp\/v2\/types\/product"}],"replies":[{"embeddable":true,"href":"https:\/\/www.chicasafurniture.com\/es\/wp-json\/wp\/v2\/comments?post=444"}],"wp:featuredmedia":[{"embeddable":true,"href":"https:\/\/www.chicasafurniture.com\/es\/wp-json\/wp\/v2\/media\/447"}],"wp:attachment":[{"href":"https:\/\/www.chicasafurniture.com\/es\/wp-json\/wp\/v2\/media?parent=444"}],"wp:term":[{"taxonomy":"product_brand","embeddable":true,"href":"https:\/\/www.chicasafurniture.com\/es\/wp-json\/wp\/v2\/product_brand?post=444"},{"taxonomy":"product_cat","embeddable":true,"href":"https:\/\/www.chicasafurniture.com\/es\/wp-json\/wp\/v2\/product_cat?post=444"},{"taxonomy":"product_tag","embeddable":true,"href":"https:\/\/www.chicasafurniture.com\/es\/wp-json\/wp\/v2\/product_tag?post=444"}],"curies":[{"name":"wp","href":"https:\/\/api.w.org\/{rel}","templated":true}]}}