{"id":450,"date":"2026-02-26T09:22:04","date_gmt":"2026-02-26T09:22:04","guid":{"rendered":"https:\/\/www.chicasafurniture.com\/?post_type=product&#038;p=450"},"modified":"2026-03-10T03:20:33","modified_gmt":"2026-03-10T03:20:33","slug":"custom-leisure-chair","status":"publish","type":"product","link":"https:\/\/www.chicasafurniture.com\/es\/product\/custom-leisure-chair\/","title":{"rendered":"Silla de ocio de tela de terciopelo a medida con patas de madera c\u00f3nicas"},"content":{"rendered":"<h2 class=\"wp-block-heading\">Especificaciones de producto de la silla de ocio a medida<\/h2>\n\n\n\n<figure class=\"wp-block-table\"><table class=\"has-fixed-layout\"><tbody><tr><td>Marco<\/td><td>Material de cubierta<\/td><td>Material de relleno<\/td><td>Piernas<\/td><td>Color<\/td><td>Talla<\/td><td>Peso<\/td><\/tr><tr><td>Madera maciza<\/td><td>Tejido<\/td><td>Esponja de alta densidad<\/td><td>Madera maciza<\/td><td>Personalizado<\/td><td>Talla normal<\/td><td>35-50kg<\/td><\/tr><\/tbody><\/table><\/figure>\n\n\n\n<div class=\"wp-block-columns is-layout-flex wp-container-core-columns-is-layout-9d6595d7 wp-block-columns-is-layout-flex\">\n<div class=\"wp-block-column is-layout-flow wp-block-column-is-layout-flow\">\n<h2 class=\"wp-block-heading\">Silla de ocio Premium Custom Caracter\u00edsticas:<\/h2>\n\n\n\n<ul class=\"wp-block-list\">\n<li><strong>Dise\u00f1o retro cl\u00e1sico: <\/strong>Este sill\u00f3n de ocio a medida presenta un respaldo y reposabrazos suaves y curvados, que proporcionan un excelente apoyo lumbar y un ajuste ce\u00f1ido. Sus elegantes l\u00edneas presentan un dise\u00f1o ergon\u00f3mico.<\/li>\n\n\n\n<li><strong>Tejido de alta calidad: <\/strong>Nuestro sill\u00f3n de ocio a medida est\u00e1 fabricado con un tejido de textura profunda cuidadosamente seleccionado, que ofrece un tacto suave y delicado, durabilidad y una excelente transpirabilidad, por lo que resulta adecuado para sentarse o reclinarse durante mucho tiempo.<\/li>\n\n\n\n<li><strong>Exquisitas patas de madera maciza: <\/strong>Esta silla de ocio personalizada presenta patas c\u00f3nicas que combinan madera maciza oscura y detalles met\u00e1licos dorados, proporcionando un soporte estable a la vez que a\u00f1aden un toque de lujo discreto y arte retro.<\/li>\n\n\n\n<li><strong>Tama\u00f1o completo y personalizaci\u00f3n del tejido: <\/strong>Nuestra silla de ocio a medida puede ajustarse al tama\u00f1o de su espacio y ofrece una variedad de colores de tela para combinar perfectamente con la decoraci\u00f3n de su hogar.<\/li>\n\n\n\n<li><strong>Atributo decorativo vers\u00e1til:<\/strong> Nuestra silla de ocio personalizada, con su exclusivo tono verde intenso y su dise\u00f1o cl\u00e1sico, se integra f\u00e1cilmente en diversos estilos de decoraci\u00f3n, como el moderno, el retro y el lujo discreto, convirti\u00e9ndose en un punto focal visual en cualquier espacio.<\/li>\n<\/ul>\n<\/div>\n\n\n\n<div class=\"wp-block-column is-layout-flow wp-block-column-is-layout-flow\">\n<figure class=\"wp-block-image size-full\"><img decoding=\"async\" width=\"1199\" height=\"1600\" src=\"https:\/\/www.chicasafurniture.com\/wp-content\/uploads\/2026\/02\/Green-Fabric-Custom-Leisure-Chair-with-Tapered-Wooden-Legs-1.webp\" alt=\"Silla de tela verde con patas de madera c\u00f3nicas-1\" class=\"wp-image-451\" srcset=\"https:\/\/www.chicasafurniture.com\/wp-content\/uploads\/2026\/02\/Green-Fabric-Custom-Leisure-Chair-with-Tapered-Wooden-Legs-1.webp 1199w, https:\/\/www.chicasafurniture.com\/wp-content\/uploads\/2026\/02\/Green-Fabric-Custom-Leisure-Chair-with-Tapered-Wooden-Legs-1-225x300.webp 225w, https:\/\/www.chicasafurniture.com\/wp-content\/uploads\/2026\/02\/Green-Fabric-Custom-Leisure-Chair-with-Tapered-Wooden-Legs-1-768x1025.webp 768w, https:\/\/www.chicasafurniture.com\/wp-content\/uploads\/2026\/02\/Green-Fabric-Custom-Leisure-Chair-with-Tapered-Wooden-Legs-1-600x801.webp 600w\" sizes=\"(max-width: 1199px) 100vw, 1199px\" \/><\/figure>\n<\/div>\n<\/div>\n\n\n\n<figure class=\"wp-block-image size-full\"><img decoding=\"async\" width=\"2021\" height=\"1277\" src=\"https:\/\/www.chicasafurniture.com\/wp-content\/uploads\/2026\/02\/Green-Fabric-Custom-Leisure-Chair-with-Tapered-Wooden-Legs-4.webp\" alt=\"Silla de tela verde con patas de madera c\u00f3nicas-4\" class=\"wp-image-454\" srcset=\"https:\/\/www.chicasafurniture.com\/wp-content\/uploads\/2026\/02\/Green-Fabric-Custom-Leisure-Chair-with-Tapered-Wooden-Legs-4.webp 2021w, https:\/\/www.chicasafurniture.com\/wp-content\/uploads\/2026\/02\/Green-Fabric-Custom-Leisure-Chair-with-Tapered-Wooden-Legs-4-300x190.webp 300w, https:\/\/www.chicasafurniture.com\/wp-content\/uploads\/2026\/02\/Green-Fabric-Custom-Leisure-Chair-with-Tapered-Wooden-Legs-4-768x485.webp 768w, https:\/\/www.chicasafurniture.com\/wp-content\/uploads\/2026\/02\/Green-Fabric-Custom-Leisure-Chair-with-Tapered-Wooden-Legs-4-1200x758.webp 1200w, https:\/\/www.chicasafurniture.com\/wp-content\/uploads\/2026\/02\/Green-Fabric-Custom-Leisure-Chair-with-Tapered-Wooden-Legs-4-600x379.webp 600w\" sizes=\"(max-width: 2021px) 100vw, 2021px\" \/><\/figure>","protected":false},"excerpt":{"rendered":"<p>Bienvenido a encargar muebles a medida para el hogar. Este sill\u00f3n de ocio a medida, con su elegante silueta curvada y su sensaci\u00f3n de comodidad y apoyo, junto con sus patas c\u00f3nicas de madera maciza de estilo retro, crea su propio rinc\u00f3n de relajaci\u00f3n privado.<\/p>\n<table style=\"border-collapse: collapse; width: 222.03pt;\" border=\"0\" width=\"222\" cellspacing=\"0\" cellpadding=\"0\">\n<tbody>\n<tr style=\"height: 15.20pt;\">\n<td class=\"et2\" style=\"height: 15.20pt; width: 81.65pt;\" width=\"81\" height=\"15\">Fabricante<\/td>\n<td class=\"et2\" style=\"width: 140.80pt;\" width=\"140\">ChiCasa<\/td>\n<\/tr>\n<tr style=\"height: 15.20pt;\">\n<td class=\"et2\" style=\"height: 15.20pt;\" height=\"15\">Categor\u00eda<\/td>\n<td class=\"et2\">Silla de ocio<\/td>\n<\/tr>\n<tr style=\"height: 15.20pt;\">\n<td class=\"et2\" style=\"height: 15.20pt;\" height=\"15\">Aplicaci\u00f3n<\/td>\n<td class=\"et2\">Sala de estar<\/td>\n<\/tr>\n<tr style=\"height: 15.20pt;\">\n<td class=\"et2\" style=\"height: 15.20pt;\" height=\"15\">Estilo<\/td>\n<td class=\"et2\">Minimalista<\/td>\n<\/tr>\n<tr style=\"height: 15.20pt;\">\n<td class=\"et2\" style=\"height: 15.20pt;\" height=\"15\">Modelo<\/td>\n<td class=\"et2\">QMY-LC001<\/td>\n<\/tr>\n<tr style=\"height: 15.20pt;\">\n<td class=\"et2\" style=\"height: 15.20pt;\" height=\"15\">Personalizaci\u00f3n<\/td>\n<td class=\"et2\">Color, tama\u00f1o, material<\/td>\n<\/tr>\n<tr style=\"height: 15.20pt;\">\n<td class=\"et2\" style=\"height: 15.20pt;\" height=\"15\">MOQ<\/td>\n<td class=\"et2\">1 unidad<\/td>\n<\/tr>\n<\/tbody>\n<\/table>","protected":false},"featured_media":453,"comment_status":"closed","ping_status":"closed","template":"","meta":{"_acf_changed":false},"product_brand":[],"product_cat":[16,25],"product_tag":[],"class_list":{"0":"post-450","1":"product","2":"type-product","3":"status-publish","4":"has-post-thumbnail","6":"product_cat-bespoke-living-room-furniture","7":"product_cat-bespoke-armchairs","9":"first","10":"instock","11":"shipping-taxable","12":"product-type-simple"},"acf":[],"_links":{"self":[{"href":"https:\/\/www.chicasafurniture.com\/es\/wp-json\/wp\/v2\/product\/450","targetHints":{"allow":["GET"]}}],"collection":[{"href":"https:\/\/www.chicasafurniture.com\/es\/wp-json\/wp\/v2\/product"}],"about":[{"href":"https:\/\/www.chicasafurniture.com\/es\/wp-json\/wp\/v2\/types\/product"}],"replies":[{"embeddable":true,"href":"https:\/\/www.chicasafurniture.com\/es\/wp-json\/wp\/v2\/comments?post=450"}],"wp:featuredmedia":[{"embeddable":true,"href":"https:\/\/www.chicasafurniture.com\/es\/wp-json\/wp\/v2\/media\/453"}],"wp:attachment":[{"href":"https:\/\/www.chicasafurniture.com\/es\/wp-json\/wp\/v2\/media?parent=450"}],"wp:term":[{"taxonomy":"product_brand","embeddable":true,"href":"https:\/\/www.chicasafurniture.com\/es\/wp-json\/wp\/v2\/product_brand?post=450"},{"taxonomy":"product_cat","embeddable":true,"href":"https:\/\/www.chicasafurniture.com\/es\/wp-json\/wp\/v2\/product_cat?post=450"},{"taxonomy":"product_tag","embeddable":true,"href":"https:\/\/www.chicasafurniture.com\/es\/wp-json\/wp\/v2\/product_tag?post=450"}],"curies":[{"name":"wp","href":"https:\/\/api.w.org\/{rel}","templated":true}]}}