{"id":456,"date":"2026-02-26T09:49:39","date_gmt":"2026-02-26T09:49:39","guid":{"rendered":"https:\/\/www.chicasafurniture.com\/?post_type=product&#038;p=456"},"modified":"2026-03-03T08:51:20","modified_gmt":"2026-03-03T08:51:20","slug":"custom-fabric-chair","status":"publish","type":"product","link":"https:\/\/www.chicasafurniture.com\/es\/product\/custom-fabric-chair\/","title":{"rendered":"Silla de tela personalizada con estructura de metal dorado y detalles de cuero"},"content":{"rendered":"<h2 class=\"wp-block-heading\">Especificaciones de producto de la silla de tela a medida<\/h2>\n\n\n\n<figure class=\"wp-block-table\"><table class=\"has-fixed-layout\"><tbody><tr><td>Marco<\/td><td>Material de cubierta<\/td><td>Material de relleno<\/td><td>Piernas<\/td><td>Color<\/td><td>Talla<\/td><td>Peso<\/td><\/tr><tr><td>Madera maciza<\/td><td>Tejido<\/td><td>Esponja de alta densidad<\/td><td>Madera maciza<\/td><td>Personalizado<\/td><td>Talla normal<\/td><td>35-50kg<\/td><\/tr><\/tbody><\/table><\/figure>\n\n\n\n<div class=\"wp-block-columns is-layout-flex wp-container-core-columns-is-layout-9d6595d7 wp-block-columns-is-layout-flex\">\n<div class=\"wp-block-column is-layout-flow wp-block-column-is-layout-flow\">\n<h2 class=\"wp-block-heading\">Silla de tela Premium Custom Caracter\u00edsticas:<\/h2>\n\n\n\n<ul class=\"wp-block-list\">\n<li><strong>Dise\u00f1o \u00fanico de marco met\u00e1lico:<\/strong> Las barras verticales de metal dorado rosa que rodean esta silla de tela a medida no s\u00f3lo proporcionan apoyo, sino que tambi\u00e9n se asemejan a una refinada obra de arte escult\u00f3rica, que destila modernidad y atractivo decorativo.<\/li>\n\n\n\n<li><strong>Mezcla de materiales de primera calidad: <\/strong>Nuestra silla de ocio a medida combina piel oscura de primera calidad con tapicer\u00eda de tela, ofreciendo un tacto delicado y durabilidad. La frialdad del metal y la calidez de la piel se complementan a la perfecci\u00f3n, haciendo gala de un lujo discreto.<\/li>\n\n\n\n<li><strong>Confort superior:<\/strong> Esta silla de tela a medida cuenta con un coj\u00edn de asiento ensanchado y engrosado y un dise\u00f1o de respaldo alto, lo que proporciona una comodidad y un apoyo integrales que le permitir\u00e1n relajarse por completo.<\/li>\n\n\n\n<li><strong>Estructura robusta y duradera:<\/strong> La estructura met\u00e1lica de este sill\u00f3n de ocio a medida se somete a una soldadura de precisi\u00f3n y a un tratamiento antioxidante, lo que asegura una estructura robusta con gran capacidad de carga, garantizando que no se deforme incluso tras un uso prolongado.<\/li>\n\n\n\n<li><strong>Servicio completo de personalizaci\u00f3n:<\/strong> Nuestras sillas de tela a medida admiten la personalizaci\u00f3n del color de la tela, el tipo de piel y el acabado met\u00e1lico, para adaptarse perfectamente al estilo de su hogar o espacio comercial.<\/li>\n<\/ul>\n<\/div>\n\n\n\n<div class=\"wp-block-column is-layout-flow wp-block-column-is-layout-flow\">\n<figure class=\"wp-block-image size-full\"><img decoding=\"async\" width=\"900\" height=\"1200\" src=\"https:\/\/www.chicasafurniture.com\/wp-content\/uploads\/2026\/02\/Custom-Fabric-Chair-with-Gold-Metal-Frame-Leather-Accents-3.webp\" alt=\"Silla de tela personalizada con estructura de metal dorado y detalles de cuero-3\" class=\"wp-image-459\" srcset=\"https:\/\/www.chicasafurniture.com\/wp-content\/uploads\/2026\/02\/Custom-Fabric-Chair-with-Gold-Metal-Frame-Leather-Accents-3.webp 900w, https:\/\/www.chicasafurniture.com\/wp-content\/uploads\/2026\/02\/Custom-Fabric-Chair-with-Gold-Metal-Frame-Leather-Accents-3-225x300.webp 225w, https:\/\/www.chicasafurniture.com\/wp-content\/uploads\/2026\/02\/Custom-Fabric-Chair-with-Gold-Metal-Frame-Leather-Accents-3-768x1024.webp 768w, https:\/\/www.chicasafurniture.com\/wp-content\/uploads\/2026\/02\/Custom-Fabric-Chair-with-Gold-Metal-Frame-Leather-Accents-3-600x800.webp 600w\" sizes=\"(max-width: 900px) 100vw, 900px\" \/><\/figure>\n<\/div>\n<\/div>\n\n\n\n<figure class=\"wp-block-image size-full\"><img decoding=\"async\" width=\"600\" height=\"450\" src=\"https:\/\/www.chicasafurniture.com\/wp-content\/uploads\/2026\/02\/Custom-Fabric-Chair-with-Gold-Metal-Frame-Leather-Accents-4.webp\" alt=\"Silla de tela personalizada con estructura de metal dorado y detalles de cuero-4\" class=\"wp-image-460\" srcset=\"https:\/\/www.chicasafurniture.com\/wp-content\/uploads\/2026\/02\/Custom-Fabric-Chair-with-Gold-Metal-Frame-Leather-Accents-4.webp 600w, https:\/\/www.chicasafurniture.com\/wp-content\/uploads\/2026\/02\/Custom-Fabric-Chair-with-Gold-Metal-Frame-Leather-Accents-4-300x225.webp 300w\" sizes=\"(max-width: 600px) 100vw, 600px\" \/><\/figure>","protected":false},"excerpt":{"rendered":"<p>Bienvenido a encargar la silla de ocio a medida. Esta silla de tela a medida combina a la perfecci\u00f3n el estilo industrial moderno con una textura lujosa. Los reposabrazos y el respaldo forrados en piel oscura, combinados con una estructura vertical de metal dorado, crean un fuerte contraste visual y tensi\u00f3n art\u00edstica.<\/p>\n<table style=\"border-collapse: collapse; width: 222.03pt;\" border=\"0\" width=\"222\" cellspacing=\"0\" cellpadding=\"0\">\n<tbody>\n<tr style=\"height: 15.20pt;\">\n<td class=\"et2\" style=\"height: 15.20pt; width: 81.65pt;\" width=\"81\" height=\"15\">Fabricante<\/td>\n<td class=\"et2\" style=\"width: 140.80pt;\" width=\"140\">ChiCasa<\/td>\n<\/tr>\n<tr style=\"height: 15.20pt;\">\n<td class=\"et2\" style=\"height: 15.20pt;\" height=\"15\">Categor\u00eda<\/td>\n<td class=\"et2\">Sillones<\/td>\n<\/tr>\n<tr style=\"height: 15.20pt;\">\n<td class=\"et2\" style=\"height: 15.20pt;\" height=\"15\">Aplicaci\u00f3n<\/td>\n<td class=\"et2\">Sala de estar<\/td>\n<\/tr>\n<tr style=\"height: 15.20pt;\">\n<td class=\"et2\" style=\"height: 15.20pt;\" height=\"15\">Estilo<\/td>\n<td class=\"et2\">Minimalista<\/td>\n<\/tr>\n<tr style=\"height: 15.20pt;\">\n<td class=\"et2\" style=\"height: 15.20pt;\" height=\"15\">Modelo<\/td>\n<td class=\"et2\">QMY-LC002<\/td>\n<\/tr>\n<tr style=\"height: 15.20pt;\">\n<td class=\"et2\" style=\"height: 15.20pt;\" height=\"15\">Personalizaci\u00f3n<\/td>\n<td class=\"et2\">Color, tama\u00f1o, material<\/td>\n<\/tr>\n<tr style=\"height: 15.20pt;\">\n<td class=\"et2\" style=\"height: 15.20pt;\" height=\"15\">MOQ<\/td>\n<td class=\"et2\">1 unidad<\/td>\n<\/tr>\n<\/tbody>\n<\/table>","protected":false},"featured_media":458,"comment_status":"closed","ping_status":"closed","template":"","meta":{"_acf_changed":false},"product_brand":[],"product_cat":[16,25],"product_tag":[],"class_list":{"0":"post-456","1":"product","2":"type-product","3":"status-publish","4":"has-post-thumbnail","6":"product_cat-bespoke-living-room-furniture","7":"product_cat-bespoke-armchairs","9":"first","10":"instock","11":"shipping-taxable","12":"product-type-simple"},"acf":[],"_links":{"self":[{"href":"https:\/\/www.chicasafurniture.com\/es\/wp-json\/wp\/v2\/product\/456","targetHints":{"allow":["GET"]}}],"collection":[{"href":"https:\/\/www.chicasafurniture.com\/es\/wp-json\/wp\/v2\/product"}],"about":[{"href":"https:\/\/www.chicasafurniture.com\/es\/wp-json\/wp\/v2\/types\/product"}],"replies":[{"embeddable":true,"href":"https:\/\/www.chicasafurniture.com\/es\/wp-json\/wp\/v2\/comments?post=456"}],"wp:featuredmedia":[{"embeddable":true,"href":"https:\/\/www.chicasafurniture.com\/es\/wp-json\/wp\/v2\/media\/458"}],"wp:attachment":[{"href":"https:\/\/www.chicasafurniture.com\/es\/wp-json\/wp\/v2\/media?parent=456"}],"wp:term":[{"taxonomy":"product_brand","embeddable":true,"href":"https:\/\/www.chicasafurniture.com\/es\/wp-json\/wp\/v2\/product_brand?post=456"},{"taxonomy":"product_cat","embeddable":true,"href":"https:\/\/www.chicasafurniture.com\/es\/wp-json\/wp\/v2\/product_cat?post=456"},{"taxonomy":"product_tag","embeddable":true,"href":"https:\/\/www.chicasafurniture.com\/es\/wp-json\/wp\/v2\/product_tag?post=456"}],"curies":[{"name":"wp","href":"https:\/\/api.w.org\/{rel}","templated":true}]}}