{"id":484,"date":"2026-02-27T07:16:02","date_gmt":"2026-02-27T07:16:02","guid":{"rendered":"https:\/\/www.chicasafurniture.com\/?post_type=product&#038;p=484"},"modified":"2026-02-27T08:14:36","modified_gmt":"2026-02-27T08:14:36","slug":"custom-console-table","status":"publish","type":"product","link":"https:\/\/www.chicasafurniture.com\/es\/product\/custom-console-table\/","title":{"rendered":"Consola de lujo refinado con incrustaciones de resina dorada"},"content":{"rendered":"<h2 class=\"wp-block-heading\">Especificaciones de producto de la mesa consola a medida<\/h2>\n\n\n\n<figure class=\"wp-block-table\"><table class=\"has-fixed-layout\"><tbody><tr><td>Marco<\/td><td>Material de cubierta<\/td><td>Material de relleno<\/td><td>Piernas<\/td><td>Color<\/td><td>Talla<\/td><td>Peso<\/td><\/tr><tr><td>Metal<\/td><td>\/<\/td><td>\/<\/td><td>Metal<\/td><td>Personalizado<\/td><td>Personalizado<\/td><td>60-100kg<\/td><\/tr><\/tbody><\/table><\/figure>\n\n\n\n<div class=\"wp-block-columns is-layout-flex wp-container-core-columns-is-layout-9d6595d7 wp-block-columns-is-layout-flex\">\n<div class=\"wp-block-column is-layout-flow wp-block-column-is-layout-flow\">\n<h2 class=\"wp-block-heading\">Mesa consola Premium Custom Caracter\u00edsticas:<\/h2>\n\n\n\n<ul class=\"wp-block-list\">\n<li><strong>Artesan\u00eda \u00fanica en resina dorada:<\/strong> La base de esta consola personalizada se elabora con una t\u00e9cnica de resina dorada fundida a mano, que presenta una textura fluida y un brillo como la lava, haciendo de cada pieza una obra de arte \u00fanica.<\/li>\n\n\n\n<li><strong>Dise\u00f1o est\u00e9tico de alto contraste: <\/strong>El tablero negro o blanco de alto brillo de estas mesas de entrada a medida crea un fuerte contraste de color y textura con la base dorada, dando como resultado un dise\u00f1o moderno pero lujoso y visualmente impactante.<\/li>\n\n\n\n<li><strong>Estable y ligero:<\/strong> El tablero de esta consola a medida est\u00e1 fabricado con un robusto tablero de alta densidad, y la estructura de la base est\u00e1 calculada con precisi\u00f3n para garantizar tanto la estabilidad de carga como una sensaci\u00f3n visual de ligereza y flotaci\u00f3n.<\/li>\n\n\n\n<li><strong>Espacio de exposici\u00f3n multifuncional: <\/strong>Nuestras mesas de entrada a medida presentan un dise\u00f1o de tablero espacioso, perfecto para exponer jarrones, marcos de cuadros, obras de arte o almacenamiento cotidiano, lo que las convierte en una opci\u00f3n ideal para realzar el estilo de su hogar.<\/li>\n<\/ul>\n<\/div>\n\n\n\n<div class=\"wp-block-column is-layout-flow wp-block-column-is-layout-flow\">\n<figure class=\"wp-block-image size-full\"><img decoding=\"async\" width=\"900\" height=\"1350\" src=\"https:\/\/www.chicasafurniture.com\/wp-content\/uploads\/2026\/02\/Refined-Luxury-Custom-Console-Table-with-Gold-Resin-Inlay-3.webp\" alt=\"Consola de lujo refinado con incrustaciones de resina dorada-3\" class=\"wp-image-487\" srcset=\"https:\/\/www.chicasafurniture.com\/wp-content\/uploads\/2026\/02\/Refined-Luxury-Custom-Console-Table-with-Gold-Resin-Inlay-3.webp 900w, https:\/\/www.chicasafurniture.com\/wp-content\/uploads\/2026\/02\/Refined-Luxury-Custom-Console-Table-with-Gold-Resin-Inlay-3-200x300.webp 200w, https:\/\/www.chicasafurniture.com\/wp-content\/uploads\/2026\/02\/Refined-Luxury-Custom-Console-Table-with-Gold-Resin-Inlay-3-768x1152.webp 768w, https:\/\/www.chicasafurniture.com\/wp-content\/uploads\/2026\/02\/Refined-Luxury-Custom-Console-Table-with-Gold-Resin-Inlay-3-600x900.webp 600w\" sizes=\"(max-width: 900px) 100vw, 900px\" \/><\/figure>\n<\/div>\n<\/div>\n\n\n\n<figure class=\"wp-block-image size-full\"><img decoding=\"async\" width=\"1200\" height=\"1350\" src=\"https:\/\/www.chicasafurniture.com\/wp-content\/uploads\/2026\/02\/Refined-Luxury-Custom-Console-Table-with-Gold-Resin-Inlay-4.webp\" alt=\"Consola de lujo refinado con incrustaciones de resina dorada-4\" class=\"wp-image-488\" srcset=\"https:\/\/www.chicasafurniture.com\/wp-content\/uploads\/2026\/02\/Refined-Luxury-Custom-Console-Table-with-Gold-Resin-Inlay-4.webp 1200w, https:\/\/www.chicasafurniture.com\/wp-content\/uploads\/2026\/02\/Refined-Luxury-Custom-Console-Table-with-Gold-Resin-Inlay-4-267x300.webp 267w, https:\/\/www.chicasafurniture.com\/wp-content\/uploads\/2026\/02\/Refined-Luxury-Custom-Console-Table-with-Gold-Resin-Inlay-4-768x864.webp 768w, https:\/\/www.chicasafurniture.com\/wp-content\/uploads\/2026\/02\/Refined-Luxury-Custom-Console-Table-with-Gold-Resin-Inlay-4-600x675.webp 600w\" sizes=\"(max-width: 1200px) 100vw, 1200px\" \/><\/figure>","protected":false},"excerpt":{"rendered":"<p>Bienvenido a encargar mesas de entrada a medida. Esta consola a medida combina a la perfecci\u00f3n el minimalismo moderno con el arte lujoso. Presenta un tablero lacado en blanco o negro de alto brillo combinado con una llamativa base ondulada de resina dorada que se asemeja al oro l\u00edquido que fluye.<\/p>\n<table style=\"border-collapse: collapse; width: 222.03pt;\" border=\"0\" width=\"222\" cellspacing=\"0\" cellpadding=\"0\">\n<tbody>\n<tr style=\"height: 15.20pt;\">\n<td class=\"et2\" style=\"height: 15.20pt; width: 81.65pt;\" width=\"81\" height=\"15\">Fabricante<\/td>\n<td class=\"et2\" style=\"width: 140.80pt;\" width=\"140\">ChiCasa<\/td>\n<\/tr>\n<tr style=\"height: 15.20pt;\">\n<td class=\"et2\" style=\"height: 15.20pt;\" height=\"15\">Categor\u00eda<\/td>\n<td class=\"et2\">Mesa consola<\/td>\n<\/tr>\n<tr style=\"height: 15.20pt;\">\n<td class=\"et2\" style=\"height: 15.20pt;\" height=\"15\">Aplicaci\u00f3n<\/td>\n<td class=\"et2\">Sala de estar<\/td>\n<\/tr>\n<tr style=\"height: 15.20pt;\">\n<td class=\"et2\" style=\"height: 15.20pt;\" height=\"15\">Estilo<\/td>\n<td class=\"et2\">Lujo refinado<\/td>\n<\/tr>\n<tr style=\"height: 15.20pt;\">\n<td class=\"et2\" style=\"height: 15.20pt;\" height=\"15\">Modelo<\/td>\n<td class=\"et2\">QMY-CS001<\/td>\n<\/tr>\n<tr style=\"height: 15.20pt;\">\n<td class=\"et2\" style=\"height: 15.20pt;\" height=\"15\">Personalizaci\u00f3n<\/td>\n<td class=\"et2\">Color, tama\u00f1o, material<\/td>\n<\/tr>\n<tr style=\"height: 15.20pt;\">\n<td class=\"et2\" style=\"height: 15.20pt;\" height=\"15\">MOQ<\/td>\n<td class=\"et2\">1 unidad<\/td>\n<\/tr>\n<\/tbody>\n<\/table>","protected":false},"featured_media":486,"comment_status":"closed","ping_status":"closed","template":"","meta":{"_acf_changed":false},"product_brand":[],"product_cat":[16,28],"product_tag":[],"class_list":{"0":"post-484","1":"product","2":"type-product","3":"status-publish","4":"has-post-thumbnail","6":"product_cat-bespoke-living-room-furniture","7":"product_cat-custom-console-tables","9":"first","10":"instock","11":"shipping-taxable","12":"product-type-simple"},"acf":[],"_links":{"self":[{"href":"https:\/\/www.chicasafurniture.com\/es\/wp-json\/wp\/v2\/product\/484","targetHints":{"allow":["GET"]}}],"collection":[{"href":"https:\/\/www.chicasafurniture.com\/es\/wp-json\/wp\/v2\/product"}],"about":[{"href":"https:\/\/www.chicasafurniture.com\/es\/wp-json\/wp\/v2\/types\/product"}],"replies":[{"embeddable":true,"href":"https:\/\/www.chicasafurniture.com\/es\/wp-json\/wp\/v2\/comments?post=484"}],"wp:featuredmedia":[{"embeddable":true,"href":"https:\/\/www.chicasafurniture.com\/es\/wp-json\/wp\/v2\/media\/486"}],"wp:attachment":[{"href":"https:\/\/www.chicasafurniture.com\/es\/wp-json\/wp\/v2\/media?parent=484"}],"wp:term":[{"taxonomy":"product_brand","embeddable":true,"href":"https:\/\/www.chicasafurniture.com\/es\/wp-json\/wp\/v2\/product_brand?post=484"},{"taxonomy":"product_cat","embeddable":true,"href":"https:\/\/www.chicasafurniture.com\/es\/wp-json\/wp\/v2\/product_cat?post=484"},{"taxonomy":"product_tag","embeddable":true,"href":"https:\/\/www.chicasafurniture.com\/es\/wp-json\/wp\/v2\/product_tag?post=484"}],"curies":[{"name":"wp","href":"https:\/\/api.w.org\/{rel}","templated":true}]}}