{"id":489,"date":"2026-02-27T08:15:25","date_gmt":"2026-02-27T08:15:25","guid":{"rendered":"https:\/\/www.chicasafurniture.com\/?post_type=product&#038;p=489"},"modified":"2026-02-27T08:24:05","modified_gmt":"2026-02-27T08:24:05","slug":"bespoke-marble-console-table","status":"publish","type":"product","link":"https:\/\/www.chicasafurniture.com\/es\/product\/bespoke-marble-console-table\/","title":{"rendered":"Consola moderna de m\u00e1rmol a medida con incrustaciones de pan de oro"},"content":{"rendered":"<h2 class=\"wp-block-heading\">Especificaciones de producto de la mesa consola de m\u00e1rmol a medida<\/h2>\n\n\n\n<figure class=\"wp-block-table\"><table class=\"has-fixed-layout\"><tbody><tr><td>Marco<\/td><td>Material de cubierta<\/td><td>Material de relleno<\/td><td>Piernas<\/td><td>Color<\/td><td>Talla<\/td><td>Peso<\/td><\/tr><tr><td>Piedra<\/td><td>\/<\/td><td>\/<\/td><td>Piedra<\/td><td>Personalizado<\/td><td>Personalizado<\/td><td>60-100kg<\/td><\/tr><\/tbody><\/table><\/figure>\n\n\n\n<div class=\"wp-block-columns is-layout-flex wp-container-core-columns-is-layout-9d6595d7 wp-block-columns-is-layout-flex\">\n<div class=\"wp-block-column is-layout-flow wp-block-column-is-layout-flow\">\n<h2 class=\"wp-block-heading\">Mesa Consola de M\u00e1rmol Premium Bespoke Caracter\u00edsticas:<\/h2>\n\n\n\n<ul class=\"wp-block-list\">\n<li><strong>Arte en piedra natural y pan de oro:<\/strong> Esta consola de m\u00e1rmol hecha a medida es de m\u00e1rmol natural de alta calidad, con incrustaciones irregulares de pan de oro en la superficie realizadas a mano. Cada pieza posee una textura y un brillo \u00fanicos, lo que la hace muy coleccionable.<\/li>\n\n\n\n<li><strong>Est\u00e9tica geom\u00e9trica minimalista: <\/strong>Nuestras mesas de entrada personalizadas presentan una estructura cl\u00e1sica de bloque rectangular con l\u00edneas limpias y n\u00edtidas. Las tiras de metal dorado sirven de conectores, rompiendo la monoton\u00eda de la piedra y a\u00f1adiendo un toque de sofisticaci\u00f3n al moderno estilo industrial.<\/li>\n\n\n\n<li><strong>Estabilidad excepcional: <\/strong>El dise\u00f1o de doble columna de la base de esta consola de m\u00e1rmol a medida asegura un centro de gravedad estable y una gran capacidad de carga, garantizando la durabilidad y seguridad del mueble.<\/li>\n\n\n\n<li><strong>Estilos de decoraci\u00f3n vers\u00e1tiles: <\/strong>Ya sea un estilo palaciego cl\u00e1sico europeo, un estilo minimalista moderno o un estilo de lujo discreto, nuestras mesas de entrada personalizadas combinan a la perfecci\u00f3n, convirti\u00e9ndose en el punto focal visual de cualquier espacio.<\/li>\n\n\n\n<li><strong>Servicio completo de personalizaci\u00f3n: <\/strong>Nuestras consolas de m\u00e1rmol a medida pueden personalizarse para adaptarse a las dimensiones de su entrada, y ofrecen una gran variedad de colores de m\u00e1rmol (como Carrara blanco, Esperia oscuro, etc.) y efectos de pan de oro para crear una pieza \u00fanica de arte en el hogar para usted.<\/li>\n<\/ul>\n<\/div>\n\n\n\n<div class=\"wp-block-column is-layout-flow wp-block-column-is-layout-flow\">\n<figure class=\"wp-block-image size-full\"><img decoding=\"async\" width=\"800\" height=\"800\" src=\"https:\/\/www.chicasafurniture.com\/wp-content\/uploads\/2026\/02\/Modern-Bespoke-Marble-Console-Table-with-Gold-Leaf-Inlay-3.webp\" alt=\"Consola moderna de m\u00e1rmol a medida con incrustaciones de pan de oro-3\" class=\"wp-image-492\" srcset=\"https:\/\/www.chicasafurniture.com\/wp-content\/uploads\/2026\/02\/Modern-Bespoke-Marble-Console-Table-with-Gold-Leaf-Inlay-3.webp 800w, https:\/\/www.chicasafurniture.com\/wp-content\/uploads\/2026\/02\/Modern-Bespoke-Marble-Console-Table-with-Gold-Leaf-Inlay-3-300x300.webp 300w, https:\/\/www.chicasafurniture.com\/wp-content\/uploads\/2026\/02\/Modern-Bespoke-Marble-Console-Table-with-Gold-Leaf-Inlay-3-150x150.webp 150w, https:\/\/www.chicasafurniture.com\/wp-content\/uploads\/2026\/02\/Modern-Bespoke-Marble-Console-Table-with-Gold-Leaf-Inlay-3-768x768.webp 768w, https:\/\/www.chicasafurniture.com\/wp-content\/uploads\/2026\/02\/Modern-Bespoke-Marble-Console-Table-with-Gold-Leaf-Inlay-3-600x600.webp 600w, https:\/\/www.chicasafurniture.com\/wp-content\/uploads\/2026\/02\/Modern-Bespoke-Marble-Console-Table-with-Gold-Leaf-Inlay-3-100x100.webp 100w\" sizes=\"(max-width: 800px) 100vw, 800px\" \/><\/figure>\n<\/div>\n<\/div>\n\n\n\n<figure class=\"wp-block-image size-full\"><img decoding=\"async\" width=\"1200\" height=\"1413\" src=\"https:\/\/www.chicasafurniture.com\/wp-content\/uploads\/2026\/02\/Modern-Bespoke-Marble-Console-Table-with-Gold-Leaf-Inlay-4.webp\" alt=\"Consola moderna de m\u00e1rmol a medida con incrustaciones de pan de oro-4\" class=\"wp-image-493\" srcset=\"https:\/\/www.chicasafurniture.com\/wp-content\/uploads\/2026\/02\/Modern-Bespoke-Marble-Console-Table-with-Gold-Leaf-Inlay-4.webp 1200w, https:\/\/www.chicasafurniture.com\/wp-content\/uploads\/2026\/02\/Modern-Bespoke-Marble-Console-Table-with-Gold-Leaf-Inlay-4-255x300.webp 255w, https:\/\/www.chicasafurniture.com\/wp-content\/uploads\/2026\/02\/Modern-Bespoke-Marble-Console-Table-with-Gold-Leaf-Inlay-4-768x904.webp 768w, https:\/\/www.chicasafurniture.com\/wp-content\/uploads\/2026\/02\/Modern-Bespoke-Marble-Console-Table-with-Gold-Leaf-Inlay-4-600x707.webp 600w\" sizes=\"(max-width: 1200px) 100vw, 1200px\" \/><\/figure>","protected":false},"excerpt":{"rendered":"<p>Bienvenido a encargar mesas de entrada a medida. Esta consola de m\u00e1rmol hecha a medida combina a la perfecci\u00f3n la elegancia del m\u00e1rmol natural con el lujo del metal dorado, conservando la solidez de la piedra y exudando al mismo tiempo una sensaci\u00f3n de ligereza y modernidad.<\/p>\n<table style=\"border-collapse: collapse; width: 222.03pt;\" border=\"0\" width=\"222\" cellspacing=\"0\" cellpadding=\"0\">\n<tbody>\n<tr style=\"height: 15.20pt;\">\n<td class=\"et2\" style=\"height: 15.20pt; width: 81.65pt;\" width=\"81\" height=\"15\">Fabricante<\/td>\n<td class=\"et2\" style=\"width: 140.80pt;\" width=\"140\">ChiCasa<\/td>\n<\/tr>\n<tr style=\"height: 15.20pt;\">\n<td class=\"et2\" style=\"height: 15.20pt;\" height=\"15\">Categor\u00eda<\/td>\n<td class=\"et2\">Mesa consola<\/td>\n<\/tr>\n<tr style=\"height: 15.20pt;\">\n<td class=\"et2\" style=\"height: 15.20pt;\" height=\"15\">Aplicaci\u00f3n<\/td>\n<td class=\"et2\">Sala de estar<\/td>\n<\/tr>\n<tr style=\"height: 15.20pt;\">\n<td class=\"et2\" style=\"height: 15.20pt;\" height=\"15\">Estilo<\/td>\n<td class=\"et2\">Lujo refinado<\/td>\n<\/tr>\n<tr style=\"height: 15.20pt;\">\n<td class=\"et2\" style=\"height: 15.20pt;\" height=\"15\">Modelo<\/td>\n<td class=\"et2\">QMY-CS003<\/td>\n<\/tr>\n<tr style=\"height: 15.20pt;\">\n<td class=\"et2\" style=\"height: 15.20pt;\" height=\"15\">Personalizaci\u00f3n<\/td>\n<td class=\"et2\">Color, tama\u00f1o, material<\/td>\n<\/tr>\n<tr style=\"height: 15.20pt;\">\n<td class=\"et2\" style=\"height: 15.20pt;\" height=\"15\">MOQ<\/td>\n<td class=\"et2\">1 unidad<\/td>\n<\/tr>\n<\/tbody>\n<\/table>","protected":false},"featured_media":491,"comment_status":"closed","ping_status":"closed","template":"","meta":{"_acf_changed":false},"product_brand":[],"product_cat":[16,28],"product_tag":[],"class_list":{"0":"post-489","1":"product","2":"type-product","3":"status-publish","4":"has-post-thumbnail","6":"product_cat-bespoke-living-room-furniture","7":"product_cat-custom-console-tables","9":"first","10":"instock","11":"shipping-taxable","12":"product-type-simple"},"acf":[],"_links":{"self":[{"href":"https:\/\/www.chicasafurniture.com\/es\/wp-json\/wp\/v2\/product\/489","targetHints":{"allow":["GET"]}}],"collection":[{"href":"https:\/\/www.chicasafurniture.com\/es\/wp-json\/wp\/v2\/product"}],"about":[{"href":"https:\/\/www.chicasafurniture.com\/es\/wp-json\/wp\/v2\/types\/product"}],"replies":[{"embeddable":true,"href":"https:\/\/www.chicasafurniture.com\/es\/wp-json\/wp\/v2\/comments?post=489"}],"wp:featuredmedia":[{"embeddable":true,"href":"https:\/\/www.chicasafurniture.com\/es\/wp-json\/wp\/v2\/media\/491"}],"wp:attachment":[{"href":"https:\/\/www.chicasafurniture.com\/es\/wp-json\/wp\/v2\/media?parent=489"}],"wp:term":[{"taxonomy":"product_brand","embeddable":true,"href":"https:\/\/www.chicasafurniture.com\/es\/wp-json\/wp\/v2\/product_brand?post=489"},{"taxonomy":"product_cat","embeddable":true,"href":"https:\/\/www.chicasafurniture.com\/es\/wp-json\/wp\/v2\/product_cat?post=489"},{"taxonomy":"product_tag","embeddable":true,"href":"https:\/\/www.chicasafurniture.com\/es\/wp-json\/wp\/v2\/product_tag?post=489"}],"curies":[{"name":"wp","href":"https:\/\/api.w.org\/{rel}","templated":true}]}}