{"id":494,"date":"2026-02-27T08:26:45","date_gmt":"2026-02-27T08:26:45","guid":{"rendered":"https:\/\/www.chicasafurniture.com\/?post_type=product&#038;p=494"},"modified":"2026-02-27T08:51:13","modified_gmt":"2026-02-27T08:51:13","slug":"custom-dressing-table","status":"publish","type":"product","link":"https:\/\/www.chicasafurniture.com\/es\/product\/custom-dressing-table\/","title":{"rendered":"Tocador a medida de alto brillo con patas de cuero acolchado"},"content":{"rendered":"<h2 class=\"wp-block-heading\">Especificaciones de producto de Tocador a medida<\/h2>\n\n\n\n<figure class=\"wp-block-table\"><table class=\"has-fixed-layout\"><tbody><tr><td>Marco<\/td><td>Material de cubierta<\/td><td>Material de relleno<\/td><td>Piernas<\/td><td>Color<\/td><td>Talla<\/td><td>Peso<\/td><\/tr><tr><td>Madera<\/td><td>Tejido<\/td><td>\/<\/td><td>Madera maciza<\/td><td>Personalizado<\/td><td>Personalizado<\/td><td>50-75kg<\/td><\/tr><\/tbody><\/table><\/figure>\n\n\n\n<div class=\"wp-block-columns is-layout-flex wp-container-core-columns-is-layout-9d6595d7 wp-block-columns-is-layout-flex\">\n<div class=\"wp-block-column is-layout-flow wp-block-column-is-layout-flow\">\n<h2 class=\"wp-block-heading\">Premium Custom muebles de lujo Banco Caracter\u00edsticas:<\/h2>\n\n\n\n<ul class=\"wp-block-list\">\n<li><strong>Dise\u00f1o \u00fanico de patas tapizadas:<\/strong> Las patas de este tocador a medida est\u00e1n envueltas en piel de alta calidad con un exquisito acolchado, que ofrece un tacto suave y delicado.<\/li>\n\n\n\n<li><strong>Tablero lacado de alto brillo:<\/strong> Este tocador a medida presenta un acabado lacado de alto brillo, lo que da como resultado una superficie lisa, como un espejo, f\u00e1cil de limpiar y que refleja la luz, haciendo que el espacio sea m\u00e1s luminoso y abierto.<\/li>\n\n\n\n<li><strong>Est\u00e9tica de curvas suaves<\/strong>: Este tocador a medida presenta curvas suaves y fluidas, elegantes y ergon\u00f3micas, al tiempo que posee un moderno atractivo art\u00edstico.<\/li>\n\n\n\n<li><strong>Exquisitos detalles de herrajes:<\/strong> Los tiradores de los cajones y los bordes de piel de este tocador a medida se acent\u00faan con detalles met\u00e1licos en tono dorado, mostrando una meticulosa atenci\u00f3n al detalle y realzando el lujo y la sofisticaci\u00f3n discretos del conjunto.<\/li>\n\n\n\n<li><strong>Personalizaci\u00f3n completa de tama\u00f1os y materiales:<\/strong> Nuestro tocador a medida puede personalizarse para adaptarse al espacio de su dormitorio y ofrece una variedad de colores de cuero, telas y colores de pintura para combinar perfectamente con la decoraci\u00f3n de su dormitorio.<\/li>\n<\/ul>\n<\/div>\n\n\n\n<div class=\"wp-block-column is-layout-flow wp-block-column-is-layout-flow\">\n<figure class=\"wp-block-image size-full\"><img decoding=\"async\" width=\"800\" height=\"800\" src=\"https:\/\/www.chicasafurniture.com\/wp-content\/uploads\/2026\/02\/High-Gloss-Custom-Dressing-Table-with-Quilted-Leather-Legs-1.webp\" alt=\"Tocador a medida de alto brillo con patas de cuero acolchado-1\" class=\"wp-image-495\" srcset=\"https:\/\/www.chicasafurniture.com\/wp-content\/uploads\/2026\/02\/High-Gloss-Custom-Dressing-Table-with-Quilted-Leather-Legs-1.webp 800w, https:\/\/www.chicasafurniture.com\/wp-content\/uploads\/2026\/02\/High-Gloss-Custom-Dressing-Table-with-Quilted-Leather-Legs-1-300x300.webp 300w, https:\/\/www.chicasafurniture.com\/wp-content\/uploads\/2026\/02\/High-Gloss-Custom-Dressing-Table-with-Quilted-Leather-Legs-1-150x150.webp 150w, https:\/\/www.chicasafurniture.com\/wp-content\/uploads\/2026\/02\/High-Gloss-Custom-Dressing-Table-with-Quilted-Leather-Legs-1-768x768.webp 768w, https:\/\/www.chicasafurniture.com\/wp-content\/uploads\/2026\/02\/High-Gloss-Custom-Dressing-Table-with-Quilted-Leather-Legs-1-600x600.webp 600w, https:\/\/www.chicasafurniture.com\/wp-content\/uploads\/2026\/02\/High-Gloss-Custom-Dressing-Table-with-Quilted-Leather-Legs-1-100x100.webp 100w\" sizes=\"(max-width: 800px) 100vw, 800px\" \/><\/figure>\n<\/div>\n<\/div>\n\n\n\n<figure class=\"wp-block-image size-full\"><img decoding=\"async\" width=\"1200\" height=\"900\" src=\"https:\/\/www.chicasafurniture.com\/wp-content\/uploads\/2026\/02\/High-Gloss-Custom-Dressing-Table-with-Quilted-Leather-Legs-2.webp\" alt=\"Tocador a medida de alto brillo con patas de cuero acolchado-2\" class=\"wp-image-496\" srcset=\"https:\/\/www.chicasafurniture.com\/wp-content\/uploads\/2026\/02\/High-Gloss-Custom-Dressing-Table-with-Quilted-Leather-Legs-2.webp 1200w, https:\/\/www.chicasafurniture.com\/wp-content\/uploads\/2026\/02\/High-Gloss-Custom-Dressing-Table-with-Quilted-Leather-Legs-2-300x225.webp 300w, https:\/\/www.chicasafurniture.com\/wp-content\/uploads\/2026\/02\/High-Gloss-Custom-Dressing-Table-with-Quilted-Leather-Legs-2-768x576.webp 768w, https:\/\/www.chicasafurniture.com\/wp-content\/uploads\/2026\/02\/High-Gloss-Custom-Dressing-Table-with-Quilted-Leather-Legs-2-600x450.webp 600w\" sizes=\"(max-width: 1200px) 100vw, 1200px\" \/><\/figure>","protected":false},"excerpt":{"rendered":"<p>Bienvenido a la compra de tocadores a medida. Este tocador a medida combina a la perfecci\u00f3n una lujosa tapicer\u00eda con un brillo moderno. El tablero lacado de alto brillo y los paneles de los cajones, combinados con unas exclusivas patas de cuero acolchado, crean un ambiente sofisticado que recuerda a la alta costura.<\/p>\n<table style=\"border-collapse: collapse; width: 222.03pt;\" border=\"0\" width=\"222\" cellspacing=\"0\" cellpadding=\"0\">\n<tbody>\n<tr style=\"height: 15.20pt;\">\n<td class=\"et2\" style=\"height: 15.20pt; width: 81.65pt;\" width=\"81\" height=\"15\">Fabricante<\/td>\n<td class=\"et2\" style=\"width: 140.80pt;\" width=\"140\">ChiCasa<\/td>\n<\/tr>\n<tr style=\"height: 15.20pt;\">\n<td class=\"et2\" style=\"height: 15.20pt;\" height=\"15\">Categor\u00eda<\/td>\n<td class=\"et2\">Tocador<\/td>\n<\/tr>\n<tr style=\"height: 15.20pt;\">\n<td class=\"et2\" style=\"height: 15.20pt;\" height=\"15\">Aplicaci\u00f3n<\/td>\n<td class=\"et2\">Dormitorio<\/td>\n<\/tr>\n<tr style=\"height: 15.20pt;\">\n<td class=\"et2\" style=\"height: 15.20pt;\" height=\"15\">Estilo<\/td>\n<td class=\"et2\">Lujo refinado<\/td>\n<\/tr>\n<tr style=\"height: 15.20pt;\">\n<td class=\"et2\" style=\"height: 15.20pt;\" height=\"15\">Modelo<\/td>\n<td class=\"et2\">QMY-DR001<\/td>\n<\/tr>\n<tr style=\"height: 15.20pt;\">\n<td class=\"et2\" style=\"height: 15.20pt;\" height=\"15\">Personalizaci\u00f3n<\/td>\n<td class=\"et2\">Color, tama\u00f1o, material<\/td>\n<\/tr>\n<tr style=\"height: 15.20pt;\">\n<td class=\"et2\" style=\"height: 15.20pt;\" height=\"15\">MOQ<\/td>\n<td class=\"et2\">1 unidad<\/td>\n<\/tr>\n<\/tbody>\n<\/table>","protected":false},"featured_media":495,"comment_status":"closed","ping_status":"closed","template":"","meta":{"_acf_changed":false},"product_brand":[],"product_cat":[18,35],"product_tag":[],"class_list":{"0":"post-494","1":"product","2":"type-product","3":"status-publish","4":"has-post-thumbnail","6":"product_cat-bespoke-bedroom-furniture","7":"product_cat-custom-makeup-vanities","9":"first","10":"instock","11":"shipping-taxable","12":"product-type-simple"},"acf":[],"_links":{"self":[{"href":"https:\/\/www.chicasafurniture.com\/es\/wp-json\/wp\/v2\/product\/494","targetHints":{"allow":["GET"]}}],"collection":[{"href":"https:\/\/www.chicasafurniture.com\/es\/wp-json\/wp\/v2\/product"}],"about":[{"href":"https:\/\/www.chicasafurniture.com\/es\/wp-json\/wp\/v2\/types\/product"}],"replies":[{"embeddable":true,"href":"https:\/\/www.chicasafurniture.com\/es\/wp-json\/wp\/v2\/comments?post=494"}],"wp:featuredmedia":[{"embeddable":true,"href":"https:\/\/www.chicasafurniture.com\/es\/wp-json\/wp\/v2\/media\/495"}],"wp:attachment":[{"href":"https:\/\/www.chicasafurniture.com\/es\/wp-json\/wp\/v2\/media?parent=494"}],"wp:term":[{"taxonomy":"product_brand","embeddable":true,"href":"https:\/\/www.chicasafurniture.com\/es\/wp-json\/wp\/v2\/product_brand?post=494"},{"taxonomy":"product_cat","embeddable":true,"href":"https:\/\/www.chicasafurniture.com\/es\/wp-json\/wp\/v2\/product_cat?post=494"},{"taxonomy":"product_tag","embeddable":true,"href":"https:\/\/www.chicasafurniture.com\/es\/wp-json\/wp\/v2\/product_tag?post=494"}],"curies":[{"name":"wp","href":"https:\/\/api.w.org\/{rel}","templated":true}]}}