{"id":497,"date":"2026-02-27T09:09:11","date_gmt":"2026-02-27T09:09:11","guid":{"rendered":"https:\/\/www.chicasafurniture.com\/?post_type=product&#038;p=497"},"modified":"2026-02-27T09:34:30","modified_gmt":"2026-02-27T09:34:30","slug":"custom-makeup-vanity-table","status":"publish","type":"product","link":"https:\/\/www.chicasafurniture.com\/es\/product\/custom-makeup-vanity-table\/","title":{"rendered":"Tocador de maquillaje moderno y lujoso a medida con tapa de cuero"},"content":{"rendered":"<h2 class=\"wp-block-heading\">Especificaciones de producto de la mesa tocador de maquillaje a medida<\/h2>\n\n\n\n<figure class=\"wp-block-table\"><table class=\"has-fixed-layout\"><tbody><tr><td>Marco<\/td><td>Material de cubierta<\/td><td>Material de relleno<\/td><td>Piernas<\/td><td>Color<\/td><td>Talla<\/td><td>Peso<\/td><\/tr><tr><td>Madera<\/td><td>Piel<\/td><td>\/<\/td><td>Madera maciza<\/td><td>Personalizado<\/td><td>Personalizado<\/td><td>50-75kg<\/td><\/tr><\/tbody><\/table><\/figure>\n\n\n\n<div class=\"wp-block-columns is-layout-flex wp-container-core-columns-is-layout-9d6595d7 wp-block-columns-is-layout-flex\">\n<div class=\"wp-block-column is-layout-flow wp-block-column-is-layout-flow\">\n<h2 class=\"wp-block-heading\">Premium Custom Maquillaje Tocador Caracter\u00edsticas:<\/h2>\n\n\n\n<ul class=\"wp-block-list\">\n<li><strong>La interacci\u00f3n del cuero y el metal: <\/strong>Este tocador de maquillaje a medida utiliza tapicer\u00eda de piel de alta calidad, delicada y respetuosa con la piel, que reduce eficazmente el ruido. La base es de metal con acabado vintage, lo que crea una tensi\u00f3n visual \u00fanica gracias al contraste de materiales c\u00e1lidos y fr\u00edos.<\/li>\n\n\n\n<li><strong>Estructura robusta:<\/strong> La base met\u00e1lica de este tocador a medida presenta un robusto dise\u00f1o de marco rectangular, que garantiza la estabilidad estructural y una gran capacidad de carga. El dise\u00f1o calado de la parte inferior reduce el peso visual, por lo que parece ligero y aireado.<\/li>\n\n\n\n<li><strong>Detalles exquisitos:<\/strong> Los tiradores dorados de los cajones combinan con el color de la base met\u00e1lica, realzando el lujo discreto del conjunto. El meticuloso ribeteado de los bordes de piel muestra una exquisita artesan\u00eda.<\/li>\n\n\n\n<li><strong>Servicio completo de personalizaci\u00f3n:<\/strong> Nuestros tocadores a medida pueden personalizarse para adaptarse al espacio de su dormitorio y ofrecen una gran variedad de colores de piel y acabados met\u00e1licos para crear su propio rinc\u00f3n de tocador personalizado.<\/li>\n<\/ul>\n<\/div>\n\n\n\n<div class=\"wp-block-column is-layout-flow wp-block-column-is-layout-flow\">\n<figure class=\"wp-block-image size-full\"><img decoding=\"async\" width=\"900\" height=\"1200\" src=\"https:\/\/www.chicasafurniture.com\/wp-content\/uploads\/2026\/02\/Modern-Luxury-Custom-Makeup-Vanity-Table-with-Leather-Top-2.webp\" alt=\"Maquillaje de lujo moderno personalizado tocador con tapa de cuero-2\" class=\"wp-image-499\" srcset=\"https:\/\/www.chicasafurniture.com\/wp-content\/uploads\/2026\/02\/Modern-Luxury-Custom-Makeup-Vanity-Table-with-Leather-Top-2.webp 900w, https:\/\/www.chicasafurniture.com\/wp-content\/uploads\/2026\/02\/Modern-Luxury-Custom-Makeup-Vanity-Table-with-Leather-Top-2-225x300.webp 225w, https:\/\/www.chicasafurniture.com\/wp-content\/uploads\/2026\/02\/Modern-Luxury-Custom-Makeup-Vanity-Table-with-Leather-Top-2-768x1024.webp 768w, https:\/\/www.chicasafurniture.com\/wp-content\/uploads\/2026\/02\/Modern-Luxury-Custom-Makeup-Vanity-Table-with-Leather-Top-2-600x800.webp 600w\" sizes=\"(max-width: 900px) 100vw, 900px\" \/><\/figure>\n<\/div>\n<\/div>\n\n\n\n<div class=\"wp-block-columns is-layout-flex wp-container-core-columns-is-layout-9d6595d7 wp-block-columns-is-layout-flex\">\n<div class=\"wp-block-column is-layout-flow wp-block-column-is-layout-flow\">\n<figure class=\"wp-block-image size-full\"><img decoding=\"async\" width=\"1200\" height=\"1200\" src=\"https:\/\/www.chicasafurniture.com\/wp-content\/uploads\/2026\/02\/Modern-Luxury-Custom-Makeup-Vanity-Table-with-Leather-Top-3.webp\" alt=\"Maquillaje de lujo moderno personalizado tocador con tapa de cuero-3\" class=\"wp-image-500\" srcset=\"https:\/\/www.chicasafurniture.com\/wp-content\/uploads\/2026\/02\/Modern-Luxury-Custom-Makeup-Vanity-Table-with-Leather-Top-3.webp 1200w, https:\/\/www.chicasafurniture.com\/wp-content\/uploads\/2026\/02\/Modern-Luxury-Custom-Makeup-Vanity-Table-with-Leather-Top-3-300x300.webp 300w, https:\/\/www.chicasafurniture.com\/wp-content\/uploads\/2026\/02\/Modern-Luxury-Custom-Makeup-Vanity-Table-with-Leather-Top-3-150x150.webp 150w, https:\/\/www.chicasafurniture.com\/wp-content\/uploads\/2026\/02\/Modern-Luxury-Custom-Makeup-Vanity-Table-with-Leather-Top-3-768x768.webp 768w, https:\/\/www.chicasafurniture.com\/wp-content\/uploads\/2026\/02\/Modern-Luxury-Custom-Makeup-Vanity-Table-with-Leather-Top-3-600x600.webp 600w, https:\/\/www.chicasafurniture.com\/wp-content\/uploads\/2026\/02\/Modern-Luxury-Custom-Makeup-Vanity-Table-with-Leather-Top-3-100x100.webp 100w\" sizes=\"(max-width: 1200px) 100vw, 1200px\" \/><\/figure>\n<\/div>\n\n\n\n<div class=\"wp-block-column is-layout-flow wp-block-column-is-layout-flow\">\n<figure class=\"wp-block-image size-full\"><img decoding=\"async\" width=\"1200\" height=\"1200\" src=\"https:\/\/www.chicasafurniture.com\/wp-content\/uploads\/2026\/02\/Modern-Luxury-Custom-Makeup-Vanity-Table-with-Leather-Top-4.webp\" alt=\"Tocador de maquillaje moderno y lujoso con tapa de cuero-4\" class=\"wp-image-501\" srcset=\"https:\/\/www.chicasafurniture.com\/wp-content\/uploads\/2026\/02\/Modern-Luxury-Custom-Makeup-Vanity-Table-with-Leather-Top-4.webp 1200w, https:\/\/www.chicasafurniture.com\/wp-content\/uploads\/2026\/02\/Modern-Luxury-Custom-Makeup-Vanity-Table-with-Leather-Top-4-300x300.webp 300w, https:\/\/www.chicasafurniture.com\/wp-content\/uploads\/2026\/02\/Modern-Luxury-Custom-Makeup-Vanity-Table-with-Leather-Top-4-150x150.webp 150w, https:\/\/www.chicasafurniture.com\/wp-content\/uploads\/2026\/02\/Modern-Luxury-Custom-Makeup-Vanity-Table-with-Leather-Top-4-768x768.webp 768w, https:\/\/www.chicasafurniture.com\/wp-content\/uploads\/2026\/02\/Modern-Luxury-Custom-Makeup-Vanity-Table-with-Leather-Top-4-600x600.webp 600w, https:\/\/www.chicasafurniture.com\/wp-content\/uploads\/2026\/02\/Modern-Luxury-Custom-Makeup-Vanity-Table-with-Leather-Top-4-100x100.webp 100w\" sizes=\"(max-width: 1200px) 100vw, 1200px\" \/><\/figure>\n<\/div>\n<\/div>","protected":false},"excerpt":{"rendered":"<p>Bienvenido a comprar nuestro tocador de maquillaje personalizado. Este tocador a medida cuenta con un tablero forrado en piel suave, que ofrece una sensaci\u00f3n c\u00e1lida y confortable, junto con una base de metal con acabado vintage, creando un aspecto fuerte pero din\u00e1mico.<\/p>\n<table style=\"border-collapse: collapse; width: 222.03pt;\" border=\"0\" width=\"222\" cellspacing=\"0\" cellpadding=\"0\">\n<tbody>\n<tr style=\"height: 15.20pt;\">\n<td class=\"et2\" style=\"height: 15.20pt; width: 81.65pt;\" width=\"81\" height=\"15\">Fabricante<\/td>\n<td class=\"et2\" style=\"width: 140.80pt;\" width=\"140\">ChiCasa<\/td>\n<\/tr>\n<tr style=\"height: 15.20pt;\">\n<td class=\"et2\" style=\"height: 15.20pt;\" height=\"15\">Categor\u00eda<\/td>\n<td class=\"et2\">Tocador<\/td>\n<\/tr>\n<tr style=\"height: 15.20pt;\">\n<td class=\"et2\" style=\"height: 15.20pt;\" height=\"15\">Aplicaci\u00f3n<\/td>\n<td class=\"et2\">Dormitorio<\/td>\n<\/tr>\n<tr style=\"height: 15.20pt;\">\n<td class=\"et2\" style=\"height: 15.20pt;\" height=\"15\">Estilo<\/td>\n<td class=\"et2\">Lujo refinado<\/td>\n<\/tr>\n<tr style=\"height: 15.20pt;\">\n<td class=\"et2\" style=\"height: 15.20pt;\" height=\"15\">Modelo<\/td>\n<td class=\"et2\">QMY-DR003<\/td>\n<\/tr>\n<tr style=\"height: 15.20pt;\">\n<td class=\"et2\" style=\"height: 15.20pt;\" height=\"15\">Personalizaci\u00f3n<\/td>\n<td class=\"et2\">Color, tama\u00f1o, material<\/td>\n<\/tr>\n<tr style=\"height: 15.20pt;\">\n<td class=\"et2\" style=\"height: 15.20pt;\" height=\"15\">MOQ<\/td>\n<td class=\"et2\">1 unidad<\/td>\n<\/tr>\n<\/tbody>\n<\/table>","protected":false},"featured_media":498,"comment_status":"closed","ping_status":"closed","template":"","meta":{"_acf_changed":false},"product_brand":[],"product_cat":[18,35],"product_tag":[],"class_list":{"0":"post-497","1":"product","2":"type-product","3":"status-publish","4":"has-post-thumbnail","6":"product_cat-bespoke-bedroom-furniture","7":"product_cat-custom-makeup-vanities","9":"first","10":"instock","11":"shipping-taxable","12":"product-type-simple"},"acf":[],"_links":{"self":[{"href":"https:\/\/www.chicasafurniture.com\/es\/wp-json\/wp\/v2\/product\/497","targetHints":{"allow":["GET"]}}],"collection":[{"href":"https:\/\/www.chicasafurniture.com\/es\/wp-json\/wp\/v2\/product"}],"about":[{"href":"https:\/\/www.chicasafurniture.com\/es\/wp-json\/wp\/v2\/types\/product"}],"replies":[{"embeddable":true,"href":"https:\/\/www.chicasafurniture.com\/es\/wp-json\/wp\/v2\/comments?post=497"}],"wp:featuredmedia":[{"embeddable":true,"href":"https:\/\/www.chicasafurniture.com\/es\/wp-json\/wp\/v2\/media\/498"}],"wp:attachment":[{"href":"https:\/\/www.chicasafurniture.com\/es\/wp-json\/wp\/v2\/media?parent=497"}],"wp:term":[{"taxonomy":"product_brand","embeddable":true,"href":"https:\/\/www.chicasafurniture.com\/es\/wp-json\/wp\/v2\/product_brand?post=497"},{"taxonomy":"product_cat","embeddable":true,"href":"https:\/\/www.chicasafurniture.com\/es\/wp-json\/wp\/v2\/product_cat?post=497"},{"taxonomy":"product_tag","embeddable":true,"href":"https:\/\/www.chicasafurniture.com\/es\/wp-json\/wp\/v2\/product_tag?post=497"}],"curies":[{"name":"wp","href":"https:\/\/api.w.org\/{rel}","templated":true}]}}