{"id":502,"date":"2026-02-27T09:38:38","date_gmt":"2026-02-27T09:38:38","guid":{"rendered":"https:\/\/www.chicasafurniture.com\/?post_type=product&#038;p=502"},"modified":"2026-02-27T09:53:21","modified_gmt":"2026-02-27T09:53:21","slug":"bespoke-nightstand","status":"publish","type":"product","link":"https:\/\/www.chicasafurniture.com\/es\/product\/bespoke-nightstand\/","title":{"rendered":"Mesilla de noche a medida con cajones de piel e iluminaci\u00f3n LED"},"content":{"rendered":"<h2 class=\"wp-block-heading\">Especificaciones de la mesilla de noche Bespoke<\/h2>\n\n\n\n<figure class=\"wp-block-table\"><table class=\"has-fixed-layout\"><tbody><tr><td>Marco<\/td><td>Material de cubierta<\/td><td>Material de relleno<\/td><td>Piernas<\/td><td>Color<\/td><td>Talla<\/td><td>Peso<\/td><\/tr><tr><td>Contrachapado<\/td><td>\/<\/td><td>\/<\/td><td>Metal<\/td><td>Personalizado<\/td><td>Personalizado<\/td><td>20-35kg<\/td><\/tr><\/tbody><\/table><\/figure>\n\n\n\n<div class=\"wp-block-columns is-layout-flex wp-container-core-columns-is-layout-9d6595d7 wp-block-columns-is-layout-flex\">\n<div class=\"wp-block-column is-layout-flow wp-block-column-is-layout-flow\">\n<h2 class=\"wp-block-heading\">Mesilla de noche Premium Bespoke Caracter\u00edsticas:<\/h2>\n\n\n\n<ul class=\"wp-block-list\">\n<li><strong>Combinaci\u00f3n de cuero y metal de lujo: <\/strong>Los paneles de los cajones de esta mesilla de noche a medida est\u00e1n tapizados en piel de primera calidad con un marco de metal brillante. El contraste entre materiales c\u00e1lidos y fr\u00edos crea una sensaci\u00f3n de lujo sofisticado y discreto, que ofrece un tacto c\u00f3modo y un mantenimiento sencillo.<\/li>\n\n\n\n<li><strong>Iluminaci\u00f3n ambiental inteligente:<\/strong> Los estantes abiertos de esta mesilla de noche a medida incorporan tiras de LED integradas, que proporcionan una iluminaci\u00f3n suave y uniforme. Esto no solo facilita el acceso nocturno a los objetos, sino que tambi\u00e9n sirve como luz ambiental junto a la cama, realzando la calidez y el estilo del dormitorio.<\/li>\n\n\n\n<li><strong>Dise\u00f1o geom\u00e9trico \u00fanico: <\/strong>Nuestra mesilla de noche a medida presenta un dise\u00f1o geom\u00e9trico asim\u00e9trico que rompe con la monoton\u00eda de las mesillas de noche tradicionales y a\u00f1ade un toque art\u00edstico moderno que la hace muy distintiva visualmente.<\/li>\n\n\n\n<li><strong>Espacio de almacenamiento multifuncional: <\/strong>Nuestra mesilla de noche a medida combina estantes abiertos con cajones cerrados, lo que le permite exponer objetos decorativos a la vez que guarda objetos personales, satisfaciendo as\u00ed diversas necesidades de almacenamiento en el dormitorio.<\/li>\n\n\n\n<li><strong>Servicio completo de personalizaci\u00f3n: <\/strong>Nuestras mesillas de noche a medida se pueden personalizar en cuanto al color de la piel, el acabado met\u00e1lico y el tama\u00f1o para que se adapten perfectamente al estilo de su dormitorio y creen un espacio \u00fanico.<\/li>\n<\/ul>\n<\/div>\n\n\n\n<div class=\"wp-block-column is-layout-flow wp-block-column-is-layout-flow\">\n<figure class=\"wp-block-image size-full\"><img decoding=\"async\" width=\"1132\" height=\"1326\" src=\"https:\/\/www.chicasafurniture.com\/wp-content\/uploads\/2026\/02\/Bespoke-Nightstand-with-Leather-Drawers-LED-Lighting-3.webp\" alt=\"Mesilla de noche a medida con cajones de piel e iluminaci\u00f3n LED-3\" class=\"wp-image-505\" srcset=\"https:\/\/www.chicasafurniture.com\/wp-content\/uploads\/2026\/02\/Bespoke-Nightstand-with-Leather-Drawers-LED-Lighting-3.webp 1132w, https:\/\/www.chicasafurniture.com\/wp-content\/uploads\/2026\/02\/Bespoke-Nightstand-with-Leather-Drawers-LED-Lighting-3-256x300.webp 256w, https:\/\/www.chicasafurniture.com\/wp-content\/uploads\/2026\/02\/Bespoke-Nightstand-with-Leather-Drawers-LED-Lighting-3-768x900.webp 768w, https:\/\/www.chicasafurniture.com\/wp-content\/uploads\/2026\/02\/Bespoke-Nightstand-with-Leather-Drawers-LED-Lighting-3-600x703.webp 600w\" sizes=\"(max-width: 1132px) 100vw, 1132px\" \/><\/figure>\n<\/div>\n<\/div>\n\n\n\n<figure class=\"wp-block-image size-full\"><img decoding=\"async\" width=\"2048\" height=\"1173\" src=\"https:\/\/www.chicasafurniture.com\/wp-content\/uploads\/2026\/02\/Bespoke-Nightstand-with-Leather-Drawers-LED-Lighting-4.webp\" alt=\"Mesilla de noche a medida con cajones de piel e iluminaci\u00f3n LED-4\" class=\"wp-image-506\" srcset=\"https:\/\/www.chicasafurniture.com\/wp-content\/uploads\/2026\/02\/Bespoke-Nightstand-with-Leather-Drawers-LED-Lighting-4.webp 2048w, https:\/\/www.chicasafurniture.com\/wp-content\/uploads\/2026\/02\/Bespoke-Nightstand-with-Leather-Drawers-LED-Lighting-4-300x172.webp 300w, https:\/\/www.chicasafurniture.com\/wp-content\/uploads\/2026\/02\/Bespoke-Nightstand-with-Leather-Drawers-LED-Lighting-4-768x440.webp 768w, https:\/\/www.chicasafurniture.com\/wp-content\/uploads\/2026\/02\/Bespoke-Nightstand-with-Leather-Drawers-LED-Lighting-4-1200x687.webp 1200w, https:\/\/www.chicasafurniture.com\/wp-content\/uploads\/2026\/02\/Bespoke-Nightstand-with-Leather-Drawers-LED-Lighting-4-600x344.webp 600w\" sizes=\"(max-width: 2048px) 100vw, 2048px\" \/><\/figure>","protected":false},"excerpt":{"rendered":"<p>Bienvenido a la compra de mesillas de noche a medida. Esta mesilla de noche a medida cuenta con paneles de cajones forrados en piel de alta calidad con un tacto suave y c\u00e1lido, combinados con una refinada estructura met\u00e1lica y l\u00edneas limpias y afiladas.<\/p>\n<table style=\"border-collapse: collapse; width: 222.03pt;\" border=\"0\" width=\"222\" cellspacing=\"0\" cellpadding=\"0\">\n<tbody>\n<tr style=\"height: 15.20pt;\">\n<td class=\"et2\" style=\"height: 15.20pt; width: 81.65pt;\" width=\"81\" height=\"15\">Fabricante<\/td>\n<td class=\"et2\" style=\"width: 140.80pt;\" width=\"140\">ChiCasa<\/td>\n<\/tr>\n<tr style=\"height: 15.20pt;\">\n<td class=\"et2\" style=\"height: 15.20pt;\" height=\"15\">Categor\u00eda<\/td>\n<td class=\"et2\">Mesilla de noche<\/td>\n<\/tr>\n<tr style=\"height: 15.20pt;\">\n<td class=\"et2\" style=\"height: 15.20pt;\" height=\"15\">Aplicaci\u00f3n<\/td>\n<td class=\"et2\">Dormitorio<\/td>\n<\/tr>\n<tr style=\"height: 15.20pt;\">\n<td class=\"et2\" style=\"height: 15.20pt;\" height=\"15\">Estilo<\/td>\n<td class=\"et2\">Lujo refinado<\/td>\n<\/tr>\n<tr style=\"height: 15.20pt;\">\n<td class=\"et2\" style=\"height: 15.20pt;\" height=\"15\">Modelo<\/td>\n<td class=\"et2\">QMY-NS001<\/td>\n<\/tr>\n<tr style=\"height: 15.20pt;\">\n<td class=\"et2\" style=\"height: 15.20pt;\" height=\"15\">Personalizaci\u00f3n<\/td>\n<td class=\"et2\">Color, tama\u00f1o, material<\/td>\n<\/tr>\n<tr style=\"height: 15.20pt;\">\n<td class=\"et2\" style=\"height: 15.20pt;\" height=\"15\">MOQ<\/td>\n<td class=\"et2\">1 unidad<\/td>\n<\/tr>\n<\/tbody>\n<\/table>","protected":false},"featured_media":503,"comment_status":"closed","ping_status":"closed","template":"","meta":{"_acf_changed":false},"product_brand":[],"product_cat":[18,34],"product_tag":[],"class_list":{"0":"post-502","1":"product","2":"type-product","3":"status-publish","4":"has-post-thumbnail","6":"product_cat-bespoke-bedroom-furniture","7":"product_cat-custom-nightstand","9":"first","10":"instock","11":"shipping-taxable","12":"product-type-simple"},"acf":[],"_links":{"self":[{"href":"https:\/\/www.chicasafurniture.com\/es\/wp-json\/wp\/v2\/product\/502","targetHints":{"allow":["GET"]}}],"collection":[{"href":"https:\/\/www.chicasafurniture.com\/es\/wp-json\/wp\/v2\/product"}],"about":[{"href":"https:\/\/www.chicasafurniture.com\/es\/wp-json\/wp\/v2\/types\/product"}],"replies":[{"embeddable":true,"href":"https:\/\/www.chicasafurniture.com\/es\/wp-json\/wp\/v2\/comments?post=502"}],"wp:featuredmedia":[{"embeddable":true,"href":"https:\/\/www.chicasafurniture.com\/es\/wp-json\/wp\/v2\/media\/503"}],"wp:attachment":[{"href":"https:\/\/www.chicasafurniture.com\/es\/wp-json\/wp\/v2\/media?parent=502"}],"wp:term":[{"taxonomy":"product_brand","embeddable":true,"href":"https:\/\/www.chicasafurniture.com\/es\/wp-json\/wp\/v2\/product_brand?post=502"},{"taxonomy":"product_cat","embeddable":true,"href":"https:\/\/www.chicasafurniture.com\/es\/wp-json\/wp\/v2\/product_cat?post=502"},{"taxonomy":"product_tag","embeddable":true,"href":"https:\/\/www.chicasafurniture.com\/es\/wp-json\/wp\/v2\/product_tag?post=502"}],"curies":[{"name":"wp","href":"https:\/\/api.w.org\/{rel}","templated":true}]}}