{"id":508,"date":"2026-02-27T09:54:52","date_gmt":"2026-02-27T09:54:52","guid":{"rendered":"https:\/\/www.chicasafurniture.com\/?post_type=product&#038;p=508"},"modified":"2026-02-27T10:11:50","modified_gmt":"2026-02-27T10:11:50","slug":"custom-wood-coffee-table","status":"publish","type":"product","link":"https:\/\/www.chicasafurniture.com\/es\/product\/custom-wood-coffee-table\/","title":{"rendered":"Elegante mesa baja de madera a medida con escultural base de acero"},"content":{"rendered":"<h2 class=\"wp-block-heading\">Especificaciones de producto de Mesa baja de madera a medida<\/h2>\n\n\n\n<figure class=\"wp-block-table\"><table class=\"has-fixed-layout\"><tbody><tr><td>Marco<\/td><td>Material de cubierta<\/td><td>Material de relleno<\/td><td>Piernas<\/td><td>Color<\/td><td>Talla<\/td><td>Peso<\/td><\/tr><tr><td>Madera maciza<\/td><td>\/<\/td><td>\/<\/td><td>Madera maciza<\/td><td>Personalizado<\/td><td>Personalizado<\/td><td>50-100kg<\/td><\/tr><\/tbody><\/table><\/figure>\n\n\n\n<div class=\"wp-block-columns is-layout-flex wp-container-core-columns-is-layout-9d6595d7 wp-block-columns-is-layout-flex\">\n<div class=\"wp-block-column is-layout-flow wp-block-column-is-layout-flow\">\n<h2 class=\"wp-block-heading\">Mesa de centro de madera personalizada Premium Caracter\u00edsticas:<\/h2>\n\n\n\n<ul class=\"wp-block-list\">\n<li><strong>Tablero de madera maciza:<\/strong> Esta mesa de centro de madera personalizada utiliza tablones de madera maciza de gran tama\u00f1o cuidadosamente seleccionados, que conservan vetas y nudos naturales \u00fanicos. La superficie est\u00e1 recubierta con aceite de cera de madera respetuoso con el medio ambiente, lo que le confiere un tacto c\u00e1lido y suave. Cada pieza es una obra de arte \u00fanica.<\/li>\n\n\n\n<li><strong>Base escultural de metal: <\/strong>La base de esta mesa de centro a medida est\u00e1 cortada y soldada a partir de gruesas planchas de acero, presentando una forma geom\u00e9trica tridimensional. El acabado en negro mate le confiere un aire de alta gama, y la estructura es robusta y tiene una excelente capacidad de carga.<\/li>\n\n\n\n<li><strong>Un di\u00e1logo visual entre naturaleza y modernidad: <\/strong>La c\u00e1lida y acogedora sensaci\u00f3n de la madera maciza de esta mesa de centro de madera personalizada contrasta sutilmente con la fr\u00eda sensaci\u00f3n industrial del metal, creando ricas capas visuales y una sensaci\u00f3n de di\u00e1logo en el espacio.<\/li>\n\n\n\n<li><strong>Estructura extremadamente duradera:<\/strong> Tanto la estructura de madera maciza como la de acero de esta mesa de centro a medida se someten a un meticuloso tratamiento que las hace resistentes a la humedad y a los ara\u00f1azos. Soportan el uso diario y los cambios de temperatura y humedad, lo que garantiza su estabilidad a largo plazo y la ausencia de deformaciones.<\/li>\n\n\n\n<li><strong>Personalizaci\u00f3n de tama\u00f1o completo:<\/strong> Nuestras mesas de centro de madera a medida se pueden personalizar para adaptarse al espacio de su sal\u00f3n, incluyendo el tama\u00f1o del tablero, el tipo de madera, el grosor y el color del metal de la base, combinando perfectamente con la decoraci\u00f3n de su hogar.<\/li>\n<\/ul>\n<\/div>\n\n\n\n<div class=\"wp-block-column is-layout-flow wp-block-column-is-layout-flow\">\n<figure class=\"wp-block-image size-full\"><img decoding=\"async\" width=\"926\" height=\"1080\" src=\"https:\/\/www.chicasafurniture.com\/wp-content\/uploads\/2026\/02\/Stylish-Custom-Wood-Coffee-Table-with-Sculptural-Steel-Base-4.webp\" alt=\"Elegante mesa baja de madera a medida con base de acero escultural-4\" class=\"wp-image-512\" srcset=\"https:\/\/www.chicasafurniture.com\/wp-content\/uploads\/2026\/02\/Stylish-Custom-Wood-Coffee-Table-with-Sculptural-Steel-Base-4.webp 926w, https:\/\/www.chicasafurniture.com\/wp-content\/uploads\/2026\/02\/Stylish-Custom-Wood-Coffee-Table-with-Sculptural-Steel-Base-4-257x300.webp 257w, https:\/\/www.chicasafurniture.com\/wp-content\/uploads\/2026\/02\/Stylish-Custom-Wood-Coffee-Table-with-Sculptural-Steel-Base-4-768x896.webp 768w, https:\/\/www.chicasafurniture.com\/wp-content\/uploads\/2026\/02\/Stylish-Custom-Wood-Coffee-Table-with-Sculptural-Steel-Base-4-600x700.webp 600w\" sizes=\"(max-width: 926px) 100vw, 926px\" \/><\/figure>\n<\/div>\n<\/div>\n\n\n\n<div class=\"wp-block-columns is-layout-flex wp-container-core-columns-is-layout-9d6595d7 wp-block-columns-is-layout-flex\">\n<div class=\"wp-block-column is-layout-flow wp-block-column-is-layout-flow\">\n<figure class=\"wp-block-image size-full\"><img decoding=\"async\" width=\"938\" height=\"1080\" src=\"https:\/\/www.chicasafurniture.com\/wp-content\/uploads\/2026\/02\/Stylish-Custom-Wood-Coffee-Table-with-Sculptural-Steel-Base-3.webp\" alt=\"Elegante mesa baja de madera a medida con base escultural de acero-3\" class=\"wp-image-511\" srcset=\"https:\/\/www.chicasafurniture.com\/wp-content\/uploads\/2026\/02\/Stylish-Custom-Wood-Coffee-Table-with-Sculptural-Steel-Base-3.webp 938w, https:\/\/www.chicasafurniture.com\/wp-content\/uploads\/2026\/02\/Stylish-Custom-Wood-Coffee-Table-with-Sculptural-Steel-Base-3-261x300.webp 261w, https:\/\/www.chicasafurniture.com\/wp-content\/uploads\/2026\/02\/Stylish-Custom-Wood-Coffee-Table-with-Sculptural-Steel-Base-3-768x884.webp 768w, https:\/\/www.chicasafurniture.com\/wp-content\/uploads\/2026\/02\/Stylish-Custom-Wood-Coffee-Table-with-Sculptural-Steel-Base-3-600x691.webp 600w\" sizes=\"(max-width: 938px) 100vw, 938px\" \/><\/figure>\n<\/div>\n\n\n\n<div class=\"wp-block-column is-layout-flow wp-block-column-is-layout-flow\">\n<figure class=\"wp-block-image size-full\"><img decoding=\"async\" width=\"926\" height=\"1080\" src=\"https:\/\/www.chicasafurniture.com\/wp-content\/uploads\/2026\/02\/Stylish-Custom-Wood-Coffee-Table-with-Sculptural-Steel-Base-2.webp\" alt=\"Elegante mesa baja de madera a medida con escultural base de acero-2\" class=\"wp-image-510\" srcset=\"https:\/\/www.chicasafurniture.com\/wp-content\/uploads\/2026\/02\/Stylish-Custom-Wood-Coffee-Table-with-Sculptural-Steel-Base-2.webp 926w, https:\/\/www.chicasafurniture.com\/wp-content\/uploads\/2026\/02\/Stylish-Custom-Wood-Coffee-Table-with-Sculptural-Steel-Base-2-257x300.webp 257w, https:\/\/www.chicasafurniture.com\/wp-content\/uploads\/2026\/02\/Stylish-Custom-Wood-Coffee-Table-with-Sculptural-Steel-Base-2-768x896.webp 768w, https:\/\/www.chicasafurniture.com\/wp-content\/uploads\/2026\/02\/Stylish-Custom-Wood-Coffee-Table-with-Sculptural-Steel-Base-2-600x700.webp 600w\" sizes=\"(max-width: 926px) 100vw, 926px\" \/><\/figure>\n<\/div>\n<\/div>","protected":false},"excerpt":{"rendered":"<p>Bienvenido a la compra de mesas de centro a medida. Esta mesa de centro de madera a medida conserva los nudos y vetas originales de la madera, combinados con una base de acero esculpida geom\u00e9tricamente. La robusta estructura de metal mate le confiere una marcada est\u00e9tica industrial moderna.<\/p>\n<table style=\"border-collapse: collapse; width: 222.03pt;\" border=\"0\" width=\"222\" cellspacing=\"0\" cellpadding=\"0\">\n<tbody>\n<tr style=\"height: 15.20pt;\">\n<td class=\"et2\" style=\"height: 15.20pt; width: 81.65pt;\" width=\"81\" height=\"15\">Fabricante<\/td>\n<td class=\"et2\" style=\"width: 140.80pt;\" width=\"140\">ChiCasa<\/td>\n<\/tr>\n<tr style=\"height: 15.20pt;\">\n<td class=\"et2\" style=\"height: 15.20pt;\" height=\"15\">Categor\u00eda<\/td>\n<td class=\"et2\">Mesa de centro<\/td>\n<\/tr>\n<tr style=\"height: 15.20pt;\">\n<td class=\"et2\" style=\"height: 15.20pt;\" height=\"15\">Aplicaci\u00f3n<\/td>\n<td class=\"et2\">Sala de estar<\/td>\n<\/tr>\n<tr style=\"height: 15.20pt;\">\n<td class=\"et2\" style=\"height: 15.20pt;\" height=\"15\">Estilo<\/td>\n<td class=\"et2\">Minimalista<\/td>\n<\/tr>\n<tr style=\"height: 15.20pt;\">\n<td class=\"et2\" style=\"height: 15.20pt;\" height=\"15\">Modelo<\/td>\n<td class=\"et2\">QMY-CT001<\/td>\n<\/tr>\n<tr style=\"height: 15.20pt;\">\n<td class=\"et2\" style=\"height: 15.20pt;\" height=\"15\">Personalizaci\u00f3n<\/td>\n<td class=\"et2\">Color, tama\u00f1o, material<\/td>\n<\/tr>\n<tr style=\"height: 15.20pt;\">\n<td class=\"et2\" style=\"height: 15.20pt;\" height=\"15\">MOQ<\/td>\n<td class=\"et2\">1 unidad<\/td>\n<\/tr>\n<\/tbody>\n<\/table>","protected":false},"featured_media":509,"comment_status":"closed","ping_status":"closed","template":"","meta":{"_acf_changed":false},"product_brand":[],"product_cat":[16,24],"product_tag":[],"class_list":{"0":"post-508","1":"product","2":"type-product","3":"status-publish","4":"has-post-thumbnail","6":"product_cat-bespoke-living-room-furniture","7":"product_cat-bespoke-coffee-table","9":"first","10":"instock","11":"shipping-taxable","12":"product-type-simple"},"acf":[],"_links":{"self":[{"href":"https:\/\/www.chicasafurniture.com\/es\/wp-json\/wp\/v2\/product\/508","targetHints":{"allow":["GET"]}}],"collection":[{"href":"https:\/\/www.chicasafurniture.com\/es\/wp-json\/wp\/v2\/product"}],"about":[{"href":"https:\/\/www.chicasafurniture.com\/es\/wp-json\/wp\/v2\/types\/product"}],"replies":[{"embeddable":true,"href":"https:\/\/www.chicasafurniture.com\/es\/wp-json\/wp\/v2\/comments?post=508"}],"wp:featuredmedia":[{"embeddable":true,"href":"https:\/\/www.chicasafurniture.com\/es\/wp-json\/wp\/v2\/media\/509"}],"wp:attachment":[{"href":"https:\/\/www.chicasafurniture.com\/es\/wp-json\/wp\/v2\/media?parent=508"}],"wp:term":[{"taxonomy":"product_brand","embeddable":true,"href":"https:\/\/www.chicasafurniture.com\/es\/wp-json\/wp\/v2\/product_brand?post=508"},{"taxonomy":"product_cat","embeddable":true,"href":"https:\/\/www.chicasafurniture.com\/es\/wp-json\/wp\/v2\/product_cat?post=508"},{"taxonomy":"product_tag","embeddable":true,"href":"https:\/\/www.chicasafurniture.com\/es\/wp-json\/wp\/v2\/product_tag?post=508"}],"curies":[{"name":"wp","href":"https:\/\/api.w.org\/{rel}","templated":true}]}}