{"id":574,"date":"2026-02-28T00:54:17","date_gmt":"2026-02-28T00:54:17","guid":{"rendered":"https:\/\/www.chicasafurniture.com\/?post_type=product&#038;p=574"},"modified":"2026-02-28T01:22:22","modified_gmt":"2026-02-28T01:22:22","slug":"custom-king-size-bed","status":"publish","type":"product","link":"https:\/\/www.chicasafurniture.com\/es\/product\/custom-king-size-bed\/","title":{"rendered":"Cama King Size a medida con cabecero tapizado en tela suave"},"content":{"rendered":"<h2 class=\"wp-block-heading\">Especificaciones de producto de la cama King Size a medida<\/h2>\n\n\n\n<figure class=\"wp-block-table\"><table class=\"has-fixed-layout\"><tbody><tr><td>Marco<\/td><td>Material de cubierta<\/td><td>Material de relleno<\/td><td>Piernas<\/td><td>Color<\/td><td>Talla<\/td><td>Peso<\/td><\/tr><tr><td>Madera maciza<\/td><td>Tejido<\/td><td>Esponja de alta densidad<\/td><td>\/<\/td><td>Personalizado<\/td><td>TAMA\u00d1O KING<\/td><td>90-120 kg<\/td><\/tr><\/tbody><\/table><\/figure>\n\n\n\n<div class=\"wp-block-columns is-layout-flex wp-container-core-columns-is-layout-9d6595d7 wp-block-columns-is-layout-flex\">\n<div class=\"wp-block-column is-layout-flow wp-block-column-is-layout-flow\">\n<h2 class=\"wp-block-heading\">Cama King Size Premium Custom Caracter\u00edsticas:<\/h2>\n\n\n\n<ul class=\"wp-block-list\">\n<li><strong>Robusto marco de madera maciza:<\/strong> Esta cama king size a medida cuenta con un armaz\u00f3n de madera maciza de alta calidad, que ofrece una gran capacidad de carga, durabilidad y un s\u00f3lido soporte para garantizar que se mantenga estable y no se deforme con el paso del tiempo.<\/li>\n\n\n\n<li><strong>Relleno de espuma el\u00e1stica de alta densidad:<\/strong> El cabecero y los bordes de esta cama a medida est\u00e1n rellenos de espuma el\u00e1stica de alta densidad, lo que proporciona un excelente soporte lumbar y para el cuello a la vez que mantiene toda su forma y evita que se hunda.<\/li>\n\n\n\n<li><strong>Tejido de primera calidad: <\/strong>Esta cama king size a medida est\u00e1 confeccionada con un tejido de alta calidad cuidadosamente seleccionado, de textura fina, excelente transpirabilidad, tacto suave y agradable a la piel, y buena resistencia al desgaste y a las arrugas, lo que facilita su cuidado.<\/li>\n\n\n\n<li><strong>Dise\u00f1o flotante minimalista:<\/strong> El exclusivo dise\u00f1o de la cama baja y el amplio cabecero crean un efecto visualmente flotante. Esta cama king size a medida no solo alarga visualmente la habitaci\u00f3n, sino que tambi\u00e9n confiere al dormitorio una est\u00e9tica moderna tranquila y espaciosa.<\/li>\n\n\n\n<li><strong>Servicio completo de personalizaci\u00f3n:<\/strong> Nuestras camas a medida admiten KING SIZE y otros tama\u00f1os, con una gran variedad de colores de tela para elegir, que combinan perfectamente con el espacio de su dormitorio y su estilo de decoraci\u00f3n.<\/li>\n<\/ul>\n<\/div>\n\n\n\n<div class=\"wp-block-column is-layout-flow wp-block-column-is-layout-flow\">\n<figure class=\"wp-block-image size-full\"><img decoding=\"async\" width=\"926\" height=\"1080\" src=\"https:\/\/www.chicasafurniture.com\/wp-content\/uploads\/2026\/02\/Custom-King-Size-Bed-with-Soft-Fabric-Upholstered-Headboard-3.webp\" alt=\"Cama King Size a medida con cabecero tapizado de tela suave-3\" class=\"wp-image-577\" srcset=\"https:\/\/www.chicasafurniture.com\/wp-content\/uploads\/2026\/02\/Custom-King-Size-Bed-with-Soft-Fabric-Upholstered-Headboard-3.webp 926w, https:\/\/www.chicasafurniture.com\/wp-content\/uploads\/2026\/02\/Custom-King-Size-Bed-with-Soft-Fabric-Upholstered-Headboard-3-257x300.webp 257w, https:\/\/www.chicasafurniture.com\/wp-content\/uploads\/2026\/02\/Custom-King-Size-Bed-with-Soft-Fabric-Upholstered-Headboard-3-768x896.webp 768w, https:\/\/www.chicasafurniture.com\/wp-content\/uploads\/2026\/02\/Custom-King-Size-Bed-with-Soft-Fabric-Upholstered-Headboard-3-600x700.webp 600w\" sizes=\"(max-width: 926px) 100vw, 926px\" \/><\/figure>\n<\/div>\n<\/div>\n\n\n\n<figure class=\"wp-block-image size-full\"><img decoding=\"async\" width=\"1920\" height=\"1080\" src=\"https:\/\/www.chicasafurniture.com\/wp-content\/uploads\/2026\/02\/Custom-King-Size-Bed-with-Soft-Fabric-Upholstered-Headboard-4.webp\" alt=\"Cama King Size a medida con cabecero tapizado de tela suave-4\" class=\"wp-image-578\" srcset=\"https:\/\/www.chicasafurniture.com\/wp-content\/uploads\/2026\/02\/Custom-King-Size-Bed-with-Soft-Fabric-Upholstered-Headboard-4.webp 1920w, https:\/\/www.chicasafurniture.com\/wp-content\/uploads\/2026\/02\/Custom-King-Size-Bed-with-Soft-Fabric-Upholstered-Headboard-4-300x169.webp 300w, https:\/\/www.chicasafurniture.com\/wp-content\/uploads\/2026\/02\/Custom-King-Size-Bed-with-Soft-Fabric-Upholstered-Headboard-4-768x432.webp 768w, https:\/\/www.chicasafurniture.com\/wp-content\/uploads\/2026\/02\/Custom-King-Size-Bed-with-Soft-Fabric-Upholstered-Headboard-4-1200x675.webp 1200w, https:\/\/www.chicasafurniture.com\/wp-content\/uploads\/2026\/02\/Custom-King-Size-Bed-with-Soft-Fabric-Upholstered-Headboard-4-600x338.webp 600w\" sizes=\"(max-width: 1920px) 100vw, 1920px\" \/><\/figure>","protected":false},"excerpt":{"rendered":"<p>Bienvenido a la compra de muebles de dormitorio a medida. Esta cama king size a medida redefine la experiencia del dormitorio moderno con su dise\u00f1o flotante minimalista y su excepcional comodidad.<\/p>\n<table style=\"border-collapse: collapse; width: 222.03pt;\" border=\"0\" width=\"222\" cellspacing=\"0\" cellpadding=\"0\">\n<tbody>\n<tr style=\"height: 15.20pt;\">\n<td class=\"et2\" style=\"height: 15.20pt; width: 81.65pt;\" width=\"81\" height=\"15\">Fabricante<\/td>\n<td class=\"et2\" style=\"width: 140.80pt;\" width=\"140\">ChiCasa<\/td>\n<\/tr>\n<tr style=\"height: 15.20pt;\">\n<td class=\"et2\" style=\"height: 15.20pt;\" height=\"15\">Categor\u00eda<\/td>\n<td class=\"et2\">Cama<\/td>\n<\/tr>\n<tr style=\"height: 15.20pt;\">\n<td class=\"et2\" style=\"height: 15.20pt;\" height=\"15\">Aplicaci\u00f3n<\/td>\n<td class=\"et2\">Dormitorio<\/td>\n<\/tr>\n<tr style=\"height: 15.20pt;\">\n<td class=\"et2\" style=\"height: 15.20pt;\" height=\"15\">Estilo<\/td>\n<td class=\"et2\">Minimalista<\/td>\n<\/tr>\n<tr style=\"height: 15.20pt;\">\n<td class=\"et2\" style=\"height: 15.20pt;\" height=\"15\">Modelo<\/td>\n<td class=\"et2\">QMY-BE001<\/td>\n<\/tr>\n<tr style=\"height: 15.20pt;\">\n<td class=\"et2\" style=\"height: 15.20pt;\" height=\"15\">Personalizaci\u00f3n<\/td>\n<td class=\"et2\">Color, tama\u00f1o, material<\/td>\n<\/tr>\n<tr style=\"height: 15.20pt;\">\n<td class=\"et2\" style=\"height: 15.20pt;\" height=\"15\">MOQ<\/td>\n<td class=\"et2\">1 unidad<\/td>\n<\/tr>\n<\/tbody>\n<\/table>","protected":false},"featured_media":575,"comment_status":"closed","ping_status":"closed","template":"","meta":{"_acf_changed":false},"product_brand":[],"product_cat":[18,33],"product_tag":[],"class_list":{"0":"post-574","1":"product","2":"type-product","3":"status-publish","4":"has-post-thumbnail","6":"product_cat-bespoke-bedroom-furniture","7":"product_cat-custom-beds-manufacturer","9":"first","10":"instock","11":"shipping-taxable","12":"product-type-simple"},"acf":[],"_links":{"self":[{"href":"https:\/\/www.chicasafurniture.com\/es\/wp-json\/wp\/v2\/product\/574","targetHints":{"allow":["GET"]}}],"collection":[{"href":"https:\/\/www.chicasafurniture.com\/es\/wp-json\/wp\/v2\/product"}],"about":[{"href":"https:\/\/www.chicasafurniture.com\/es\/wp-json\/wp\/v2\/types\/product"}],"replies":[{"embeddable":true,"href":"https:\/\/www.chicasafurniture.com\/es\/wp-json\/wp\/v2\/comments?post=574"}],"wp:featuredmedia":[{"embeddable":true,"href":"https:\/\/www.chicasafurniture.com\/es\/wp-json\/wp\/v2\/media\/575"}],"wp:attachment":[{"href":"https:\/\/www.chicasafurniture.com\/es\/wp-json\/wp\/v2\/media?parent=574"}],"wp:term":[{"taxonomy":"product_brand","embeddable":true,"href":"https:\/\/www.chicasafurniture.com\/es\/wp-json\/wp\/v2\/product_brand?post=574"},{"taxonomy":"product_cat","embeddable":true,"href":"https:\/\/www.chicasafurniture.com\/es\/wp-json\/wp\/v2\/product_cat?post=574"},{"taxonomy":"product_tag","embeddable":true,"href":"https:\/\/www.chicasafurniture.com\/es\/wp-json\/wp\/v2\/product_tag?post=574"}],"curies":[{"name":"wp","href":"https:\/\/api.w.org\/{rel}","templated":true}]}}