{"id":579,"date":"2026-02-28T01:23:28","date_gmt":"2026-02-28T01:23:28","guid":{"rendered":"https:\/\/www.chicasafurniture.com\/?post_type=product&#038;p=579"},"modified":"2026-02-28T01:39:55","modified_gmt":"2026-02-28T01:39:55","slug":"custom-bed","status":"publish","type":"product","link":"https:\/\/www.chicasafurniture.com\/es\/product\/custom-bed\/","title":{"rendered":"Cama a medida con patas de madera y tapicer\u00eda de felpa"},"content":{"rendered":"<h2 class=\"wp-block-heading\">Especificaciones de producto de la cama a medida<\/h2>\n\n\n\n<figure class=\"wp-block-table\"><table class=\"has-fixed-layout\"><tbody><tr><td>Marco<\/td><td>Material de cubierta<\/td><td>Material de relleno<\/td><td>Piernas<\/td><td>Color<\/td><td>Talla<\/td><td>Peso<\/td><\/tr><tr><td>Madera maciza<\/td><td>Tejido<\/td><td>Esponja de alta densidad<\/td><td>\/<\/td><td>Personalizado<\/td><td>TAMA\u00d1O KING<\/td><td>90-120 kg<\/td><\/tr><\/tbody><\/table><\/figure>\n\n\n\n<div class=\"wp-block-columns is-layout-flex wp-container-core-columns-is-layout-9d6595d7 wp-block-columns-is-layout-flex\">\n<div class=\"wp-block-column is-layout-flow wp-block-column-is-layout-flow\">\n<h2 class=\"wp-block-heading\">Caracter\u00edsticas de la cama Premium Custom:<\/h2>\n\n\n\n<ul class=\"wp-block-list\">\n<li><strong>Patas esculturales de madera maciza: <\/strong>Esta cama a medida presenta unas patas \u00fanicas de madera maciza en forma de Y u org\u00e1nica, con l\u00edneas elegantes y fluidas, que recuerdan a una obra de arte escult\u00f3rica independiente. Rompe con la imagen r\u00edgida de las camas tradicionales, lo que la hace muy distintiva visualmente.<\/li>\n\n\n\n<li><strong>Relleno de espuma de alta densidad: <\/strong>El cabecero y los bordes de esta cama a medida est\u00e1n rellenos de espuma el\u00e1stica de alta densidad, que proporciona una firmeza moderada y sujeta eficazmente la cabeza y la parte inferior de la espalda para un sue\u00f1o c\u00f3modo y duradero. Tambi\u00e9n es resistente a la deformaci\u00f3n y el hundimiento.<\/li>\n\n\n\n<li><strong>Tejido de primera calidad:<\/strong> Nuestra cama a medida utiliza tejidos de alta calidad cuidadosamente seleccionados, con texturas finas y ricas, un tacto suave y c\u00e1lido y una excelente transpirabilidad. Esto no solo realza el car\u00e1cter acogedor del dormitorio, sino que tambi\u00e9n facilita su limpieza y mantenimiento.<\/li>\n\n\n\n<li><strong>Robusto marco de madera maciza:<\/strong> Esta cama a medida cuenta con un robusto armaz\u00f3n de madera maciza, que ofrece una gran capacidad de carga y estabilidad estructural. Esto proporciona un soporte s\u00f3lido para el marco de la cama blanda, garantizando la seguridad y la durabilidad para un uso a largo plazo.<\/li>\n\n\n\n<li><strong>Servicio de personalizaci\u00f3n a medida:<\/strong> Nuestras camas a medida est\u00e1n disponibles en KING SIZE y en varios tama\u00f1os m\u00e1s, con una selecci\u00f3n de colores de tela (como beige, burdeos, gris, etc.) para adaptarse perfectamente al espacio de su dormitorio y a sus necesidades est\u00e9ticas personales.<\/li>\n<\/ul>\n<\/div>\n\n\n\n<div class=\"wp-block-column is-layout-flow wp-block-column-is-layout-flow\">\n<figure class=\"wp-block-image size-full\"><img decoding=\"async\" width=\"834\" height=\"989\" src=\"https:\/\/www.chicasafurniture.com\/wp-content\/uploads\/2026\/02\/Sculptural-Wood-Leg-Custom-Bed-with-Plush-Fabric-Upholstery-3.webp\" alt=\"Cama a medida escultural con patas de madera y tapicer\u00eda de tela de felpa-3\" class=\"wp-image-582\" srcset=\"https:\/\/www.chicasafurniture.com\/wp-content\/uploads\/2026\/02\/Sculptural-Wood-Leg-Custom-Bed-with-Plush-Fabric-Upholstery-3.webp 834w, https:\/\/www.chicasafurniture.com\/wp-content\/uploads\/2026\/02\/Sculptural-Wood-Leg-Custom-Bed-with-Plush-Fabric-Upholstery-3-253x300.webp 253w, https:\/\/www.chicasafurniture.com\/wp-content\/uploads\/2026\/02\/Sculptural-Wood-Leg-Custom-Bed-with-Plush-Fabric-Upholstery-3-768x911.webp 768w, https:\/\/www.chicasafurniture.com\/wp-content\/uploads\/2026\/02\/Sculptural-Wood-Leg-Custom-Bed-with-Plush-Fabric-Upholstery-3-600x712.webp 600w\" sizes=\"(max-width: 834px) 100vw, 834px\" \/><\/figure>\n<\/div>\n<\/div>\n\n\n\n<figure class=\"wp-block-image size-full\"><img decoding=\"async\" width=\"1920\" height=\"1080\" src=\"https:\/\/www.chicasafurniture.com\/wp-content\/uploads\/2026\/02\/Sculptural-Wood-Leg-Custom-Bed-with-Plush-Fabric-Upholstery-2.webp\" alt=\"Cama a medida escultural con patas de madera y tapicer\u00eda de tela de felpa-2\" class=\"wp-image-581\" srcset=\"https:\/\/www.chicasafurniture.com\/wp-content\/uploads\/2026\/02\/Sculptural-Wood-Leg-Custom-Bed-with-Plush-Fabric-Upholstery-2.webp 1920w, https:\/\/www.chicasafurniture.com\/wp-content\/uploads\/2026\/02\/Sculptural-Wood-Leg-Custom-Bed-with-Plush-Fabric-Upholstery-2-300x169.webp 300w, https:\/\/www.chicasafurniture.com\/wp-content\/uploads\/2026\/02\/Sculptural-Wood-Leg-Custom-Bed-with-Plush-Fabric-Upholstery-2-768x432.webp 768w, https:\/\/www.chicasafurniture.com\/wp-content\/uploads\/2026\/02\/Sculptural-Wood-Leg-Custom-Bed-with-Plush-Fabric-Upholstery-2-1200x675.webp 1200w, https:\/\/www.chicasafurniture.com\/wp-content\/uploads\/2026\/02\/Sculptural-Wood-Leg-Custom-Bed-with-Plush-Fabric-Upholstery-2-600x338.webp 600w\" sizes=\"(max-width: 1920px) 100vw, 1920px\" \/><\/figure>","protected":false},"excerpt":{"rendered":"<p>Bienvenido a comprar muebles de dormitorio a medida. Esta cama a medida cuenta con un relleno de espuma de alta densidad y est\u00e1 recubierta de un suave tejido que ofrece un tacto delicado y agradable para la piel. Proporciona un soporte suave como una nube y crea un ambiente tranquilo y confortable para dormir.<\/p>\n<table style=\"border-collapse: collapse; width: 222.03pt;\" border=\"0\" width=\"222\" cellspacing=\"0\" cellpadding=\"0\">\n<tbody>\n<tr style=\"height: 15.20pt;\">\n<td class=\"et2\" style=\"height: 15.20pt; width: 81.65pt;\" width=\"81\" height=\"15\">Fabricante<\/td>\n<td class=\"et2\" style=\"width: 140.80pt;\" width=\"140\">ChiCasa<\/td>\n<\/tr>\n<tr style=\"height: 15.20pt;\">\n<td class=\"et2\" style=\"height: 15.20pt;\" height=\"15\">Categor\u00eda<\/td>\n<td class=\"et2\">Cama<\/td>\n<\/tr>\n<tr style=\"height: 15.20pt;\">\n<td class=\"et2\" style=\"height: 15.20pt;\" height=\"15\">Aplicaci\u00f3n<\/td>\n<td class=\"et2\">Dormitorio<\/td>\n<\/tr>\n<tr style=\"height: 15.20pt;\">\n<td class=\"et2\" style=\"height: 15.20pt;\" height=\"15\">Estilo<\/td>\n<td class=\"et2\">Minimalista<\/td>\n<\/tr>\n<tr style=\"height: 15.20pt;\">\n<td class=\"et2\" style=\"height: 15.20pt;\" height=\"15\">Modelo<\/td>\n<td class=\"et2\">QMY-BE002<\/td>\n<\/tr>\n<tr style=\"height: 15.20pt;\">\n<td class=\"et2\" style=\"height: 15.20pt;\" height=\"15\">Personalizaci\u00f3n<\/td>\n<td class=\"et2\">Color, tama\u00f1o, material<\/td>\n<\/tr>\n<tr style=\"height: 15.20pt;\">\n<td class=\"et2\" style=\"height: 15.20pt;\" height=\"15\">MOQ<\/td>\n<td class=\"et2\">1 unidad<\/td>\n<\/tr>\n<\/tbody>\n<\/table>","protected":false},"featured_media":580,"comment_status":"closed","ping_status":"closed","template":"","meta":{"_acf_changed":false},"product_brand":[],"product_cat":[18,33],"product_tag":[],"class_list":{"0":"post-579","1":"product","2":"type-product","3":"status-publish","4":"has-post-thumbnail","6":"product_cat-bespoke-bedroom-furniture","7":"product_cat-custom-beds-manufacturer","9":"first","10":"instock","11":"shipping-taxable","12":"product-type-simple"},"acf":[],"_links":{"self":[{"href":"https:\/\/www.chicasafurniture.com\/es\/wp-json\/wp\/v2\/product\/579","targetHints":{"allow":["GET"]}}],"collection":[{"href":"https:\/\/www.chicasafurniture.com\/es\/wp-json\/wp\/v2\/product"}],"about":[{"href":"https:\/\/www.chicasafurniture.com\/es\/wp-json\/wp\/v2\/types\/product"}],"replies":[{"embeddable":true,"href":"https:\/\/www.chicasafurniture.com\/es\/wp-json\/wp\/v2\/comments?post=579"}],"wp:featuredmedia":[{"embeddable":true,"href":"https:\/\/www.chicasafurniture.com\/es\/wp-json\/wp\/v2\/media\/580"}],"wp:attachment":[{"href":"https:\/\/www.chicasafurniture.com\/es\/wp-json\/wp\/v2\/media?parent=579"}],"wp:term":[{"taxonomy":"product_brand","embeddable":true,"href":"https:\/\/www.chicasafurniture.com\/es\/wp-json\/wp\/v2\/product_brand?post=579"},{"taxonomy":"product_cat","embeddable":true,"href":"https:\/\/www.chicasafurniture.com\/es\/wp-json\/wp\/v2\/product_cat?post=579"},{"taxonomy":"product_tag","embeddable":true,"href":"https:\/\/www.chicasafurniture.com\/es\/wp-json\/wp\/v2\/product_tag?post=579"}],"curies":[{"name":"wp","href":"https:\/\/api.w.org\/{rel}","templated":true}]}}