{"id":584,"date":"2026-02-28T01:40:19","date_gmt":"2026-02-28T01:40:19","guid":{"rendered":"https:\/\/www.chicasafurniture.com\/?post_type=product&#038;p=584"},"modified":"2026-02-28T02:10:41","modified_gmt":"2026-02-28T02:10:41","slug":"customized-beds","status":"publish","type":"product","link":"https:\/\/www.chicasafurniture.com\/es\/product\/customized-beds\/","title":{"rendered":"Camas personalizadas minimalistas con un acogedor dise\u00f1o de tejido suave"},"content":{"rendered":"<h2 class=\"wp-block-heading\">Especificaciones de las camas personalizadas<\/h2>\n\n\n\n<figure class=\"wp-block-table\"><table class=\"has-fixed-layout\"><tbody><tr><td>Marco<\/td><td>Material de cubierta<\/td><td>Material de relleno<\/td><td>Piernas<\/td><td>Color<\/td><td>Talla<\/td><td>Peso<\/td><\/tr><tr><td>Madera maciza<\/td><td>Tejido<\/td><td>Esponja de alta densidad<\/td><td>\/<\/td><td>Personalizado<\/td><td>TAMA\u00d1O KING<\/td><td>90-120 kg<\/td><\/tr><\/tbody><\/table><\/figure>\n\n\n\n<div class=\"wp-block-columns is-layout-flex wp-container-core-columns-is-layout-9d6595d7 wp-block-columns-is-layout-flex\">\n<div class=\"wp-block-column is-layout-flow wp-block-column-is-layout-flow\">\n<h2 class=\"wp-block-heading\">Camas personalizadas Premium Caracter\u00edsticas:<\/h2>\n\n\n\n<ul class=\"wp-block-list\">\n<li><strong>L\u00edneas minimalistas y suaves: <\/strong>Nuestras camas personalizadas presentan formas redondeadas y enteras. Ni el cabecero ni los bordes tienen esquinas afiladas; este dise\u00f1o curvo reduce visualmente la sensaci\u00f3n de confinamiento en el espacio, creando una sensaci\u00f3n c\u00e1lida y segura de estar rodeado.<\/li>\n\n\n\n<li><strong>Tapizado c\u00e1lido y suave: <\/strong>Esta cama hecha a medida utiliza una gran superficie de tela de textura fina (parecida al popular material de vell\u00f3n boucle actual). Este material crea un ambiente c\u00e1lido y esponjoso que hace que apetezca tumbarse inmediatamente.<\/li>\n\n\n\n<li><strong>La resistente textura de la madera: <\/strong>Nuestras camas personalizadas incorporan inteligentemente madera oscura en la base y las juntas. El fuerte veteado de la madera contrasta marcadamente con el suave tejido, creando un armonioso equilibrio que eleva la sofisticaci\u00f3n general y evita la monoton\u00eda que puede conllevar un dise\u00f1o totalmente tapizado.<\/li>\n\n\n\n<li><strong>Dise\u00f1o de centro de gravedad bajo: <\/strong>La estructura baja de esta cama hecha a medida no s\u00f3lo se alinea con la est\u00e9tica del hogar moderno y aumenta la sensaci\u00f3n de amplitud, sino que tambi\u00e9n desprende un estilo relajado y desenfadado, lo que la hace perfecta para crear un espacio de descanso tranquilo.<\/li>\n<\/ul>\n<\/div>\n\n\n\n<div class=\"wp-block-column is-layout-flow wp-block-column-is-layout-flow\">\n<figure class=\"wp-block-image size-full\"><img decoding=\"async\" width=\"1233\" height=\"1644\" src=\"https:\/\/www.chicasafurniture.com\/wp-content\/uploads\/2026\/02\/Minimalist-Customized-Beds-with-Cozy-Soft-Fabric-Design-4.webp\" alt=\"Camas personalizadas minimalistas con un acogedor dise\u00f1o de tejido suave-4\" class=\"wp-image-588\" srcset=\"https:\/\/www.chicasafurniture.com\/wp-content\/uploads\/2026\/02\/Minimalist-Customized-Beds-with-Cozy-Soft-Fabric-Design-4.webp 1233w, https:\/\/www.chicasafurniture.com\/wp-content\/uploads\/2026\/02\/Minimalist-Customized-Beds-with-Cozy-Soft-Fabric-Design-4-225x300.webp 225w, https:\/\/www.chicasafurniture.com\/wp-content\/uploads\/2026\/02\/Minimalist-Customized-Beds-with-Cozy-Soft-Fabric-Design-4-768x1024.webp 768w, https:\/\/www.chicasafurniture.com\/wp-content\/uploads\/2026\/02\/Minimalist-Customized-Beds-with-Cozy-Soft-Fabric-Design-4-1200x1600.webp 1200w, https:\/\/www.chicasafurniture.com\/wp-content\/uploads\/2026\/02\/Minimalist-Customized-Beds-with-Cozy-Soft-Fabric-Design-4-600x800.webp 600w\" sizes=\"(max-width: 1233px) 100vw, 1233px\" \/><\/figure>\n<\/div>\n<\/div>\n\n\n\n<div class=\"wp-block-columns are-vertically-aligned-center is-layout-flex wp-container-core-columns-is-layout-9d6595d7 wp-block-columns-is-layout-flex\">\n<div class=\"wp-block-column is-vertically-aligned-center is-layout-flow wp-block-column-is-layout-flow\">\n<figure class=\"wp-block-image size-full\"><img decoding=\"async\" width=\"1200\" height=\"800\" src=\"https:\/\/www.chicasafurniture.com\/wp-content\/uploads\/2026\/02\/Minimalist-Customized-Beds-with-Cozy-Soft-Fabric-Design-2.webp\" alt=\"Camas personalizadas minimalistas con dise\u00f1o acogedor de tejido suave-2\" class=\"wp-image-586\" srcset=\"https:\/\/www.chicasafurniture.com\/wp-content\/uploads\/2026\/02\/Minimalist-Customized-Beds-with-Cozy-Soft-Fabric-Design-2.webp 1200w, https:\/\/www.chicasafurniture.com\/wp-content\/uploads\/2026\/02\/Minimalist-Customized-Beds-with-Cozy-Soft-Fabric-Design-2-300x200.webp 300w, https:\/\/www.chicasafurniture.com\/wp-content\/uploads\/2026\/02\/Minimalist-Customized-Beds-with-Cozy-Soft-Fabric-Design-2-768x512.webp 768w, https:\/\/www.chicasafurniture.com\/wp-content\/uploads\/2026\/02\/Minimalist-Customized-Beds-with-Cozy-Soft-Fabric-Design-2-600x400.webp 600w\" sizes=\"(max-width: 1200px) 100vw, 1200px\" \/><\/figure>\n<\/div>\n\n\n\n<div class=\"wp-block-column is-vertically-aligned-center is-layout-flow wp-block-column-is-layout-flow\">\n<figure class=\"wp-block-image size-full\"><img decoding=\"async\" width=\"1200\" height=\"901\" src=\"https:\/\/www.chicasafurniture.com\/wp-content\/uploads\/2026\/02\/Minimalist-Customized-Beds-with-Cozy-Soft-Fabric-Design-3.webp\" alt=\"Camas personalizadas minimalistas con dise\u00f1o acogedor de tejido suave-3\" class=\"wp-image-587\" srcset=\"https:\/\/www.chicasafurniture.com\/wp-content\/uploads\/2026\/02\/Minimalist-Customized-Beds-with-Cozy-Soft-Fabric-Design-3.webp 1200w, https:\/\/www.chicasafurniture.com\/wp-content\/uploads\/2026\/02\/Minimalist-Customized-Beds-with-Cozy-Soft-Fabric-Design-3-300x225.webp 300w, https:\/\/www.chicasafurniture.com\/wp-content\/uploads\/2026\/02\/Minimalist-Customized-Beds-with-Cozy-Soft-Fabric-Design-3-768x577.webp 768w, https:\/\/www.chicasafurniture.com\/wp-content\/uploads\/2026\/02\/Minimalist-Customized-Beds-with-Cozy-Soft-Fabric-Design-3-600x451.webp 600w\" sizes=\"(max-width: 1200px) 100vw, 1200px\" \/><\/figure>\n<\/div>\n<\/div>","protected":false},"excerpt":{"rendered":"<p>Bienvenido a encargar nuestra cama a medida. Nuestras camas a medida redefinen la comodidad y la est\u00e9tica del dormitorio moderno con sus curvas elegantes y org\u00e1nicas y sus materiales c\u00e1lidos y acogedores. El dise\u00f1o curvo integrado del marco de la cama y el cabecero crea una sensaci\u00f3n muy envolvente, como si flotara sobre las nubes.<\/p>\n<table style=\"border-collapse: collapse; width: 222.03pt;\" border=\"0\" width=\"222\" cellspacing=\"0\" cellpadding=\"0\">\n<tbody>\n<tr style=\"height: 15.20pt;\">\n<td class=\"et2\" style=\"height: 15.20pt; width: 81.65pt;\" width=\"81\" height=\"15\">Fabricante<\/td>\n<td class=\"et2\" style=\"width: 140.80pt;\" width=\"140\">ChiCasa<\/td>\n<\/tr>\n<tr style=\"height: 15.20pt;\">\n<td class=\"et2\" style=\"height: 15.20pt;\" height=\"15\">Categor\u00eda<\/td>\n<td class=\"et2\">Cama<\/td>\n<\/tr>\n<tr style=\"height: 15.20pt;\">\n<td class=\"et2\" style=\"height: 15.20pt;\" height=\"15\">Aplicaci\u00f3n<\/td>\n<td class=\"et2\">Dormitorio<\/td>\n<\/tr>\n<tr style=\"height: 15.20pt;\">\n<td class=\"et2\" style=\"height: 15.20pt;\" height=\"15\">Estilo<\/td>\n<td class=\"et2\">Minimalista<\/td>\n<\/tr>\n<tr style=\"height: 15.20pt;\">\n<td class=\"et2\" style=\"height: 15.20pt;\" height=\"15\">Modelo<\/td>\n<td class=\"et2\">QMY-BE003<\/td>\n<\/tr>\n<tr style=\"height: 15.20pt;\">\n<td class=\"et2\" style=\"height: 15.20pt;\" height=\"15\">Personalizaci\u00f3n<\/td>\n<td class=\"et2\">Color, tama\u00f1o, material<\/td>\n<\/tr>\n<tr style=\"height: 15.20pt;\">\n<td class=\"et2\" style=\"height: 15.20pt;\" height=\"15\">MOQ<\/td>\n<td class=\"et2\">1 unidad<\/td>\n<\/tr>\n<\/tbody>\n<\/table>","protected":false},"featured_media":585,"comment_status":"closed","ping_status":"closed","template":"","meta":{"_acf_changed":false},"product_brand":[],"product_cat":[18,33],"product_tag":[],"class_list":{"0":"post-584","1":"product","2":"type-product","3":"status-publish","4":"has-post-thumbnail","6":"product_cat-bespoke-bedroom-furniture","7":"product_cat-custom-beds-manufacturer","9":"first","10":"instock","11":"shipping-taxable","12":"product-type-simple"},"acf":[],"_links":{"self":[{"href":"https:\/\/www.chicasafurniture.com\/es\/wp-json\/wp\/v2\/product\/584","targetHints":{"allow":["GET"]}}],"collection":[{"href":"https:\/\/www.chicasafurniture.com\/es\/wp-json\/wp\/v2\/product"}],"about":[{"href":"https:\/\/www.chicasafurniture.com\/es\/wp-json\/wp\/v2\/types\/product"}],"replies":[{"embeddable":true,"href":"https:\/\/www.chicasafurniture.com\/es\/wp-json\/wp\/v2\/comments?post=584"}],"wp:featuredmedia":[{"embeddable":true,"href":"https:\/\/www.chicasafurniture.com\/es\/wp-json\/wp\/v2\/media\/585"}],"wp:attachment":[{"href":"https:\/\/www.chicasafurniture.com\/es\/wp-json\/wp\/v2\/media?parent=584"}],"wp:term":[{"taxonomy":"product_brand","embeddable":true,"href":"https:\/\/www.chicasafurniture.com\/es\/wp-json\/wp\/v2\/product_brand?post=584"},{"taxonomy":"product_cat","embeddable":true,"href":"https:\/\/www.chicasafurniture.com\/es\/wp-json\/wp\/v2\/product_cat?post=584"},{"taxonomy":"product_tag","embeddable":true,"href":"https:\/\/www.chicasafurniture.com\/es\/wp-json\/wp\/v2\/product_tag?post=584"}],"curies":[{"name":"wp","href":"https:\/\/api.w.org\/{rel}","templated":true}]}}