{"id":589,"date":"2026-02-28T02:15:52","date_gmt":"2026-02-28T02:15:52","guid":{"rendered":"https:\/\/www.chicasafurniture.com\/?post_type=product&#038;p=589"},"modified":"2026-02-28T02:37:30","modified_gmt":"2026-02-28T02:37:30","slug":"custom-design-beds","status":"publish","type":"product","link":"https:\/\/www.chicasafurniture.com\/es\/product\/custom-design-beds\/","title":{"rendered":"Camas de dise\u00f1o a medida con cabecero acolchado"},"content":{"rendered":"<h2 class=\"wp-block-heading\">Especificaciones de producto de las camas de dise\u00f1o personalizado<\/h2>\n\n\n\n<figure class=\"wp-block-table\"><table class=\"has-fixed-layout\"><tbody><tr><td>Marco<\/td><td>Material de cubierta<\/td><td>Material de relleno<\/td><td>Piernas<\/td><td>Color<\/td><td>Talla<\/td><td>Peso<\/td><\/tr><tr><td>Madera maciza<\/td><td>Tejido<\/td><td>Esponja de alta densidad<\/td><td>\/<\/td><td>Personalizado<\/td><td>TAMA\u00d1O KING<\/td><td>90-120 kg<\/td><\/tr><\/tbody><\/table><\/figure>\n\n\n\n<div class=\"wp-block-columns is-layout-flex wp-container-core-columns-is-layout-9d6595d7 wp-block-columns-is-layout-flex\">\n<div class=\"wp-block-column is-layout-flow wp-block-column-is-layout-flow\">\n<h2 class=\"wp-block-heading\">Camas de dise\u00f1o personalizado Premium Caracter\u00edsticas:<\/h2>\n\n\n\n<ul class=\"wp-block-list\">\n<li><strong>Dise\u00f1o \u201cen bloque\u201d id\u00e9ntico:<\/strong> El cabecero y el armaz\u00f3n de nuestras camas de dise\u00f1o personalizado est\u00e1n fabricados con paneles tapizados cuadrados enteros, que a\u00f1aden profundidad visual y crean una atm\u00f3sfera ligera, suave y parecida a una nube.<\/li>\n\n\n\n<li><strong>Silueta moderna de baja altura: <\/strong>Nuestros muebles de cama a medida presentan un dise\u00f1o de plataforma apoyada en el suelo, que baja el centro de gravedad visual y hace que el dormitorio parezca m\u00e1s espacioso y relajante. Este estilo est\u00e1 muy influenciado por el minimalismo italiano y es perfecto para hogares modernos que buscan la sencillez sin renunciar a la individualidad.<\/li>\n\n\n\n<li><strong>Piel refinada\/textura de microfibra:<\/strong> Nuestras camas de dise\u00f1o personalizado presentan una superficie lisa con arrugas naturales, en suaves tonos crema o marfil, que ofrecen un tacto c\u00e1lido y un f\u00e1cil mantenimiento.<\/li>\n\n\n\n<li><strong>M\u00e1ximo confort y envoltura: <\/strong>El grueso acolchado de este mueble cama a medida proporciona un excelente apoyo para la espalda, permiti\u00e9ndole sentirse completamente arropado tanto si est\u00e1 sentado leyendo como si se reclina para descansar.<\/li>\n<\/ul>\n<\/div>\n\n\n\n<div class=\"wp-block-column is-layout-flow wp-block-column-is-layout-flow\">\n<figure class=\"wp-block-image size-full\"><img decoding=\"async\" width=\"872\" height=\"1000\" src=\"https:\/\/www.chicasafurniture.com\/wp-content\/uploads\/2026\/02\/Puffy-Cloud-Like-Custom-Design-Beds-with-Padded-Headboard-2.webp\" alt=\"Camas Puffy de dise\u00f1o personalizado con cabecero acolchado-2\" class=\"wp-image-591\" srcset=\"https:\/\/www.chicasafurniture.com\/wp-content\/uploads\/2026\/02\/Puffy-Cloud-Like-Custom-Design-Beds-with-Padded-Headboard-2.webp 872w, https:\/\/www.chicasafurniture.com\/wp-content\/uploads\/2026\/02\/Puffy-Cloud-Like-Custom-Design-Beds-with-Padded-Headboard-2-262x300.webp 262w, https:\/\/www.chicasafurniture.com\/wp-content\/uploads\/2026\/02\/Puffy-Cloud-Like-Custom-Design-Beds-with-Padded-Headboard-2-768x881.webp 768w, https:\/\/www.chicasafurniture.com\/wp-content\/uploads\/2026\/02\/Puffy-Cloud-Like-Custom-Design-Beds-with-Padded-Headboard-2-600x688.webp 600w\" sizes=\"(max-width: 872px) 100vw, 872px\" \/><\/figure>\n<\/div>\n<\/div>\n\n\n\n<figure class=\"wp-block-image size-full\"><img decoding=\"async\" width=\"1034\" height=\"775\" src=\"https:\/\/www.chicasafurniture.com\/wp-content\/uploads\/2026\/02\/Puffy-Cloud-Like-Custom-Design-Beds-with-Padded-Headboard-4.webp\" alt=\"Camas Puffy Cloud de dise\u00f1o personalizado con cabecero acolchado-4\" class=\"wp-image-593\" srcset=\"https:\/\/www.chicasafurniture.com\/wp-content\/uploads\/2026\/02\/Puffy-Cloud-Like-Custom-Design-Beds-with-Padded-Headboard-4.webp 1034w, https:\/\/www.chicasafurniture.com\/wp-content\/uploads\/2026\/02\/Puffy-Cloud-Like-Custom-Design-Beds-with-Padded-Headboard-4-300x225.webp 300w, https:\/\/www.chicasafurniture.com\/wp-content\/uploads\/2026\/02\/Puffy-Cloud-Like-Custom-Design-Beds-with-Padded-Headboard-4-768x576.webp 768w, https:\/\/www.chicasafurniture.com\/wp-content\/uploads\/2026\/02\/Puffy-Cloud-Like-Custom-Design-Beds-with-Padded-Headboard-4-600x450.webp 600w\" sizes=\"(max-width: 1034px) 100vw, 1034px\" \/><\/figure>","protected":false},"excerpt":{"rendered":"<p>Eleve su dormitorio con nuestros muebles de cama a medida. Nuestras camas de dise\u00f1o personalizado cuentan con un dise\u00f1o modular con mech\u00f3n, tapicer\u00eda de felpa y una silueta de perfil bajo para ofrecer el m\u00e1ximo confort y estilo.<\/p>\n<table style=\"border-collapse: collapse; width: 222.03pt;\" border=\"0\" width=\"222\" cellspacing=\"0\" cellpadding=\"0\">\n<tbody>\n<tr style=\"height: 15.20pt;\">\n<td class=\"et2\" style=\"height: 15.20pt; width: 81.65pt;\" width=\"81\" height=\"15\">Fabricante<\/td>\n<td class=\"et2\" style=\"width: 140.80pt;\" width=\"140\">ChiCasa<\/td>\n<\/tr>\n<tr style=\"height: 15.20pt;\">\n<td class=\"et2\" style=\"height: 15.20pt;\" height=\"15\">Categor\u00eda<\/td>\n<td class=\"et2\">Cama<\/td>\n<\/tr>\n<tr style=\"height: 15.20pt;\">\n<td class=\"et2\" style=\"height: 15.20pt;\" height=\"15\">Aplicaci\u00f3n<\/td>\n<td class=\"et2\">Dormitorio<\/td>\n<\/tr>\n<tr style=\"height: 15.20pt;\">\n<td class=\"et2\" style=\"height: 15.20pt;\" height=\"15\">Estilo<\/td>\n<td class=\"et2\">Minimalista<\/td>\n<\/tr>\n<tr style=\"height: 15.20pt;\">\n<td class=\"et2\" style=\"height: 15.20pt;\" height=\"15\">Modelo<\/td>\n<td class=\"et2\">QMY-BE004<\/td>\n<\/tr>\n<tr style=\"height: 15.20pt;\">\n<td class=\"et2\" style=\"height: 15.20pt;\" height=\"15\">Personalizaci\u00f3n<\/td>\n<td class=\"et2\">Color, tama\u00f1o, material<\/td>\n<\/tr>\n<tr style=\"height: 15.20pt;\">\n<td class=\"et2\" style=\"height: 15.20pt;\" height=\"15\">MOQ<\/td>\n<td class=\"et2\">1 unidad<\/td>\n<\/tr>\n<\/tbody>\n<\/table>","protected":false},"featured_media":590,"comment_status":"closed","ping_status":"closed","template":"","meta":{"_acf_changed":false},"product_brand":[],"product_cat":[18,33],"product_tag":[],"class_list":{"0":"post-589","1":"product","2":"type-product","3":"status-publish","4":"has-post-thumbnail","6":"product_cat-bespoke-bedroom-furniture","7":"product_cat-custom-beds-manufacturer","9":"first","10":"instock","11":"shipping-taxable","12":"product-type-simple"},"acf":[],"_links":{"self":[{"href":"https:\/\/www.chicasafurniture.com\/es\/wp-json\/wp\/v2\/product\/589","targetHints":{"allow":["GET"]}}],"collection":[{"href":"https:\/\/www.chicasafurniture.com\/es\/wp-json\/wp\/v2\/product"}],"about":[{"href":"https:\/\/www.chicasafurniture.com\/es\/wp-json\/wp\/v2\/types\/product"}],"replies":[{"embeddable":true,"href":"https:\/\/www.chicasafurniture.com\/es\/wp-json\/wp\/v2\/comments?post=589"}],"wp:featuredmedia":[{"embeddable":true,"href":"https:\/\/www.chicasafurniture.com\/es\/wp-json\/wp\/v2\/media\/590"}],"wp:attachment":[{"href":"https:\/\/www.chicasafurniture.com\/es\/wp-json\/wp\/v2\/media?parent=589"}],"wp:term":[{"taxonomy":"product_brand","embeddable":true,"href":"https:\/\/www.chicasafurniture.com\/es\/wp-json\/wp\/v2\/product_brand?post=589"},{"taxonomy":"product_cat","embeddable":true,"href":"https:\/\/www.chicasafurniture.com\/es\/wp-json\/wp\/v2\/product_cat?post=589"},{"taxonomy":"product_tag","embeddable":true,"href":"https:\/\/www.chicasafurniture.com\/es\/wp-json\/wp\/v2\/product_tag?post=589"}],"curies":[{"name":"wp","href":"https:\/\/api.w.org\/{rel}","templated":true}]}}