{"id":594,"date":"2026-02-28T02:38:23","date_gmt":"2026-02-28T02:38:23","guid":{"rendered":"https:\/\/www.chicasafurniture.com\/?post_type=product&#038;p=594"},"modified":"2026-02-28T02:50:08","modified_gmt":"2026-02-28T02:50:08","slug":"custom-fabric-bed","status":"publish","type":"product","link":"https:\/\/www.chicasafurniture.com\/es\/product\/custom-fabric-bed\/","title":{"rendered":"Cama moderna de tela a medida, plataforma tapizada con estructura delgada"},"content":{"rendered":"<h2 class=\"wp-block-heading\">Especificaciones de producto de la cama de tela a medida<\/h2>\n\n\n\n<figure class=\"wp-block-table\"><table class=\"has-fixed-layout\"><tbody><tr><td>Marco<\/td><td>Material de cubierta<\/td><td>Material de relleno<\/td><td>Piernas<\/td><td>Color<\/td><td>Talla<\/td><td>Peso<\/td><\/tr><tr><td>Madera maciza<\/td><td>Tejido<\/td><td>Esponja de alta densidad<\/td><td>\/<\/td><td>Personalizado<\/td><td>TAMA\u00d1O KING<\/td><td>90-120 kg<\/td><\/tr><\/tbody><\/table><\/figure>\n\n\n\n<div class=\"wp-block-columns is-layout-flex wp-container-core-columns-is-layout-9d6595d7 wp-block-columns-is-layout-flex\">\n<div class=\"wp-block-column is-layout-flow wp-block-column-is-layout-flow\">\n<h2 class=\"wp-block-heading\">Cama de tela personalizada Premium Caracter\u00edsticas:<\/h2>\n\n\n\n<ul class=\"wp-block-list\">\n<li><strong>Refinado, esbelto, sensaci\u00f3n de flotaci\u00f3n: <\/strong>A diferencia de las voluminosas camas de pie, esta cama de tela a medida tiene patas altas y delgadas con un espacio abierto debajo, lo que da al mueble una sensaci\u00f3n ligera y flotante. Este dise\u00f1o no solo crea un espacio visual m\u00e1s abierto, sino que tambi\u00e9n facilita la limpieza mediante robots aspiradores.<\/li>\n\n\n\n<li><strong>Cabecero Ergon\u00f3mico Doble:<\/strong> Nuestras camas de lujo a medida presentan un cabecero \u00fanico, ligeramente inclinado, con una capa a\u00f1adida de suaves cojines o almohadas cil\u00edndricas de apoyo lumbar en la parte delantera. Esta estructura proporciona un excelente apoyo para sentarse y leer, equilibrando est\u00e9tica y practicidad.<\/li>\n\n\n\n<li><strong>Ricas combinaciones de materiales:<\/strong> Esta cama de tela a medida combina un delicado tejido con una base de piel de primera calidad. Este contraste de materiales realza la profundidad visual del espacio.<\/li>\n\n\n\n<li><strong>Silueta moderna minimalista:<\/strong> Esta cama de lujo hecha a medida tiene una silueta limpia y definida, sin adornos innecesarios. Ya sea con un relajante azul oscuro, un elegante beige o una llamativa combinaci\u00f3n de rojo y gris, irradia un estilo urbano discreto pero lujoso.<\/li>\n<\/ul>\n<\/div>\n\n\n\n<div class=\"wp-block-column is-layout-flow wp-block-column-is-layout-flow\">\n<figure class=\"wp-block-image size-full\"><img decoding=\"async\" width=\"834\" height=\"989\" src=\"https:\/\/www.chicasafurniture.com\/wp-content\/uploads\/2026\/02\/Modern-Custom-Fabric-Bed-Slim-Frame-Upholstered-Platform-4.webp\" alt=\"Cama moderna de tela a medida, plataforma tapizada con marco delgado-4\" class=\"wp-image-598\" srcset=\"https:\/\/www.chicasafurniture.com\/wp-content\/uploads\/2026\/02\/Modern-Custom-Fabric-Bed-Slim-Frame-Upholstered-Platform-4.webp 834w, https:\/\/www.chicasafurniture.com\/wp-content\/uploads\/2026\/02\/Modern-Custom-Fabric-Bed-Slim-Frame-Upholstered-Platform-4-253x300.webp 253w, https:\/\/www.chicasafurniture.com\/wp-content\/uploads\/2026\/02\/Modern-Custom-Fabric-Bed-Slim-Frame-Upholstered-Platform-4-768x911.webp 768w, https:\/\/www.chicasafurniture.com\/wp-content\/uploads\/2026\/02\/Modern-Custom-Fabric-Bed-Slim-Frame-Upholstered-Platform-4-600x712.webp 600w\" sizes=\"(max-width: 834px) 100vw, 834px\" \/><\/figure>\n<\/div>\n<\/div>\n\n\n\n<figure class=\"wp-block-image size-full\"><img decoding=\"async\" width=\"1920\" height=\"1080\" src=\"https:\/\/www.chicasafurniture.com\/wp-content\/uploads\/2026\/02\/Modern-Custom-Fabric-Bed-Slim-Frame-Upholstered-Platform-2.webp\" alt=\"Cama moderna de tela a medida, plataforma tapizada con estructura delgada-2\" class=\"wp-image-596\" srcset=\"https:\/\/www.chicasafurniture.com\/wp-content\/uploads\/2026\/02\/Modern-Custom-Fabric-Bed-Slim-Frame-Upholstered-Platform-2.webp 1920w, https:\/\/www.chicasafurniture.com\/wp-content\/uploads\/2026\/02\/Modern-Custom-Fabric-Bed-Slim-Frame-Upholstered-Platform-2-300x169.webp 300w, https:\/\/www.chicasafurniture.com\/wp-content\/uploads\/2026\/02\/Modern-Custom-Fabric-Bed-Slim-Frame-Upholstered-Platform-2-768x432.webp 768w, https:\/\/www.chicasafurniture.com\/wp-content\/uploads\/2026\/02\/Modern-Custom-Fabric-Bed-Slim-Frame-Upholstered-Platform-2-1200x675.webp 1200w, https:\/\/www.chicasafurniture.com\/wp-content\/uploads\/2026\/02\/Modern-Custom-Fabric-Bed-Slim-Frame-Upholstered-Platform-2-600x338.webp 600w\" sizes=\"(max-width: 1920px) 100vw, 1920px\" \/><\/figure>\n\n\n\n<figure class=\"wp-block-image size-full\"><img decoding=\"async\" width=\"1920\" height=\"1080\" src=\"https:\/\/www.chicasafurniture.com\/wp-content\/uploads\/2026\/02\/Modern-Custom-Fabric-Bed-Slim-Frame-Upholstered-Platform-3.webp\" alt=\"Cama moderna de tela a medida, plataforma tapizada con estructura delgada-3\" class=\"wp-image-597\" srcset=\"https:\/\/www.chicasafurniture.com\/wp-content\/uploads\/2026\/02\/Modern-Custom-Fabric-Bed-Slim-Frame-Upholstered-Platform-3.webp 1920w, https:\/\/www.chicasafurniture.com\/wp-content\/uploads\/2026\/02\/Modern-Custom-Fabric-Bed-Slim-Frame-Upholstered-Platform-3-300x169.webp 300w, https:\/\/www.chicasafurniture.com\/wp-content\/uploads\/2026\/02\/Modern-Custom-Fabric-Bed-Slim-Frame-Upholstered-Platform-3-768x432.webp 768w, https:\/\/www.chicasafurniture.com\/wp-content\/uploads\/2026\/02\/Modern-Custom-Fabric-Bed-Slim-Frame-Upholstered-Platform-3-1200x675.webp 1200w, https:\/\/www.chicasafurniture.com\/wp-content\/uploads\/2026\/02\/Modern-Custom-Fabric-Bed-Slim-Frame-Upholstered-Platform-3-600x338.webp 600w\" sizes=\"(max-width: 1920px) 100vw, 1920px\" \/><\/figure>","protected":false},"excerpt":{"rendered":"<p>Actualice su suite con nuestra cama de tela a medida. Presenta un perfil estilizado, un cabecero inclinado ergon\u00f3mico y una tapicer\u00eda de lujo para una est\u00e9tica sofisticada y desenfadada.<\/p>\n<table style=\"border-collapse: collapse; width: 222.03pt;\" border=\"0\" width=\"222\" cellspacing=\"0\" cellpadding=\"0\">\n<tbody>\n<tr style=\"height: 15.20pt;\">\n<td class=\"et2\" style=\"height: 15.20pt; width: 81.65pt;\" width=\"81\" height=\"15\">Fabricante<\/td>\n<td class=\"et2\" style=\"width: 140.80pt;\" width=\"140\">ChiCasa<\/td>\n<\/tr>\n<tr style=\"height: 15.20pt;\">\n<td class=\"et2\" style=\"height: 15.20pt;\" height=\"15\">Categor\u00eda<\/td>\n<td class=\"et2\">Cama<\/td>\n<\/tr>\n<tr style=\"height: 15.20pt;\">\n<td class=\"et2\" style=\"height: 15.20pt;\" height=\"15\">Aplicaci\u00f3n<\/td>\n<td class=\"et2\">Dormitorio<\/td>\n<\/tr>\n<tr style=\"height: 15.20pt;\">\n<td class=\"et2\" style=\"height: 15.20pt;\" height=\"15\">Estilo<\/td>\n<td class=\"et2\">Minimalista<\/td>\n<\/tr>\n<tr style=\"height: 15.20pt;\">\n<td class=\"et2\" style=\"height: 15.20pt;\" height=\"15\">Modelo<\/td>\n<td class=\"et2\">QMY-BE004<\/td>\n<\/tr>\n<tr style=\"height: 15.20pt;\">\n<td class=\"et2\" style=\"height: 15.20pt;\" height=\"15\">Personalizaci\u00f3n<\/td>\n<td class=\"et2\">Color, tama\u00f1o, material<\/td>\n<\/tr>\n<tr style=\"height: 15.20pt;\">\n<td class=\"et2\" style=\"height: 15.20pt;\" height=\"15\">MOQ<\/td>\n<td class=\"et2\">1 unidad<\/td>\n<\/tr>\n<\/tbody>\n<\/table>","protected":false},"featured_media":595,"comment_status":"closed","ping_status":"closed","template":"","meta":{"_acf_changed":false},"product_brand":[],"product_cat":[18,33],"product_tag":[],"class_list":{"0":"post-594","1":"product","2":"type-product","3":"status-publish","4":"has-post-thumbnail","6":"product_cat-bespoke-bedroom-furniture","7":"product_cat-custom-beds-manufacturer","9":"first","10":"instock","11":"shipping-taxable","12":"product-type-simple"},"acf":[],"_links":{"self":[{"href":"https:\/\/www.chicasafurniture.com\/es\/wp-json\/wp\/v2\/product\/594","targetHints":{"allow":["GET"]}}],"collection":[{"href":"https:\/\/www.chicasafurniture.com\/es\/wp-json\/wp\/v2\/product"}],"about":[{"href":"https:\/\/www.chicasafurniture.com\/es\/wp-json\/wp\/v2\/types\/product"}],"replies":[{"embeddable":true,"href":"https:\/\/www.chicasafurniture.com\/es\/wp-json\/wp\/v2\/comments?post=594"}],"wp:featuredmedia":[{"embeddable":true,"href":"https:\/\/www.chicasafurniture.com\/es\/wp-json\/wp\/v2\/media\/595"}],"wp:attachment":[{"href":"https:\/\/www.chicasafurniture.com\/es\/wp-json\/wp\/v2\/media?parent=594"}],"wp:term":[{"taxonomy":"product_brand","embeddable":true,"href":"https:\/\/www.chicasafurniture.com\/es\/wp-json\/wp\/v2\/product_brand?post=594"},{"taxonomy":"product_cat","embeddable":true,"href":"https:\/\/www.chicasafurniture.com\/es\/wp-json\/wp\/v2\/product_cat?post=594"},{"taxonomy":"product_tag","embeddable":true,"href":"https:\/\/www.chicasafurniture.com\/es\/wp-json\/wp\/v2\/product_tag?post=594"}],"curies":[{"name":"wp","href":"https:\/\/api.w.org\/{rel}","templated":true}]}}