{"id":599,"date":"2026-02-28T02:51:41","date_gmt":"2026-02-28T02:51:41","guid":{"rendered":"https:\/\/www.chicasafurniture.com\/?post_type=product&#038;p=599"},"modified":"2026-02-28T03:10:51","modified_gmt":"2026-02-28T03:10:51","slug":"custom-wood-nightstand","status":"publish","type":"product","link":"https:\/\/www.chicasafurniture.com\/es\/product\/custom-wood-nightstand\/","title":{"rendered":"Art\u00edstica mesilla de noche de madera a medida con dise\u00f1o modular giratorio"},"content":{"rendered":"<h2 class=\"wp-block-heading\">Especificaciones de producto de Mesilla de noche de madera a medida<\/h2>\n\n\n\n<figure class=\"wp-block-table\"><table class=\"has-fixed-layout\"><tbody><tr><td>Marco<\/td><td>Material de cubierta<\/td><td>Material de relleno<\/td><td>Piernas<\/td><td>Color<\/td><td>Talla<\/td><td>Peso<\/td><\/tr><tr><td>Contrachapado<\/td><td>\/<\/td><td>\/<\/td><td>\/<\/td><td>Personalizado<\/td><td>50*45*48cm<\/td><td>20-35kg<\/td><\/tr><\/tbody><\/table><\/figure>\n\n\n\n<div class=\"wp-block-columns is-layout-flex wp-container-core-columns-is-layout-9d6595d7 wp-block-columns-is-layout-flex\">\n<div class=\"wp-block-column is-layout-flow wp-block-column-is-layout-flow\">\n<h2 class=\"wp-block-heading\">Premium Custom Wood Nightstand Caracter\u00edsticas:<\/h2>\n\n\n\n<ul class=\"wp-block-list\">\n<li><strong>Dise\u00f1o \u00fanico de apilado giratorio: <\/strong>La caracter\u00edstica m\u00e1s llamativa de esta mesilla de noche de madera a medida es su estructura modular asim\u00e9trica. Cada cajonera aparece apilada aleatoriamente, a\u00f1adiendo un toque art\u00edstico din\u00e1mico al dormitorio.<\/li>\n\n\n\n<li><strong>Exquisita artesan\u00eda y textura de madera maciza:<\/strong> Esta mesilla de noche a medida est\u00e1 fabricada en nogal\/roble natural de alta calidad, y los paneles de los cajones conservan por completo el veteado natural de la madera. Sus bordes presentan cortes biselados precisos de 45 grados, que ofrecen un tacto c\u00e1lido y un efecto visual tridimensional.<\/li>\n\n\n\n<li><strong>Detalles de herrajes minimalistas: <\/strong>Los tiradores de los cajones de esta mesilla de noche de madera a medida presentan un esbelto dise\u00f1o de palanca met\u00e1lica en forma de L, sencillo pero sofisticado. Esto facilita la apertura y realza la est\u00e9tica de dise\u00f1o industrial del producto.<\/li>\n\n\n\n<li><strong>Almacenamiento y exposici\u00f3n multifuncionales: <\/strong>La disposici\u00f3n escalonada de las pilas de esta mesilla de noche a medida no s\u00f3lo proporciona m\u00faltiples cajones de almacenamiento independientes y categorizados, sino que tambi\u00e9n crea de forma natural plataformas de almacenamiento adicionales gracias al desplazamiento entre las capas.<\/li>\n<\/ul>\n<\/div>\n\n\n\n<div class=\"wp-block-column is-layout-flow wp-block-column-is-layout-flow\">\n<figure class=\"wp-block-image size-full\"><img decoding=\"async\" width=\"1777\" height=\"2000\" src=\"https:\/\/www.chicasafurniture.com\/wp-content\/uploads\/2026\/02\/Artistic-Custom-Wood-Nightstand-with-Rotating-Modular-Design-2.webp\" alt=\"Mesilla de noche de madera Artistic Custom con dise\u00f1o modular giratorio-2\" class=\"wp-image-601\" srcset=\"https:\/\/www.chicasafurniture.com\/wp-content\/uploads\/2026\/02\/Artistic-Custom-Wood-Nightstand-with-Rotating-Modular-Design-2.webp 1777w, https:\/\/www.chicasafurniture.com\/wp-content\/uploads\/2026\/02\/Artistic-Custom-Wood-Nightstand-with-Rotating-Modular-Design-2-267x300.webp 267w, https:\/\/www.chicasafurniture.com\/wp-content\/uploads\/2026\/02\/Artistic-Custom-Wood-Nightstand-with-Rotating-Modular-Design-2-768x864.webp 768w, https:\/\/www.chicasafurniture.com\/wp-content\/uploads\/2026\/02\/Artistic-Custom-Wood-Nightstand-with-Rotating-Modular-Design-2-1200x1351.webp 1200w, https:\/\/www.chicasafurniture.com\/wp-content\/uploads\/2026\/02\/Artistic-Custom-Wood-Nightstand-with-Rotating-Modular-Design-2-600x675.webp 600w\" sizes=\"(max-width: 1777px) 100vw, 1777px\" \/><\/figure>\n<\/div>\n<\/div>\n\n\n\n<div class=\"wp-block-columns is-layout-flex wp-container-core-columns-is-layout-9d6595d7 wp-block-columns-is-layout-flex\">\n<div class=\"wp-block-column is-layout-flow wp-block-column-is-layout-flow\">\n<figure class=\"wp-block-image size-full\"><img decoding=\"async\" width=\"1500\" height=\"1000\" src=\"https:\/\/www.chicasafurniture.com\/wp-content\/uploads\/2026\/02\/Artistic-Custom-Wood-Nightstand-with-Rotating-Modular-Design-4.webp\" alt=\"Mesilla de noche art\u00edstica de madera a medida con dise\u00f1o modular giratorio-4\" class=\"wp-image-603\" srcset=\"https:\/\/www.chicasafurniture.com\/wp-content\/uploads\/2026\/02\/Artistic-Custom-Wood-Nightstand-with-Rotating-Modular-Design-4.webp 1500w, https:\/\/www.chicasafurniture.com\/wp-content\/uploads\/2026\/02\/Artistic-Custom-Wood-Nightstand-with-Rotating-Modular-Design-4-300x200.webp 300w, https:\/\/www.chicasafurniture.com\/wp-content\/uploads\/2026\/02\/Artistic-Custom-Wood-Nightstand-with-Rotating-Modular-Design-4-768x512.webp 768w, https:\/\/www.chicasafurniture.com\/wp-content\/uploads\/2026\/02\/Artistic-Custom-Wood-Nightstand-with-Rotating-Modular-Design-4-1200x800.webp 1200w, https:\/\/www.chicasafurniture.com\/wp-content\/uploads\/2026\/02\/Artistic-Custom-Wood-Nightstand-with-Rotating-Modular-Design-4-600x400.webp 600w\" sizes=\"(max-width: 1500px) 100vw, 1500px\" \/><\/figure>\n<\/div>\n\n\n\n<div class=\"wp-block-column is-layout-flow wp-block-column-is-layout-flow\">\n<figure class=\"wp-block-image size-full\"><img decoding=\"async\" width=\"1500\" height=\"993\" src=\"https:\/\/www.chicasafurniture.com\/wp-content\/uploads\/2026\/02\/Artistic-Custom-Wood-Nightstand-with-Rotating-Modular-Design-3.webp\" alt=\"Mesilla de noche art\u00edstica de madera a medida con dise\u00f1o modular giratorio-3\" class=\"wp-image-602\" srcset=\"https:\/\/www.chicasafurniture.com\/wp-content\/uploads\/2026\/02\/Artistic-Custom-Wood-Nightstand-with-Rotating-Modular-Design-3.webp 1500w, https:\/\/www.chicasafurniture.com\/wp-content\/uploads\/2026\/02\/Artistic-Custom-Wood-Nightstand-with-Rotating-Modular-Design-3-300x199.webp 300w, https:\/\/www.chicasafurniture.com\/wp-content\/uploads\/2026\/02\/Artistic-Custom-Wood-Nightstand-with-Rotating-Modular-Design-3-768x508.webp 768w, https:\/\/www.chicasafurniture.com\/wp-content\/uploads\/2026\/02\/Artistic-Custom-Wood-Nightstand-with-Rotating-Modular-Design-3-1200x794.webp 1200w, https:\/\/www.chicasafurniture.com\/wp-content\/uploads\/2026\/02\/Artistic-Custom-Wood-Nightstand-with-Rotating-Modular-Design-3-600x397.webp 600w\" sizes=\"(max-width: 1500px) 100vw, 1500px\" \/><\/figure>\n<\/div>\n<\/div>","protected":false},"excerpt":{"rendered":"<p>Bienvenido a encargar mesilla de noche a medida. Eleve su decoraci\u00f3n con esta mesilla de noche de madera a medida. Presenta un exclusivo dise\u00f1o modular giratorio, vetas de madera maciza de primera calidad y elegantes tiradores met\u00e1licos minimalistas.<\/p>\n<table style=\"border-collapse: collapse; width: 222.03pt;\" border=\"0\" width=\"222\" cellspacing=\"0\" cellpadding=\"0\">\n<tbody>\n<tr style=\"height: 15.20pt;\">\n<td class=\"et2\" style=\"height: 15.20pt; width: 81.65pt;\" width=\"81\" height=\"15\">Fabricante<\/td>\n<td class=\"et2\" style=\"width: 140.80pt;\" width=\"140\">ChiCasa<\/td>\n<\/tr>\n<tr style=\"height: 15.20pt;\">\n<td class=\"et2\" style=\"height: 15.20pt;\" height=\"15\">Categor\u00eda<\/td>\n<td class=\"et2\">Mesilla de noche<\/td>\n<\/tr>\n<tr style=\"height: 15.20pt;\">\n<td class=\"et2\" style=\"height: 15.20pt;\" height=\"15\">Aplicaci\u00f3n<\/td>\n<td class=\"et2\">Dormitorio<\/td>\n<\/tr>\n<tr style=\"height: 15.20pt;\">\n<td class=\"et2\" style=\"height: 15.20pt;\" height=\"15\">Estilo<\/td>\n<td class=\"et2\">Minimalista<\/td>\n<\/tr>\n<tr style=\"height: 15.20pt;\">\n<td class=\"et2\" style=\"height: 15.20pt;\" height=\"15\">Modelo<\/td>\n<td class=\"et2\">QMY-NS002<\/td>\n<\/tr>\n<tr style=\"height: 15.20pt;\">\n<td class=\"et2\" style=\"height: 15.20pt;\" height=\"15\">Personalizaci\u00f3n<\/td>\n<td class=\"et2\">Color, tama\u00f1o, material<\/td>\n<\/tr>\n<tr style=\"height: 15.20pt;\">\n<td class=\"et2\" style=\"height: 15.20pt;\" height=\"15\">MOQ<\/td>\n<td class=\"et2\">1 unidad<\/td>\n<\/tr>\n<\/tbody>\n<\/table>","protected":false},"featured_media":600,"comment_status":"closed","ping_status":"closed","template":"","meta":{"_acf_changed":false},"product_brand":[],"product_cat":[18,34],"product_tag":[],"class_list":{"0":"post-599","1":"product","2":"type-product","3":"status-publish","4":"has-post-thumbnail","6":"product_cat-bespoke-bedroom-furniture","7":"product_cat-custom-nightstand","9":"first","10":"instock","11":"shipping-taxable","12":"product-type-simple"},"acf":[],"_links":{"self":[{"href":"https:\/\/www.chicasafurniture.com\/es\/wp-json\/wp\/v2\/product\/599","targetHints":{"allow":["GET"]}}],"collection":[{"href":"https:\/\/www.chicasafurniture.com\/es\/wp-json\/wp\/v2\/product"}],"about":[{"href":"https:\/\/www.chicasafurniture.com\/es\/wp-json\/wp\/v2\/types\/product"}],"replies":[{"embeddable":true,"href":"https:\/\/www.chicasafurniture.com\/es\/wp-json\/wp\/v2\/comments?post=599"}],"wp:featuredmedia":[{"embeddable":true,"href":"https:\/\/www.chicasafurniture.com\/es\/wp-json\/wp\/v2\/media\/600"}],"wp:attachment":[{"href":"https:\/\/www.chicasafurniture.com\/es\/wp-json\/wp\/v2\/media?parent=599"}],"wp:term":[{"taxonomy":"product_brand","embeddable":true,"href":"https:\/\/www.chicasafurniture.com\/es\/wp-json\/wp\/v2\/product_brand?post=599"},{"taxonomy":"product_cat","embeddable":true,"href":"https:\/\/www.chicasafurniture.com\/es\/wp-json\/wp\/v2\/product_cat?post=599"},{"taxonomy":"product_tag","embeddable":true,"href":"https:\/\/www.chicasafurniture.com\/es\/wp-json\/wp\/v2\/product_tag?post=599"}],"curies":[{"name":"wp","href":"https:\/\/api.w.org\/{rel}","templated":true}]}}