{"id":604,"date":"2026-02-28T03:25:15","date_gmt":"2026-02-28T03:25:15","guid":{"rendered":"https:\/\/www.chicasafurniture.com\/?post_type=product&#038;p=604"},"modified":"2026-02-28T03:50:57","modified_gmt":"2026-02-28T03:50:57","slug":"bespoke-bedside-tables","status":"publish","type":"product","link":"https:\/\/www.chicasafurniture.com\/es\/product\/bespoke-bedside-tables\/","title":{"rendered":"Mesillas de noche a medida con detalles de cuero y madera de lujo"},"content":{"rendered":"<h2 class=\"wp-block-heading\">Especificaciones de las mesillas de noche a medida<\/h2>\n\n\n\n<figure class=\"wp-block-table\"><table class=\"has-fixed-layout\"><tbody><tr><td>Marco<\/td><td>Material de cubierta<\/td><td>Material de relleno<\/td><td>Piernas<\/td><td>Color<\/td><td>Talla<\/td><td>Peso<\/td><\/tr><tr><td>Contrachapado<\/td><td>\/<\/td><td>\/<\/td><td>\/<\/td><td>Personalizado<\/td><td>50*50*49cm<\/td><td>20-35kg<\/td><\/tr><\/tbody><\/table><\/figure>\n\n\n\n<div class=\"wp-block-columns is-layout-flex wp-container-core-columns-is-layout-9d6595d7 wp-block-columns-is-layout-flex\">\n<div class=\"wp-block-column is-layout-flow wp-block-column-is-layout-flow\">\n<h2 class=\"wp-block-heading\">Mesillas de noche Premium Bespoke Caracter\u00edsticas:<\/h2>\n\n\n\n<ul class=\"wp-block-list\">\n<li><strong>Mezcla de materiales de alta gama: <\/strong>Nuestras mesillas de noche a medida combinan h\u00e1bilmente paneles de madera oscura con suaves paneles laterales forrados en piel. Este contraste de materiales c\u00e1lidos y fr\u00edos conserva la solidez de los muebles de madera y a\u00f1ade el lujoso tacto de la piel.<\/li>\n\n\n\n<li><strong>Detalles precisos en los bordes de cuero: <\/strong>Los laterales de estas mesitas de noche a medida est\u00e1n meticulosamente forrados en piel con pespuntes texturizados, mostrando la exquisita artesan\u00eda de los muebles a medida.<\/li>\n\n\n\n<li><strong>Dise\u00f1o superior de piedra:<\/strong> Los tableros de estas mesillas de noche a medida presentan una superficie de elegante textura similar al m\u00e1rmol oscuro, que proporciona a los usuarios un estante duradero, resistente a los ara\u00f1azos y est\u00e9ticamente agradable, resaltando la est\u00e9tica de alta costura.<\/li>\n\n\n\n<li><strong>Formas geom\u00e9tricas flotantes:<\/strong> Nuestras mesillas de noche a medida presentan una cuidada forma c\u00fabica, con un dise\u00f1o calado en la parte inferior que rompe con la pesadez de los muebles de madera maciza. Esta proporci\u00f3n moderna y sencilla hace que parezcan ligeras y sofisticadas en el espacio del dormitorio.<\/li>\n<\/ul>\n<\/div>\n\n\n\n<div class=\"wp-block-column is-layout-flow wp-block-column-is-layout-flow\">\n<figure class=\"wp-block-image size-full\"><img decoding=\"async\" width=\"848\" height=\"989\" src=\"https:\/\/www.chicasafurniture.com\/wp-content\/uploads\/2026\/02\/Bespoke-Bedside-Tables-with-Luxury-Leather-Wood-Accent-3.webp\" alt=\"Mesillas de noche a medida con detalles de cuero y madera de lujo-3\" class=\"wp-image-607\" srcset=\"https:\/\/www.chicasafurniture.com\/wp-content\/uploads\/2026\/02\/Bespoke-Bedside-Tables-with-Luxury-Leather-Wood-Accent-3.webp 848w, https:\/\/www.chicasafurniture.com\/wp-content\/uploads\/2026\/02\/Bespoke-Bedside-Tables-with-Luxury-Leather-Wood-Accent-3-257x300.webp 257w, https:\/\/www.chicasafurniture.com\/wp-content\/uploads\/2026\/02\/Bespoke-Bedside-Tables-with-Luxury-Leather-Wood-Accent-3-768x896.webp 768w, https:\/\/www.chicasafurniture.com\/wp-content\/uploads\/2026\/02\/Bespoke-Bedside-Tables-with-Luxury-Leather-Wood-Accent-3-600x700.webp 600w\" sizes=\"(max-width: 848px) 100vw, 848px\" \/><\/figure>\n<\/div>\n<\/div>\n\n\n\n<figure class=\"wp-block-image size-full\"><img decoding=\"async\" width=\"1920\" height=\"1080\" src=\"https:\/\/www.chicasafurniture.com\/wp-content\/uploads\/2026\/02\/Bespoke-Bedside-Tables-with-Luxury-Leather-Wood-Accent-5.webp\" alt=\"Mesillas de noche a medida con detalles de cuero y madera de lujo-5\" class=\"wp-image-609\" srcset=\"https:\/\/www.chicasafurniture.com\/wp-content\/uploads\/2026\/02\/Bespoke-Bedside-Tables-with-Luxury-Leather-Wood-Accent-5.webp 1920w, https:\/\/www.chicasafurniture.com\/wp-content\/uploads\/2026\/02\/Bespoke-Bedside-Tables-with-Luxury-Leather-Wood-Accent-5-300x169.webp 300w, https:\/\/www.chicasafurniture.com\/wp-content\/uploads\/2026\/02\/Bespoke-Bedside-Tables-with-Luxury-Leather-Wood-Accent-5-768x432.webp 768w, https:\/\/www.chicasafurniture.com\/wp-content\/uploads\/2026\/02\/Bespoke-Bedside-Tables-with-Luxury-Leather-Wood-Accent-5-1200x675.webp 1200w, https:\/\/www.chicasafurniture.com\/wp-content\/uploads\/2026\/02\/Bespoke-Bedside-Tables-with-Luxury-Leather-Wood-Accent-5-600x338.webp 600w\" sizes=\"(max-width: 1920px) 100vw, 1920px\" \/><\/figure>","protected":false},"excerpt":{"rendered":"<p>Bienvenido a encargar mesillas de noche a medida. Eleve su dormitorio con estas mesitas de noche a medida. Con bordes forrados en piel de primera calidad, madera oscura y una tapa de m\u00e1rmol para un lujo moderno y sofisticado.<\/p>\n<table style=\"border-collapse: collapse; width: 222.03pt;\" border=\"0\" width=\"222\" cellspacing=\"0\" cellpadding=\"0\">\n<tbody>\n<tr style=\"height: 15.20pt;\">\n<td class=\"et2\" style=\"height: 15.20pt; width: 81.65pt;\" width=\"81\" height=\"15\">Fabricante<\/td>\n<td class=\"et2\" style=\"width: 140.80pt;\" width=\"140\">ChiCasa<\/td>\n<\/tr>\n<tr style=\"height: 15.20pt;\">\n<td class=\"et2\" style=\"height: 15.20pt;\" height=\"15\">Categor\u00eda<\/td>\n<td class=\"et2\">Mesilla de noche<\/td>\n<\/tr>\n<tr style=\"height: 15.20pt;\">\n<td class=\"et2\" style=\"height: 15.20pt;\" height=\"15\">Aplicaci\u00f3n<\/td>\n<td class=\"et2\">Dormitorio<\/td>\n<\/tr>\n<tr style=\"height: 15.20pt;\">\n<td class=\"et2\" style=\"height: 15.20pt;\" height=\"15\">Estilo<\/td>\n<td class=\"et2\">Minimalista<\/td>\n<\/tr>\n<tr style=\"height: 15.20pt;\">\n<td class=\"et2\" style=\"height: 15.20pt;\" height=\"15\">Modelo<\/td>\n<td class=\"et2\">QMY-NS003<\/td>\n<\/tr>\n<tr style=\"height: 15.20pt;\">\n<td class=\"et2\" style=\"height: 15.20pt;\" height=\"15\">Personalizaci\u00f3n<\/td>\n<td class=\"et2\">Color, tama\u00f1o, material<\/td>\n<\/tr>\n<tr style=\"height: 15.20pt;\">\n<td class=\"et2\" style=\"height: 15.20pt;\" height=\"15\">MOQ<\/td>\n<td class=\"et2\">1 unidad<\/td>\n<\/tr>\n<\/tbody>\n<\/table>","protected":false},"featured_media":605,"comment_status":"closed","ping_status":"closed","template":"","meta":{"_acf_changed":false},"product_brand":[],"product_cat":[18,34],"product_tag":[],"class_list":{"0":"post-604","1":"product","2":"type-product","3":"status-publish","4":"has-post-thumbnail","6":"product_cat-bespoke-bedroom-furniture","7":"product_cat-custom-nightstand","9":"first","10":"instock","11":"shipping-taxable","12":"product-type-simple"},"acf":[],"_links":{"self":[{"href":"https:\/\/www.chicasafurniture.com\/es\/wp-json\/wp\/v2\/product\/604","targetHints":{"allow":["GET"]}}],"collection":[{"href":"https:\/\/www.chicasafurniture.com\/es\/wp-json\/wp\/v2\/product"}],"about":[{"href":"https:\/\/www.chicasafurniture.com\/es\/wp-json\/wp\/v2\/types\/product"}],"replies":[{"embeddable":true,"href":"https:\/\/www.chicasafurniture.com\/es\/wp-json\/wp\/v2\/comments?post=604"}],"wp:featuredmedia":[{"embeddable":true,"href":"https:\/\/www.chicasafurniture.com\/es\/wp-json\/wp\/v2\/media\/605"}],"wp:attachment":[{"href":"https:\/\/www.chicasafurniture.com\/es\/wp-json\/wp\/v2\/media?parent=604"}],"wp:term":[{"taxonomy":"product_brand","embeddable":true,"href":"https:\/\/www.chicasafurniture.com\/es\/wp-json\/wp\/v2\/product_brand?post=604"},{"taxonomy":"product_cat","embeddable":true,"href":"https:\/\/www.chicasafurniture.com\/es\/wp-json\/wp\/v2\/product_cat?post=604"},{"taxonomy":"product_tag","embeddable":true,"href":"https:\/\/www.chicasafurniture.com\/es\/wp-json\/wp\/v2\/product_tag?post=604"}],"curies":[{"name":"wp","href":"https:\/\/api.w.org\/{rel}","templated":true}]}}