{"id":610,"date":"2026-02-28T06:12:18","date_gmt":"2026-02-28T06:12:18","guid":{"rendered":"https:\/\/www.chicasafurniture.com\/?post_type=product&#038;p=610"},"modified":"2026-02-28T06:17:06","modified_gmt":"2026-02-28T06:17:06","slug":"bespoke-bedside-table","status":"publish","type":"product","link":"https:\/\/www.chicasafurniture.com\/es\/product\/bespoke-bedside-table\/","title":{"rendered":"Mesilla de noche redonda art\u00edstica con cajonera de madera"},"content":{"rendered":"<h2 class=\"wp-block-heading\">Especificaciones de producto de la mesilla de noche Bespoke<\/h2>\n\n\n\n<figure class=\"wp-block-table\"><table class=\"has-fixed-layout\"><tbody><tr><td>Marco<\/td><td>Material de cubierta<\/td><td>Material de relleno<\/td><td>Piernas<\/td><td>Color<\/td><td>Talla<\/td><td>Peso<\/td><\/tr><tr><td>Contrachapado<\/td><td>\/<\/td><td>\/<\/td><td>Metal<\/td><td>Personalizado<\/td><td>P50*Al50cm<\/td><td>20-35kg<\/td><\/tr><\/tbody><\/table><\/figure>\n\n\n\n<div class=\"wp-block-columns is-layout-flex wp-container-core-columns-is-layout-9d6595d7 wp-block-columns-is-layout-flex\">\n<div class=\"wp-block-column is-layout-flow wp-block-column-is-layout-flow\">\n<h2 class=\"wp-block-heading\">Mesilla de noche Premium Bespoke Caracter\u00edsticas:<\/h2>\n\n\n\n<ul class=\"wp-block-list\">\n<li><strong>Dise\u00f1o \u00fanico de apilado giratorio: <\/strong>La caracter\u00edstica m\u00e1s llamativa de esta mesilla de noche a medida es su disposici\u00f3n escalonada de m\u00faltiples cajoneras cuadradas independientes, que crean un efecto visual din\u00e1mico y asim\u00e9trico.<\/li>\n\n\n\n<li><strong>Madera maciza natural Material y artesan\u00eda: <\/strong>Los armarios de esta mesilla de noche a medida est\u00e1n fabricados en madera maciza de alta calidad con vetas claras (como nogal o roble), y presentan unos precisos bordes biselados a 45 grados que ponen de manifiesto una excepcional destreza en el trabajo de la madera.<\/li>\n\n\n\n<li><strong>Detalles de herrajes minimalistas:<\/strong> Los cajones de esta mesilla de noche a medida est\u00e1n equipados con finos tiradores de palanca de metal en forma de L. Este elemento met\u00e1lico minimalista contrasta con la c\u00e1lida madera, facilitando su apertura y realzando el aire moderno del producto. Este elemento met\u00e1lico minimalista contrasta con la c\u00e1lida madera, facilitando su apertura y realzando el aire moderno del producto.<\/li>\n\n\n\n<li><strong>Espacio funcional multicapa: <\/strong>El dise\u00f1o escalonado de nuestra mesilla de noche a medida no s\u00f3lo proporciona m\u00faltiples cajones de almacenamiento categorizados, sino que tambi\u00e9n crea de forma natural varias plataformas de estanter\u00edas abiertas para colocar c\u00f3modamente objetos como vasos, libros o productos de aromaterapia.<\/li>\n<\/ul>\n<\/div>\n\n\n\n<div class=\"wp-block-column is-layout-flow wp-block-column-is-layout-flow\">\n<figure class=\"wp-block-image size-full\"><img decoding=\"async\" width=\"800\" height=\"800\" src=\"https:\/\/www.chicasafurniture.com\/wp-content\/uploads\/2026\/02\/Artistic-Round-Bespoke-Bedside-Table-with-Wood-Drawer-Unit-3.webp\" alt=\"Mesilla de noche redonda art\u00edstica con caj\u00f3n de madera Unit-3\" class=\"wp-image-613\" srcset=\"https:\/\/www.chicasafurniture.com\/wp-content\/uploads\/2026\/02\/Artistic-Round-Bespoke-Bedside-Table-with-Wood-Drawer-Unit-3.webp 800w, https:\/\/www.chicasafurniture.com\/wp-content\/uploads\/2026\/02\/Artistic-Round-Bespoke-Bedside-Table-with-Wood-Drawer-Unit-3-300x300.webp 300w, https:\/\/www.chicasafurniture.com\/wp-content\/uploads\/2026\/02\/Artistic-Round-Bespoke-Bedside-Table-with-Wood-Drawer-Unit-3-150x150.webp 150w, https:\/\/www.chicasafurniture.com\/wp-content\/uploads\/2026\/02\/Artistic-Round-Bespoke-Bedside-Table-with-Wood-Drawer-Unit-3-768x768.webp 768w, https:\/\/www.chicasafurniture.com\/wp-content\/uploads\/2026\/02\/Artistic-Round-Bespoke-Bedside-Table-with-Wood-Drawer-Unit-3-600x600.webp 600w, https:\/\/www.chicasafurniture.com\/wp-content\/uploads\/2026\/02\/Artistic-Round-Bespoke-Bedside-Table-with-Wood-Drawer-Unit-3-100x100.webp 100w\" sizes=\"(max-width: 800px) 100vw, 800px\" \/><\/figure>\n<\/div>\n<\/div>\n\n\n\n<div class=\"wp-block-columns is-layout-flex wp-container-core-columns-is-layout-9d6595d7 wp-block-columns-is-layout-flex\">\n<div class=\"wp-block-column is-layout-flow wp-block-column-is-layout-flow\">\n<figure class=\"wp-block-image size-full\"><img decoding=\"async\" width=\"750\" height=\"750\" src=\"https:\/\/www.chicasafurniture.com\/wp-content\/uploads\/2026\/02\/Artistic-Round-Bespoke-Bedside-Table-with-Wood-Drawer-Unit-4.webp\" alt=\"Mesilla de noche Artistic Round Bespoke con caj\u00f3n de madera Unit-4\" class=\"wp-image-614\" srcset=\"https:\/\/www.chicasafurniture.com\/wp-content\/uploads\/2026\/02\/Artistic-Round-Bespoke-Bedside-Table-with-Wood-Drawer-Unit-4.webp 750w, https:\/\/www.chicasafurniture.com\/wp-content\/uploads\/2026\/02\/Artistic-Round-Bespoke-Bedside-Table-with-Wood-Drawer-Unit-4-300x300.webp 300w, https:\/\/www.chicasafurniture.com\/wp-content\/uploads\/2026\/02\/Artistic-Round-Bespoke-Bedside-Table-with-Wood-Drawer-Unit-4-150x150.webp 150w, https:\/\/www.chicasafurniture.com\/wp-content\/uploads\/2026\/02\/Artistic-Round-Bespoke-Bedside-Table-with-Wood-Drawer-Unit-4-600x600.webp 600w, https:\/\/www.chicasafurniture.com\/wp-content\/uploads\/2026\/02\/Artistic-Round-Bespoke-Bedside-Table-with-Wood-Drawer-Unit-4-100x100.webp 100w\" sizes=\"(max-width: 750px) 100vw, 750px\" \/><\/figure>\n<\/div>\n\n\n\n<div class=\"wp-block-column is-layout-flow wp-block-column-is-layout-flow\">\n<figure class=\"wp-block-image size-full\"><img decoding=\"async\" width=\"800\" height=\"800\" src=\"https:\/\/www.chicasafurniture.com\/wp-content\/uploads\/2026\/02\/Artistic-Round-Bespoke-Bedside-Table-with-Wood-Drawer-Unit-2.webp\" alt=\"Mesilla de noche redonda art\u00edstica con caj\u00f3n de madera Unidad-2\" class=\"wp-image-612\" srcset=\"https:\/\/www.chicasafurniture.com\/wp-content\/uploads\/2026\/02\/Artistic-Round-Bespoke-Bedside-Table-with-Wood-Drawer-Unit-2.webp 800w, https:\/\/www.chicasafurniture.com\/wp-content\/uploads\/2026\/02\/Artistic-Round-Bespoke-Bedside-Table-with-Wood-Drawer-Unit-2-300x300.webp 300w, https:\/\/www.chicasafurniture.com\/wp-content\/uploads\/2026\/02\/Artistic-Round-Bespoke-Bedside-Table-with-Wood-Drawer-Unit-2-150x150.webp 150w, https:\/\/www.chicasafurniture.com\/wp-content\/uploads\/2026\/02\/Artistic-Round-Bespoke-Bedside-Table-with-Wood-Drawer-Unit-2-768x768.webp 768w, https:\/\/www.chicasafurniture.com\/wp-content\/uploads\/2026\/02\/Artistic-Round-Bespoke-Bedside-Table-with-Wood-Drawer-Unit-2-600x600.webp 600w, https:\/\/www.chicasafurniture.com\/wp-content\/uploads\/2026\/02\/Artistic-Round-Bespoke-Bedside-Table-with-Wood-Drawer-Unit-2-100x100.webp 100w\" sizes=\"(max-width: 800px) 100vw, 800px\" \/><\/figure>\n<\/div>\n<\/div>","protected":false},"excerpt":{"rendered":"<p>Bienvenido a encargar mesillas de noche a medida. Transforme su espacio con esta mesilla de noche hecha a medida. Presenta un exclusivo dise\u00f1o modular giratorio, vetas de madera maciza de primera calidad y elegantes detalles met\u00e1licos minimalistas.<\/p>\n<table style=\"border-collapse: collapse; width: 222.03pt;\" border=\"0\" width=\"222\" cellspacing=\"0\" cellpadding=\"0\">\n<tbody>\n<tr style=\"height: 15.20pt;\">\n<td class=\"et2\" style=\"height: 15.20pt; width: 81.65pt;\" width=\"81\" height=\"15\">Fabricante<\/td>\n<td class=\"et2\" style=\"width: 140.80pt;\" width=\"140\">ChiCasa<\/td>\n<\/tr>\n<tr style=\"height: 15.20pt;\">\n<td class=\"et2\" style=\"height: 15.20pt;\" height=\"15\">Categor\u00eda<\/td>\n<td class=\"et2\">Mesilla de noche<\/td>\n<\/tr>\n<tr style=\"height: 15.20pt;\">\n<td class=\"et2\" style=\"height: 15.20pt;\" height=\"15\">Aplicaci\u00f3n<\/td>\n<td class=\"et2\">Dormitorio<\/td>\n<\/tr>\n<tr style=\"height: 15.20pt;\">\n<td class=\"et2\" style=\"height: 15.20pt;\" height=\"15\">Estilo<\/td>\n<td class=\"et2\">Minimalista<\/td>\n<\/tr>\n<tr style=\"height: 15.20pt;\">\n<td class=\"et2\" style=\"height: 15.20pt;\" height=\"15\">Modelo<\/td>\n<td class=\"et2\">QMY-NS004<\/td>\n<\/tr>\n<tr style=\"height: 15.20pt;\">\n<td class=\"et2\" style=\"height: 15.20pt;\" height=\"15\">Personalizaci\u00f3n<\/td>\n<td class=\"et2\">Color, tama\u00f1o, material<\/td>\n<\/tr>\n<tr style=\"height: 15.20pt;\">\n<td class=\"et2\" style=\"height: 15.20pt;\" height=\"15\">MOQ<\/td>\n<td class=\"et2\">1 unidad<\/td>\n<\/tr>\n<\/tbody>\n<\/table>","protected":false},"featured_media":611,"comment_status":"closed","ping_status":"closed","template":"","meta":{"_acf_changed":false},"product_brand":[],"product_cat":[18,34],"product_tag":[],"class_list":{"0":"post-610","1":"product","2":"type-product","3":"status-publish","4":"has-post-thumbnail","6":"product_cat-bespoke-bedroom-furniture","7":"product_cat-custom-nightstand","9":"first","10":"instock","11":"shipping-taxable","12":"product-type-simple"},"acf":[],"_links":{"self":[{"href":"https:\/\/www.chicasafurniture.com\/es\/wp-json\/wp\/v2\/product\/610","targetHints":{"allow":["GET"]}}],"collection":[{"href":"https:\/\/www.chicasafurniture.com\/es\/wp-json\/wp\/v2\/product"}],"about":[{"href":"https:\/\/www.chicasafurniture.com\/es\/wp-json\/wp\/v2\/types\/product"}],"replies":[{"embeddable":true,"href":"https:\/\/www.chicasafurniture.com\/es\/wp-json\/wp\/v2\/comments?post=610"}],"wp:featuredmedia":[{"embeddable":true,"href":"https:\/\/www.chicasafurniture.com\/es\/wp-json\/wp\/v2\/media\/611"}],"wp:attachment":[{"href":"https:\/\/www.chicasafurniture.com\/es\/wp-json\/wp\/v2\/media?parent=610"}],"wp:term":[{"taxonomy":"product_brand","embeddable":true,"href":"https:\/\/www.chicasafurniture.com\/es\/wp-json\/wp\/v2\/product_brand?post=610"},{"taxonomy":"product_cat","embeddable":true,"href":"https:\/\/www.chicasafurniture.com\/es\/wp-json\/wp\/v2\/product_cat?post=610"},{"taxonomy":"product_tag","embeddable":true,"href":"https:\/\/www.chicasafurniture.com\/es\/wp-json\/wp\/v2\/product_tag?post=610"}],"curies":[{"name":"wp","href":"https:\/\/api.w.org\/{rel}","templated":true}]}}