{"id":615,"date":"2026-02-28T06:19:23","date_gmt":"2026-02-28T06:19:23","guid":{"rendered":"https:\/\/www.chicasafurniture.com\/?post_type=product&#038;p=615"},"modified":"2026-02-28T06:26:47","modified_gmt":"2026-02-28T06:26:47","slug":"custom-metal-coffee-table","status":"publish","type":"product","link":"https:\/\/www.chicasafurniture.com\/es\/product\/custom-metal-coffee-table\/","title":{"rendered":"Mesa de centro minimalista de metal con dise\u00f1o industrial"},"content":{"rendered":"<h2 class=\"wp-block-heading\">Especificaciones de producto de la mesa baja met\u00e1lica a medida<\/h2>\n\n\n\n<figure class=\"wp-block-table\"><table class=\"has-fixed-layout\"><tbody><tr><td>Marco<\/td><td>Material de cubierta<\/td><td>Material de relleno<\/td><td>Piernas<\/td><td>Color<\/td><td>Talla<\/td><td>Peso<\/td><\/tr><tr><td>Metal<\/td><td>\/<\/td><td>\/<\/td><td>Metal<\/td><td>Personalizado<\/td><td>Personalizado<\/td><td>50-100kg<\/td><\/tr><\/tbody><\/table><\/figure>\n\n\n\n<div class=\"wp-block-columns is-layout-flex wp-container-core-columns-is-layout-9d6595d7 wp-block-columns-is-layout-flex\">\n<div class=\"wp-block-column is-layout-flow wp-block-column-is-layout-flow\">\n<h2 class=\"wp-block-heading\">Mesa de centro de metal personalizada Premium Caracter\u00edsticas:<\/h2>\n\n\n\n<ul class=\"wp-block-list\">\n<li><strong>Dise\u00f1o geom\u00e9trico minimalista: <\/strong>Esta mesa de centro met\u00e1lica personalizada presenta una forma limpia y geom\u00e9trica, con una est\u00e9tica arquitect\u00f3nica fresca y moderna que complementa a la perfecci\u00f3n espacios dom\u00e9sticos minimalistas o de lujo discreto.<\/li>\n\n\n\n<li><strong>Exquisito acabado de la superficie met\u00e1lica: <\/strong>La superficie de la mesa de centro a medida se somete a un meticuloso cepillado, acabado mate o galvanoplastia, lo que confiere al metal una delicada sensaci\u00f3n t\u00e1ctil y mejora su resistencia a las huellas dactilares y la corrosi\u00f3n, mostrando una textura de primera calidad.<\/li>\n\n\n\n<li><strong>Dise\u00f1o estructural de alta resistencia: <\/strong>Esta mesa de centro met\u00e1lica personalizada utiliza material met\u00e1lico engrosado y una precisa tecnolog\u00eda de soldadura sin costuras para crear un armaz\u00f3n resistente, que garantiza una gran capacidad de carga y durabilidad durante el uso diario.<\/li>\n\n\n\n<li><strong>Colores y acabados personalizables:<\/strong> Ofrecemos varias opciones de acabado met\u00e1lico para la mesa de centro a medida, como negro mate, oro champ\u00e1n cepillado o bronce, lo que permite una personalizaci\u00f3n a medida para combinar con el esquema de color general del interior y crear un punto focal visual \u00fanico.<\/li>\n<\/ul>\n<\/div>\n\n\n\n<div class=\"wp-block-column is-layout-flow wp-block-column-is-layout-flow\">\n<figure class=\"wp-block-image size-full\"><img decoding=\"async\" width=\"848\" height=\"989\" src=\"https:\/\/www.chicasafurniture.com\/wp-content\/uploads\/2026\/02\/Minimalist-Custom-Metal-Coffee-Table-with-Industrial-Design-4.webp\" alt=\"Mesa de centro minimalista de metal con dise\u00f1o industrial-4\" class=\"wp-image-619\" srcset=\"https:\/\/www.chicasafurniture.com\/wp-content\/uploads\/2026\/02\/Minimalist-Custom-Metal-Coffee-Table-with-Industrial-Design-4.webp 848w, https:\/\/www.chicasafurniture.com\/wp-content\/uploads\/2026\/02\/Minimalist-Custom-Metal-Coffee-Table-with-Industrial-Design-4-257x300.webp 257w, https:\/\/www.chicasafurniture.com\/wp-content\/uploads\/2026\/02\/Minimalist-Custom-Metal-Coffee-Table-with-Industrial-Design-4-768x896.webp 768w, https:\/\/www.chicasafurniture.com\/wp-content\/uploads\/2026\/02\/Minimalist-Custom-Metal-Coffee-Table-with-Industrial-Design-4-600x700.webp 600w\" sizes=\"(max-width: 848px) 100vw, 848px\" \/><\/figure>\n<\/div>\n<\/div>\n\n\n\n<div class=\"wp-block-columns is-layout-flex wp-container-core-columns-is-layout-9d6595d7 wp-block-columns-is-layout-flex\">\n<div class=\"wp-block-column is-layout-flow wp-block-column-is-layout-flow\">\n<figure class=\"wp-block-image size-full\"><img decoding=\"async\" width=\"1920\" height=\"1080\" src=\"https:\/\/www.chicasafurniture.com\/wp-content\/uploads\/2026\/02\/Minimalist-Custom-Metal-Coffee-Table-with-Industrial-Design-5.webp\" alt=\"Mesa de centro minimalista de metal con dise\u00f1o industrial-5\" class=\"wp-image-620\" srcset=\"https:\/\/www.chicasafurniture.com\/wp-content\/uploads\/2026\/02\/Minimalist-Custom-Metal-Coffee-Table-with-Industrial-Design-5.webp 1920w, https:\/\/www.chicasafurniture.com\/wp-content\/uploads\/2026\/02\/Minimalist-Custom-Metal-Coffee-Table-with-Industrial-Design-5-300x169.webp 300w, https:\/\/www.chicasafurniture.com\/wp-content\/uploads\/2026\/02\/Minimalist-Custom-Metal-Coffee-Table-with-Industrial-Design-5-768x432.webp 768w, https:\/\/www.chicasafurniture.com\/wp-content\/uploads\/2026\/02\/Minimalist-Custom-Metal-Coffee-Table-with-Industrial-Design-5-1200x675.webp 1200w, https:\/\/www.chicasafurniture.com\/wp-content\/uploads\/2026\/02\/Minimalist-Custom-Metal-Coffee-Table-with-Industrial-Design-5-600x338.webp 600w\" sizes=\"(max-width: 1920px) 100vw, 1920px\" \/><\/figure>\n\n\n\n<figure class=\"wp-block-image size-full\"><img decoding=\"async\" width=\"1920\" height=\"1080\" src=\"https:\/\/www.chicasafurniture.com\/wp-content\/uploads\/2026\/02\/Minimalist-Custom-Metal-Coffee-Table-with-Industrial-Design-2.webp\" alt=\"Mesa de centro minimalista de metal con dise\u00f1o industrial-2\" class=\"wp-image-617\" srcset=\"https:\/\/www.chicasafurniture.com\/wp-content\/uploads\/2026\/02\/Minimalist-Custom-Metal-Coffee-Table-with-Industrial-Design-2.webp 1920w, https:\/\/www.chicasafurniture.com\/wp-content\/uploads\/2026\/02\/Minimalist-Custom-Metal-Coffee-Table-with-Industrial-Design-2-300x169.webp 300w, https:\/\/www.chicasafurniture.com\/wp-content\/uploads\/2026\/02\/Minimalist-Custom-Metal-Coffee-Table-with-Industrial-Design-2-768x432.webp 768w, https:\/\/www.chicasafurniture.com\/wp-content\/uploads\/2026\/02\/Minimalist-Custom-Metal-Coffee-Table-with-Industrial-Design-2-1200x675.webp 1200w, https:\/\/www.chicasafurniture.com\/wp-content\/uploads\/2026\/02\/Minimalist-Custom-Metal-Coffee-Table-with-Industrial-Design-2-600x338.webp 600w\" sizes=\"(max-width: 1920px) 100vw, 1920px\" \/><\/figure>\n<\/div>\n<\/div>","protected":false},"excerpt":{"rendered":"<p>Bienvenido a comprar mesas de centro a medida. Eleve su zona de estar con nuestra mesa de centro met\u00e1lica a medida. Presenta una estructura duradera soldada con precisi\u00f3n y un sofisticado acabado mate que le confiere una elegancia moderna.<\/p>\n<table style=\"border-collapse: collapse; width: 222.03pt;\" border=\"0\" width=\"222\" cellspacing=\"0\" cellpadding=\"0\">\n<tbody>\n<tr style=\"height: 15.20pt;\">\n<td class=\"et2\" style=\"height: 15.20pt; width: 81.65pt;\" width=\"81\" height=\"15\">Fabricante<\/td>\n<td class=\"et2\" style=\"width: 140.80pt;\" width=\"140\">ChiCasa<\/td>\n<\/tr>\n<tr style=\"height: 15.20pt;\">\n<td class=\"et2\" style=\"height: 15.20pt;\" height=\"15\">Categor\u00eda<\/td>\n<td class=\"et2\">Mesa de centro<\/td>\n<\/tr>\n<tr style=\"height: 15.20pt;\">\n<td class=\"et2\" style=\"height: 15.20pt;\" height=\"15\">Aplicaci\u00f3n<\/td>\n<td class=\"et2\">Sala de estar<\/td>\n<\/tr>\n<tr style=\"height: 15.20pt;\">\n<td class=\"et2\" style=\"height: 15.20pt;\" height=\"15\">Estilo<\/td>\n<td class=\"et2\">Minimalista<\/td>\n<\/tr>\n<tr style=\"height: 15.20pt;\">\n<td class=\"et2\" style=\"height: 15.20pt;\" height=\"15\">Modelo<\/td>\n<td class=\"et2\">QMY-CT002<\/td>\n<\/tr>\n<tr style=\"height: 15.20pt;\">\n<td class=\"et2\" style=\"height: 15.20pt;\" height=\"15\">Personalizaci\u00f3n<\/td>\n<td class=\"et2\">Color, tama\u00f1o, material<\/td>\n<\/tr>\n<tr style=\"height: 15.20pt;\">\n<td class=\"et2\" style=\"height: 15.20pt;\" height=\"15\">MOQ<\/td>\n<td class=\"et2\">1 unidad<\/td>\n<\/tr>\n<\/tbody>\n<\/table>","protected":false},"featured_media":616,"comment_status":"closed","ping_status":"closed","template":"","meta":{"_acf_changed":false},"product_brand":[],"product_cat":[16,24],"product_tag":[],"class_list":{"0":"post-615","1":"product","2":"type-product","3":"status-publish","4":"has-post-thumbnail","6":"product_cat-bespoke-living-room-furniture","7":"product_cat-bespoke-coffee-table","9":"first","10":"instock","11":"shipping-taxable","12":"product-type-simple"},"acf":[],"_links":{"self":[{"href":"https:\/\/www.chicasafurniture.com\/es\/wp-json\/wp\/v2\/product\/615","targetHints":{"allow":["GET"]}}],"collection":[{"href":"https:\/\/www.chicasafurniture.com\/es\/wp-json\/wp\/v2\/product"}],"about":[{"href":"https:\/\/www.chicasafurniture.com\/es\/wp-json\/wp\/v2\/types\/product"}],"replies":[{"embeddable":true,"href":"https:\/\/www.chicasafurniture.com\/es\/wp-json\/wp\/v2\/comments?post=615"}],"wp:featuredmedia":[{"embeddable":true,"href":"https:\/\/www.chicasafurniture.com\/es\/wp-json\/wp\/v2\/media\/616"}],"wp:attachment":[{"href":"https:\/\/www.chicasafurniture.com\/es\/wp-json\/wp\/v2\/media?parent=615"}],"wp:term":[{"taxonomy":"product_brand","embeddable":true,"href":"https:\/\/www.chicasafurniture.com\/es\/wp-json\/wp\/v2\/product_brand?post=615"},{"taxonomy":"product_cat","embeddable":true,"href":"https:\/\/www.chicasafurniture.com\/es\/wp-json\/wp\/v2\/product_cat?post=615"},{"taxonomy":"product_tag","embeddable":true,"href":"https:\/\/www.chicasafurniture.com\/es\/wp-json\/wp\/v2\/product_tag?post=615"}],"curies":[{"name":"wp","href":"https:\/\/api.w.org\/{rel}","templated":true}]}}