{"id":621,"date":"2026-02-28T06:29:36","date_gmt":"2026-02-28T06:29:36","guid":{"rendered":"https:\/\/www.chicasafurniture.com\/?post_type=product&#038;p=621"},"modified":"2026-02-28T06:33:44","modified_gmt":"2026-02-28T06:33:44","slug":"custom-design-coffee-table","status":"publish","type":"product","link":"https:\/\/www.chicasafurniture.com\/es\/product\/custom-design-coffee-table\/","title":{"rendered":"Mesa de centro de dise\u00f1o personalizado con base de metal escultural moderna"},"content":{"rendered":"<h2 class=\"wp-block-heading\">Especificaciones de producto de la mesa de centro de dise\u00f1o personalizado<\/h2>\n\n\n\n<figure class=\"wp-block-table\"><table class=\"has-fixed-layout\"><tbody><tr><td>Marco<\/td><td>Material de cubierta<\/td><td>Material de relleno<\/td><td>Piernas<\/td><td>Color<\/td><td>Talla<\/td><td>Peso<\/td><\/tr><tr><td>Metal<\/td><td>\/<\/td><td>\/<\/td><td>Metal<\/td><td>Personalizado<\/td><td>Personalizado<\/td><td>50-100kg<\/td><\/tr><\/tbody><\/table><\/figure>\n\n\n\n<div class=\"wp-block-columns is-layout-flex wp-container-core-columns-is-layout-9d6595d7 wp-block-columns-is-layout-flex\">\n<div class=\"wp-block-column is-layout-flow wp-block-column-is-layout-flow\">\n<h2 class=\"wp-block-heading\">Mesa de centro premium de dise\u00f1o personalizado Caracter\u00edsticas:<\/h2>\n\n\n\n<ul class=\"wp-block-list\">\n<li><strong>Estructura escultural de metal:<\/strong> Esta mesa de centro de dise\u00f1o personalizado presenta una estructura de metal mate o cepillado, con l\u00edneas geom\u00e9tricas limpias que crean una estructura de base \u00fanica que integra a la perfecci\u00f3n el arte escult\u00f3rico moderno en el dise\u00f1o del mueble.<\/li>\n\n\n\n<li><strong>Acabados met\u00e1licos de alta calidad: <\/strong>Esta mesa de centro met\u00e1lica a medida ofrece una variedad de acabados met\u00e1licos de primera calidad, como Bronce, Negro mate u Oro champ\u00e1n, que exhiben un excelente tacto y brillo mediante procesos de galvanoplastia o pulverizaci\u00f3n fina.<\/li>\n\n\n\n<li><strong>Durabilidad y precisi\u00f3n artesanal:<\/strong> Nuestras mesas de centro de dise\u00f1o personalizado est\u00e1n fabricadas en acero inoxidable o acero aleado de alta calidad, utilizando t\u00e9cnicas de soldadura y pulido de precisi\u00f3n para garantizar una estructura robusta y costuras invisibles, lo que refleja un alto nivel de artesan\u00eda para una durabilidad duradera.<\/li>\n\n\n\n<li><strong>Tama\u00f1o personalizado y adaptaci\u00f3n funcional: <\/strong>Nuestras mesas de centro met\u00e1licas a medida ofrecen servicios de personalizaci\u00f3n flexibles, que permiten ajustar la forma del tablero (como redondo, cuadrado o de formas org\u00e1nicas) y el tama\u00f1o para adaptarse a las distintas necesidades de espacio y decoraci\u00f3n del sal\u00f3n.<\/li>\n<\/ul>\n<\/div>\n\n\n\n<div class=\"wp-block-column is-layout-flow wp-block-column-is-layout-flow\">\n<figure class=\"wp-block-image size-full\"><img decoding=\"async\" width=\"1000\" height=\"1000\" src=\"https:\/\/www.chicasafurniture.com\/wp-content\/uploads\/2026\/02\/Custom-Design-Coffee-Table-with-Modern-Sculptural-Metal-Base-1.webp\" alt=\"Mesa de centro de dise\u00f1o personalizado con base de metal escult\u00f3rica moderna-1\" class=\"wp-image-622\" srcset=\"https:\/\/www.chicasafurniture.com\/wp-content\/uploads\/2026\/02\/Custom-Design-Coffee-Table-with-Modern-Sculptural-Metal-Base-1.webp 1000w, https:\/\/www.chicasafurniture.com\/wp-content\/uploads\/2026\/02\/Custom-Design-Coffee-Table-with-Modern-Sculptural-Metal-Base-1-300x300.webp 300w, https:\/\/www.chicasafurniture.com\/wp-content\/uploads\/2026\/02\/Custom-Design-Coffee-Table-with-Modern-Sculptural-Metal-Base-1-150x150.webp 150w, https:\/\/www.chicasafurniture.com\/wp-content\/uploads\/2026\/02\/Custom-Design-Coffee-Table-with-Modern-Sculptural-Metal-Base-1-768x768.webp 768w, https:\/\/www.chicasafurniture.com\/wp-content\/uploads\/2026\/02\/Custom-Design-Coffee-Table-with-Modern-Sculptural-Metal-Base-1-600x600.webp 600w, https:\/\/www.chicasafurniture.com\/wp-content\/uploads\/2026\/02\/Custom-Design-Coffee-Table-with-Modern-Sculptural-Metal-Base-1-100x100.webp 100w\" sizes=\"(max-width: 1000px) 100vw, 1000px\" \/><\/figure>\n<\/div>\n<\/div>\n\n\n\n<div class=\"wp-block-columns is-layout-flex wp-container-core-columns-is-layout-9d6595d7 wp-block-columns-is-layout-flex\">\n<div class=\"wp-block-column is-layout-flow wp-block-column-is-layout-flow\">\n<figure class=\"wp-block-image size-full\"><img decoding=\"async\" width=\"1200\" height=\"765\" src=\"https:\/\/www.chicasafurniture.com\/wp-content\/uploads\/2026\/02\/Custom-Design-Coffee-Table-with-Modern-Sculptural-Metal-Base-3.webp\" alt=\"Mesa de centro de dise\u00f1o personalizado con base de metal escult\u00f3rica moderna-3\" class=\"wp-image-624\" srcset=\"https:\/\/www.chicasafurniture.com\/wp-content\/uploads\/2026\/02\/Custom-Design-Coffee-Table-with-Modern-Sculptural-Metal-Base-3.webp 1200w, https:\/\/www.chicasafurniture.com\/wp-content\/uploads\/2026\/02\/Custom-Design-Coffee-Table-with-Modern-Sculptural-Metal-Base-3-300x191.webp 300w, https:\/\/www.chicasafurniture.com\/wp-content\/uploads\/2026\/02\/Custom-Design-Coffee-Table-with-Modern-Sculptural-Metal-Base-3-768x490.webp 768w, https:\/\/www.chicasafurniture.com\/wp-content\/uploads\/2026\/02\/Custom-Design-Coffee-Table-with-Modern-Sculptural-Metal-Base-3-600x383.webp 600w\" sizes=\"(max-width: 1200px) 100vw, 1200px\" \/><\/figure>\n\n\n\n<figure class=\"wp-block-image size-full\"><img decoding=\"async\" width=\"1200\" height=\"765\" src=\"https:\/\/www.chicasafurniture.com\/wp-content\/uploads\/2026\/02\/Custom-Design-Coffee-Table-with-Modern-Sculptural-Metal-Base-4.webp\" alt=\"Mesa de centro de dise\u00f1o personalizado con base de metal escult\u00f3rica moderna-4\" class=\"wp-image-625\" srcset=\"https:\/\/www.chicasafurniture.com\/wp-content\/uploads\/2026\/02\/Custom-Design-Coffee-Table-with-Modern-Sculptural-Metal-Base-4.webp 1200w, https:\/\/www.chicasafurniture.com\/wp-content\/uploads\/2026\/02\/Custom-Design-Coffee-Table-with-Modern-Sculptural-Metal-Base-4-300x191.webp 300w, https:\/\/www.chicasafurniture.com\/wp-content\/uploads\/2026\/02\/Custom-Design-Coffee-Table-with-Modern-Sculptural-Metal-Base-4-768x490.webp 768w, https:\/\/www.chicasafurniture.com\/wp-content\/uploads\/2026\/02\/Custom-Design-Coffee-Table-with-Modern-Sculptural-Metal-Base-4-600x383.webp 600w\" sizes=\"(max-width: 1200px) 100vw, 1200px\" \/><\/figure>\n<\/div>\n<\/div>","protected":false},"excerpt":{"rendered":"<p>Bienvenido a comprar mesas de centro a medida. Actualice su sal\u00f3n con nuestra mesa de centro de dise\u00f1o personalizado. Con una elegante base de metal y acabados de primera calidad, combina el estilo art\u00edstico con la utilidad moderna.<\/p>\n<table style=\"border-collapse: collapse; width: 222.03pt;\" border=\"0\" width=\"222\" cellspacing=\"0\" cellpadding=\"0\">\n<tbody>\n<tr style=\"height: 15.20pt;\">\n<td class=\"et2\" style=\"height: 15.20pt; width: 81.65pt;\" width=\"81\" height=\"15\">Fabricante<\/td>\n<td class=\"et2\" style=\"width: 140.80pt;\" width=\"140\">ChiCasa<\/td>\n<\/tr>\n<tr style=\"height: 15.20pt;\">\n<td class=\"et2\" style=\"height: 15.20pt;\" height=\"15\">Categor\u00eda<\/td>\n<td class=\"et2\">Mesa de centro<\/td>\n<\/tr>\n<tr style=\"height: 15.20pt;\">\n<td class=\"et2\" style=\"height: 15.20pt;\" height=\"15\">Aplicaci\u00f3n<\/td>\n<td class=\"et2\">Sala de estar<\/td>\n<\/tr>\n<tr style=\"height: 15.20pt;\">\n<td class=\"et2\" style=\"height: 15.20pt;\" height=\"15\">Estilo<\/td>\n<td class=\"et2\">Minimalista<\/td>\n<\/tr>\n<tr style=\"height: 15.20pt;\">\n<td class=\"et2\" style=\"height: 15.20pt;\" height=\"15\">Modelo<\/td>\n<td class=\"et2\">QMY-CT003<\/td>\n<\/tr>\n<tr style=\"height: 15.20pt;\">\n<td class=\"et2\" style=\"height: 15.20pt;\" height=\"15\">Personalizaci\u00f3n<\/td>\n<td class=\"et2\">Color, tama\u00f1o, material<\/td>\n<\/tr>\n<tr style=\"height: 15.20pt;\">\n<td class=\"et2\" style=\"height: 15.20pt;\" height=\"15\">MOQ<\/td>\n<td class=\"et2\">1 unidad<\/td>\n<\/tr>\n<\/tbody>\n<\/table>","protected":false},"featured_media":623,"comment_status":"closed","ping_status":"closed","template":"","meta":{"_acf_changed":false},"product_brand":[],"product_cat":[16,24],"product_tag":[],"class_list":{"0":"post-621","1":"product","2":"type-product","3":"status-publish","4":"has-post-thumbnail","6":"product_cat-bespoke-living-room-furniture","7":"product_cat-bespoke-coffee-table","9":"first","10":"instock","11":"shipping-taxable","12":"product-type-simple"},"acf":[],"_links":{"self":[{"href":"https:\/\/www.chicasafurniture.com\/es\/wp-json\/wp\/v2\/product\/621","targetHints":{"allow":["GET"]}}],"collection":[{"href":"https:\/\/www.chicasafurniture.com\/es\/wp-json\/wp\/v2\/product"}],"about":[{"href":"https:\/\/www.chicasafurniture.com\/es\/wp-json\/wp\/v2\/types\/product"}],"replies":[{"embeddable":true,"href":"https:\/\/www.chicasafurniture.com\/es\/wp-json\/wp\/v2\/comments?post=621"}],"wp:featuredmedia":[{"embeddable":true,"href":"https:\/\/www.chicasafurniture.com\/es\/wp-json\/wp\/v2\/media\/623"}],"wp:attachment":[{"href":"https:\/\/www.chicasafurniture.com\/es\/wp-json\/wp\/v2\/media?parent=621"}],"wp:term":[{"taxonomy":"product_brand","embeddable":true,"href":"https:\/\/www.chicasafurniture.com\/es\/wp-json\/wp\/v2\/product_brand?post=621"},{"taxonomy":"product_cat","embeddable":true,"href":"https:\/\/www.chicasafurniture.com\/es\/wp-json\/wp\/v2\/product_cat?post=621"},{"taxonomy":"product_tag","embeddable":true,"href":"https:\/\/www.chicasafurniture.com\/es\/wp-json\/wp\/v2\/product_tag?post=621"}],"curies":[{"name":"wp","href":"https:\/\/api.w.org\/{rel}","templated":true}]}}