{"id":626,"date":"2026-02-28T06:34:45","date_gmt":"2026-02-28T06:34:45","guid":{"rendered":"https:\/\/www.chicasafurniture.com\/?post_type=product&#038;p=626"},"modified":"2026-02-28T06:42:29","modified_gmt":"2026-02-28T06:42:29","slug":"custom-coffee-table-set","status":"publish","type":"product","link":"https:\/\/www.chicasafurniture.com\/es\/product\/custom-coffee-table-set\/","title":{"rendered":"Moderno juego de mesa de centro a medida con escultural dise\u00f1o met\u00e1lico"},"content":{"rendered":"<h2 class=\"wp-block-heading\">Especificaciones de producto del juego de mesa de centro a medida<\/h2>\n\n\n\n<figure class=\"wp-block-table\"><table class=\"has-fixed-layout\"><tbody><tr><td>Marco<\/td><td>Material de cubierta<\/td><td>Material de relleno<\/td><td>Piernas<\/td><td>Color<\/td><td>Talla<\/td><td>Peso<\/td><\/tr><tr><td>Metal<\/td><td>\/<\/td><td>\/<\/td><td>Metal<\/td><td>Personalizado<\/td><td>Personalizado<\/td><td>50-100kg<\/td><\/tr><\/tbody><\/table><\/figure>\n\n\n\n<div class=\"wp-block-columns is-layout-flex wp-container-core-columns-is-layout-9d6595d7 wp-block-columns-is-layout-flex\">\n<div class=\"wp-block-column is-layout-flow wp-block-column-is-layout-flow\">\n<h2 class=\"wp-block-heading\">Conjunto de mesa de centro Premium Custom Caracter\u00edsticas:<\/h2>\n\n\n\n<ul class=\"wp-block-list\">\n<li><strong>Formas geom\u00e9tricas minimalistas: <\/strong>Este juego de mesa de centro a medida presenta un marco escultural construido a partir de l\u00edneas limpias de metal. El dise\u00f1o escalonado y en capas confiere al conjunto una est\u00e9tica ligera y moderna.<\/li>\n\n\n\n<li><strong>Exquisitos acabados met\u00e1licos:<\/strong> Estas mesas de centro a medida presentan un recubrimiento en polvo mate de alta calidad o un delicado galvanizado cepillado, que confieren al metal una textura c\u00e1lida y no deslumbrante que complementa el dise\u00f1o interior de las residencias de lujo.<\/li>\n\n\n\n<li><strong>Una armoniosa mezcla de fuerza y flexibilidad:<\/strong> La estructura met\u00e1lica de este juego de mesa de centro a medida demuestra una excelente resistencia estructural, mientras que la precisa soldadura sin juntas mantiene la sencillez e integridad de la apariencia del producto, reflejando un alto nivel de dise\u00f1o industrial.<\/li>\n\n\n\n<li><strong>Combinaciones multifuncionales flexibles: <\/strong>Este juego de mesa de centro a medida adopta un concepto de dise\u00f1o modular, que permite combinarla o desmontarla con flexibilidad para adaptarla a diferentes tama\u00f1os de sal\u00f3n. Sirve tanto de pr\u00e1ctica plataforma de almacenamiento como de pieza decorativa que realza el estilo art\u00edstico del hogar.<\/li>\n<\/ul>\n<\/div>\n\n\n\n<div class=\"wp-block-column is-layout-flow wp-block-column-is-layout-flow\">\n<figure class=\"wp-block-image size-full\"><img decoding=\"async\" width=\"1000\" height=\"1000\" src=\"https:\/\/www.chicasafurniture.com\/wp-content\/uploads\/2026\/02\/Modern-Custom-Coffee-Table-Set-with-Sculptural-Metal-Design-1.webp\" alt=\"Moderno juego de mesa baja a medida con escultural dise\u00f1o met\u00e1lico-1\" class=\"wp-image-627\" srcset=\"https:\/\/www.chicasafurniture.com\/wp-content\/uploads\/2026\/02\/Modern-Custom-Coffee-Table-Set-with-Sculptural-Metal-Design-1.webp 1000w, https:\/\/www.chicasafurniture.com\/wp-content\/uploads\/2026\/02\/Modern-Custom-Coffee-Table-Set-with-Sculptural-Metal-Design-1-300x300.webp 300w, https:\/\/www.chicasafurniture.com\/wp-content\/uploads\/2026\/02\/Modern-Custom-Coffee-Table-Set-with-Sculptural-Metal-Design-1-150x150.webp 150w, https:\/\/www.chicasafurniture.com\/wp-content\/uploads\/2026\/02\/Modern-Custom-Coffee-Table-Set-with-Sculptural-Metal-Design-1-768x768.webp 768w, https:\/\/www.chicasafurniture.com\/wp-content\/uploads\/2026\/02\/Modern-Custom-Coffee-Table-Set-with-Sculptural-Metal-Design-1-600x600.webp 600w, https:\/\/www.chicasafurniture.com\/wp-content\/uploads\/2026\/02\/Modern-Custom-Coffee-Table-Set-with-Sculptural-Metal-Design-1-100x100.webp 100w\" sizes=\"(max-width: 1000px) 100vw, 1000px\" \/><\/figure>\n<\/div>\n<\/div>\n\n\n\n<div class=\"wp-block-columns is-layout-flex wp-container-core-columns-is-layout-9d6595d7 wp-block-columns-is-layout-flex\">\n<div class=\"wp-block-column is-layout-flow wp-block-column-is-layout-flow\">\n<figure class=\"wp-block-gallery has-nested-images columns-default is-cropped wp-block-gallery-1 is-layout-flex wp-block-gallery-is-layout-flex\">\n<figure class=\"wp-block-image size-large\"><img decoding=\"async\" width=\"522\" height=\"766\" data-id=\"629\" src=\"https:\/\/www.chicasafurniture.com\/wp-content\/uploads\/2026\/02\/Modern-Custom-Coffee-Table-Set-with-Sculptural-Metal-Design-3.jpg\" alt=\"Moderno juego de mesa de centro a medida con escultural dise\u00f1o met\u00e1lico-3\" class=\"wp-image-629\" srcset=\"https:\/\/www.chicasafurniture.com\/wp-content\/uploads\/2026\/02\/Modern-Custom-Coffee-Table-Set-with-Sculptural-Metal-Design-3.jpg 522w, https:\/\/www.chicasafurniture.com\/wp-content\/uploads\/2026\/02\/Modern-Custom-Coffee-Table-Set-with-Sculptural-Metal-Design-3-204x300.jpg 204w\" sizes=\"(max-width: 522px) 100vw, 522px\" \/><\/figure>\n\n\n\n<figure class=\"wp-block-image size-large\"><img decoding=\"async\" width=\"2000\" height=\"1750\" data-id=\"630\" src=\"https:\/\/www.chicasafurniture.com\/wp-content\/uploads\/2026\/02\/Modern-Custom-Coffee-Table-Set-with-Sculptural-Metal-Design-4.png\" alt=\"Moderno juego de mesa de centro a medida con dise\u00f1o escultural de metal-4\" class=\"wp-image-630\" srcset=\"https:\/\/www.chicasafurniture.com\/wp-content\/uploads\/2026\/02\/Modern-Custom-Coffee-Table-Set-with-Sculptural-Metal-Design-4.png 2000w, https:\/\/www.chicasafurniture.com\/wp-content\/uploads\/2026\/02\/Modern-Custom-Coffee-Table-Set-with-Sculptural-Metal-Design-4-300x263.png 300w, https:\/\/www.chicasafurniture.com\/wp-content\/uploads\/2026\/02\/Modern-Custom-Coffee-Table-Set-with-Sculptural-Metal-Design-4-768x672.png 768w, https:\/\/www.chicasafurniture.com\/wp-content\/uploads\/2026\/02\/Modern-Custom-Coffee-Table-Set-with-Sculptural-Metal-Design-4-1200x1050.png 1200w, https:\/\/www.chicasafurniture.com\/wp-content\/uploads\/2026\/02\/Modern-Custom-Coffee-Table-Set-with-Sculptural-Metal-Design-4-600x525.png 600w\" sizes=\"(max-width: 2000px) 100vw, 2000px\" \/><\/figure>\n<\/figure>\n<\/div>\n<\/div>","protected":false},"excerpt":{"rendered":"<p>Bienvenido a comprar mesas de centro a medida. Mejore su espacio vital con este conjunto de mesas de centro a medida. Con una estructura de metal resistente y un acabado de primera calidad, ofrece una est\u00e9tica sofisticada y minimalista.<\/p>\n<table style=\"border-collapse: collapse; width: 222.03pt;\" border=\"0\" width=\"222\" cellspacing=\"0\" cellpadding=\"0\">\n<tbody>\n<tr style=\"height: 15.20pt;\">\n<td class=\"et2\" style=\"height: 15.20pt; width: 81.65pt;\" width=\"81\" height=\"15\">Fabricante<\/td>\n<td class=\"et2\" style=\"width: 140.80pt;\" width=\"140\">ChiCasa<\/td>\n<\/tr>\n<tr style=\"height: 15.20pt;\">\n<td class=\"et2\" style=\"height: 15.20pt;\" height=\"15\">Categor\u00eda<\/td>\n<td class=\"et2\">Mesa de centro<\/td>\n<\/tr>\n<tr style=\"height: 15.20pt;\">\n<td class=\"et2\" style=\"height: 15.20pt;\" height=\"15\">Aplicaci\u00f3n<\/td>\n<td class=\"et2\">Sala de estar<\/td>\n<\/tr>\n<tr style=\"height: 15.20pt;\">\n<td class=\"et2\" style=\"height: 15.20pt;\" height=\"15\">Estilo<\/td>\n<td class=\"et2\">Lujo refinado<\/td>\n<\/tr>\n<tr style=\"height: 15.20pt;\">\n<td class=\"et2\" style=\"height: 15.20pt;\" height=\"15\">Modelo<\/td>\n<td class=\"et2\">QMY-CT009<\/td>\n<\/tr>\n<tr style=\"height: 15.20pt;\">\n<td class=\"et2\" style=\"height: 15.20pt;\" height=\"15\">Personalizaci\u00f3n<\/td>\n<td class=\"et2\">Color, tama\u00f1o, material<\/td>\n<\/tr>\n<tr style=\"height: 15.20pt;\">\n<td class=\"et2\" style=\"height: 15.20pt;\" height=\"15\">MOQ<\/td>\n<td class=\"et2\">1 unidad<\/td>\n<\/tr>\n<\/tbody>\n<\/table>","protected":false},"featured_media":628,"comment_status":"closed","ping_status":"closed","template":"","meta":{"_acf_changed":false},"product_brand":[],"product_cat":[16,24],"product_tag":[],"class_list":{"0":"post-626","1":"product","2":"type-product","3":"status-publish","4":"has-post-thumbnail","6":"product_cat-bespoke-living-room-furniture","7":"product_cat-bespoke-coffee-table","9":"first","10":"instock","11":"shipping-taxable","12":"product-type-simple"},"acf":[],"_links":{"self":[{"href":"https:\/\/www.chicasafurniture.com\/es\/wp-json\/wp\/v2\/product\/626","targetHints":{"allow":["GET"]}}],"collection":[{"href":"https:\/\/www.chicasafurniture.com\/es\/wp-json\/wp\/v2\/product"}],"about":[{"href":"https:\/\/www.chicasafurniture.com\/es\/wp-json\/wp\/v2\/types\/product"}],"replies":[{"embeddable":true,"href":"https:\/\/www.chicasafurniture.com\/es\/wp-json\/wp\/v2\/comments?post=626"}],"wp:featuredmedia":[{"embeddable":true,"href":"https:\/\/www.chicasafurniture.com\/es\/wp-json\/wp\/v2\/media\/628"}],"wp:attachment":[{"href":"https:\/\/www.chicasafurniture.com\/es\/wp-json\/wp\/v2\/media?parent=626"}],"wp:term":[{"taxonomy":"product_brand","embeddable":true,"href":"https:\/\/www.chicasafurniture.com\/es\/wp-json\/wp\/v2\/product_brand?post=626"},{"taxonomy":"product_cat","embeddable":true,"href":"https:\/\/www.chicasafurniture.com\/es\/wp-json\/wp\/v2\/product_cat?post=626"},{"taxonomy":"product_tag","embeddable":true,"href":"https:\/\/www.chicasafurniture.com\/es\/wp-json\/wp\/v2\/product_tag?post=626"}],"curies":[{"name":"wp","href":"https:\/\/api.w.org\/{rel}","templated":true}]}}