{"id":631,"date":"2026-02-28T06:43:51","date_gmt":"2026-02-28T06:43:51","guid":{"rendered":"https:\/\/www.chicasafurniture.com\/?post_type=product&#038;p=631"},"modified":"2026-02-28T07:10:49","modified_gmt":"2026-02-28T07:10:49","slug":"custom-marble-coffee-tables","status":"publish","type":"product","link":"https:\/\/www.chicasafurniture.com\/es\/product\/custom-marble-coffee-tables\/","title":{"rendered":"Lujosas mesas de centro de m\u00e1rmol personalizadas con base geom\u00e9trica de metal"},"content":{"rendered":"<h2 class=\"wp-block-heading\">Especificaciones de producto de las mesas de centro de m\u00e1rmol a medida<\/h2>\n\n\n\n<figure class=\"wp-block-table\"><table class=\"has-fixed-layout\"><tbody><tr><td>Marco<\/td><td>Material de cubierta<\/td><td>Material de relleno<\/td><td>Piernas<\/td><td>Color<\/td><td>Talla<\/td><td>Peso<\/td><\/tr><tr><td>Metal<\/td><td>\/<\/td><td>\/<\/td><td>Metal<\/td><td>Personalizado<\/td><td>Personalizado<\/td><td>50-100kg<\/td><\/tr><\/tbody><\/table><\/figure>\n\n\n\n<div class=\"wp-block-columns is-layout-flex wp-container-core-columns-is-layout-9d6595d7 wp-block-columns-is-layout-flex\">\n<div class=\"wp-block-column is-layout-flow wp-block-column-is-layout-flow\">\n<h2 class=\"wp-block-heading\">Mesas de Caf\u00e9 de M\u00e1rmol Personalizadas Premium Caracter\u00edsticas:<\/h2>\n\n\n\n<ul class=\"wp-block-list\">\n<li><strong>Robusta base geom\u00e9trica de metal:<\/strong> Nuestras mesas de centro de m\u00e1rmol personalizadas est\u00e1n fabricadas en metal de alta resistencia, con una estructura de soporte geom\u00e9trica estable creada mediante una soldadura precisa, que proporciona una durabilidad y una est\u00e9tica estructural excepcionales.<\/li>\n\n\n\n<li><strong>Acabado de m\u00e1rmol personalizable:<\/strong> El tablero de esta mesa de centro moderna a medida presenta un acabado de m\u00e1rmol, lo que permite a los clientes elegir la textura de la piedra para que combine con el esquema de color general de su hogar. Combina la belleza natural de la piedra con el tacto suave y ligero del acabado en m\u00e1rmol.<\/li>\n\n\n\n<li><strong>Contraste de materiales:<\/strong> El acabado mate o cepillado de la estructura met\u00e1lica de estas mesas de centro de m\u00e1rmol personalizadas crea un llamativo contraste visual con los tonos c\u00e1lidos y fr\u00edos del m\u00e1rmol. Esta combinaci\u00f3n de materiales eleva el estilo lujoso y el nivel art\u00edstico del producto.<\/li>\n\n\n\n<li><strong>Dise\u00f1o ligero y flotante:<\/strong> Gracias a la resistencia estructural del metal, esta mesa de centro moderna hecha a medida presenta l\u00edneas limpias, reduciendo la sensaci\u00f3n opresiva de los muebles pesados tradicionales y haciendo que el espacio del sal\u00f3n parezca m\u00e1s abierto y moderno.<\/li>\n<\/ul>\n<\/div>\n\n\n\n<div class=\"wp-block-column is-layout-flow wp-block-column-is-layout-flow\">\n<figure class=\"wp-block-image size-full\"><img decoding=\"async\" width=\"1000\" height=\"1000\" src=\"https:\/\/www.chicasafurniture.com\/wp-content\/uploads\/2026\/02\/Luxury-Custom-Marble-Coffee-Tables-with-Metal-Geometric-Base-2.webp\" alt=\"Mesas de centro de m\u00e1rmol personalizadas de lujo con base geom\u00e9trica de metal-2\" class=\"wp-image-639\" srcset=\"https:\/\/www.chicasafurniture.com\/wp-content\/uploads\/2026\/02\/Luxury-Custom-Marble-Coffee-Tables-with-Metal-Geometric-Base-2.webp 1000w, https:\/\/www.chicasafurniture.com\/wp-content\/uploads\/2026\/02\/Luxury-Custom-Marble-Coffee-Tables-with-Metal-Geometric-Base-2-300x300.webp 300w, https:\/\/www.chicasafurniture.com\/wp-content\/uploads\/2026\/02\/Luxury-Custom-Marble-Coffee-Tables-with-Metal-Geometric-Base-2-150x150.webp 150w, https:\/\/www.chicasafurniture.com\/wp-content\/uploads\/2026\/02\/Luxury-Custom-Marble-Coffee-Tables-with-Metal-Geometric-Base-2-768x768.webp 768w, https:\/\/www.chicasafurniture.com\/wp-content\/uploads\/2026\/02\/Luxury-Custom-Marble-Coffee-Tables-with-Metal-Geometric-Base-2-600x600.webp 600w, https:\/\/www.chicasafurniture.com\/wp-content\/uploads\/2026\/02\/Luxury-Custom-Marble-Coffee-Tables-with-Metal-Geometric-Base-2-100x100.webp 100w\" sizes=\"(max-width: 1000px) 100vw, 1000px\" \/><\/figure>\n<\/div>\n<\/div>\n\n\n\n<figure class=\"wp-block-image size-full\"><img decoding=\"async\" width=\"1200\" height=\"851\" src=\"https:\/\/www.chicasafurniture.com\/wp-content\/uploads\/2026\/02\/Luxury-Custom-Marble-Coffee-Tables-with-Metal-Geometric-Base-4.webp\" alt=\"Mesas de centro de m\u00e1rmol personalizadas de lujo con base geom\u00e9trica de metal-4\" class=\"wp-image-641\" srcset=\"https:\/\/www.chicasafurniture.com\/wp-content\/uploads\/2026\/02\/Luxury-Custom-Marble-Coffee-Tables-with-Metal-Geometric-Base-4.webp 1200w, https:\/\/www.chicasafurniture.com\/wp-content\/uploads\/2026\/02\/Luxury-Custom-Marble-Coffee-Tables-with-Metal-Geometric-Base-4-300x213.webp 300w, https:\/\/www.chicasafurniture.com\/wp-content\/uploads\/2026\/02\/Luxury-Custom-Marble-Coffee-Tables-with-Metal-Geometric-Base-4-768x545.webp 768w, https:\/\/www.chicasafurniture.com\/wp-content\/uploads\/2026\/02\/Luxury-Custom-Marble-Coffee-Tables-with-Metal-Geometric-Base-4-600x426.webp 600w\" sizes=\"(max-width: 1200px) 100vw, 1200px\" \/><\/figure>","protected":false},"excerpt":{"rendered":"<p>Bienvenido a comprar mesas de centro a medida. Eleve su hogar con nuestras mesas de centro de m\u00e1rmol personalizadas. Con armazones de metal resistentes y tableros de piedra personalizables para una combinaci\u00f3n perfecta de lujo y estilo moderno.<\/p>\n<table style=\"border-collapse: collapse; width: 222.03pt;\" border=\"0\" width=\"222\" cellspacing=\"0\" cellpadding=\"0\">\n<tbody>\n<tr style=\"height: 15.20pt;\">\n<td class=\"et2\" style=\"height: 15.20pt; width: 81.65pt;\" width=\"81\" height=\"15\">Fabricante<\/td>\n<td class=\"et2\" style=\"width: 140.80pt;\" width=\"140\">ChiCasa<\/td>\n<\/tr>\n<tr style=\"height: 15.20pt;\">\n<td class=\"et2\" style=\"height: 15.20pt;\" height=\"15\">Categor\u00eda<\/td>\n<td class=\"et2\">Mesa de centro<\/td>\n<\/tr>\n<tr style=\"height: 15.20pt;\">\n<td class=\"et2\" style=\"height: 15.20pt;\" height=\"15\">Aplicaci\u00f3n<\/td>\n<td class=\"et2\">Sala de estar<\/td>\n<\/tr>\n<tr style=\"height: 15.20pt;\">\n<td class=\"et2\" style=\"height: 15.20pt;\" height=\"15\">Estilo<\/td>\n<td class=\"et2\">Lujo refinado<\/td>\n<\/tr>\n<tr style=\"height: 15.20pt;\">\n<td class=\"et2\" style=\"height: 15.20pt;\" height=\"15\">Modelo<\/td>\n<td class=\"et2\">QMY-CT032<\/td>\n<\/tr>\n<tr style=\"height: 15.20pt;\">\n<td class=\"et2\" style=\"height: 15.20pt;\" height=\"15\">Personalizaci\u00f3n<\/td>\n<td class=\"et2\">Color, tama\u00f1o, material<\/td>\n<\/tr>\n<tr style=\"height: 15.20pt;\">\n<td class=\"et2\" style=\"height: 15.20pt;\" height=\"15\">MOQ<\/td>\n<td class=\"et2\">1 unidad<\/td>\n<\/tr>\n<\/tbody>\n<\/table>","protected":false},"featured_media":640,"comment_status":"closed","ping_status":"closed","template":"","meta":{"_acf_changed":false},"product_brand":[],"product_cat":[16,24],"product_tag":[],"class_list":{"0":"post-631","1":"product","2":"type-product","3":"status-publish","4":"has-post-thumbnail","6":"product_cat-bespoke-living-room-furniture","7":"product_cat-bespoke-coffee-table","9":"first","10":"instock","11":"shipping-taxable","12":"product-type-simple"},"acf":[],"_links":{"self":[{"href":"https:\/\/www.chicasafurniture.com\/es\/wp-json\/wp\/v2\/product\/631","targetHints":{"allow":["GET"]}}],"collection":[{"href":"https:\/\/www.chicasafurniture.com\/es\/wp-json\/wp\/v2\/product"}],"about":[{"href":"https:\/\/www.chicasafurniture.com\/es\/wp-json\/wp\/v2\/types\/product"}],"replies":[{"embeddable":true,"href":"https:\/\/www.chicasafurniture.com\/es\/wp-json\/wp\/v2\/comments?post=631"}],"wp:featuredmedia":[{"embeddable":true,"href":"https:\/\/www.chicasafurniture.com\/es\/wp-json\/wp\/v2\/media\/640"}],"wp:attachment":[{"href":"https:\/\/www.chicasafurniture.com\/es\/wp-json\/wp\/v2\/media?parent=631"}],"wp:term":[{"taxonomy":"product_brand","embeddable":true,"href":"https:\/\/www.chicasafurniture.com\/es\/wp-json\/wp\/v2\/product_brand?post=631"},{"taxonomy":"product_cat","embeddable":true,"href":"https:\/\/www.chicasafurniture.com\/es\/wp-json\/wp\/v2\/product_cat?post=631"},{"taxonomy":"product_tag","embeddable":true,"href":"https:\/\/www.chicasafurniture.com\/es\/wp-json\/wp\/v2\/product_tag?post=631"}],"curies":[{"name":"wp","href":"https:\/\/api.w.org\/{rel}","templated":true}]}}