{"id":632,"date":"2026-02-28T06:47:55","date_gmt":"2026-02-28T06:47:55","guid":{"rendered":"https:\/\/www.chicasafurniture.com\/?post_type=product&#038;p=632"},"modified":"2026-02-28T06:54:44","modified_gmt":"2026-02-28T06:54:44","slug":"custom-makeup-vanity","status":"publish","type":"product","link":"https:\/\/www.chicasafurniture.com\/es\/product\/custom-makeup-vanity\/","title":{"rendered":"Tocador de maquillaje a medida, dise\u00f1o Art D\u00e9co minimalista en metal"},"content":{"rendered":"<h2 class=\"wp-block-heading\">Especificaciones de producto del tocador de maquillaje a medida<\/h2>\n\n\n\n<figure class=\"wp-block-table\"><table class=\"has-fixed-layout\"><tbody><tr><td>Marco<\/td><td>Material de cubierta<\/td><td>Material de relleno<\/td><td>Piernas<\/td><td>Color<\/td><td>Talla<\/td><td>Peso<\/td><\/tr><tr><td>Madera<\/td><td>Tejido<\/td><td>\/<\/td><td>Metal<\/td><td>Personalizado<\/td><td>Personalizado<\/td><td>50-75kg<\/td><\/tr><\/tbody><\/table><\/figure>\n\n\n\n<div class=\"wp-block-columns is-layout-flex wp-container-core-columns-is-layout-9d6595d7 wp-block-columns-is-layout-flex\">\n<div class=\"wp-block-column is-layout-flow wp-block-column-is-layout-flow\">\n<h2 class=\"wp-block-heading\">Premium Custom Maquillaje Vanidad Caracter\u00edsticas:<\/h2>\n\n\n\n<ul class=\"wp-block-list\">\n<li><strong>Estructura escultural de metal: <\/strong>Este tocador de maquillaje personalizado est\u00e1 fabricado en aleaci\u00f3n de aluminio de alta resistencia o acero inoxidable, con una elegante base geom\u00e9trica construida mediante precisas t\u00e9cnicas de soldadura sin juntas. Esto le confiere una estabilidad excepcional y una est\u00e9tica escultural moderna.<\/li>\n\n\n\n<li><strong>Acabado superficial de metal refinado:<\/strong> La superficie de este tocador a medida se somete a un proceso de pulverizaci\u00f3n mate de alta calidad o de galvanoplastia cepillada, presentando un brillo c\u00e1lido y delicado a la vez que ofrece una excelente resistencia a las huellas dactilares y al desgaste, resaltando su calidad de encargo de alta gama.<\/li>\n\n\n\n<li><strong>Dise\u00f1o ergon\u00f3mico y ligero:<\/strong> Este tocador de maquillaje a medida presenta un dise\u00f1o flotante, que mantiene la apertura visual al tiempo que ofrece un amplio espacio para las piernas, equilibrando la comodidad y la sensaci\u00f3n de amplitud.<\/li>\n\n\n\n<li><strong>Espacio de almacenamiento personalizado: <\/strong>Nuestro tocador a medida est\u00e1 equipado con gu\u00edas met\u00e1licas a medida para los cajones, que garantizan una apertura suave y silenciosa. El interior puede dividirse modularmente seg\u00fan el tama\u00f1o de sus cosm\u00e9ticos, reflejando las consideraciones funcionales de los muebles a medida.<\/li>\n<\/ul>\n<\/div>\n\n\n\n<div class=\"wp-block-column is-layout-flow wp-block-column-is-layout-flow\">\n<figure class=\"wp-block-image size-full\"><img decoding=\"async\" width=\"1439\" height=\"1920\" src=\"https:\/\/www.chicasafurniture.com\/wp-content\/uploads\/2026\/02\/Custom-Makeup-Vanity-Table-Minimalist-Metal-Art-Deco-Design-4.webp\" alt=\"Tocador de maquillaje a medida, dise\u00f1o minimalista Art Dec\u00f3 de metal-4\" class=\"wp-image-636\" srcset=\"https:\/\/www.chicasafurniture.com\/wp-content\/uploads\/2026\/02\/Custom-Makeup-Vanity-Table-Minimalist-Metal-Art-Deco-Design-4.webp 1439w, https:\/\/www.chicasafurniture.com\/wp-content\/uploads\/2026\/02\/Custom-Makeup-Vanity-Table-Minimalist-Metal-Art-Deco-Design-4-225x300.webp 225w, https:\/\/www.chicasafurniture.com\/wp-content\/uploads\/2026\/02\/Custom-Makeup-Vanity-Table-Minimalist-Metal-Art-Deco-Design-4-768x1025.webp 768w, https:\/\/www.chicasafurniture.com\/wp-content\/uploads\/2026\/02\/Custom-Makeup-Vanity-Table-Minimalist-Metal-Art-Deco-Design-4-1200x1601.webp 1200w, https:\/\/www.chicasafurniture.com\/wp-content\/uploads\/2026\/02\/Custom-Makeup-Vanity-Table-Minimalist-Metal-Art-Deco-Design-4-600x801.webp 600w\" sizes=\"(max-width: 1439px) 100vw, 1439px\" \/><\/figure>\n<\/div>\n<\/div>\n\n\n\n<figure class=\"wp-block-image size-full\"><img decoding=\"async\" width=\"1200\" height=\"917\" src=\"https:\/\/www.chicasafurniture.com\/wp-content\/uploads\/2026\/02\/Custom-Makeup-Vanity-Table-Minimalist-Metal-Art-Deco-Design-3.webp\" alt=\"Tocador de maquillaje a medida, dise\u00f1o Art D\u00e9co minimalista de metal-3\" class=\"wp-image-635\" srcset=\"https:\/\/www.chicasafurniture.com\/wp-content\/uploads\/2026\/02\/Custom-Makeup-Vanity-Table-Minimalist-Metal-Art-Deco-Design-3.webp 1200w, https:\/\/www.chicasafurniture.com\/wp-content\/uploads\/2026\/02\/Custom-Makeup-Vanity-Table-Minimalist-Metal-Art-Deco-Design-3-300x229.webp 300w, https:\/\/www.chicasafurniture.com\/wp-content\/uploads\/2026\/02\/Custom-Makeup-Vanity-Table-Minimalist-Metal-Art-Deco-Design-3-768x587.webp 768w, https:\/\/www.chicasafurniture.com\/wp-content\/uploads\/2026\/02\/Custom-Makeup-Vanity-Table-Minimalist-Metal-Art-Deco-Design-3-600x459.webp 600w\" sizes=\"(max-width: 1200px) 100vw, 1200px\" \/><\/figure>","protected":false},"excerpt":{"rendered":"<p>Bienvenido a encargar tocadores a medida. Eleve su rutina de belleza con nuestro tocador de maquillaje a medida. Con una elegante estructura met\u00e1lica, un acabado de primera calidad y un dise\u00f1o ergon\u00f3mico para un estilo moderno y sofisticado.<\/p>\n<table style=\"border-collapse: collapse; width: 222.03pt;\" border=\"0\" width=\"222\" cellspacing=\"0\" cellpadding=\"0\">\n<tbody>\n<tr style=\"height: 15.20pt;\">\n<td class=\"et2\" style=\"height: 15.20pt; width: 81.65pt;\" width=\"81\" height=\"15\">Fabricante<\/td>\n<td class=\"et2\" style=\"width: 140.80pt;\" width=\"140\">ChiCasa<\/td>\n<\/tr>\n<tr style=\"height: 15.20pt;\">\n<td class=\"et2\" style=\"height: 15.20pt;\" height=\"15\">Categor\u00eda<\/td>\n<td class=\"et2\">Tocador<\/td>\n<\/tr>\n<tr style=\"height: 15.20pt;\">\n<td class=\"et2\" style=\"height: 15.20pt;\" height=\"15\">Aplicaci\u00f3n<\/td>\n<td class=\"et2\">Dormitorio<\/td>\n<\/tr>\n<tr style=\"height: 15.20pt;\">\n<td class=\"et2\" style=\"height: 15.20pt;\" height=\"15\">Estilo<\/td>\n<td class=\"et2\">Lujo refinado<\/td>\n<\/tr>\n<tr style=\"height: 15.20pt;\">\n<td class=\"et2\" style=\"height: 15.20pt;\" height=\"15\">Modelo<\/td>\n<td class=\"et2\">QMY-DR004<\/td>\n<\/tr>\n<tr style=\"height: 15.20pt;\">\n<td class=\"et2\" style=\"height: 15.20pt;\" height=\"15\">Personalizaci\u00f3n<\/td>\n<td class=\"et2\">Color, tama\u00f1o, material<\/td>\n<\/tr>\n<tr style=\"height: 15.20pt;\">\n<td class=\"et2\" style=\"height: 15.20pt;\" height=\"15\">MOQ<\/td>\n<td class=\"et2\">1 unidad<\/td>\n<\/tr>\n<\/tbody>\n<\/table>","protected":false},"featured_media":633,"comment_status":"closed","ping_status":"closed","template":"","meta":{"_acf_changed":false},"product_brand":[],"product_cat":[18,35],"product_tag":[],"class_list":{"0":"post-632","1":"product","2":"type-product","3":"status-publish","4":"has-post-thumbnail","6":"product_cat-bespoke-bedroom-furniture","7":"product_cat-custom-makeup-vanities","9":"first","10":"instock","11":"shipping-taxable","12":"product-type-simple"},"acf":[],"_links":{"self":[{"href":"https:\/\/www.chicasafurniture.com\/es\/wp-json\/wp\/v2\/product\/632","targetHints":{"allow":["GET"]}}],"collection":[{"href":"https:\/\/www.chicasafurniture.com\/es\/wp-json\/wp\/v2\/product"}],"about":[{"href":"https:\/\/www.chicasafurniture.com\/es\/wp-json\/wp\/v2\/types\/product"}],"replies":[{"embeddable":true,"href":"https:\/\/www.chicasafurniture.com\/es\/wp-json\/wp\/v2\/comments?post=632"}],"wp:featuredmedia":[{"embeddable":true,"href":"https:\/\/www.chicasafurniture.com\/es\/wp-json\/wp\/v2\/media\/633"}],"wp:attachment":[{"href":"https:\/\/www.chicasafurniture.com\/es\/wp-json\/wp\/v2\/media?parent=632"}],"wp:term":[{"taxonomy":"product_brand","embeddable":true,"href":"https:\/\/www.chicasafurniture.com\/es\/wp-json\/wp\/v2\/product_brand?post=632"},{"taxonomy":"product_cat","embeddable":true,"href":"https:\/\/www.chicasafurniture.com\/es\/wp-json\/wp\/v2\/product_cat?post=632"},{"taxonomy":"product_tag","embeddable":true,"href":"https:\/\/www.chicasafurniture.com\/es\/wp-json\/wp\/v2\/product_tag?post=632"}],"curies":[{"name":"wp","href":"https:\/\/api.w.org\/{rel}","templated":true}]}}