{"id":852,"date":"2026-03-03T07:27:34","date_gmt":"2026-03-03T07:27:34","guid":{"rendered":"https:\/\/www.chicasafurniture.com\/?post_type=product&#038;p=852"},"modified":"2026-03-03T07:57:51","modified_gmt":"2026-03-03T07:57:51","slug":"custom-small-lounge-sofa","status":"publish","type":"product","link":"https:\/\/www.chicasafurniture.com\/es\/product\/custom-small-lounge-sofa\/","title":{"rendered":"Sof\u00e1 de sal\u00f3n peque\u00f1o a medida, tejido de felpa y esponja de alta densidad"},"content":{"rendered":"<h2 class=\"wp-block-heading\">Especificaciones de producto de Sof\u00e1 de sal\u00f3n peque\u00f1o a medida<\/h2>\n\n\n\n<figure class=\"wp-block-table\"><table class=\"has-fixed-layout\"><tbody><tr><td>Marco<\/td><td>Material de cubierta<\/td><td>Material de relleno<\/td><td>Piernas<\/td><td>Color<\/td><td>Talla<\/td><td>Peso<\/td><\/tr><tr><td>\/<\/td><td>Tejido<\/td><td>Esponja de alta densidad<\/td><td>\/<\/td><td>Personalizado<\/td><td>Talla normal<\/td><td>35-50kg<\/td><\/tr><\/tbody><\/table><\/figure>\n\n\n\n<div class=\"wp-block-columns is-layout-flex wp-container-core-columns-is-layout-9d6595d7 wp-block-columns-is-layout-flex\">\n<div class=\"wp-block-column is-layout-flow wp-block-column-is-layout-flow\">\n<h2 class=\"wp-block-heading\">Premium Custom Sof\u00e1 Lounge Peque\u00f1o Caracter\u00edsticas:<\/h2>\n\n\n\n<ul class=\"wp-block-list\">\n<li><strong>Relleno de espuma de alta densidad: <\/strong>Este peque\u00f1o sof\u00e1 lounge a medida est\u00e1 relleno de espuma de rebote de alta densidad, que ofrece una sensaci\u00f3n de plenitud y apoyo sin hundirse, proporcionando un confort duradero incluso despu\u00e9s de estar sentado mucho tiempo.<\/li>\n\n\n\n<li><strong>Tejido de primera calidad: <\/strong>Nuestro sill\u00f3n de ocio a medida est\u00e1 fabricado con un tejido suave y agradable a la piel cuidadosamente seleccionado, de textura fina, excelente transpirabilidad y f\u00e1cil cuidado, que realza la textura general y el ambiente c\u00e1lido.<\/li>\n\n\n\n<li><strong>Compacto y compacto:<\/strong> El dise\u00f1o compacto de este peque\u00f1o sof\u00e1 lounge a medida est\u00e1 pensado para apartamentos peque\u00f1os o espacios esquineros, ya que ofrece funciones completas de asiento c\u00f3modo y reclinaci\u00f3n sin ocupar mucho espacio.<\/li>\n\n\n\n<li><strong>Dise\u00f1o est\u00e9tico aerodin\u00e1mico:<\/strong> Los sencillos y suaves contornos curvados de este sill\u00f3n de ocio a medida combinan modernidad y arte, combinando f\u00e1cilmente con diversos estilos de interior y realzando el estilo del espacio.<\/li>\n\n\n\n<li><strong>Robusto soporte estructural: <\/strong>La base reforzada de este peque\u00f1o sof\u00e1 lounge a medida garantiza la estabilidad y durabilidad del sof\u00e1 en el uso diario, al tiempo que mantiene un atractivo visual ligero.<\/li>\n<\/ul>\n<\/div>\n\n\n\n<div class=\"wp-block-column is-layout-flow wp-block-column-is-layout-flow\">\n<figure class=\"wp-block-image size-full\"><img decoding=\"async\" width=\"1000\" height=\"1000\" src=\"https:\/\/www.chicasafurniture.com\/wp-content\/uploads\/2026\/03\/Custom-Small-Lounge-Sofa-Plush-Fabric-High-Density-Sponge-1.webp\" alt=\"Sof\u00e1 de sal\u00f3n peque\u00f1o a medida, tejido de felpa y esponja de alta densidad-1\" class=\"wp-image-853\" srcset=\"https:\/\/www.chicasafurniture.com\/wp-content\/uploads\/2026\/03\/Custom-Small-Lounge-Sofa-Plush-Fabric-High-Density-Sponge-1.webp 1000w, https:\/\/www.chicasafurniture.com\/wp-content\/uploads\/2026\/03\/Custom-Small-Lounge-Sofa-Plush-Fabric-High-Density-Sponge-1-300x300.webp 300w, https:\/\/www.chicasafurniture.com\/wp-content\/uploads\/2026\/03\/Custom-Small-Lounge-Sofa-Plush-Fabric-High-Density-Sponge-1-150x150.webp 150w, https:\/\/www.chicasafurniture.com\/wp-content\/uploads\/2026\/03\/Custom-Small-Lounge-Sofa-Plush-Fabric-High-Density-Sponge-1-768x768.webp 768w, https:\/\/www.chicasafurniture.com\/wp-content\/uploads\/2026\/03\/Custom-Small-Lounge-Sofa-Plush-Fabric-High-Density-Sponge-1-600x600.webp 600w, https:\/\/www.chicasafurniture.com\/wp-content\/uploads\/2026\/03\/Custom-Small-Lounge-Sofa-Plush-Fabric-High-Density-Sponge-1-100x100.webp 100w\" sizes=\"(max-width: 1000px) 100vw, 1000px\" \/><\/figure>\n<\/div>\n<\/div>\n\n\n\n<div class=\"wp-block-columns is-layout-flex wp-container-core-columns-is-layout-9d6595d7 wp-block-columns-is-layout-flex\">\n<div class=\"wp-block-column is-layout-flow wp-block-column-is-layout-flow\">\n<figure class=\"wp-block-image size-full\"><img decoding=\"async\" width=\"2000\" height=\"2000\" src=\"https:\/\/www.chicasafurniture.com\/wp-content\/uploads\/2026\/03\/Custom-Small-Lounge-Sofa-Plush-Fabric-High-Density-Sponge-3.webp\" alt=\"Sof\u00e1 de sal\u00f3n peque\u00f1o a medida, tejido de felpa y esponja de alta densidad-3\" class=\"wp-image-855\" srcset=\"https:\/\/www.chicasafurniture.com\/wp-content\/uploads\/2026\/03\/Custom-Small-Lounge-Sofa-Plush-Fabric-High-Density-Sponge-3.webp 2000w, https:\/\/www.chicasafurniture.com\/wp-content\/uploads\/2026\/03\/Custom-Small-Lounge-Sofa-Plush-Fabric-High-Density-Sponge-3-300x300.webp 300w, https:\/\/www.chicasafurniture.com\/wp-content\/uploads\/2026\/03\/Custom-Small-Lounge-Sofa-Plush-Fabric-High-Density-Sponge-3-150x150.webp 150w, https:\/\/www.chicasafurniture.com\/wp-content\/uploads\/2026\/03\/Custom-Small-Lounge-Sofa-Plush-Fabric-High-Density-Sponge-3-768x768.webp 768w, https:\/\/www.chicasafurniture.com\/wp-content\/uploads\/2026\/03\/Custom-Small-Lounge-Sofa-Plush-Fabric-High-Density-Sponge-3-1200x1200.webp 1200w, https:\/\/www.chicasafurniture.com\/wp-content\/uploads\/2026\/03\/Custom-Small-Lounge-Sofa-Plush-Fabric-High-Density-Sponge-3-600x600.webp 600w, https:\/\/www.chicasafurniture.com\/wp-content\/uploads\/2026\/03\/Custom-Small-Lounge-Sofa-Plush-Fabric-High-Density-Sponge-3-100x100.webp 100w\" sizes=\"(max-width: 2000px) 100vw, 2000px\" \/><\/figure>\n<\/div>\n\n\n\n<div class=\"wp-block-column is-layout-flow wp-block-column-is-layout-flow\">\n<figure class=\"wp-block-image size-full\"><img decoding=\"async\" width=\"1848\" height=\"1848\" src=\"https:\/\/www.chicasafurniture.com\/wp-content\/uploads\/2026\/03\/Custom-Small-Lounge-Sofa-Plush-Fabric-High-Density-Sponge-4.webp\" alt=\"Sof\u00e1 de sal\u00f3n peque\u00f1o a medida, tejido de felpa y esponja de alta densidad-4\" class=\"wp-image-856\" srcset=\"https:\/\/www.chicasafurniture.com\/wp-content\/uploads\/2026\/03\/Custom-Small-Lounge-Sofa-Plush-Fabric-High-Density-Sponge-4.webp 1848w, https:\/\/www.chicasafurniture.com\/wp-content\/uploads\/2026\/03\/Custom-Small-Lounge-Sofa-Plush-Fabric-High-Density-Sponge-4-300x300.webp 300w, https:\/\/www.chicasafurniture.com\/wp-content\/uploads\/2026\/03\/Custom-Small-Lounge-Sofa-Plush-Fabric-High-Density-Sponge-4-150x150.webp 150w, https:\/\/www.chicasafurniture.com\/wp-content\/uploads\/2026\/03\/Custom-Small-Lounge-Sofa-Plush-Fabric-High-Density-Sponge-4-768x768.webp 768w, https:\/\/www.chicasafurniture.com\/wp-content\/uploads\/2026\/03\/Custom-Small-Lounge-Sofa-Plush-Fabric-High-Density-Sponge-4-1200x1200.webp 1200w, https:\/\/www.chicasafurniture.com\/wp-content\/uploads\/2026\/03\/Custom-Small-Lounge-Sofa-Plush-Fabric-High-Density-Sponge-4-600x600.webp 600w, https:\/\/www.chicasafurniture.com\/wp-content\/uploads\/2026\/03\/Custom-Small-Lounge-Sofa-Plush-Fabric-High-Density-Sponge-4-100x100.webp 100w\" sizes=\"(max-width: 1848px) 100vw, 1848px\" \/><\/figure>\n<\/div>\n<\/div>","protected":false},"excerpt":{"rendered":"<p>Bienvenido a encargar sillones de sal\u00f3n a medida. Este peque\u00f1o sof\u00e1 lounge a medida cuenta con un suave tejido y un relleno de espuma de alta densidad, que proporcionan una experiencia de asiento suave como una nube.<\/p>\n<table style=\"border-collapse: collapse; width: 222.03pt;\" border=\"0\" width=\"222\" cellspacing=\"0\" cellpadding=\"0\">\n<tbody>\n<tr style=\"height: 15.20pt;\">\n<td class=\"et2\" style=\"height: 15.20pt; width: 81.65pt;\" width=\"81\" height=\"15\">Fabricante<\/td>\n<td class=\"et2\" style=\"width: 140.80pt;\" width=\"140\">ChiCasa<\/td>\n<\/tr>\n<tr style=\"height: 15.20pt;\">\n<td class=\"et2\" style=\"height: 15.20pt;\" height=\"15\">Categor\u00eda<\/td>\n<td class=\"et2\">Silla de ocio<\/td>\n<\/tr>\n<tr style=\"height: 15.20pt;\">\n<td class=\"et2\" style=\"height: 15.20pt;\" height=\"15\">Aplicaci\u00f3n<\/td>\n<td class=\"et2\">Sala de estar<\/td>\n<\/tr>\n<tr style=\"height: 15.20pt;\">\n<td class=\"et2\" style=\"height: 15.20pt;\" height=\"15\">Estilo<\/td>\n<td class=\"et2\">Minimalista<\/td>\n<\/tr>\n<tr style=\"height: 15.20pt;\">\n<td class=\"et2\" style=\"height: 15.20pt;\" height=\"15\">Modelo<\/td>\n<td class=\"et2\">QMY-LC004<\/td>\n<\/tr>\n<tr style=\"height: 15.20pt;\">\n<td class=\"et2\" style=\"height: 15.20pt;\" height=\"15\">Personalizaci\u00f3n<\/td>\n<td class=\"et2\">Color, tama\u00f1o, material<\/td>\n<\/tr>\n<tr style=\"height: 15.20pt;\">\n<td class=\"et2\" style=\"height: 15.20pt;\" height=\"15\">MOQ<\/td>\n<td class=\"et2\">1 unidad<\/td>\n<\/tr>\n<\/tbody>\n<\/table>","protected":false},"featured_media":854,"comment_status":"closed","ping_status":"closed","template":"","meta":{"_acf_changed":false},"product_brand":[],"product_cat":[16,26],"product_tag":[],"class_list":{"0":"post-852","1":"product","2":"type-product","3":"status-publish","4":"has-post-thumbnail","6":"product_cat-bespoke-living-room-furniture","7":"product_cat-custom-chaise-lounge","9":"first","10":"instock","11":"shipping-taxable","12":"product-type-simple"},"acf":[],"_links":{"self":[{"href":"https:\/\/www.chicasafurniture.com\/es\/wp-json\/wp\/v2\/product\/852","targetHints":{"allow":["GET"]}}],"collection":[{"href":"https:\/\/www.chicasafurniture.com\/es\/wp-json\/wp\/v2\/product"}],"about":[{"href":"https:\/\/www.chicasafurniture.com\/es\/wp-json\/wp\/v2\/types\/product"}],"replies":[{"embeddable":true,"href":"https:\/\/www.chicasafurniture.com\/es\/wp-json\/wp\/v2\/comments?post=852"}],"wp:featuredmedia":[{"embeddable":true,"href":"https:\/\/www.chicasafurniture.com\/es\/wp-json\/wp\/v2\/media\/854"}],"wp:attachment":[{"href":"https:\/\/www.chicasafurniture.com\/es\/wp-json\/wp\/v2\/media?parent=852"}],"wp:term":[{"taxonomy":"product_brand","embeddable":true,"href":"https:\/\/www.chicasafurniture.com\/es\/wp-json\/wp\/v2\/product_brand?post=852"},{"taxonomy":"product_cat","embeddable":true,"href":"https:\/\/www.chicasafurniture.com\/es\/wp-json\/wp\/v2\/product_cat?post=852"},{"taxonomy":"product_tag","embeddable":true,"href":"https:\/\/www.chicasafurniture.com\/es\/wp-json\/wp\/v2\/product_tag?post=852"}],"curies":[{"name":"wp","href":"https:\/\/api.w.org\/{rel}","templated":true}]}}