{"id":857,"date":"2026-03-03T07:59:12","date_gmt":"2026-03-03T07:59:12","guid":{"rendered":"https:\/\/www.chicasafurniture.com\/?post_type=product&#038;p=857"},"modified":"2026-03-03T08:17:15","modified_gmt":"2026-03-03T08:17:15","slug":"custom-leisure-sofa-chair","status":"publish","type":"product","link":"https:\/\/www.chicasafurniture.com\/es\/product\/custom-leisure-sofa-chair\/","title":{"rendered":"Silla Sof\u00e1 de Ocio a Medida con Moderno Dise\u00f1o Modular Acolchado"},"content":{"rendered":"<h2 class=\"wp-block-heading\">Especificaciones de producto de la Silla Sof\u00e1 de Ocio Personalizada<\/h2>\n\n\n\n<figure class=\"wp-block-table\"><table class=\"has-fixed-layout\"><tbody><tr><td>Marco<\/td><td>Material de cubierta<\/td><td>Material de relleno<\/td><td>Piernas<\/td><td>Color<\/td><td>Talla<\/td><td>Peso<\/td><\/tr><tr><td>\/<\/td><td>Tejido<\/td><td>Esponja de alta densidad<\/td><td>\/<\/td><td>Personalizado<\/td><td>Talla normal<\/td><td>35-50kg<\/td><\/tr><\/tbody><\/table><\/figure>\n\n\n\n<div class=\"wp-block-columns is-layout-flex wp-container-core-columns-is-layout-9d6595d7 wp-block-columns-is-layout-flex\">\n<div class=\"wp-block-column is-layout-flow wp-block-column-is-layout-flow\">\n<h2 class=\"wp-block-heading\">Premium Custom Ocio Sof\u00e1 Silla Caracter\u00edsticas:<\/h2>\n\n\n\n<ul class=\"wp-block-list\">\n<li><strong>Artesan\u00eda de botones 3D: <\/strong>Este sill\u00f3n de ocio a medida cuenta con exquisitas costuras de botones cuadrados, que crean una rica textura visual y un apoyo profundo y c\u00f3modo.<\/li>\n\n\n\n<li><strong>Dise\u00f1o modular:<\/strong> La flexible estructura modular de esta moderna silla de ocio Besoke permite combinarla libremente para adaptarla a distintas distribuciones del espacio dom\u00e9stico.<\/li>\n\n\n\n<li><strong>Tejido de alta calidad respetuoso con la piel: <\/strong>Este sill\u00f3n de ocio a medida est\u00e1 hecho de terciopelo\/tejido de alta calidad, suave y delicado al tacto, muy transpirable y duradero.<\/li>\n\n\n\n<li><strong>Dise\u00f1o ergon\u00f3mico: <\/strong>El dise\u00f1o de centro de gravedad bajo de nuestro moderno sill\u00f3n de ocio Besoke, combinado con un amplio respaldo, proporciona un apoyo envolvente al cuerpo, proporcionando una experiencia de relajaci\u00f3n envolvente.<\/li>\n\n\n\n<li><strong>Ajuste est\u00e9tico personalizado: <\/strong>Ofrecemos una variedad de sofisticadas opciones de color para nuestros sillones de ocio personalizados, que se integran f\u00e1cilmente en estilos de decoraci\u00f3n de lujo minimalistas, retro o modernos.<\/li>\n<\/ul>\n<\/div>\n\n\n\n<div class=\"wp-block-column is-layout-flow wp-block-column-is-layout-flow\">\n<figure class=\"wp-block-image size-full\"><img decoding=\"async\" width=\"1000\" height=\"1000\" src=\"https:\/\/www.chicasafurniture.com\/wp-content\/uploads\/2026\/03\/Custom-Leisure-Sofa-Chair-with-Modern-Tufted-Modular-Design-6.webp\" alt=\"Silla Sof\u00e1 de Ocio a Medida con Moderno Dise\u00f1o Modular Acolchado-6\" class=\"wp-image-863\" srcset=\"https:\/\/www.chicasafurniture.com\/wp-content\/uploads\/2026\/03\/Custom-Leisure-Sofa-Chair-with-Modern-Tufted-Modular-Design-6.webp 1000w, https:\/\/www.chicasafurniture.com\/wp-content\/uploads\/2026\/03\/Custom-Leisure-Sofa-Chair-with-Modern-Tufted-Modular-Design-6-300x300.webp 300w, https:\/\/www.chicasafurniture.com\/wp-content\/uploads\/2026\/03\/Custom-Leisure-Sofa-Chair-with-Modern-Tufted-Modular-Design-6-150x150.webp 150w, https:\/\/www.chicasafurniture.com\/wp-content\/uploads\/2026\/03\/Custom-Leisure-Sofa-Chair-with-Modern-Tufted-Modular-Design-6-768x768.webp 768w, https:\/\/www.chicasafurniture.com\/wp-content\/uploads\/2026\/03\/Custom-Leisure-Sofa-Chair-with-Modern-Tufted-Modular-Design-6-600x600.webp 600w, https:\/\/www.chicasafurniture.com\/wp-content\/uploads\/2026\/03\/Custom-Leisure-Sofa-Chair-with-Modern-Tufted-Modular-Design-6-100x100.webp 100w\" sizes=\"(max-width: 1000px) 100vw, 1000px\" \/><\/figure>\n<\/div>\n<\/div>\n\n\n\n<div class=\"wp-block-columns is-layout-flex wp-container-core-columns-is-layout-9d6595d7 wp-block-columns-is-layout-flex\">\n<div class=\"wp-block-column is-layout-flow wp-block-column-is-layout-flow\">\n<figure class=\"wp-block-image size-full\"><img decoding=\"async\" width=\"1000\" height=\"1000\" src=\"https:\/\/www.chicasafurniture.com\/wp-content\/uploads\/2026\/03\/Custom-Leisure-Sofa-Chair-with-Modern-Tufted-Modular-Design-5.webp\" alt=\"Silla Sof\u00e1 de Ocio a Medida con Moderno Dise\u00f1o Modular Acolchado-5\" class=\"wp-image-862\" srcset=\"https:\/\/www.chicasafurniture.com\/wp-content\/uploads\/2026\/03\/Custom-Leisure-Sofa-Chair-with-Modern-Tufted-Modular-Design-5.webp 1000w, https:\/\/www.chicasafurniture.com\/wp-content\/uploads\/2026\/03\/Custom-Leisure-Sofa-Chair-with-Modern-Tufted-Modular-Design-5-300x300.webp 300w, https:\/\/www.chicasafurniture.com\/wp-content\/uploads\/2026\/03\/Custom-Leisure-Sofa-Chair-with-Modern-Tufted-Modular-Design-5-150x150.webp 150w, https:\/\/www.chicasafurniture.com\/wp-content\/uploads\/2026\/03\/Custom-Leisure-Sofa-Chair-with-Modern-Tufted-Modular-Design-5-768x768.webp 768w, https:\/\/www.chicasafurniture.com\/wp-content\/uploads\/2026\/03\/Custom-Leisure-Sofa-Chair-with-Modern-Tufted-Modular-Design-5-600x600.webp 600w, https:\/\/www.chicasafurniture.com\/wp-content\/uploads\/2026\/03\/Custom-Leisure-Sofa-Chair-with-Modern-Tufted-Modular-Design-5-100x100.webp 100w\" sizes=\"(max-width: 1000px) 100vw, 1000px\" \/><\/figure>\n<\/div>\n\n\n\n<div class=\"wp-block-column is-layout-flow wp-block-column-is-layout-flow\">\n<figure class=\"wp-block-image size-full\"><img decoding=\"async\" width=\"1000\" height=\"1000\" src=\"https:\/\/www.chicasafurniture.com\/wp-content\/uploads\/2026\/03\/Custom-Leisure-Sofa-Chair-with-Modern-Tufted-Modular-Design-4.webp\" alt=\"Silla Sof\u00e1 de Ocio a Medida con Moderno Dise\u00f1o Modular Acolchado-4\" class=\"wp-image-861\" srcset=\"https:\/\/www.chicasafurniture.com\/wp-content\/uploads\/2026\/03\/Custom-Leisure-Sofa-Chair-with-Modern-Tufted-Modular-Design-4.webp 1000w, https:\/\/www.chicasafurniture.com\/wp-content\/uploads\/2026\/03\/Custom-Leisure-Sofa-Chair-with-Modern-Tufted-Modular-Design-4-300x300.webp 300w, https:\/\/www.chicasafurniture.com\/wp-content\/uploads\/2026\/03\/Custom-Leisure-Sofa-Chair-with-Modern-Tufted-Modular-Design-4-150x150.webp 150w, https:\/\/www.chicasafurniture.com\/wp-content\/uploads\/2026\/03\/Custom-Leisure-Sofa-Chair-with-Modern-Tufted-Modular-Design-4-768x768.webp 768w, https:\/\/www.chicasafurniture.com\/wp-content\/uploads\/2026\/03\/Custom-Leisure-Sofa-Chair-with-Modern-Tufted-Modular-Design-4-600x600.webp 600w, https:\/\/www.chicasafurniture.com\/wp-content\/uploads\/2026\/03\/Custom-Leisure-Sofa-Chair-with-Modern-Tufted-Modular-Design-4-100x100.webp 100w\" sizes=\"(max-width: 1000px) 100vw, 1000px\" \/><\/figure>\n<\/div>\n<\/div>\n\n\n\n<figure class=\"wp-block-image size-full\"><img decoding=\"async\" width=\"2000\" height=\"1125\" src=\"https:\/\/www.chicasafurniture.com\/wp-content\/uploads\/2026\/03\/Custom-Leisure-Sofa-Chair-with-Modern-Tufted-Modular-Design-2.webp\" alt=\"Silla Sof\u00e1 de Ocio a Medida con Moderno Dise\u00f1o Modular Acolchado-2\" class=\"wp-image-859\" srcset=\"https:\/\/www.chicasafurniture.com\/wp-content\/uploads\/2026\/03\/Custom-Leisure-Sofa-Chair-with-Modern-Tufted-Modular-Design-2.webp 2000w, https:\/\/www.chicasafurniture.com\/wp-content\/uploads\/2026\/03\/Custom-Leisure-Sofa-Chair-with-Modern-Tufted-Modular-Design-2-300x169.webp 300w, https:\/\/www.chicasafurniture.com\/wp-content\/uploads\/2026\/03\/Custom-Leisure-Sofa-Chair-with-Modern-Tufted-Modular-Design-2-768x432.webp 768w, https:\/\/www.chicasafurniture.com\/wp-content\/uploads\/2026\/03\/Custom-Leisure-Sofa-Chair-with-Modern-Tufted-Modular-Design-2-1200x675.webp 1200w, https:\/\/www.chicasafurniture.com\/wp-content\/uploads\/2026\/03\/Custom-Leisure-Sofa-Chair-with-Modern-Tufted-Modular-Design-2-600x338.webp 600w\" sizes=\"(max-width: 2000px) 100vw, 2000px\" \/><\/figure>","protected":false},"excerpt":{"rendered":"<p>Eleve su espacio con nuestro sill\u00f3n de ocio personalizado. Con un distintivo dise\u00f1o modular empenachado y una tapicer\u00eda de felpa, ofrece una comodidad incomparable y un estilo contempor\u00e1neo para cualquier sala de estar moderna.<\/p>\n<table style=\"border-collapse: collapse; width: 222.03pt;\" border=\"0\" width=\"222\" cellspacing=\"0\" cellpadding=\"0\">\n<tbody>\n<tr style=\"height: 15.20pt;\">\n<td class=\"et2\" style=\"height: 15.20pt; width: 81.65pt;\" width=\"81\" height=\"15\">Fabricante<\/td>\n<td class=\"et2\" style=\"width: 140.80pt;\" width=\"140\">ChiCasa<\/td>\n<\/tr>\n<tr style=\"height: 15.20pt;\">\n<td class=\"et2\" style=\"height: 15.20pt;\" height=\"15\">Categor\u00eda<\/td>\n<td class=\"et2\">Silla de ocio<\/td>\n<\/tr>\n<tr style=\"height: 15.20pt;\">\n<td class=\"et2\" style=\"height: 15.20pt;\" height=\"15\">Aplicaci\u00f3n<\/td>\n<td class=\"et2\">Sala de estar<\/td>\n<\/tr>\n<tr style=\"height: 15.20pt;\">\n<td class=\"et2\" style=\"height: 15.20pt;\" height=\"15\">Estilo<\/td>\n<td class=\"et2\">Minimalista<\/td>\n<\/tr>\n<tr style=\"height: 15.20pt;\">\n<td class=\"et2\" style=\"height: 15.20pt;\" height=\"15\">Modelo<\/td>\n<td class=\"et2\">QMY-LC005<\/td>\n<\/tr>\n<tr style=\"height: 15.20pt;\">\n<td class=\"et2\" style=\"height: 15.20pt;\" height=\"15\">Personalizaci\u00f3n<\/td>\n<td class=\"et2\">Color, tama\u00f1o, material<\/td>\n<\/tr>\n<tr style=\"height: 15.20pt;\">\n<td class=\"et2\" style=\"height: 15.20pt;\" height=\"15\">MOQ<\/td>\n<td class=\"et2\">1 unidad<\/td>\n<\/tr>\n<\/tbody>\n<\/table>","protected":false},"featured_media":858,"comment_status":"closed","ping_status":"closed","template":"","meta":{"_acf_changed":false},"product_brand":[],"product_cat":[16,26],"product_tag":[],"class_list":{"0":"post-857","1":"product","2":"type-product","3":"status-publish","4":"has-post-thumbnail","6":"product_cat-bespoke-living-room-furniture","7":"product_cat-custom-chaise-lounge","9":"first","10":"instock","11":"shipping-taxable","12":"product-type-simple"},"acf":[],"_links":{"self":[{"href":"https:\/\/www.chicasafurniture.com\/es\/wp-json\/wp\/v2\/product\/857","targetHints":{"allow":["GET"]}}],"collection":[{"href":"https:\/\/www.chicasafurniture.com\/es\/wp-json\/wp\/v2\/product"}],"about":[{"href":"https:\/\/www.chicasafurniture.com\/es\/wp-json\/wp\/v2\/types\/product"}],"replies":[{"embeddable":true,"href":"https:\/\/www.chicasafurniture.com\/es\/wp-json\/wp\/v2\/comments?post=857"}],"wp:featuredmedia":[{"embeddable":true,"href":"https:\/\/www.chicasafurniture.com\/es\/wp-json\/wp\/v2\/media\/858"}],"wp:attachment":[{"href":"https:\/\/www.chicasafurniture.com\/es\/wp-json\/wp\/v2\/media?parent=857"}],"wp:term":[{"taxonomy":"product_brand","embeddable":true,"href":"https:\/\/www.chicasafurniture.com\/es\/wp-json\/wp\/v2\/product_brand?post=857"},{"taxonomy":"product_cat","embeddable":true,"href":"https:\/\/www.chicasafurniture.com\/es\/wp-json\/wp\/v2\/product_cat?post=857"},{"taxonomy":"product_tag","embeddable":true,"href":"https:\/\/www.chicasafurniture.com\/es\/wp-json\/wp\/v2\/product_tag?post=857"}],"curies":[{"name":"wp","href":"https:\/\/api.w.org\/{rel}","templated":true}]}}