{"id":865,"date":"2026-03-03T08:41:08","date_gmt":"2026-03-03T08:41:08","guid":{"rendered":"https:\/\/www.chicasafurniture.com\/?post_type=product&#038;p=865"},"modified":"2026-03-03T08:50:57","modified_gmt":"2026-03-03T08:50:57","slug":"custom-armchair","status":"publish","type":"product","link":"https:\/\/www.chicasafurniture.com\/es\/product\/custom-armchair\/","title":{"rendered":"Sill\u00f3n moderno minimalista a medida, Silla de madera maciza para acento"},"content":{"rendered":"<h2 class=\"wp-block-heading\">Especificaciones de producto del sill\u00f3n a medida<\/h2>\n\n\n\n<figure class=\"wp-block-table\"><table class=\"has-fixed-layout\"><tbody><tr><td>Marco<\/td><td>Material de cubierta<\/td><td>Material de relleno<\/td><td>Piernas<\/td><td>Color<\/td><td>Talla<\/td><td>Peso<\/td><\/tr><tr><td>Madera maciza<\/td><td>Tejido<\/td><td>Esponja de alta densidad<\/td><td>Madera maciza<\/td><td>Personalizado<\/td><td>Talla normal<\/td><td>35-50kg<\/td><\/tr><\/tbody><\/table><\/figure>\n\n\n\n<div class=\"wp-block-columns is-layout-flex wp-container-core-columns-is-layout-9d6595d7 wp-block-columns-is-layout-flex\">\n<div class=\"wp-block-column is-layout-flow wp-block-column-is-layout-flow\">\n<h2 class=\"wp-block-heading\">Sill\u00f3n Premium Custom Caracter\u00edsticas:<\/h2>\n\n\n\n<ul class=\"wp-block-list\">\n<li><strong>Marco de madera maciza: <\/strong>Fabricado en madera noble de primera calidad, este sill\u00f3n a medida se somete a m\u00faltiples procesos de pulido para conseguir un tacto suave como la seda, garantizando una estructura resistente y duradera.<\/li>\n\n\n\n<li><strong>Respaldo de cuero Est\u00e9tica: <\/strong>El exclusivo respaldo de cuero de una sola pieza de este sill\u00f3n a medida no s\u00f3lo mejora la resistencia del asiento, sino que tambi\u00e9n realza el arte visual del mueble.<\/li>\n\n\n\n<li><strong>Tapicer\u00eda confortable de alta elasticidad: <\/strong>Los cojines del asiento y el respaldo de este sill\u00f3n a medida est\u00e1n rellenos de espuma de alta densidad, combinada con tejido transpirable y respetuoso con la piel, que proporciona una experiencia de asiento similar a una nube y alivia la presi\u00f3n.<\/li>\n\n\n\n<li><strong>Reposabrazos curvados ergon\u00f3micos:<\/strong> Los elegantes reposabrazos curvados de madera de este sill\u00f3n a medida se adaptan perfectamente a la curva natural del brazo, aliviando eficazmente la fatiga de hombros y cuello.<\/li>\n\n\n\n<li><strong>Adecuado para todos los espacios: <\/strong>Nuestro sill\u00f3n a medida tiene un dise\u00f1o minimalista pero sofisticado, que se integra a la perfecci\u00f3n en varios estilos de interiorismo, como el moderno, el escandinavo y el wabi-sabi.<\/li>\n<\/ul>\n<\/div>\n\n\n\n<div class=\"wp-block-column is-layout-flow wp-block-column-is-layout-flow\">\n<figure class=\"wp-block-image size-full\"><img decoding=\"async\" width=\"1656\" height=\"1243\" src=\"https:\/\/www.chicasafurniture.com\/wp-content\/uploads\/2026\/03\/Modern-Minimalist-Custom-Armchair-Solid-Wood-Accent-Chair-5.webp\" alt=\"Sill\u00f3n Moderno Minimalista, Silla de madera maciza-5\" class=\"wp-image-870\" srcset=\"https:\/\/www.chicasafurniture.com\/wp-content\/uploads\/2026\/03\/Modern-Minimalist-Custom-Armchair-Solid-Wood-Accent-Chair-5.webp 1656w, https:\/\/www.chicasafurniture.com\/wp-content\/uploads\/2026\/03\/Modern-Minimalist-Custom-Armchair-Solid-Wood-Accent-Chair-5-300x225.webp 300w, https:\/\/www.chicasafurniture.com\/wp-content\/uploads\/2026\/03\/Modern-Minimalist-Custom-Armchair-Solid-Wood-Accent-Chair-5-768x576.webp 768w, https:\/\/www.chicasafurniture.com\/wp-content\/uploads\/2026\/03\/Modern-Minimalist-Custom-Armchair-Solid-Wood-Accent-Chair-5-1200x901.webp 1200w, https:\/\/www.chicasafurniture.com\/wp-content\/uploads\/2026\/03\/Modern-Minimalist-Custom-Armchair-Solid-Wood-Accent-Chair-5-600x450.webp 600w\" sizes=\"(max-width: 1656px) 100vw, 1656px\" \/><\/figure>\n<\/div>\n<\/div>\n\n\n\n<div class=\"wp-block-columns is-layout-flex wp-container-core-columns-is-layout-9d6595d7 wp-block-columns-is-layout-flex\">\n<div class=\"wp-block-column is-layout-flow wp-block-column-is-layout-flow\">\n<figure class=\"wp-block-image size-full\"><img decoding=\"async\" width=\"1796\" height=\"1348\" src=\"https:\/\/www.chicasafurniture.com\/wp-content\/uploads\/2026\/03\/Modern-Minimalist-Custom-Armchair-Solid-Wood-Accent-Chair-4.webp\" alt=\"Sill\u00f3n Moderno Minimalista Custom, Silla de madera maciza acentuada-4\" class=\"wp-image-869\" srcset=\"https:\/\/www.chicasafurniture.com\/wp-content\/uploads\/2026\/03\/Modern-Minimalist-Custom-Armchair-Solid-Wood-Accent-Chair-4.webp 1796w, https:\/\/www.chicasafurniture.com\/wp-content\/uploads\/2026\/03\/Modern-Minimalist-Custom-Armchair-Solid-Wood-Accent-Chair-4-300x225.webp 300w, https:\/\/www.chicasafurniture.com\/wp-content\/uploads\/2026\/03\/Modern-Minimalist-Custom-Armchair-Solid-Wood-Accent-Chair-4-768x576.webp 768w, https:\/\/www.chicasafurniture.com\/wp-content\/uploads\/2026\/03\/Modern-Minimalist-Custom-Armchair-Solid-Wood-Accent-Chair-4-1200x901.webp 1200w, https:\/\/www.chicasafurniture.com\/wp-content\/uploads\/2026\/03\/Modern-Minimalist-Custom-Armchair-Solid-Wood-Accent-Chair-4-600x450.webp 600w\" sizes=\"(max-width: 1796px) 100vw, 1796px\" \/><\/figure>\n<\/div>\n\n\n\n<div class=\"wp-block-column is-layout-flow wp-block-column-is-layout-flow\">\n<figure class=\"wp-block-image size-full\"><img decoding=\"async\" width=\"1425\" height=\"1070\" src=\"https:\/\/www.chicasafurniture.com\/wp-content\/uploads\/2026\/03\/Modern-Minimalist-Custom-Armchair-Solid-Wood-Accent-Chair-3.webp\" alt=\"Sill\u00f3n Moderno Minimalista Custom, Silla de madera maciza acentuada-3\" class=\"wp-image-868\" srcset=\"https:\/\/www.chicasafurniture.com\/wp-content\/uploads\/2026\/03\/Modern-Minimalist-Custom-Armchair-Solid-Wood-Accent-Chair-3.webp 1425w, https:\/\/www.chicasafurniture.com\/wp-content\/uploads\/2026\/03\/Modern-Minimalist-Custom-Armchair-Solid-Wood-Accent-Chair-3-300x225.webp 300w, https:\/\/www.chicasafurniture.com\/wp-content\/uploads\/2026\/03\/Modern-Minimalist-Custom-Armchair-Solid-Wood-Accent-Chair-3-768x577.webp 768w, https:\/\/www.chicasafurniture.com\/wp-content\/uploads\/2026\/03\/Modern-Minimalist-Custom-Armchair-Solid-Wood-Accent-Chair-3-1200x901.webp 1200w, https:\/\/www.chicasafurniture.com\/wp-content\/uploads\/2026\/03\/Modern-Minimalist-Custom-Armchair-Solid-Wood-Accent-Chair-3-600x451.webp 600w\" sizes=\"(max-width: 1425px) 100vw, 1425px\" \/><\/figure>\n<\/div>\n<\/div>\n\n\n\n<figure class=\"wp-block-image size-full\"><img decoding=\"async\" width=\"894\" height=\"608\" src=\"https:\/\/www.chicasafurniture.com\/wp-content\/uploads\/2026\/03\/Modern-Minimalist-Custom-Armchair-Solid-Wood-Accent-Chair-2.webp\" alt=\"Sill\u00f3n moderno minimalista a medida, Silla de madera maciza de acento-2\" class=\"wp-image-867\" srcset=\"https:\/\/www.chicasafurniture.com\/wp-content\/uploads\/2026\/03\/Modern-Minimalist-Custom-Armchair-Solid-Wood-Accent-Chair-2.webp 894w, https:\/\/www.chicasafurniture.com\/wp-content\/uploads\/2026\/03\/Modern-Minimalist-Custom-Armchair-Solid-Wood-Accent-Chair-2-300x204.webp 300w, https:\/\/www.chicasafurniture.com\/wp-content\/uploads\/2026\/03\/Modern-Minimalist-Custom-Armchair-Solid-Wood-Accent-Chair-2-768x522.webp 768w, https:\/\/www.chicasafurniture.com\/wp-content\/uploads\/2026\/03\/Modern-Minimalist-Custom-Armchair-Solid-Wood-Accent-Chair-2-600x408.webp 600w\" sizes=\"(max-width: 894px) 100vw, 894px\" \/><\/figure>","protected":false},"excerpt":{"rendered":"<p>Experimente el lujo con nuestro sill\u00f3n a medida. Este sill\u00f3n a medida es una fusi\u00f3n de artesan\u00eda moderna y est\u00e9tica natural. El dise\u00f1o general presenta una c\u00e1lida estructura de madera maciza, con l\u00edneas limpias que crean una silueta muy arquitect\u00f3nica.<\/p>\n<table style=\"border-collapse: collapse; width: 222.03pt;\" border=\"0\" width=\"222\" cellspacing=\"0\" cellpadding=\"0\">\n<tbody>\n<tr style=\"height: 15.20pt;\">\n<td class=\"et2\" style=\"height: 15.20pt; width: 81.65pt;\" width=\"81\" height=\"15\">Fabricante<\/td>\n<td class=\"et2\" style=\"width: 140.80pt;\" width=\"140\">ChiCasa<\/td>\n<\/tr>\n<tr style=\"height: 15.20pt;\">\n<td class=\"et2\" style=\"height: 15.20pt;\" height=\"15\">Categor\u00eda<\/td>\n<td class=\"et2\">Sill\u00f3n<\/td>\n<\/tr>\n<tr style=\"height: 15.20pt;\">\n<td class=\"et2\" style=\"height: 15.20pt;\" height=\"15\">Aplicaci\u00f3n<\/td>\n<td class=\"et2\">Sala de estar<\/td>\n<\/tr>\n<tr style=\"height: 15.20pt;\">\n<td class=\"et2\" style=\"height: 15.20pt;\" height=\"15\">Estilo<\/td>\n<td class=\"et2\">Minimalista<\/td>\n<\/tr>\n<tr style=\"height: 15.20pt;\">\n<td class=\"et2\" style=\"height: 15.20pt;\" height=\"15\">Modelo<\/td>\n<td class=\"et2\">QMY-LC006<\/td>\n<\/tr>\n<tr style=\"height: 15.20pt;\">\n<td class=\"et2\" style=\"height: 15.20pt;\" height=\"15\">Personalizaci\u00f3n<\/td>\n<td class=\"et2\">Color, tama\u00f1o, material<\/td>\n<\/tr>\n<tr style=\"height: 15.20pt;\">\n<td class=\"et2\" style=\"height: 15.20pt;\" height=\"15\">MOQ<\/td>\n<td class=\"et2\">1 unidad<\/td>\n<\/tr>\n<\/tbody>\n<\/table>","protected":false},"featured_media":866,"comment_status":"closed","ping_status":"closed","template":"","meta":{"_acf_changed":false},"product_brand":[],"product_cat":[16,25],"product_tag":[],"class_list":{"0":"post-865","1":"product","2":"type-product","3":"status-publish","4":"has-post-thumbnail","6":"product_cat-bespoke-living-room-furniture","7":"product_cat-bespoke-armchairs","9":"first","10":"instock","11":"shipping-taxable","12":"product-type-simple"},"acf":[],"_links":{"self":[{"href":"https:\/\/www.chicasafurniture.com\/es\/wp-json\/wp\/v2\/product\/865","targetHints":{"allow":["GET"]}}],"collection":[{"href":"https:\/\/www.chicasafurniture.com\/es\/wp-json\/wp\/v2\/product"}],"about":[{"href":"https:\/\/www.chicasafurniture.com\/es\/wp-json\/wp\/v2\/types\/product"}],"replies":[{"embeddable":true,"href":"https:\/\/www.chicasafurniture.com\/es\/wp-json\/wp\/v2\/comments?post=865"}],"wp:featuredmedia":[{"embeddable":true,"href":"https:\/\/www.chicasafurniture.com\/es\/wp-json\/wp\/v2\/media\/866"}],"wp:attachment":[{"href":"https:\/\/www.chicasafurniture.com\/es\/wp-json\/wp\/v2\/media?parent=865"}],"wp:term":[{"taxonomy":"product_brand","embeddable":true,"href":"https:\/\/www.chicasafurniture.com\/es\/wp-json\/wp\/v2\/product_brand?post=865"},{"taxonomy":"product_cat","embeddable":true,"href":"https:\/\/www.chicasafurniture.com\/es\/wp-json\/wp\/v2\/product_cat?post=865"},{"taxonomy":"product_tag","embeddable":true,"href":"https:\/\/www.chicasafurniture.com\/es\/wp-json\/wp\/v2\/product_tag?post=865"}],"curies":[{"name":"wp","href":"https:\/\/api.w.org\/{rel}","templated":true}]}}